{"id":13206,"date":"2023-10-25T20:35:41","date_gmt":"2023-10-25T20:35:41","guid":{"rendered":"https:\/\/www.insitusales.com\/?page_id=13206"},"modified":"2023-12-20T15:19:50","modified_gmt":"2023-12-20T15:19:50","slug":"siigo","status":"publish","type":"page","link":"https:\/\/www.insitusales.com\/id\/siigo\/","title":{"rendered":"Aplikasi untuk ventilasi terintegrasi dengan Siigo"},"content":{"rendered":"<!-- wp:extendstudio\/materialis--><!-- \/wp:extendstudio\/materialis--><!-- \/wp:extendstudio\/materialis--><!-- Start of insitusales Zendesk Widget script --><!-- wp:extendstudio\/materialis--><div  data-label=\"partnership\" data-id=\"clients--5\" data-export-id=\"clients-4\" data-category=\"clients\" class=\"clients-4 content-section content-section-spacing-large dark-text\" id=\"partnership\" style=\"background-color: #f5fafd; background-image: none;\">\n<div >\n<div  data-type=\"row\" class=\"row spaced-cols middle-xs center-xs\">\n\n\n\n<div  class=\"col-xs-6 col-sm-2 col-md-4\"><img decoding=\"async\" class=\"custom-image\" src=\"https:\/\/www.insitusales.com\/wp-content\/uploads\/inSituSales_logo_vertical_transparentBg250.png\" alt=\"\" title=\"\"><\/div><div  class=\"col-xs-6 col-sm-2 col-md-4\"><h1  class=\"\"><span  style=\"color: rgb(34, 138, 230); font-weight: 500;\">Alianza terbaik untuk perusahaan Anda<\/span><\/h1><\/div><div  class=\"col-xs-6 col-sm-2 col-md-4\"><img decoding=\"async\" class=\"custom-image\" src=\"https:\/\/www.insitusales.com\/wp-content\/uploads\/image009-1.png\" alt=\"\" title=\"\"><\/div><\/div>\n<\/div>\n<\/div><!-- \/wp:extendstudio\/materialis--><!-- wp:extendstudio\/materialis--><div  data-label=\"Cta\" data-id=\"cta--1\" data-export-id=\"cta-5-materialis\" data-category=\"cta\" class=\"cta-5m content-section content-section-spacing-large bg-color-white content-relative\" id=\"cta-1\"><div  class=\"gridContainer\"> <div  class=\"grid-custom\"><div  class=\"row text-left middle-xs text-center content-left-sm\"> <div  class=\"col-md-7 col-sm-6 col-xs-12 negative-margins\"> <img decoding=\"async\" src=\"https:\/\/www.insitusales.com\/wp-content\/uploads\/insitusiigo-2.png\" alt=\"\" title=\"\"><\/div> <div  class=\"col-md-5 col-sm-6 col-xs-12 box-padding-tb-medium\" data-type=\"column\"><h4  class=\"\"><span  style=\"font-weight: 700;\">20%<\/span> <span  style=\"font-weight: 500;\">dari descuento<\/span> dalam hal pertama yang eksklusif untuk klien <span  style=\"font-weight: 700;\">SIIGO<\/span><\/h4><h2  class=\"\">Solusi untuk semua usaha, langsung dan komersial B2B<\/h2> <p  class=\"\">\u2013 Pengoperasian yang optimal dan kemampuan sewa.<br >\n\u2013 Pengalaman klien yang lebih baik<br >\n\u2013 Data dan analisis secara real time<\/p> <p  class=\"\"><\/p><h6  class=\"\">Untuk informasi lebih lanjut, daftarkan data dan asesor nuestro lo contactara<\/h6><a class=\"button null mdc-ripple-upgraded big color1\" href=\"https:\/\/mailchi.mp\/d5d6c01a095f\/9jciatbrty\" target=\"lightbox\" data-cp-link=\"1\" data-icon=\"\" rel=\"noopener\">REG\u00cdSTRESE AQU\u00cd<\/a><\/div> <\/div><\/div> <\/div><\/div><!-- End of insitusales Zendesk Widget script --><!-- wp:extendstudio\/materialis--><!-- \/wp:extendstudio\/materialis--><!-- wp:extendstudio\/materialis--><!-- \/wp:extendstudio\/materialis--><!-- wp:extendstudio\/materialis--><!-- \/wp:extendstudio\/materialis--><!-- wp:extendstudio\/materialis--><!-- \/wp:extendstudio\/materialis--><!-- wp:extendstudio\/materialis--><!-- \/wp:extendstudio\/materialis--><!-- wp:extendstudio\/materialis--><!-- wp:extendstudio\/materialis--><!-- \/wp:extendstudio\/materialis--><!-- wp:extendstudio\/materialis--><!-- \/wp:extendstudio\/materialis--><!-- wp:extendstudio\/materialis--><!-- wp:extendstudio\/materialis--><!-- \/wp:extendstudio\/materialis--><!-- wp:extendstudio\/materialis--><!-- \/wp:extendstudio\/materialis--><!-- \/wp:extendstudio\/materialis--><!-- wp:extendstudio\/materialis--><!-- wp:extendstudio\/materialis--><div  data-label=\"Features\" data-id=\"features--2\" data-export-id=\"features-3-materialis\" data-category=\"features\" class=\"features-3m content-section content-section-spacing-large\" id=\"features-2\" style=\"background-color: rgb(255, 255, 255);\"><div  class=\"gridContainer\"> <div  class=\"row middle-xs cols-separator-between content-left-sm\" data-type=\"row\"><div  class=\"col-sm-6 col-xs-12 col-padding-small space-bottom-xs col-md-3\" data-type=\"column\"> <div  class=\"content-upper space-bottom\"> <\/div> <p  class=\"\">Mengotomatiskan pekerjaan kamp dan memastikan informasi terintegrasi dan potensi produktivitas, keandalan, dan kinerja Anda.<\/p><\/div> <div  class=\"col-sm-6 col-xs-12 col-padding-small space-bottom-xs col-md-3\" data-type=\"column\"><div  class=\"content-upper space-bottom\">  <\/div> <p  class=\"\">Kontrol lokasi dan registrasi pengelolaan penjual Anda secara real time.<\/p><\/div>  <div  class=\"col-sm-6 col-xs-12 col-padding-small space-bottom-xs col-md-3\" data-type=\"column\"><div  class=\"content-upper space-bottom\">  <\/div> <p  class=\"\">Tingkatkan ventilasi Anda dengan halaman seluler dan manufaktur online di Siigo.<\/p><\/div> <div  class=\"col-sm-6 col-xs-12 col-padding-small space-bottom-xs col-md-3\" data-type=\"column\"> <div  class=\"content-upper space-bottom\"> <\/div> <p  class=\"\">Mengotomatiskan pekerjaan kamp dan memastikan informasi terintegrasi dan potensi produktivitas, keandalan, dan kinerja Anda.<\/p><\/div><\/div><\/div> <\/div><!-- wp:extendstudio\/materialis--><div  data-label=\"Pre sales\" data-id=\"content--6\" data-export-id=\"content-6-2\" data-category=\"content\" class=\"content-6-2 content-section content-section-spacing-large dark-text\" id=\"pre-sales\" style=\"background-color: rgb(245, 250, 253); background-image: none;\"><div  class=\"gridContainer\"> <div  class=\"row text-center\"><div  class=\"section-title-col\" data-type=\"column\"> <h2  class=\"\">Mencegah<\/h2> <p  class=\"lead\">Koordinasikan perwakilan penjualan lapangan dengan keyakinan bahwa admin selalu dapat memantau kemajuan dan menetapkan perubahan untuk setiap langkah proses penjualan.<\/p><\/div> <\/div> <div  class=\"row middle-sm\"> <div  class=\"col-xs-12 col-sm-6 flexbox around-xs top-xs\"> <div  class=\"overlay-box flexbox middle-xs center-xs overlay-holder\"> <div  class=\"overlay-box-offset border-color1 hide-xs border-radius-8 offset-background mdc-elevation--z0\"><\/div> <img decoding=\"async\" class=\"flexbox img1 rounded mdc-elevation--z0\" src=\"https:\/\/www.insitusales.com\/wp-content\/uploads\/presale-app-for-reps-1.webp\" alt=\"\" title=\"\"><\/div> <\/div> <div  class=\"col-xs-12 col-sm-6 space-top-xs reverted-class\"> <div  class=\"row\"> <div  class=\"col-xs-12 space-bottom\" data-type=\"column\"> <h3  class=\"color1\">Pra-Penjualan yang Efisien dan Bebas Kesalahan<\/h3> <p  class=\"\">Cotizaciones, Pedidos, Facturas, Devoluciones, Cartera, Recaudo, Prospecci\u00f3n, Cat\u00e1logo de Productos, Inventarios, Rutas, Encuestas, Novedades de Visita, Georreferenciaci\u00f3n de Cliente dan fungsi lainnya lebih untuk registrar semua gesti\u00f3n komersial.<\/p><\/div> <div  class=\"col-xs-12\" data-type=\"row\" data-max-items=\"4\"><div  class=\"row space-bottom\"> <div  class=\"col-xs-12 col-sm-12 col-md-fit\" data-fixed=\"true\"><i  class=\"mdi icon mdi-barcode-scan normal-shape small color1\"><\/i><\/div> <div  class=\"col-xs-12 col-sm-12 col-md\" data-type=\"column\"><h5  class=\"color1\">Pemindaian Kode Batang Produk<\/h5> <p  class=\"\">Pindai kode batang untuk melengkapi daftar pengambilan gudang, atau untuk mencari produk dengan cepat di katalog Anda.<\/p><\/div> <\/div> <div  class=\"row space-bottom\"> <div  class=\"col-xs-12 col-sm-12 col-md-fit\" data-fixed=\"true\"><i  class=\"mdi icon mdi-package-variant-closed normal-shape small color1\"><\/i><\/div> <div  class=\"col-xs-12 col-sm-12 col-md\" data-type=\"column\"><h5  class=\"color1\">Sinkronisasi Pelacakan Inventaris<\/h5> <p  class=\"\">Lihat pembaruan inventaris langsung kapan saja, baik di gudang maupun dengan pengemudi saat pengiriman.&nbsp;<\/p><\/div> <\/div> <div  class=\"row space-bottom\"> <div  class=\"col-xs-12 col-sm-12 col-md-fit\" data-fixed=\"true\"> <i  class=\"mdi icon mdi-credit-card-plus normal-shape small color1\"><\/i><\/div> <div  class=\"col-xs-12 col-sm-12 col-md\" data-type=\"column\"><h5  class=\"color1\">Pemrosesan Pembayaran Seluler<\/h5> <p  class=\"\">Mintalah perwakilan mengumpulkan pembayaran penuh atau sebagian melalui uang tunai, kartu kredit, atau cek.&nbsp;<\/p><\/div> <\/div><\/div> <\/div><\/div> <\/div><\/div> <\/div><!-- \/wp:extendstudio\/materialis--><!-- \/wp:extendstudio\/materialis--><!-- wp:extendstudio\/materialis--><div  data-label=\"DSD\" data-id=\"content--5\" data-export-id=\"content-6\" data-category=\"content\" class=\"content-6 content-section content-section-spacing-large dark-text\" id=\"dsd\" style=\"background-color: rgb(255, 255, 255); background-image: none;\" data-section-ov=\"1\"><div  class=\"gridContainer\"> <div  class=\"row text-center\"><div  class=\"section-title-col\" data-type=\"column\"> <h2  class=\"\">Autoventa<\/h2> <p  class=\"lead\">Perangkat lunak akuntansi rute DSD kami dipercaya oleh ribuan distributor kecil-menengah sebagai solusi untuk meminimalkan biaya di lapangan melalui rute yang dioptimalkan dan pemrosesan pembayaran yang fleksibel.<\/p><\/div> <\/div> <div  class=\"row middle-sm\"> <div  class=\"col-xs-12 col-sm-6\"> <div  class=\"row\"> <div  class=\"col-xs-12 space-bottom\" data-type=\"column\"> <h3  class=\"color1\">Akuntansi Rute yang Dioptimalkan untuk Keuntungan yang Lebih Besar<\/h3> <p  class=\"\">Mengizinkan pembuatan ponsel, menelusuri riwayat fakta oleh klien, menerima halaman-halaman tertentu, atau total, dan menggunakan foto-foto aman atau konfirmasi pada perusahaan elektronik.<\/p><\/div> <div  class=\"col-xs-12\" data-type=\"row\" data-max-items=\"4\"><div  class=\"row space-bottom\"> <div  class=\"col-xs-12 col-md-fit\" data-fixed=\"true\"><i  class=\"mdi icon mdi-printer normal-shape small color1\"><\/i><\/div> <div  class=\"col-xs-12 col-md\" data-type=\"column\"><h5  class=\"color1\">Pencetakan Faktur Seluler<\/h5> <p  class=\"\">Tetapkan templat yang dapat digunakan di lapangan untuk mencetak faktur seluler pada printer bluetooth seperti Zebra atau Bixolon.<\/p><\/div> <\/div> <div  class=\"row space-bottom\"> <div  class=\"col-xs-12 col-md-fit\" data-fixed=\"true\"> <i  class=\"mdi icon mdi-map-marker-radius normal-shape small color1\"><\/i><\/div> <div  class=\"col-xs-12 col-md\" data-type=\"column\"><h5  class=\"color1\">Pelacakan Perwakilan Penjualan GPS Langsung<\/h5> <p  class=\"\">Dengan akses terperinci, admin dapat melacak perwakilan penjualan mana pun di lapangan dengan GPS langsung.<\/p><\/div> <\/div><div  class=\"row space-bottom\"> <div  class=\"col-xs-12 col-md-fit\" data-fixed=\"true\"> <i  class=\"mdi icon mdi-clipboard-check normal-shape small color1\"><\/i><\/div> <div  class=\"col-xs-12 col-md\" data-type=\"column\"><h5  class=\"color1\">Bukti Pengiriman &amp; Pengambilan Tanda Tangan<\/h5> <p  class=\"\">Menerima bukti pengiriman pada faktur beserta foto, atau perekaman tanda tangan elektronik, yang disimpan dalam riwayat faktur.<\/p><\/div> <\/div> <\/div> <\/div><\/div> <div  class=\"col-xs-12 col-sm-6 flexbox around-xs top-xs\"><div  class=\"overlay-box middle-xs center-xs flexbox box-image\"> <div  class=\"overlay-box-offset border-color1 hide-xs border-radius-8 mdc-elevation--z0 offset-background\"><\/div> <img decoding=\"async\" class=\"rounded mdc-elevation--z0\" src=\"https:\/\/www.insitusales.com\/wp-content\/uploads\/dsd-app-for-reps-7.webp\" alt=\"\" title=\"\"><\/div> <\/div><\/div> <\/div><\/div><!-- \/wp:extendstudio\/materialis--><!-- wp:extendstudio\/materialis--><!-- wp:extendstudio\/materialis--><!-- \/wp:extendstudio\/materialis--><!-- wp:extendstudio\/materialis--><!-- wp:extendstudio\/materialis--><!-- wp:extendstudio\/materialis--><div  data-label=\"b2b ecommerce\" data-id=\"content--4\" data-export-id=\"content-14-1-materialis\" data-category=\"content\" class=\"content-14-1m content-section-spacing-large content-section dark-text\" id=\"b2b-ecommerce\" style=\"background-color: rgb(245, 250, 253); background-image: none;\">\n<div  class=\"gridContainer\">\n<div  class=\"row middle-xs space-bottom-large\">\n<div  class=\"col-md-6 col-xs-12 col-sm-6\"><img decoding=\"async\" class=\"mdc-elevation--z0\" src=\"https:\/\/www.insitusales.com\/wp-content\/uploads\/b2b-ecommerce-6.png\" alt=\"\" title=\"\"><\/div>\n<div  class=\"col-md-5 col-md-offset-1 col-xs-12 col-sm-6 content-left-sm space-bottom-xs-large\" data-type=\"column\">\n<h2  class=\"\">Perdagangan elektronik B2B<\/h2>\n<p  class=\"\">Perangkat perdagangan elektronik untuk bisnis Anda yang mengizinkan Anda mengundang klien Anda untuk mewujudkan dokumen online Anda atau membayar fakta Anda melalui internet melalui \u201cbiaya pembelian\u201d yang dipersonalisasi ini.<\/p>\n<\/div>\n<\/div>\n<div  class=\"row middle-xs top-sm spaced-cols content-left-sm\" data-type=\"row\">\n<div  class=\"col-md-3 col-sm-6 col-xs-12 border-top-color1 padding-first-el\" data-type=\"column\">\n<h5  class=\"\">Pemrosesan Pembayaran<\/h5>\n<p  class=\"\">Izinkan pelanggan menghubungkan gateway pembayaran yang nyaman saat pembayaran seperti Authorize.net atau Stripe.<\/p>\n<\/div>\n<div  class=\"col-md-3 col-sm-6 col-xs-12 border-top-color2 padding-first-el\" data-type=\"column\">\n<h5  class=\"\">Kupon &amp; Daftar Harga<\/h5>\n<p  class=\"\">Sesuaikan interaksi dengan pelanggan dengan menawarkan kode kupon dengan pengaturan penggunaan yang tepat, atau dengan menetapkan daftar harga yang unik.<\/p>\n<\/div>\n<div  class=\"col-md-3 col-sm-6 col-xs-12 border-top-color4 padding-first-el\" data-type=\"column\">\n<h5  class=\"\">Sepenuhnya Dapat Disesuaikan<\/h5>\n<p  class=\"\">Tetapkan spanduk dinamis dengan tautan, isi teks Anda sendiri, buat filter kategori yang mudah digunakan, dan bahkan katalog produk yang dapat diunduh.<\/p>\n<\/div>\n<div  class=\"col-md-3 col-sm-6 col-xs-12 border-top-color5 padding-first-el\" data-type=\"column\">\n<h5  class=\"\">Hubungkan Google Analytics<\/h5>\n<p  class=\"\">Tambahkan kode UA Google Analytics Anda untuk menghubungkan akun Analytics Anda dan mulai menerima wawasan tentang lalu lintas Anda. Catat variabel seperti halaman populer, alur perilaku pengguna, atau waktu pentalan.<\/p>\n<\/div>\n<\/div>\n<div  class=\"row row-last\">\n<div  class=\"col-xs-12\" data-type=\"column\"><\/div>\n<\/div>\n<\/div>\n<\/div><!-- wp:extendstudio\/materialis--><!-- \/wp:extendstudio\/materialis--><!-- \/wp:extendstudio\/materialis--><!-- \/wp:extendstudio\/materialis--><!-- wp:extendstudio\/materialis--><!-- \/wp:extendstudio\/materialis--><!-- \/wp:extendstudio\/materialis--><!-- wp:extendstudio\/materialis--><!-- \/wp:extendstudio\/materialis--><!-- wp:extendstudio\/materialis--><!-- \/wp:extendstudio\/materialis--><!-- \/wp:extendstudio\/materialis--><!-- \/wp:extendstudio\/materialis--><!-- wp:extendstudio\/materialis--><div  data-label=\"Features\" data-id=\"features--3\" data-export-id=\"features-13-materialis\" data-category=\"features\" class=\"features-13m content-section content-section-spacing-large\" id=\"features-3\" style=\"background-color: rgb(255, 255, 255); background-image: none;\"><div  class=\"gridContainer\"> <div  class=\"row cols-separator-between\" data-type=\"row\"><div  class=\"col-md-4 col-sm-4 col-xs-12 space-bottom\" data-type=\"column\"> <h5  class=\"\">Aplikasi yang dikerjakan secara online, tanpa internet?<\/h5> <p  class=\"\">Ya. Aplikasi seluler inSitu Sales bekerja secara online, menjaga transaksi di situs baja yang menyimpan data, dan kemudian menemukan se\u00f1al perbedaan antara transaksi yang dilakukan di laporan web.<\/p> <\/div> <div  class=\"col-md-4 col-sm-4 col-xs-12 space-bottom\" data-type=\"column\"><h5  class=\"\">Apakah Anda dapat mengintegrasikan secara langsung dengan sistem manufaktur SIIGO?<\/h5> <p  class=\"\">Ya. Aplikasi seluler inSitu Sales terhubung langsung ke SIIGO untuk mengaktualisasikan ponsel dengan informasi klien, produk, carter, harga, inventaris, dll. SIIGO juga menerima panduan yang dapat dilakukan vendor di ponsel untuk dibuat.<\/p> <\/div> <div  class=\"col-md-4 col-sm-4 col-xs-12 space-bottom\" data-type=\"column\"><h5  class=\"\">Bisakah Anda melihat bahwa sebenarnya ada penjual yang salah?<\/h5> <p  class=\"\">Ya. Aplikasi seluler inSitu Sales diizinkan untuk digunakan secara langsung pada titik awal, titik akhir, catatan, kunjungan, dan keberadaan penjual dan klien.<\/p> <\/div> <div  class=\"col-md-4 col-sm-4 col-xs-12 space-bottom\" data-type=\"column\"> <h5  class=\"\">Penjual dan ponsel Anda sendiri dengan klien Anda semua?<\/h5> <p  class=\"\">Penjual di ponsel sendirian dengan kliennya, mereka yang ditugaskan ke SIIGO.<\/p> <\/div><div  class=\"col-md-4 col-sm-4 col-xs-12 space-bottom\" data-type=\"column\"> <h5  class=\"\">Kapan Anda memperbarui informasi dari SIIGO?<\/h5> <p  class=\"\">Dalam sistem integrasi langsung dengan SIIGO, pembaruan data dan data secara otomatis akan dikirimkan setiap 15 menit untuk menjamin bahwa selalu ada aktualisasi.<\/p> <\/div><div  class=\"col-md-4 col-sm-4 col-xs-12 space-bottom\" data-type=\"column\"> <h5  class=\"\">Carga Bodegas, Inventaris dan Daftar Harga dari SIIGO?<\/h5> <p  class=\"\">Ya. Aplikasi seluler inSitu Sales memuat dan memperbarui informasi ini secara otomatis.<\/p> <\/div><div  class=\"col-md-4 col-sm-4 col-xs-12 space-bottom\" data-type=\"column\"> <h5  class=\"\">Calcula impuestos, descuentos dan bonificados?<\/h5> <p  class=\"\">Ya. Aplikasi seluler inSitu Sales mengizinkan pelacakan dan perhitungan perhitungan dan penyelamatan. Saya juga mengizinkan parameter baru yang diperoleh atau diterima.<\/p> <\/div><div  class=\"col-md-4 col-sm-4 col-xs-12 space-bottom\" data-type=\"column\"> <h5  class=\"\">Bagaimana cara mengirim data seluler ke SIIGO?<\/h5> <p  class=\"\">Penjual telah melakukan pedido di ponsel, pedido tersebut masuk ke halaman web inSitu Sales untuk revisi dan pengujian Anda. Sekali lagi, itu adalah SIIGO dan faktanya.<\/p> <\/div><\/div><\/div> <\/div><!-- \/wp:extendstudio\/materialis--><!-- \/wp:extendstudio\/materialis--><!-- wp:extendstudio\/materialis--><div  data-label=\"Contact\" data-id=\"contact--2\" data-export-id=\"contact-2-materialis\" data-category=\"contact\" class=\"contact-2-materialis content-section content-section-spacing-large\" id=\"contact-1\" style=\"background-color: rgb(245, 250, 253); background-image: none;\">\n<div  class=\"gridContainer\">\n<div  class=\"row\">\n<div  class=\"section-title-col\" data-type=\"column\">\n<h2  class=\"\">Hubungi Kami<\/h2>\n<p  class=\"lead\">Amerika Serikat: 6060 Center Dr, Suite 1000, Los Angeles, CA 90045 <br >LATAM: Cra 43 a 1-50. San Fernando Plaza. Of 805. Medellin, Kolombia.<\/p>\n<\/div>\n<\/div>\n<div  class=\"row middle-sm\">\n<div  class=\"col-xs-12 contact-info text-center space-top-small\" data-type=\"column\">\n<p  class=\"phone-large\">Amerika Serikat: 1 (866) 577-2270 <br >LATAM: 57 (4) 444-8684<\/p>\n<a href=\"mailto:\" class=\"\" target=\"_self\" data-cp-link=\"1\" rel=\"noopener noreferrer\">info@insitusales.com<\/a>\n<div  class=\"social-icons-group\" data-type=\"group\"><a href=\"https:\/\/www.facebook.com\/insitusales\" target=\"_blank\" class=\"\" rel=\"noopener noreferrer\"><i  class=\"mdi social-icon mdi-facebook color1\"><\/i><\/a> <a href=\"https:\/\/www.twitter.com\/insitusales\" target=\"_blank\" class=\"\" rel=\"noopener noreferrer\"><i  class=\"mdi social-icon mdi-twitter color1\"><\/i><\/a> <a href=\"https:\/\/www.linkedin.com\/company\/insitusales\" target=\"_blank\" class=\"\" rel=\"noopener noreferrer\"><i  class=\"mdi social-icon mdi-linkedin color1\"><\/i><\/a> <a href=\"https:\/\/play.google.com\/store\/apps\/details?id=com.insitusales.app.sales&amp;hl=en_US&amp;gl=US\" target=\"_blank\" rel=\"noopener noreferrer\" class=\"\"><i  class=\"mdi social-icon mdi-google-play color1\"><\/i><\/a><\/div>\n<a class=\"link\" href=\"https:\/\/app.b2bmobilesales.com\/api-docs\" target=\"_blank\" data-cp-link=\"1\" rel=\"noopener\">Dokumentasi API<\/a><\/div>\n<\/div>\n<\/div>\n<\/div><!-- \/wp:extendstudio\/materialis-->","protected":false},"excerpt":{"rendered":"<p>Alianza terbesar untuk perusahaan Anda 20% yang dirilis secara eksklusif untuk klien SIIGOSoluci\u00f3n dilakukan dalam satu usaha, termasuk langsung dalam penawaran dan perdagangan elektronik B2B \u2013 Operasi yang optimal dan sewa. \u2013 Pengalaman klien yang lebih besar \u2013 Data dan analisis secara real time Untuk informasi lebih lanjut, daftarkan data dan \u2026<\/p>","protected":false},"author":1,"featured_media":0,"parent":0,"menu_order":0,"comment_status":"closed","ping_status":"closed","template":"pro\/page-templates\/landing-page.php","meta":{"footnotes":""},"class_list":["post-13206","page","type-page","status-publish","hentry"],"_links":{"self":[{"href":"https:\/\/www.insitusales.com\/id\/wp-json\/wp\/v2\/pages\/13206","targetHints":{"allow":["GET"]}}],"collection":[{"href":"https:\/\/www.insitusales.com\/id\/wp-json\/wp\/v2\/pages"}],"about":[{"href":"https:\/\/www.insitusales.com\/id\/wp-json\/wp\/v2\/types\/page"}],"author":[{"embeddable":true,"href":"https:\/\/www.insitusales.com\/id\/wp-json\/wp\/v2\/users\/1"}],"replies":[{"embeddable":true,"href":"https:\/\/www.insitusales.com\/id\/wp-json\/wp\/v2\/comments?post=13206"}],"version-history":[{"count":10,"href":"https:\/\/www.insitusales.com\/id\/wp-json\/wp\/v2\/pages\/13206\/revisions"}],"predecessor-version":[{"id":13538,"href":"https:\/\/www.insitusales.com\/id\/wp-json\/wp\/v2\/pages\/13206\/revisions\/13538"}],"wp:attachment":[{"href":"https:\/\/www.insitusales.com\/id\/wp-json\/wp\/v2\/media?parent=13206"}],"curies":[{"name":"wp","href":"https:\/\/api.w.org\/{rel}","templated":true}]}}