{"id":9372,"date":"2021-04-28T01:04:33","date_gmt":"2021-04-28T01:04:33","guid":{"rendered":"https:\/\/www.insitusales.com\/?page_id=9372"},"modified":"2024-07-17T19:56:57","modified_gmt":"2024-07-17T19:56:57","slug":"epicor","status":"publish","type":"page","link":"https:\/\/www.insitusales.com\/es\/integraciones\/epicor\/","title":{"rendered":"Epicor"},"content":{"rendered":"<div data-label=\"Content\" data-id=\"content--1\" data-export-id=\"content-8-materialis\" data-category=\"content\" class=\"content-8m content-section-spacing-large content-section dark-text\" id=\"content-1\" style=\"background-color: #ffffff;\">\r\n<div class=\"gridContainer\">\r\n<div class=\"row middle-sm\">\r\n<div class=\"col-md-5 col-xs-12 col-sm-6 space-bottom-xs\" data-type=\"column\">\r\n<h6 class=\"upper\">EL ERP #1 PARA FABRICANTES del mercado medio y distribuidores mayoristas<\/h6>\r\n<h3 class=\"\">Administrar \u00f3rdenes de venta al por mayor en Epicor<\/h3>\r\n<p class=\"space-top\">Nuestra integraci\u00f3n inSitu Sales para pedidos de ventas de Epicor presenta una soluci\u00f3n ERP integral para mayoristas y distribuidores, con funcionalidad de procesamiento de pedidos. Ofrece una personalizaci\u00f3n impresionante a trav\u00e9s de una interfaz y paneles f\u00e1ciles de usar, y una serie de m\u00f3dulos dise\u00f1ados para admitir m\u00faltiples tipos de operaciones para empresas en crecimiento.\u00a0\u00a0<\/p>\r\n<a class=\"button null big color7 mdc-ripple-upgraded\" href=\"https:\/\/app.insitusales.com\/inSituSignUp\/register\" target=\"_self\" data-cp-link=\"1\" data-icon=\"\" rel=\"noopener\">Comience la prueba gratuita de 14 d\u00edas<\/a><a class=\"button null big color1 mdc-ripple-upgraded\" href=\"https:\/\/calendly.com\/insitu-sales\/demo-tour-of-insitu-sales\" target=\"_blank\" data-cp-link=\"1\" data-icon=\"\" rel=\"noopener\">Programar demostraci\u00f3n <\/a><\/div>\r\n<div class=\"col-md-6 col-md-offset-1 col-xs-12 col-sm-6\"><img decoding=\"async\" class=\"mdc-elevation--z9 rounded lazy-loaded\" src=\"https:\/\/www.insitusales.com\/wp-content\/uploads\/2021\/04\/cropped-epicor-distribution.png\" data-lazy-type=\"image\" data-src=\"https:\/\/www.insitusales.com\/wp-content\/uploads\/2021\/04\/cropped-epicor-distribution.png\" alt=\"\" title=\"\" data-><\/div>\r\n<\/div>\r\n<\/div>\r\n<\/div>\r\n\r\n\r\n\r\n<div data-label=\"Content\" data-id=\"content--2\" data-export-id=\"content-14-1-materialis\" data-category=\"content\" class=\"content-14-1m content-section-spacing-large content-section dark-text\" id=\"content-2\" style=\"background-color: #f5fafd;\">\r\n<div class=\"gridContainer\">\r\n<div class=\"row middle-xs space-bottom-large\">\r\n<div class=\"col-md-6 col-xs-12 col-sm-6\"><img decoding=\"async\" class=\"mdc-elevation--z9 lazy-loaded\" src=\"https:\/\/www.insitusales.com\/wp-content\/uploads\/2021\/04\/cropped-epicor-integration-e1619555790658.png\" data-lazy-type=\"image\" data-src=\"https:\/\/www.insitusales.com\/wp-content\/uploads\/2021\/04\/cropped-epicor-integration-e1619555790658.png\" alt=\"\" title=\"\" data-><\/div>\r\n<div class=\"col-md-5 col-md-offset-1 col-xs-12 col-sm-6 content-left-sm space-bottom-xs-large\" data-type=\"column\">\r\n<h2 class=\"\">Sincronizaci\u00f3n de integraci\u00f3n de Epicor basada en la nube<\/h2>\r\n<p class=\"\">Su portal de administraci\u00f3n de backend para inSitu Sales ofrece una aplicaci\u00f3n de sincronizaci\u00f3n basada en la nube para hacer que la integraci\u00f3n sea r\u00e1pida y f\u00e1cil. Simplemente use su informaci\u00f3n de inicio de sesi\u00f3n, incluido el Token de autenticaci\u00f3n, y comenzar\u00e1 a integrar a sus clientes, inventario, listas de precios, facturas, pedidos y m\u00e1s.\u00a0<\/p>\r\n<\/div>\r\n<\/div>\r\n<div class=\"row middle-xs top-sm spaced-cols content-left-sm\" data-type=\"row\">\r\n<div class=\"col-md-3 col-sm-6 col-xs-12 border-top-color1 padding-first-el\" data-type=\"column\">\r\n<h5 class=\"\">Facturas<\/h5>\r\n<p class=\"\">Utiliza la informaci\u00f3n existente para los pedidos, como los detalles del cliente y los m\u00e9todos de pago, para proporcionar plantillas de facturaci\u00f3n completadas autom\u00e1ticamente que admiten una personalizaci\u00f3n completa. <a href=\"https:\/\/www.insitusales.com\/es\/soluciones\/facturacion-movil\/\">Facturas imprimibles<\/a> luego, los representantes de ventas pueden realizar un seguimiento y acceder a ellos desde dispositivos m\u00f3viles.<\/p>\r\n<\/div>\r\n<div class=\"col-md-3 col-sm-6 col-xs-12 border-top-color2 padding-first-el\" data-type=\"column\">\r\n<h5 class=\"\">Pedidos\u00a0<\/h5>\r\n<p class=\"\">Lleve datos de ventas vitales de su OMS, como listas de precios seleccionadas, listas de inventario, kits de ventas configurados y seguimiento en tiempo real para cualquier <a href=\"https:\/\/www.insitusales.com\/es\/soluciones\/app-para-tomar-pedidos\/\">toma de pedidos<\/a> operaciones en el campo.<\/p>\r\n<\/div>\r\n<div class=\"col-md-3 col-sm-6 col-xs-12 border-top-color4 padding-first-el\" data-type=\"column\">\r\n<h5 class=\"\">M\u00e9todos de pago<\/h5>\r\n<p class=\"\">Todas las principales pasarelas son compatibles para garantizar que sus representantes de ventas puedan manejar cualquier forma de procesamiento de pagos m\u00f3viles en el campo.\u00a0<\/p>\r\n<\/div>\r\n<div class=\"col-md-3 col-sm-6 col-xs-12 border-top-color5 padding-first-el\" data-type=\"column\">\r\n<h5 class=\"\">Inventario<\/h5>\r\n<p class=\"\">Obtenga datos de inventario en vivo de Epicor, asegur\u00e1ndose de que sus representantes est\u00e9n usando solo cifras actualizadas de lo que est\u00e1 disponible para sus ventas.\u00a0<\/p>\r\n<\/div>\r\n<\/div>\r\n<div class=\"row row-last\">\r\n<div class=\"col-xs-12\" data-type=\"column\"><\/div>\r\n<\/div>\r\n<\/div>\r\n<\/div>","protected":false},"excerpt":{"rendered":"","protected":false},"author":8,"featured_media":0,"parent":7904,"menu_order":0,"comment_status":"closed","ping_status":"closed","template":"pro\/page-templates\/page-with-small-header.php","meta":{"footnotes":""},"class_list":["post-9372","page","type-page","status-publish","hentry"],"_links":{"self":[{"href":"https:\/\/www.insitusales.com\/es\/wp-json\/wp\/v2\/pages\/9372","targetHints":{"allow":["GET"]}}],"collection":[{"href":"https:\/\/www.insitusales.com\/es\/wp-json\/wp\/v2\/pages"}],"about":[{"href":"https:\/\/www.insitusales.com\/es\/wp-json\/wp\/v2\/types\/page"}],"author":[{"embeddable":true,"href":"https:\/\/www.insitusales.com\/es\/wp-json\/wp\/v2\/users\/8"}],"replies":[{"embeddable":true,"href":"https:\/\/www.insitusales.com\/es\/wp-json\/wp\/v2\/comments?post=9372"}],"version-history":[{"count":10,"href":"https:\/\/www.insitusales.com\/es\/wp-json\/wp\/v2\/pages\/9372\/revisions"}],"predecessor-version":[{"id":14293,"href":"https:\/\/www.insitusales.com\/es\/wp-json\/wp\/v2\/pages\/9372\/revisions\/14293"}],"up":[{"embeddable":true,"href":"https:\/\/www.insitusales.com\/es\/wp-json\/wp\/v2\/pages\/7904"}],"wp:attachment":[{"href":"https:\/\/www.insitusales.com\/es\/wp-json\/wp\/v2\/media?parent=9372"}],"curies":[{"name":"gracias","href":"https:\/\/api.w.org\/{rel}","templated":true}]}}