{"id":9098,"date":"2021-03-24T23:29:52","date_gmt":"2021-03-24T23:29:52","guid":{"rendered":"https:\/\/www.insitusales.com\/?page_id=9098"},"modified":"2025-10-07T18:28:32","modified_gmt":"2025-10-07T18:28:32","slug":"aplicacion-whitelabel-b2b","status":"publish","type":"page","link":"https:\/\/www.insitusales.com\/es\/soluciones\/comercio-electronico-b2b\/aplicacion-whitelabel-b2b\/","title":{"rendered":"Aplicaci\u00f3n B2B de etiqueta blanca"},"content":{"rendered":"<!-- wp:extendstudio\/materialis--><div  data-label=\"Content\" data-id=\"content--3\" data-export-id=\"content-9-materialis\" data-category=\"content\" class=\"content-9m content-section-spacing-large content-section dark-text\" id=\"content-3\" style=\"background-color: #ffffff; background-image: none;\">\n<div  class=\"gridContainer\">\n<div  class=\"row middle-xs flex-row\">\n<div  class=\"col-md-5 col-xs-12 col-sm-6 space-bottom-xs\" data-type=\"column\">\n<h6  class=\"upper space-bottom-small\">Portal m\u00f3vil del cliente como aplicaci\u00f3n descargable<\/h6>\n<h1  class=\"\">Una aplicaci\u00f3n de comercio electr\u00f3nico B2B de marca blanca para distribuidores mayoristas&nbsp;<\/h1>\n<p  class=\"lead\"><span ><span  style=\"font-weight: 300;\">Requiere una licencia de portal de comercio electr\u00f3nico B2B v\u00e1lida<\/span><\/span><\/p>\n<p  class=\"space-top\">Una marca blanca personalizable <strong >Aplicaci\u00f3n de ventas m\u00f3viles B2B<\/strong>, creado con la marca de su empresa para que los clientes lo descarguen y lo usen como <strong >portal de pedidos para comercio electr\u00f3nico<\/strong>Conecte a los clientes con sus productos B2B a trav\u00e9s de pedidos m\u00f3viles r\u00e1pidos utilizando <strong >pasarelas de pago seguras<\/strong>.<\/p>\n<a class=\"button mdc-ripple-upgraded big mdc-elevation--z3 color1\" href=\"https:\/\/calendly.com\/insitu-sales\/demo-tour-of-insitu-sales\" target=\"_blank\" data-cp-link=\"1\" data-icon=\"\" rel=\"noopener\">AGENDAR DEMO<\/a><\/div>\n<div  class=\"col-md-6 col-md-offset-1 col-xs-12 col-sm-6\"><img decoding=\"async\" src=\"https:\/\/www.insitusales.com\/wp-content\/uploads\/Whitelabel.png\" alt=\"\" title=\"\"><\/div>\n<\/div>\n<\/div>\n<\/div><!-- \/wp:extendstudio\/materialis--><!-- wp:extendstudio\/materialis--><div  data-label=\"Features\" data-id=\"features--2\" data-export-id=\"features-6-materialis\" data-category=\"features\" class=\"features-6m content-section-spacing-large content-section dark-text\" id=\"features-2\" style=\"background-color: #f5fafd;\">\n<div  class=\"gridContainer\">\n<div  class=\"row text-center\">\n<div  class=\"section-title-col\" data-type=\"column\">\n<h3  class=\"\">Funciones de la aplicaci\u00f3n para impulsar las ventas en l\u00ednea<\/h3>\n<p  class=\"\">Tener su aplicaci\u00f3n descargada directamente en los dispositivos de sus clientes maximiza la accesibilidad y la comunicaci\u00f3n para los incentivos de ventas.&nbsp;<\/p>\n<\/div>\n<\/div>\n<div  class=\"row top-xs space-top-large space-top-xs cols-border-between content-center-sm\" data-type=\"row\" data-max-items=\"4\">\n<div  class=\"col-sm-6 col-xs-12 border-horizontal col-md-4\" data-type=\"column\"><i  class=\"mdi icon space-top-small mdi-alert-circle-outline bordered round normal-size color1\"><\/i>\n<h4  class=\"\">Notificaciones push&nbsp;<\/h4>\n<p  class=\"space-bottom\">Env\u00ede alertas o notificaciones desde su portal para que aparezcan en los tel\u00e9fonos de los clientes a trav\u00e9s de la aplicaci\u00f3n. Las notificaciones son m\u00e1s directas y tienen mejores tasas de clics que el correo electr\u00f3nico.&nbsp;<\/p>\n<\/div>\n<div  class=\"col-sm-6 col-xs-12 border-horizontal col-md-4\" data-type=\"column\"><i  class=\"mdi icon space-top-small mdi-package-variant-closed bordered round normal-size color1\"><\/i>\n<h4  class=\"\">Gesti\u00f3n de inventarios y precios<\/h4>\n<p  class=\"space-bottom\">Agregue a sus clientes a listas de precios e inventario especializados para determinar qu\u00e9 productos y precios pueden ver cuando abren la aplicaci\u00f3n.&nbsp;<\/p>\n<\/div>\n<div  class=\"col-sm-6 col-xs-12 border-horizontal col-md-4\" data-type=\"column\"><i  class=\"mdi icon space-top-small mdi-credit-card-plus bordered round normal-size color1\"><\/i>\n<h4  class=\"\">Pasarelas de procesamiento de pagos seguros<\/h4>\n<p  class=\"space-bottom\">Use pasarelas de pago como Stripe o Authorize.Net, y dise\u00f1e un proceso de pago de pedidos automatizado, que opcionalmente requiera aprobaci\u00f3n.<\/p>\n<\/div>\n<\/div>\n<\/div>\n<\/div><!-- \/wp:extendstudio\/materialis--><!-- wp:extendstudio\/materialis--><div  data-label=\"Features\" data-id=\"features--3\" data-export-id=\"features-16\" data-category=\"features\" class=\"features-16 content-section content-section-spacing-large dark-text content-relative\" id=\"features-3\" style=\"background-color: #ffffff;\">\n<div  class=\"gridContainer\">\n<div  class=\"row text-center\">\n<div  class=\"section-title-col\" data-type=\"column\">\n<h3  class=\"\">Caracter\u00edsticas de la aplicaci\u00f3n que agregan valor para los clientes<\/h3>\n<p  class=\"lead\">Un uso clave de nuestra aplicaci\u00f3n de comercio electr\u00f3nico de marca blanca es aprovechar sus funciones \u00fatiles para mantener a los clientes al d\u00eda. Comprender las principales barreras para los pedidos repetidos es vital para los distribuidores que pueden no tener representantes en comunicaci\u00f3n activa con los clientes.&nbsp;<\/p>\n<\/div>\n<\/div>\n<div  class=\"row spaced-cols\" data-type=\"row\">\n<div  class=\"col-xs-12 col-sm-6 space-bottom col-md-4\"><img decoding=\"async\" class=\"face mdc-elevation--z3\" src=\"https:\/\/www.insitusales.com\/wp-content\/uploads\/2021\/03\/cropped-digital-product-catalog-app-1.png\" alt=\"cat\u00e1logo de productos digitales en la aplicaci\u00f3n\" title=\"\">\n<div  data-type=\"column\" class=\"col-padding-small col-padding-small-xs description-container\">\n<h4  class=\"font-500\">\u00d3rdenes m\u00f3viles filtradas<\/h4>\n<p  class=\"\">Permita que los clientes creen pedidos r\u00e1pidos desde su tel\u00e9fono con diferentes filtros para una navegaci\u00f3n precisa y f\u00e1cil de usar. Admite errores tipogr\u00e1ficos y variaciones de productos en la b\u00fasqueda de coincidencias.&nbsp;<\/p>\n<a class=\"button null color1 mdc-ripple-upgraded\" href=\"https:\/\/www.insitusales.com\/es\/soluciones\/app-para-tomar-pedidos\/\" target=\"_self\" data-cp-link=\"1\" data-icon=\"\" rel=\"noopener\">M\u00e1s sobre  aplicaci\u00f3n de toma de pedidos<\/a><\/div>\n<\/div>\n<div  class=\"col-xs-12 col-sm-6 space-bottom col-md-4\"><img decoding=\"async\" class=\"face mdc-elevation--z3\" src=\"https:\/\/www.insitusales.com\/wp-content\/uploads\/2021\/03\/cropped-order-history-app-1.png\" alt=\"historial de pedidos de datos de cuenta\" title=\"\">\n<div  data-type=\"column\" class=\"col-padding-small col-padding-small-xs description-container\">\n<h4  class=\"font-500\">Revisar el historial de pedidos<\/h4>\n<p  class=\"\">Ayude a los clientes a realizar un seguimiento de las facturas en espera de pago total o parcial a trav\u00e9s del historial de pedidos, y permita el pago seguro en l\u00ednea.&nbsp;<\/p>\n<\/div>\n<\/div>\n<div  class=\"col-xs-12 col-sm-6 space-bottom col-md-4\"><img decoding=\"async\" class=\"face mdc-elevation--z3\" src=\"https:\/\/www.insitusales.com\/wp-content\/uploads\/2021\/03\/cropped-scan-product-barcodes-app-4.png\" alt=\"escanear la aplicaci\u00f3n de c\u00f3digo de barras del producto\" title=\"\">\n<div  data-type=\"column\" class=\"col-padding-small col-padding-small-xs description-container\">\n<h4  class=\"font-500\">Escanear c\u00f3digos de barras de productos<\/h4>\n<p  class=\"\">Permita que los clientes escaneen los c\u00f3digos de barras de sus productos de los estantes para que aparezcan instant\u00e1neamente los art\u00edculos para pedidos de reposici\u00f3n convenientes. Escanea c\u00f3digos de barras en varios formatos, incluidos EAN, UPC y QR.<\/p>\n<\/div>\n<\/div>\n<\/div>\n<\/div>\n<div  class=\"section-separator-bottom\"><svg  xmlns=\"http:\/\/www.w3.org\/2000\/svg\" viewbox=\"0 0 1000 20\" preserveaspectratio=\"none\" data-separator-name=\"split\" class=\"section-separator-bottom\"> <path  class=\"svg-white-bg\" d=\"M0,0v3c0,0,393.8,0,483.4,0c9.2,0,16.6,7.4,16.6,16.6c0-9.1,7.4-16.6,16.6-16.6C606.2,3,1000,3,1000,3V0H0z\"><\/path> <\/svg><\/div>\n<\/div><!-- \/wp:extendstudio\/materialis--><!-- wp:extendstudio\/materialis--><div  data-label=\"Content\" data-id=\"content--2\" data-export-id=\"content-8-materialis\" data-category=\"content\" class=\"content-8m content-section-spacing-large content-section dark-text\" id=\"content-2\" style=\"background-color: #f5fafd;\">\n<div  class=\"gridContainer\">\n<div  class=\"row middle-sm\">\n<div  class=\"col-md-5 col-xs-12 col-sm-6 space-bottom-xs\" data-type=\"column\">\n<h6  class=\"upper\">Comercio electr\u00f3nico omnicanal para una mejor participaci\u00f3n y visibilidad&nbsp;<\/h6>\n<h2  class=\"\">Una aplicaci\u00f3n de etiqueta blanca administrada y actualizada a trav\u00e9s de su portal B2B<\/h2>\n<p  class=\"space-top\">Con la integraci\u00f3n de sincronizaci\u00f3n entre su portal B2B y la aplicaci\u00f3n de etiqueta blanca, solo tendr\u00e1 que preocuparse por realizar cambios en el portal.&nbsp;<br ><br >Cree un enfoque de ventas omnicanal inclusivo para sus clientes haciendo que sus cat\u00e1logos de productos digitales y la entrada de pedidos en l\u00ednea sean accesibles para computadoras de escritorio y dispositivos m\u00f3viles.<br ><br >Asegure el mejor ROI posible para sus ventas de comercio electr\u00f3nico a trav\u00e9s de una mayor visibilidad de la marca y compromiso con una aplicaci\u00f3n creada espec\u00edficamente para llegar a sus clientes.&nbsp;<\/p>\n<a class=\"button null color1 mdc-ripple-upgraded\" href=\"https:\/\/www.insitusales.com\/es\/soluciones\/comercio-electronico-b2b\/\" target=\"_self\" data-cp-link=\"1\" data-icon=\"\" rel=\"noopener\">M\u00e1s sobre el portal B2B<\/a><\/div>\n<div  class=\"col-md-6 col-md-offset-1 col-xs-12 col-sm-6\"><img decoding=\"async\" class=\"mdc-elevation--z9 rounded\" src=\"https:\/\/www.insitusales.com\/wp-content\/uploads\/2021\/03\/cropped-b2b-order-portal-app-1.png\" alt=\"Portal de pedidos B2B\" title=\"\"><\/div>\n<\/div>\n<\/div>\n<\/div><!-- \/wp:extendstudio\/materialis--><!-- wp:extendstudio\/materialis--><div  data-label=\"Cta\" data-id=\"cta--1\" data-export-id=\"cta-blue-section\" data-category=\"cta\" class=\"cta-blue-section content-section content-section-spacing-large bg-color1 white-text\" id=\"cta-1\" style=\"background-image: none; background-color: #228ae6;\">\n<div  class=\"gridContainer\">\n<div  class=\"row middle-xs\">\n<div  class=\"col-xs-12 col-sm-7 col-md-8 space-bottom-xs\" data-type=\"column\">\n<h2  class=\"\"><b >Nuestra lista de aplicaciones B2B de marca para distribuidores&nbsp;<\/b><\/h2>\n<\/div>\n<div  class=\"col-xs-12 col-sm-5 col-md-4\" data-type=\"column\"><a class=\"button null mdc-ripple-upgraded big color2\" href=\"https:\/\/apps.apple.com\/us\/developer\/insitu-mobile-software\/id1024207604\/#see-all\/i-phonei-pad-apps\" target=\"_blank\" data-cp-link=\"1\" data-icon=\"\" rel=\"noopener\">App store<\/a><a class=\"button null mdc-ripple-upgraded big color3\" href=\"https:\/\/play.google.com\/store\/apps\/developer?id=inSitu%2BMobile&amp;hl=en_US&amp;gl=US\" target=\"_blank\" data-cp-link=\"1\" data-icon=\"\" rel=\"noopener\">Google Play<\/a><\/div>\n<\/div>\n<\/div>\n<\/div><!-- \/wp:extendstudio\/materialis--><p ><!-- CloudPress Companion Preview Data START --><\/p>","protected":false},"excerpt":{"rendered":"<p>Portal m\u00f3vil para clientes como aplicaci\u00f3n descargable. Una aplicaci\u00f3n de comercio electr\u00f3nico B2B de marca blanca para distribuidores mayoristas requiere una licencia v\u00e1lida de portal de comercio electr\u00f3nico B2B. Una aplicaci\u00f3n de ventas m\u00f3viles B2B de marca blanca y personalizable, dise\u00f1ada con la imagen de marca de su empresa, para que los clientes la descarguen y la usen como portal de pedidos para comercio electr\u00f3nico. Conecte a los clientes con sus productos B2B mediante pedidos m\u00f3viles r\u00e1pidos.<\/p>","protected":false},"author":8,"featured_media":0,"parent":7562,"menu_order":0,"comment_status":"closed","ping_status":"closed","template":"pro\/page-templates\/page-with-small-header.php","meta":{"footnotes":""},"class_list":["post-9098","page","type-page","status-publish","hentry"],"_links":{"self":[{"href":"https:\/\/www.insitusales.com\/es\/wp-json\/wp\/v2\/pages\/9098","targetHints":{"allow":["GET"]}}],"collection":[{"href":"https:\/\/www.insitusales.com\/es\/wp-json\/wp\/v2\/pages"}],"about":[{"href":"https:\/\/www.insitusales.com\/es\/wp-json\/wp\/v2\/types\/page"}],"author":[{"embeddable":true,"href":"https:\/\/www.insitusales.com\/es\/wp-json\/wp\/v2\/users\/8"}],"replies":[{"embeddable":true,"href":"https:\/\/www.insitusales.com\/es\/wp-json\/wp\/v2\/comments?post=9098"}],"version-history":[{"count":10,"href":"https:\/\/www.insitusales.com\/es\/wp-json\/wp\/v2\/pages\/9098\/revisions"}],"predecessor-version":[{"id":15065,"href":"https:\/\/www.insitusales.com\/es\/wp-json\/wp\/v2\/pages\/9098\/revisions\/15065"}],"up":[{"embeddable":true,"href":"https:\/\/www.insitusales.com\/es\/wp-json\/wp\/v2\/pages\/7562"}],"wp:attachment":[{"href":"https:\/\/www.insitusales.com\/es\/wp-json\/wp\/v2\/media?parent=9098"}],"curies":[{"name":"gracias","href":"https:\/\/api.w.org\/{rel}","templated":true}]}}