{"id":8575,"date":"2021-02-10T17:50:17","date_gmt":"2021-02-10T17:50:17","guid":{"rendered":"https:\/\/www.insitusales.com\/?page_id=8575"},"modified":"2025-05-01T23:24:35","modified_gmt":"2025-05-01T23:24:35","slug":"orden-de-entrada","status":"publish","type":"page","link":"https:\/\/www.insitusales.com\/es\/soluciones\/orden-de-entrada\/","title":{"rendered":"Software de toma de pedidos"},"content":{"rendered":"<!-- wp:extendstudio\/materialis--><!-- \/wp:extendstudio\/materialis--><!-- \/wp:extendstudio\/materialis-->\r\n\r\n<!-- wp:extendstudio\/materialis-->\r\n<div data-label=\"Content\" data-id=\"content--4\" data-export-id=\"content-8-materialis\" data-category=\"content\" class=\"content-8m content-section-spacing-large content-section dark-text\" id=\"content-4\" style=\"background-color: #ffffff; background-image: none;\">\r\n<div class=\"gridContainer\">\r\n<div class=\"row middle-sm\">\r\n<div class=\"col-md-5 col-xs-12 col-sm-6 space-bottom-xs\" data-type=\"column\">\r\n<h6 class=\"upper\">La aplicaci\u00f3n de ventas de campo definitiva para sus representantes<\/h6>\r\n<h1>Software de entrada de pedidos para distribuidores mayoristas<\/h1>\r\n<p class=\"space-top\"><b>Software de ingreso de pedidos r\u00e1pido y confiable creado espec\u00edficamente para distribuidores mayoristas.<\/b> Tome pedidos de ventas m\u00f3viles, realice un seguimiento del inventario en vivo, utilice niveles de precios y promociones, y habilite el monitoreo y los informes de actividades en tiempo real. <br \/><br \/>inSitu Sales ofrece una soluci\u00f3n m\u00f3vil todo en uno para <b>DSD y <a href=\"https:\/\/www.insitusales.com\/es\/soluciones\/aplicacion-de-ventas-de-campo\/pre-ventas\/\">pre ventas<\/a><\/b>, dise\u00f1ado para ayudar a sus representantes de ventas a tomar pedidos sobre la marcha, administrar precios, verificar el inventario y cerrar acuerdos.<b>en l\u00ednea o fuera de l\u00ednea<\/b>. <br \/><br \/><i> \u00danase a 1,000 distribuidores mayoristas que han transformado su proceso de ventas con inSitu Sales. Nuestra aplicaci\u00f3n m\u00f3vil f\u00e1cil de usar ayuda a los representantes a vender de forma m\u00e1s inteligente, m\u00e1s r\u00e1pida y con mayor confianza.<\/i><\/p>\r\n<a class=\"button big null color1 mdc-ripple-upgraded\" href=\"https:\/\/app.insitusales.com\/inSituSignUp\/register\" target=\"_blank\" data-cp-link=\"1\" data-icon=\"\" rel=\"noopener\">PRUEBA GRATUITA DE 14 D\u00cdAS<\/a><a class=\"button big null color2 mdc-ripple-upgraded\" href=\"https:\/\/calendly.com\/insitu-sales\/demo-tour-of-insitu-sales\" target=\"_blank\" data-cp-link=\"1\" data-icon=\"\" rel=\"noopener\">AGENDAR DEMO<\/a><\/div>\r\n<div class=\"col-md-6 col-md-offset-1 col-xs-12 col-sm-6\"><img decoding=\"async\" class=\"rounded mdc-elevation--z0\" src=\"https:\/\/www.insitusales.com\/wp-content\/uploads\/order-entry-software-insitu-sales.webp\" alt=\"\" title=\"\"><\/div>\r\n<\/div>\r\n<\/div>\r\n<\/div>\r\n<!-- \/wp:extendstudio\/materialis-->\r\n\r\n<!-- wp:extendstudio\/materialis-->\r\n<div data-label=\"Features\" data-id=\"features--2\" data-export-id=\"features-16-materialis\" data-category=\"features\" class=\"features-16m content-section content-section-spacing-large dark-text\" id=\"features-2\" style=\"background-color: #f5fafd;\">\r\n<div class=\"gridContainer\">\r\n<div class=\"row\">\r\n<div class=\"section-title-col\" data-type=\"column\">\r\n<h2 class=\"\">Mejora de los procesos de preventa con la entrada de pedidos inSitu Sales\u00a0<\/h2>\r\n<p class=\"\">Los pedidos ingresados en la aplicaci\u00f3n o a trav\u00e9s del software del portal en l\u00ednea (comercio electr\u00f3nico B2B) ingresan a un ciclo de ventas eficiente y optimizado, totalmente respaldado por nuestro software en cada paso del camino. <a href=\"#order-entry-features\">Lea sobre m\u00e1s de las caracter\u00edsticas m\u00e1s destacadas de nuestra aplicaci\u00f3n de ingreso de pedidos a continuaci\u00f3n.<\/a><\/p>\r\n<\/div>\r\n<\/div>\r\n<div class=\"row top-xs space-top number-containers content-center-sm\" data-type=\"row\">\r\n<div class=\"col-md-3 col-sm-6 col-xs-12 space-bottom space-top-xs\">\r\n<div class=\"number-container space-bottom\" data-fixed=\"true\">\r\n<div class=\"link-line left\"><\/div>\r\n<p class=\"border-color1-small number\">1<\/p>\r\n<div class=\"link-line right\"><\/div>\r\n<\/div>\r\n<div class=\"content-box\" data-type=\"column\">\r\n<h5 class=\"\">Realice un pedido m\u00f3vil o un pedido de comercio electr\u00f3nico B2B<\/h5>\r\n<p class=\"\">Con nuestra aplicaci\u00f3n m\u00f3vil, un representante de ventas puede llevar un cat\u00e1logo digital de productos personalizado, con listas de productos, promociones y precios, directamente a la tienda del cliente. Esto tambi\u00e9n se puede hacer a trav\u00e9s de un portal en l\u00ednea sin necesidad de asistencia.<\/p>\r\n<\/div>\r\n<\/div>\r\n<div class=\"col-md-3 col-sm-6 col-xs-12 space-bottom space-top-xs\">\r\n<div class=\"number-container space-bottom\" data-fixed=\"true\">\r\n<div class=\"link-line left\"><\/div>\r\n<p class=\"border-color1-small number\">2<\/p>\r\n<div class=\"link-line right\"><\/div>\r\n<\/div>\r\n<div class=\"content-box\" data-type=\"column\">\r\n<h5 class=\"\">Lista de selecci\u00f3n de inventario enviada para el cumplimiento del pedido<\/h5>\r\n<p class=\"\">Luego de tomar el pedido, se generar\u00e1 una lista de selecci\u00f3n requerida en Cumplimiento de pedido, que se asignar\u00e1 a un selector de inventario en su almac\u00e9n.\u00a0<\/p>\r\n<\/div>\r\n<\/div>\r\n<div class=\"col-md-3 col-sm-6 col-xs-12 space-bottom space-top-xs\">\r\n<div class=\"number-container space-bottom\" data-fixed=\"true\">\r\n<div class=\"link-line left\"><\/div>\r\n<p class=\"border-color1-small number\">3<\/p>\r\n<div class=\"link-line right\"><\/div>\r\n<\/div>\r\n<div class=\"content-box\" data-type=\"column\">\r\n<h5 class=\"\">Factura generada autom\u00e1ticamente<\/h5>\r\n<p class=\"\">Cuando el inventario se marca como recogido, se genera autom\u00e1ticamente una factura para el cliente. Esta factura puede consultarse en l\u00ednea o mediante la aplicaci\u00f3n, y se puede imprimir por Bluetooth o compartir en formato PDF.\u00a0<\/p>\r\n<\/div>\r\n<\/div>\r\n<div class=\"col-md-3 col-sm-6 col-xs-12 space-bottom space-top-xs\">\r\n<div class=\"number-container space-bottom\" data-fixed=\"true\">\r\n<div class=\"link-line left\"><\/div>\r\n<p class=\"border-color1-small number\">4<\/p>\r\n<div class=\"link-line right\"><\/div>\r\n<\/div>\r\n<div class=\"content-box\" data-type=\"column\">\r\n<h5 class=\"\">Ruta de env\u00edo optimizada y opciones de pago r\u00e1pidas\u00a0\u00a0<\/h5>\r\n<p class=\"\">Las facturas se asignan a los repartidores y forman rutas optimizadas con listas de inventario para cada parada. Al completar las entregas, los repartidores tambi\u00e9n pueden cobrar pagos totales o parciales a trav\u00e9s de la aplicaci\u00f3n. <b>Raya<\/b>\u00a0o <b>Authorize.net<\/b>.\u00a0<\/p>\r\n<\/div>\r\n<\/div>\r\n<\/div>\r\n<\/div>\r\n<\/div>\r\n<!-- wp:extendstudio\/materialis-->\r\n<div data-label=\"order entry features\" data-id=\"features--3\" data-export-id=\"features-12-card-bordered\" data-category=\"features\" class=\"features-12-card-bordered content-section content-section-spacing-large\" id=\"order-entry-features\" style=\"background-color: #ffffff; background-image: none;\">\r\n<div class=\"gridContainer\">\r\n<div class=\"row text-center\">\r\n<div class=\"section-title-col\" data-type=\"column\">\r\n<h3>Funciones de entrada de pedidos que permiten mayores ventas de furgonetas<\/h3>\r\n<\/div>\r\n<\/div>\r\n<div class=\"row spaced-cols\" data-type=\"row\">\r\n<div class=\"col-xs-12 col-sm-6 col-md-4\">\r\n<div class=\"card mdc-elevation--z3 row-card bordered y-move\">\r\n<div class=\"row\">\r\n<div class=\"col-xs-12 col-sm-fit icon-column\" data-fixed=\"true\"><i class=\"mdi icon mdi-map-marker-radius normal-shape normal-size color1\"><\/i><\/div>\r\n<div class=\"col-xs-12 col-sm\" data-type=\"column\">\r\n<h5 class=\"color1\">Seguimiento GPS en vivo para representantes en el campo<\/h5>\r\n<p class=\"\">Utilice el rastreo GPS en vivo para seguir a los representantes de ventas en campo en tiempo real. Supervise la actividad entre paradas para garantizar el cumplimiento de la ruta, con marcas de tiempo que marcan las franjas horarias previstas.\u00a0<\/p>\r\n<\/div>\r\n<\/div>\r\n<\/div>\r\n<\/div>\r\n<div class=\"col-xs-12 col-sm-6 col-md-4\">\r\n<div class=\"card mdc-elevation--z3 row-card bordered y-move\">\r\n<div class=\"row\">\r\n<div class=\"col-xs-12 col-sm-fit icon-column\" data-fixed=\"true\"><i class=\"mdi icon mdi-package-variant-closed normal-shape normal-size color1\"><\/i><\/div>\r\n<div class=\"col-xs-12 col-sm\" data-type=\"column\">\r\n<h5 class=\"color1\">Seguimiento y visibilidad del inventario en tiempo real<\/h5>\r\n<p class=\"\">Mantenga a su equipo equipado para las ventas con niveles de inventario actualizados, eliminando errores en stock insuficiente y rastreando los cambios de stock entre cada pedido.<\/p>\r\n<\/div>\r\n<\/div>\r\n<\/div>\r\n<\/div>\r\n<div class=\"col-xs-12 col-sm-6 col-md-4\">\r\n<div class=\"card mdc-elevation--z3 row-card bordered y-move\">\r\n<div class=\"row\">\r\n<div class=\"col-xs-12 col-sm-fit icon-column\" data-fixed=\"true\"><i class=\"mdi icon mdi-cash-usd normal-shape normal-size color1\"><\/i><\/div>\r\n<div class=\"col-xs-12 col-sm\" data-type=\"column\">\r\n<h5 class=\"color1\">Precios y descuentos espec\u00edficos para cada cliente<\/h5>\r\n<p class=\"\">Gestione f\u00e1cilmente m\u00faltiples listas de precios, reglas de precios \u00fanicas y promociones. Los representantes pueden acceder al precio correcto en tiempo real, en todo momento.<\/p>\r\n<\/div>\r\n<\/div>\r\n<\/div>\r\n<\/div>\r\n<div class=\"col-xs-12 col-sm-6 col-md-4\">\r\n<div class=\"card mdc-elevation--z3 row-card bordered y-move\">\r\n<div class=\"row\">\r\n<div class=\"col-xs-12 col-sm-fit icon-column\" data-fixed=\"true\"><i class=\"mdi icon mdi-credit-card-plus normal-shape normal-size color1\"><\/i><\/div>\r\n<div class=\"col-xs-12 col-sm\" data-type=\"column\">\r\n<h5 class=\"color1\">Reciba pagos electr\u00f3nicos con Stripe o Authorize.net<\/h5>\r\n<p class=\"\">Los representantes de ventas en terreno pueden usar su aplicaci\u00f3n m\u00f3vil para cobrar pagos electr\u00f3nicos. Se aceptan tarjetas de cr\u00e9dito una vez que se conectan a Stripe o Authorize.net. Se pueden cobrar y registrar importes totales o parciales de cada factura, con recordatorios de fechas de vencimiento.\u00a0<\/p>\r\n<\/div>\r\n<\/div>\r\n<\/div>\r\n<\/div>\r\n<div class=\"col-xs-12 col-sm-6 col-md-4\">\r\n<div class=\"card mdc-elevation--z3 row-card bordered y-move\">\r\n<div class=\"row\">\r\n<div class=\"col-xs-12 col-sm-fit icon-column\" data-fixed=\"true\"><i class=\"mdi icon mdi-lan-pending normal-shape normal-size color1\"><\/i><\/div>\r\n<div class=\"col-xs-12 col-sm\" data-type=\"column\">\r\n<h5 class=\"color1\">Integraciones ERP: QuickBooks, Netsuite, Odoo y m\u00e1s.<\/h5>\r\n<p class=\"\">Los nuevos pedidos se introducen en nuestro sistema de gesti\u00f3n de pedidos, con una sincronizaci\u00f3n bidireccional que env\u00eda los datos de las transacciones a trav\u00e9s de su integraci\u00f3n ERP. La precisi\u00f3n de los pedidos de los clientes entre plataformas est\u00e1 garantizada.<\/p>\r\n<a class=\"link\" href=\"https:\/\/www.insitusales.com\/es\/integraciones\/\" target=\"_blank\" data-cp-link=\"1\" rel=\"noopener\">Lista de integraciones de ERP <\/a><\/div>\r\n<\/div>\r\n<\/div>\r\n<\/div>\r\n<div class=\"col-xs-12 col-sm-6 col-md-4\">\r\n<div class=\"card mdc-elevation--z3 row-card bordered y-move\">\r\n<div class=\"row\">\r\n<div class=\"col-xs-12 col-sm-fit icon-column\" data-fixed=\"true\"><i class=\"mdi icon mdi-cloud-sync normal-shape normal-size color1\"><\/i><\/div>\r\n<div class=\"col-xs-12 col-sm\" data-type=\"column\">\r\n<h5 class=\"color1\">Funciona en l\u00ednea y fuera de l\u00ednea<\/h5>\r\n<p class=\"\">Puede funcionar en campo sin wifi. Los representantes pueden sincronizar datos en cualquier momento con conexi\u00f3n a internet para actualizar la informaci\u00f3n.\u00a0<\/p>\r\n<\/div>\r\n<\/div>\r\n<\/div>\r\n<\/div>\r\n<\/div>\r\n<\/div>\r\n<\/div>\r\n<!-- \/wp:extendstudio\/materialis-->\r\n\r\n<!-- wp:extendstudio\/materialis--><!-- \/wp:extendstudio\/materialis-->\r\n\r\n<!-- wp:extendstudio\/materialis-->\r\n<div data-label=\"Content\" data-id=\"content--2\" data-export-id=\"content-14-1-materialis\" data-category=\"content\" class=\"content-14-1m content-section-spacing-large content-section dark-text\" id=\"content-2\" style=\"background-color: #f5fafd; background-image: none;\">\r\n<div class=\"gridContainer\">\r\n<div class=\"row middle-xs space-bottom-large\">\r\n<div class=\"col-md-6 col-xs-12 col-sm-6\"><a href=\"https:\/\/www.insitusales.com\/es\/soluciones\/comercio-electronico-b2b\/\"><img decoding=\"async\" loading=\"lazy\" class=\"mdc-elevation--z0 alignnone\" src=\"https:\/\/www.insitusales.com\/wp-content\/uploads\/b2b-ecommerce-order-management.webp\" width=\"1037\" height=\"808\" alt=\"gesti\u00f3n de pedidos de comercio electr\u00f3nico b2b\" title=\"\"><\/a><\/div>\r\n<div class=\"col-md-5 col-md-offset-1 col-xs-12 col-sm-6 content-left-sm space-bottom-xs-large\" data-type=\"column\">\r\n<h5 class=\"\">Gesti\u00f3n de pedidos automatizada mediante el comercio electr\u00f3nico B2B de autoservicio<\/h5>\r\n<h2 class=\"\">Comercio electr\u00f3nico B2B para una gesti\u00f3n \u00f3ptima de pedidos\u00a0<\/h2>\r\n<p class=\"\">Nuestro portal de comercio electr\u00f3nico B2B proporciona una soluci\u00f3n de pedidos en l\u00ednea omnicanal para sus clientes, en la misma plataforma que sus ventas de campo. <br \/><br \/>Sus representantes de ventas podr\u00e1n optimizar sus ventas en l\u00ednea y llegar a una red m\u00e1s amplia de compradores interesados. Como portal de comercio electr\u00f3nico B2B totalmente autogestionado, nuestro software de entrada de pedidos permite que cualquier n\u00famero de clientes compre sin la asistencia de un representante dedicado.<\/p>\r\n<a class=\"button null big color7 mdc-ripple-upgraded\" href=\"https:\/\/www.insitusales.com\/es\/precios\/\" target=\"_blank\" data-cp-link=\"1\" data-icon=\"\" rel=\"noopener\">Consultar planes de precios<\/a><a class=\"button null big color1 mdc-ripple-upgraded\" href=\"https:\/\/www.insitusales.com\/es\/soluciones\/comercio-electronico-b2b\/\" target=\"_self\" data-cp-link=\"1\" data-icon=\"\" rel=\"noopener\">M\u00e1s sobre el comercio electr\u00f3nico B2B<\/a><\/div>\r\n<\/div>\r\n<div class=\"row middle-xs top-sm spaced-cols content-left-sm\" data-type=\"row\">\r\n<div class=\"col-md-3 col-sm-6 col-xs-12 border-top-color1 padding-first-el\" data-type=\"column\">\r\n<h4 class=\"\">Permitir acceso 24\/7 a pedidos de clientes de autoservicio<\/h4>\r\n<p class=\"\">Los clientes pueden enviar pedidos de forma independiente en cualquier momento del d\u00eda o de la noche, lo que da como resultado pedidos completados con la informaci\u00f3n necesaria de acuerdo con su plantilla y en espera de la aprobaci\u00f3n del administrador.\u00a0\u00a0<\/p>\r\n<\/div>\r\n<div class=\"col-md-3 col-sm-6 col-xs-12 border-top-color2 padding-first-el\" data-type=\"column\">\r\n<h4 class=\"\">Folletos y cat\u00e1logos de productos digitales<\/h4>\r\n<p class=\"\">Cree cat\u00e1logos de productos digitales visualmente impresionantes que puedan competir con las principales plataformas B2C. Adem\u00e1s, dise\u00f1e sus propios folletos para promociones de ofertas especiales o descuentos de temporada.<\/p>\r\n<\/div>\r\n<div class=\"col-md-3 col-sm-6 col-xs-12 border-top-color4 padding-first-el\" data-type=\"column\">\r\n<h4 class=\"\">Listas personalizadas de segmentos de usuarios y filtros de categor\u00edas<\/h4>\r\n<p class=\"\">Individualice las experiencias de compra asignando listas de clientes, listas de productos y listas de precios que garanticen una interfaz \u00fanica dise\u00f1ada para incentivar transacciones m\u00e1s r\u00e1pidas y m\u00e1s grandes.<\/p>\r\n<\/div>\r\n<div class=\"col-md-3 col-sm-6 col-xs-12 border-top-color5 padding-first-el\" data-type=\"column\">\r\n<h4 class=\"\">Aplicaci\u00f3n de etiqueta blanca opcional<\/h4>\r\n<p class=\"\">Por $100\/mes adicionales, recibe tu propio <a href=\"https:\/\/www.insitusales.com\/es\/soluciones\/comercio-electronico-b2b\/aplicacion-whitelabel-b2b\/\">aplicaci\u00f3n de comercio electr\u00f3nico de marca blanca<\/a> vinculado con su portal de comercio electr\u00f3nico B2B y con la marca de su empresa. Su aplicaci\u00f3n aparecer\u00e1 en la App Store y en Google Play, y estar\u00e1 disponible para que la descarguen sus clientes.<\/p>\r\n<\/div>\r\n<\/div>\r\n<div class=\"row row-last\">\r\n<div class=\"col-xs-12\" data-type=\"column\"><\/div>\r\n<\/div>\r\n<\/div>\r\n<\/div>\r\n<!-- \/wp:extendstudio\/materialis-->","protected":false},"excerpt":{"rendered":"<p>La aplicaci\u00f3n definitiva de ventas de campo para sus representantes. Software de entrada de pedidos para distribuidores mayoristas. Software de entrada de pedidos r\u00e1pido y fiable, dise\u00f1ado espec\u00edficamente para distribuidores mayoristas. Reciba pedidos de venta m\u00f3viles, controle el inventario en tiempo real, utilice niveles de precios y promociones, y active la monitorizaci\u00f3n y los informes de actividad en tiempo real. inSitu Sales ofrece una soluci\u00f3n m\u00f3vil integral para DSD y preventa.<\/p>","protected":false},"author":8,"featured_media":0,"parent":8117,"menu_order":0,"comment_status":"closed","ping_status":"closed","template":"pro\/page-templates\/page-with-small-header.php","meta":{"footnotes":""},"class_list":["post-8575","page","type-page","status-publish","hentry"],"_links":{"self":[{"href":"https:\/\/www.insitusales.com\/es\/wp-json\/wp\/v2\/pages\/8575","targetHints":{"allow":["GET"]}}],"collection":[{"href":"https:\/\/www.insitusales.com\/es\/wp-json\/wp\/v2\/pages"}],"about":[{"href":"https:\/\/www.insitusales.com\/es\/wp-json\/wp\/v2\/types\/page"}],"author":[{"embeddable":true,"href":"https:\/\/www.insitusales.com\/es\/wp-json\/wp\/v2\/users\/8"}],"replies":[{"embeddable":true,"href":"https:\/\/www.insitusales.com\/es\/wp-json\/wp\/v2\/comments?post=8575"}],"version-history":[{"count":10,"href":"https:\/\/www.insitusales.com\/es\/wp-json\/wp\/v2\/pages\/8575\/revisions"}],"predecessor-version":[{"id":14845,"href":"https:\/\/www.insitusales.com\/es\/wp-json\/wp\/v2\/pages\/8575\/revisions\/14845"}],"up":[{"embeddable":true,"href":"https:\/\/www.insitusales.com\/es\/wp-json\/wp\/v2\/pages\/8117"}],"wp:attachment":[{"href":"https:\/\/www.insitusales.com\/es\/wp-json\/wp\/v2\/media?parent=8575"}],"curies":[{"name":"gracias","href":"https:\/\/api.w.org\/{rel}","templated":true}]}}