{"id":8498,"date":"2021-02-05T19:16:00","date_gmt":"2021-02-05T19:16:00","guid":{"rendered":"https:\/\/www.insitusales.com\/?page_id=8498"},"modified":"2024-03-20T23:00:44","modified_gmt":"2024-03-20T23:00:44","slug":"facturacion-movil-de-quickbooks","status":"publish","type":"page","link":"https:\/\/www.insitusales.com\/es\/integraciones\/facturacion-movil-de-quickbooks\/","title":{"rendered":"Facturaci\u00f3n m\u00f3vil Quickbooks"},"content":{"rendered":"<!-- wp:extendstudio\/materialis--><div  data-label=\"Content\" data-id=\"content--1\" data-export-id=\"content-8-materialis\" data-category=\"content\" class=\"content-8m content-section-spacing-large content-section content-relative\" id=\"content-1\" style=\"background-color: rgb(255, 255, 255);\"><div  class=\"gridContainer\"> <div  class=\"row middle-sm\"><div  class=\"col-md-5 col-xs-12 col-sm-6 space-bottom-xs\" data-type=\"column\"> <h6  class=\"upper\">Facturaci\u00f3n bidireccional sincronizada con quickbooks<\/h6> <h3  class=\"\">Socio verificado para facturaci\u00f3n m\u00f3vil con QuickBooks\u00ae<\/h3> <p  class=\"space-top\">Ahorre un tiempo valioso para sus gerentes de ventas y personal administrativo utilizando la facturaci\u00f3n m\u00f3vil instant\u00e1nea con la integraci\u00f3n de Quickbooks. \u00danase a miles de usuarios activos para automatizar su procesamiento de facturaci\u00f3n y pagos.&nbsp;<b >Pruebe una prueba gratuita de 14 d\u00edas con el enlace a continuaci\u00f3n.&nbsp;<\/b><\/p>  <a class=\"button null mdc-ripple-upgraded big color1\" href=\"https:\/\/app.insitusales.com\/inSituSignUp\/register\" target=\"_blank\" data-cp-link=\"1\" data-icon=\"\" rel=\"noopener noreferrer\" style=\"--mdc-ripple-fg-size: 143.53125px; --mdc-ripple-fg-scale: 1.7782738242757006; --mdc-ripple-fg-translate-start: 120.796875px, -35.15625px; --mdc-ripple-fg-translate-end: 47.84375px, -44.765625px;\">PRUEBA GRATUITA DE 14 D\u00cdAS<\/a><a class=\"button null mdc-ripple-upgraded big color2\" href=\"https:\/\/scheduler.zoom.us\/insitusales\/demo\" target=\"_blank\" data-cp-link=\"1\" data-icon=\"\" rel=\"noopener noreferrer\">AGENDAR DEMO<\/a><\/div> <div  class=\"col-md-6 col-md-offset-1 col-xs-12 col-sm-6\"> <img decoding=\"async\" class=\"rounded mdc-elevation--z0\" src=\"https:\/\/www.insitusales.com\/wp-content\/uploads\/quickbooks-integration-2.png\" alt=\"\" title=\"\"><\/div> <\/div><\/div> <\/div><!-- \/wp:extendstudio\/materialis--><p ><\/p><!-- wp:extendstudio\/materialis--><div  data-label=\"Features\" data-id=\"features--2\" data-export-id=\"features-3-materialis\" data-category=\"features\" class=\"features-3m content-section content-section-spacing-large\" id=\"features-2\" style=\"background-image: none; background-color: rgba(255, 255, 255, 0);\"><div  class=\"gridContainer\"> <div  class=\"row middle-xs cols-separator-between center-sm content-center-sm\" data-type=\"row\"><div  class=\"col-sm-6 col-xs-12 col-padding-small space-bottom-xs col-md-3\" data-type=\"column\"> <div  class=\"content-upper space-bottom\"><i  class=\"mdi icon mdi-sync reverse round normal-size color1\"><\/i> <h5 >Sincronizaci\u00f3n bidireccional<\/h5><\/div> <p  class=\"\">La sincronizaci\u00f3n bidireccional le permite ingresar informaci\u00f3n clave en su aplicaci\u00f3n y actualizarla tambi\u00e9n en Quickbooks. Damos prioridad a un flujo de datos sencillo entre nuestra aplicaci\u00f3n m\u00f3vil inSitu Sales y su integraci\u00f3n con Quickbooks.&nbsp;<\/p><\/div> <div  class=\"col-sm-6 col-xs-12 col-padding-small space-bottom-xs col-md-3\" data-type=\"column\"><div  class=\"content-upper space-bottom\"> <i  class=\"mdi icon mdi-email-open bordered round normal-size color1\"><\/i> <h5 >Facturas personalizadas por correo electr\u00f3nico&nbsp;<\/h5><\/div> <p  class=\"\">Utilice plantillas totalmente personalizables para enviar facturas claras y accesibles en formato PDF. Las facturas se registran en Quickbooks y se rastrean en la aplicaci\u00f3n m\u00f3vil con recordatorios de fecha de vencimiento.&nbsp;<\/p><\/div> <div  class=\"col-sm-6 col-xs-12 col-padding-small space-bottom-xs col-md-3\" data-type=\"column\"><div  class=\"content-upper space-bottom\"> <i  class=\"mdi icon mdi-wifi reverse round normal-size color1\"><\/i> <h5 >Funciona en l\u00ednea o fuera de l\u00ednea<\/h5><\/div> <p  class=\"\">Nuestra aplicaci\u00f3n almacena los datos ingresados y se sincroniza autom\u00e1ticamente una vez que se restablece la conexi\u00f3n a Internet. Trabaje c\u00f3modamente desde cualquier lugar sabiendo que cubrimos sus ventas.<\/p><\/div> <div  class=\"col-sm-6 col-xs-12 col-padding-small space-bottom-xs col-md-3\" data-type=\"column\"><div  class=\"content-upper space-bottom\"> <i  class=\"mdi icon mdi-menu bordered round normal-size color1\"><\/i> <h5 >Administrar inventario \/ cat\u00e1logo de productos<\/h5><\/div> <p  class=\"\">Explore im\u00e1genes de productos, inventario de almac\u00e9n y listas de precios actualizadas con datos en tiempo real de Quickbooks. Garantice que sus representantes de ventas nunca vendan productos que usted no tiene.&nbsp;<\/p><\/div> <div  class=\"col-sm-6 col-xs-12 col-padding-small space-bottom-xs col-md-3\" data-type=\"column\"> <div  class=\"content-upper space-bottom\"><i  class=\"mdi icon mdi-credit-card-multiple reverse round normal-size color1\"><\/i> <h5 >Puertas de enlace compatibles<\/h5><\/div> <p  class=\"\"><span >Permitir pagos en campo.<\/span><b > Puertas de enlace compatibles: Stripe, Authorize.net.<\/b>&nbsp;\n<br >Simplemente inicie sesi\u00f3n y nuestra aplicaci\u00f3n se encargar\u00e1 del resto, lo que le permitir\u00e1 conectar una cuenta iniciando sesi\u00f3n.&nbsp;<\/p><\/div><div  class=\"col-sm-6 col-xs-12 col-padding-small space-bottom-xs col-md-3\" data-type=\"column\"> <div  class=\"content-upper space-bottom\"><i  class=\"mdi icon mdi-truck-fast bordered round normal-size color1\"><\/i> <h5 >Entregas<\/h5><\/div> <p  class=\"\">Establezca los t\u00e9rminos de entrega, agregue notas de pedido y capture firmas. Se sincroniza con el software Quickbooks para un cumplimiento r\u00e1pido.&nbsp;<\/p><\/div><div  class=\"col-sm-6 col-xs-12 col-padding-small space-bottom-xs col-md-3\" data-type=\"column\"> <div  class=\"content-upper space-bottom\"><i  class=\"mdi icon mdi-keyboard-return reverse round normal-size color1\"><\/i> <h5 >Devoluciones y Descuentos<\/h5><\/div> <p  class=\"\">Ingrese devoluciones, art\u00edculos vencidos, regalos y descuentos. Como parte de la sincronizaci\u00f3n bidireccional, sus clientes ver\u00e1n los cambios reflejados en Quickbooks y su facturaci\u00f3n al instante.<\/p><\/div><div  class=\"col-sm-6 col-xs-12 col-padding-small space-bottom-xs col-md-3\" data-type=\"column\"> <div  class=\"content-upper space-bottom\"><i  class=\"mdi icon mdi-power-settings bordered round normal-size color1\"><\/i> <h5 >Configuraci\u00f3n r\u00e1pida<\/h5><\/div> <p  class=\"\">Configuraci\u00f3n s\u00faper simple. Para QuickBooks Desktop, simplemente descargue un archivo. Para QuickBooks Online, simplemente inicie sesi\u00f3n. La implementaci\u00f3n es tan simple como eso.<\/p><\/div><\/div><\/div> <\/div><!-- \/wp:extendstudio\/materialis--><p ><!--Start of Zopim Live Chat Script--><\/p><!-- wp:extendstudio\/materialis--><div  data-label=\"Overlappable\" data-id=\"overlappable--1\" data-export-id=\"overlappable-3\" data-category=\"overlappable\" class=\"overlappable-3 content-section content-section-spacing-large content-relative\" data-overlap=\"true\" id=\"overlappable-1\" style=\"background-color: rgb(255, 255, 255); background-image: none;\"><div  class=\"gridContainer\"> <div  class=\"row bg-color-white mdc-elevation--z0\"><div  class=\"col-xs-12 col-sm-6 image-col\" data-size=\"600x400\" data-bg=\"image\" style=\"background-image: url(&quot;https:\/\/www.insitusales.com\/wp-content\/uploads\/2021\/02\/cropped-quickbook-online-mobile-invoicing-reviews-7.png&quot;);\"><\/div> <div  class=\"col-xs-12 col-sm-6 content-col col-padding\"> <div  class=\"col-padding\" data-type=\"column\"> <h4  class=\"\"><span  style=\"font-weight: 700;\"><span  style=\"font-family: Roboto, arial, helvetica, sans-serif;\">Quickbooks en l\u00ednea<\/span><span  id=\"_mce_caret\" data-mce-bogus=\"1\" data-mce-type=\"format-caret\"><span  style=\"font-family: Roboto, arial, helvetica, sans-serif;\"><\/span><\/span><\/span><\/h4> <p  class=\"\"><b >Una aplicaci\u00f3n de facturaci\u00f3n m\u00f3vil basada en la nube verdaderamente todo en uno para Quickbooks<\/b> que maneja toda la contabilidad administrativa y la administraci\u00f3n de inventario en torno a una venta, lo que le permite concentrarse en administrar sus equipos. Hemos prestado servicios y ayudado a crecer a cientos de empresas de distribuci\u00f3n B2B exitosas, y hemos recibido el reconocimiento por nuestro dedicado soporte al cliente. Nuestra aplicaci\u00f3n ofrece personalizaci\u00f3n en todos los niveles para adaptarse a sus necesidades. \u00bfA\u00fan no est\u00e1s seguro?<b > Pruebe la prueba gratuita de 14 d\u00edas, no se requiere tarjeta de cr\u00e9dito.&nbsp;<\/b><\/p> <a class=\"button big null color1 mdc-ripple-upgraded\" href=\"https:\/\/quickbooks.intuit.com\/app\/apps\/appdetails\/insitusales\/en-us\" target=\"_blank\" data-cp-link=\"1\" data-icon=\"\" rel=\"noopener noreferrer\">Descargar para Quickbooks en l\u00ednea<\/a><a class=\"button null mdc-ripple-upgraded big color1 outline\" href=\"https:\/\/app.insitusales.com\/inSituSignUp\/register\" target=\"_self\" data-cp-link=\"1\" data-icon=\"\" rel=\"noopener noreferrer\">Solicite su prueba gratuita de 14 d\u00edas<\/a><\/div> <\/div><\/div> <div  class=\"row bg-color-white mdc-elevation--z0\"><div  class=\"col-xs-12 col-sm-6 content-col col-padding\"> <div  class=\"col-padding\" data-type=\"column\"><h4  class=\"\"><span  style=\"font-weight: 700;\">Escritorio Quickbooks<\/span><\/h4> <p  class=\"\">Puede utilizar la facturaci\u00f3n m\u00f3vil para cobrar pagos totales o parciales desde cualquier lugar con nuestro <b >pasarelas compatibles: Stripe, Authorize.net<\/b>. Nuestra aplicaci\u00f3n ofrece facturaci\u00f3n m\u00f3vil, creaci\u00f3n de presupuestos y \u00f3rdenes de venta, procesamiento seguro de pagos m\u00f3viles, cat\u00e1logo de productos digitales, creaci\u00f3n y seguimiento de rutas de ventas por GPS. <b >\u00bfNecesitas ayuda antes de comprar? Calendario <\/b><b >Un recorrido guiado de demostraci\u00f3n gratuita de la aplicaci\u00f3n y \/ o software. En cualquier lugar desde 15 minutos hasta 1 hora, \u00a1el tiempo que sea necesario!&nbsp;<\/b><\/p> <a class=\"button big null color1 mdc-ripple-upgraded\" href=\"https:\/\/desktop.apps.com\/apps\/183756\/insitu-sales\/#!reviews\" target=\"_blank\" data-cp-link=\"1\" data-icon=\"\" rel=\"noopener noreferrer\">Descargar para Quickbooks Desktop<\/a><a class=\"button null mdc-ripple-upgraded big color1 outline\" href=\"https:\/\/calendly.com\/giovaniquitian\/reunion-para-presentacion-y-ayuda-a-configurar-demo-gratis\" target=\"_self\" data-cp-link=\"1\" data-icon=\"\" rel=\"noopener noreferrer\">Reserve su demostraci\u00f3n guiada gratuita<\/a><\/div> <\/div> <div  data-size=\"600x400\" class=\"col-xs-12 col-sm-6 image-col2 first-xs last-sm\" data-bg=\"image\" style=\"background-image: url(&quot;https:\/\/www.insitusales.com\/wp-content\/uploads\/2021\/02\/cropped-quickbooks-desktop-mobile-invoicing-reviews.png&quot;);\"><\/div> <\/div><\/div> <\/div><!-- \/wp:extendstudio\/materialis--><!-- wp:extendstudio\/materialis--><div  data-label=\"Content\" data-id=\"content--3\" data-export-id=\"content-6-materialis\" data-category=\"content\" class=\"content-6m content-section-spacing-large content-section february_ink\" id=\"content-3\"><div  class=\"gridContainer\"> <div  class=\"row\"><div  class=\"section-title-col large\" data-type=\"column\"> <h1  class=\"\"><span  style=\"font-weight: 700;\">La aplicaci\u00f3n de facturaci\u00f3n m\u00f3vil Quickbooks mejor valorada&nbsp;\n<\/span><\/h1> <h2  class=\"\">5 estrellas en Quickbooks Desktop y Quickbooks Online\n<\/h2><p  class=\"lead\"><span  style=\"color: rgb(84, 97, 122); font-weight: 700;\">Nuestra aplicaci\u00f3n de facturaci\u00f3n m\u00f3vil Quickbooks funciona con Quickbooks Desktop y Quickbooks Online, lo que le brinda la mayor flexibilidad en la forma en que sus representantes manejan sus pagos.&nbsp;\n<br >\n<br >Nunca ha sido m\u00e1s r\u00e1pido ni m\u00e1s conveniente comenzar nuevas facturas, pedidos de ventas o presupuestos. Empiece desde cero o utilice plantillas personalizadas para adaptar cada formulario a sus necesidades espec\u00edficas. La sincronizaci\u00f3n bidireccional garantiza que la informaci\u00f3n de pago ingresada en nuestra aplicaci\u00f3n se actualizar\u00e1 y se reflejar\u00e1 en Quickbooks tambi\u00e9n, eliminando el tiempo perdido o los errores de la entrada manual de datos.&nbsp;<br >\n<br >Almacene registros de ventas y facturas, como comprobantes de entrega y firmas digitales, de sus clientes sin esfuerzo. Comparta datos entre Quickbooks y inSitu Sales, mientras mantiene la informaci\u00f3n segura y encriptada en sus servidores. El control total de los datos significa que usted decide qui\u00e9nes de sus equipos tienen acceso a los diferentes m\u00f3dulos y datos, manteniendo en privado la informaci\u00f3n m\u00e1s confidencial o innecesaria.&nbsp;&nbsp;<\/span><\/p><img decoding=\"async\" class=\"custom-image\" src=\"https:\/\/www.insitusales.com\/wp-content\/uploads\/2021\/02\/cropped-intuit-quickbooks.png\" alt=\"\" title=\"\"><\/div> <\/div> <div  class=\"row\"> <div  class=\"col-xs-12 col-sm-8 col-sm-offset-2 space-bottom text-center\" data-type=\"column\"> <\/div> <div  class=\"col-xs-12 space-top text-center\" data-type=\"column\"><a class=\"button null big mdc-elevation--z6 color2 square mdc-ripple-upgraded\" href=\"https:\/\/quickbooks.intuit.com\/app\/apps\/appdetails\/insitusales\/en-us\" target=\"_blank\" data-cp-link=\"1\" data-icon=\"\" rel=\"noopener noreferrer\">Descargar para Quickbooks en l\u00ednea <\/a><a class=\"button null big mdc-elevation--z6 color2 square mdc-ripple-upgraded\" href=\"https:\/\/desktop.apps.com\/apps\/183756\/insitu-sales\/#!overview\" target=\"_blank\" data-cp-link=\"1\" data-icon=\"\" rel=\"noopener noreferrer\">Descargar para Quickbooks Desktop<\/a><\/div> <\/div><\/div> <\/div><!-- \/wp:extendstudio\/materialis--><p ><!-- End Google Tag Manager (noscript) --><!-- Google Tag Manager (noscript) added by Site Kit --><\/p><p ><!--Embed from Zendesk Chat Chat WordPress Plugin v1.4.18--><\/p><!-- wp:extendstudio\/materialis--><div  data-label=\"Content\" data-id=\"content--4\" data-export-id=\"content-7-materialis\" data-category=\"content\" class=\"content-7m content-section-spacing-large content-section\" id=\"content-4\" style=\"background-color: rgb(255, 255, 255);\"><div  class=\"gridContainer\"> <div  class=\"row middle-sm\"><div  class=\"col-md-6 col-xs-12 col-sm-6 col-padding-small-xs\"> <img decoding=\"async\" class=\"mdc-elevation--z13 img-rounded\" src=\"https:\/\/www.insitusales.com\/wp-content\/uploads\/2021\/02\/cropped-quickbooks-mobile-invoicing-sync-2.png\" alt=\"\" title=\"\"><\/div> <div  class=\"col-md-5 col-md-offset-1 col-xs-12 col-sm-6 content-left-sm col-padding-small-xs\" data-type=\"column\"><h6  class=\"upper\">integraci\u00f3n de facturaci\u00f3n m\u00f3vil quickbooks\n<\/h6> <h3  class=\"space-bottom\">Explicaci\u00f3n de la sincronizaci\u00f3n bidireccional<\/h3> <p  class=\"space-top\">Normalmente, los datos se ingresan en Quickbooks y se env\u00edan a nuestra aplicaci\u00f3n, donde luego se recibe el pago y se env\u00eda de vuelta a Quickbooks. Nuestra sincronizaci\u00f3n bidireccional permite que cualquier lado (aplicaci\u00f3n m\u00f3vil inSitu Sales y Quickbooks) actualice los datos para dos valores: (1.) cliente y (2.) pedidos, facturas, estimaciones y notas de cr\u00e9dito. Esta configuraci\u00f3n significa que la informaci\u00f3n de Quickbooks sobre productos y precios se mantiene segura y precisa, al tiempo que le permite realizar las modificaciones necesarias con respecto a la gesti\u00f3n de clientes o la facturaci\u00f3n desde nuestra aplicaci\u00f3n.<\/p> <a href=\"https:\/\/www.insitusales.com\/es\/integraciones\/quickbooks-integracion\/\" class=\"button read-more link color1 space-top negative-margin mdc-ripple-upgraded\" target=\"_self\" data-cp-link=\"1\" rel=\"noopener noreferrer\">Leer m\u00e1s en la p\u00e1gina de integraci\u00f3n de Quickbooks <i  class=\"mdi mdi-arrow-right-thick read-more-icon\"><\/i><\/a><\/div> <\/div><\/div> <\/div><!-- \/wp:extendstudio\/materialis-->","protected":false},"excerpt":{"rendered":"<p>Facturaci\u00f3n de sincronizaci\u00f3n bidireccional con Quickbooks Socio verificado para facturaci\u00f3n m\u00f3vil con QuickBooks\u00ae Ahorre tiempo valioso para sus gerentes de ventas y personal administrativo utilizando la facturaci\u00f3n m\u00f3vil instant\u00e1nea con la integraci\u00f3n de Quickbooks. \u00danase a miles de usuarios activos para automatizar su procesamiento de facturaci\u00f3n y pagos. Pruebe una prueba gratuita de 14 d\u00edas con el siguiente enlace. LIBRO DE PRUEBA GRATUITO DE 14 D\u00cdAS...<\/p>","protected":false},"author":8,"featured_media":0,"parent":7904,"menu_order":0,"comment_status":"closed","ping_status":"closed","template":"pro\/page-templates\/page-with-small-header.php","meta":{"footnotes":""},"class_list":["post-8498","page","type-page","status-publish","hentry"],"_links":{"self":[{"href":"https:\/\/www.insitusales.com\/es\/wp-json\/wp\/v2\/pages\/8498","targetHints":{"allow":["GET"]}}],"collection":[{"href":"https:\/\/www.insitusales.com\/es\/wp-json\/wp\/v2\/pages"}],"about":[{"href":"https:\/\/www.insitusales.com\/es\/wp-json\/wp\/v2\/types\/page"}],"author":[{"embeddable":true,"href":"https:\/\/www.insitusales.com\/es\/wp-json\/wp\/v2\/users\/8"}],"replies":[{"embeddable":true,"href":"https:\/\/www.insitusales.com\/es\/wp-json\/wp\/v2\/comments?post=8498"}],"version-history":[{"count":10,"href":"https:\/\/www.insitusales.com\/es\/wp-json\/wp\/v2\/pages\/8498\/revisions"}],"predecessor-version":[{"id":13758,"href":"https:\/\/www.insitusales.com\/es\/wp-json\/wp\/v2\/pages\/8498\/revisions\/13758"}],"up":[{"embeddable":true,"href":"https:\/\/www.insitusales.com\/es\/wp-json\/wp\/v2\/pages\/7904"}],"wp:attachment":[{"href":"https:\/\/www.insitusales.com\/es\/wp-json\/wp\/v2\/media?parent=8498"}],"curies":[{"name":"gracias","href":"https:\/\/api.w.org\/{rel}","templated":true}]}}