{"id":8354,"date":"2021-01-19T22:46:58","date_gmt":"2021-01-19T22:46:58","guid":{"rendered":"https:\/\/www.insitusales.com\/?page_id=8354"},"modified":"2026-04-27T20:58:22","modified_gmt":"2026-04-27T20:58:22","slug":"software-dsd","status":"publish","type":"page","link":"https:\/\/www.insitusales.com\/es\/soluciones\/software-dsd\/","title":{"rendered":"Software de Autoventa"},"content":{"rendered":"<!-- wp:extendstudio\/materialis--><!-- \/wp:extendstudio\/materialis--><!-- wp:extendstudio\/materialis--><!-- \/wp:extendstudio\/materialis--><div  data-label=\"Content\" data-id=\"content--5\" data-export-id=\"content-8-materialis\" data-category=\"content\" class=\"content-8m content-section-spacing-large content-section dark-text\" id=\"content-5\" style=\"background-color: #ffffff; background-image: none;\">\n<div  class=\"gridContainer\">\n<div  class=\"row middle-sm\">\n<div  class=\"col-md-5 col-xs-12 col-sm-6 space-bottom-xs\" data-type=\"column\">\n<h5  class=\"upper\">SOFTWARE DE ENTREGA DIRECTA EN TIENDA (DSD) Para Distribuidores&nbsp;<\/h5>\n<h1  class=\"\">Software DSD optimizado para representantes de ventas<\/h1>\n<p  class=\"space-top\">inSitu Sales ofrece una potente soluci\u00f3n de software DSD dise\u00f1ada para distribuidores mayoristas, empresas de bebidas y snacks y otras marcas de bienes de consumo de r\u00e1pido movimiento (FMCG) que dependen de las ventas basadas en rutas. <br ><br >Nuestra plataforma todo en uno combina gesti\u00f3n de inventario en tiempo real, contabilidad de rutas, ingreso de pedidos y facturaci\u00f3n m\u00f3vil, brindando a sus representantes de ventas y conductores de entrega las herramientas que necesitan para desempe\u00f1arse de la mejor manera.<\/p>\n<a class=\"button big null color1 mdc-ripple-upgraded\" href=\"https:\/\/app.insitusales.com\/inSituSignUp\/register\" target=\"_blank\" data-cp-link=\"1\" data-icon=\"\" rel=\"noopener\">PRUEBA GRATUITA DE 14 D\u00cdAS<\/a><a class=\"button big null color2 mdc-ripple-upgraded\" href=\"https:\/\/calendly.com\/insitu-sales\/demo-tour-of-insitu-sales\" target=\"_blank\" data-cp-link=\"1\" data-icon=\"\" rel=\"noopener\">AGENDAR DEMO<\/a><\/div>\n<div  class=\"col-md-6 col-md-offset-1 col-xs-12 col-sm-6\"><img decoding=\"async\" class=\"rounded mdc-elevation--z0\" src=\"https:\/\/www.insitusales.com\/wp-content\/uploads\/dsd-software-for-distributors-1.png\" alt=\"\" title=\"\"><\/div>\n<\/div>\n<\/div>\n<\/div><!-- wp:extendstudio\/materialis--><!-- \/wp:extendstudio\/materialis--><div  data-label=\"Features\" data-id=\"features--2\" data-export-id=\"features-16-materialis\" data-category=\"features\" class=\"features-16m content-section content-section-spacing-large dark-text\" id=\"features-2\" style=\"background-color: #ffffff;\">\n<div  class=\"gridContainer\">\n<div  class=\"row\">\n<div  class=\"section-title-col\" data-type=\"column\">\n<h2  class=\"\">Software DSD para distribuidores<\/h2>\n<p  class=\"\">El software DSD ayuda a los distribuidores a gestionar rutas de entrega directa en tienda, inventario de camiones, facturas m\u00f3viles, pagos, prueba de entrega y contabilidad de rutas. InSitu Sales apoya a los equipos de DSD con rutas optimizadas, inventario en tiempo real, entrada de pedidos m\u00f3vil, facturaci\u00f3n, cobro de pagos, carga de camiones y sincronizaci\u00f3n de integraci\u00f3n ERP para negocios de distribuci\u00f3n CPG (bebidas y snacks), FMCG y mayoristas.<\/p>\n<\/div>\n<\/div>\n<div  class=\"row top-xs space-top number-containers content-center-sm\" data-type=\"row\">\n<div  class=\"col-md-3 col-sm-6 col-xs-12 space-bottom space-top-xs\">\n<div  class=\"number-container space-bottom\" data-fixed=\"true\">\n<div  class=\"link-line left\"><\/div>\n<p  class=\"border-color1-small number\">1<\/p>\n<div  class=\"link-line right\"><\/div>\n<\/div>\n<div  class=\"content-box\" data-type=\"column\">\n<h5  class=\"\">Ruta de ventas optimizada<\/h5>\n<p  class=\"\">Los administradores crean una ruta de ventas optimizada para que los representantes visiten de manera eficiente las ubicaciones de los clientes.<\/p>\n<\/div>\n<\/div>\n<div  class=\"col-md-3 col-sm-6 col-xs-12 space-bottom space-top-xs\">\n<div  class=\"number-container space-bottom\" data-fixed=\"true\">\n<div  class=\"link-line left\"><\/div>\n<p  class=\"border-color1-small number\">2<\/p>\n<div  class=\"link-line right\"><\/div>\n<\/div>\n<div  class=\"content-box\" data-type=\"column\">\n<h5  class=\"\">Crear una factura m\u00f3vil<\/h5>\n<p  class=\"\">Las facturas con firmas se crean en la ubicaci\u00f3n del cliente seg\u00fan el inventario disponible en el cami\u00f3n.<\/p>\n<\/div>\n<\/div>\n<div  class=\"col-md-3 col-sm-6 col-xs-12 space-bottom space-top-xs\">\n<div  class=\"number-container space-bottom\" data-fixed=\"true\">\n<div  class=\"link-line left\"><\/div>\n<p  class=\"border-color1-small number\">3<\/p>\n<div  class=\"link-line right\"><\/div>\n<\/div>\n<div  class=\"content-box\" data-type=\"column\">\n<h5  class=\"\">Confirmar entrega y cobrar pago<\/h5>\n<p  class=\"\">Los representantes descargan los productos necesarios para la factura y utilizan el procesamiento de pagos m\u00f3viles para cobrar los montos parciales o totales adeudados.<\/p>\n<\/div>\n<\/div>\n<div  class=\"col-md-3 col-sm-6 col-xs-12 space-bottom space-top-xs\">\n<div  class=\"number-container space-bottom\" data-fixed=\"true\">\n<div  class=\"link-line left\"><\/div>\n<p  class=\"border-color1-small number\">4<\/p>\n<div  class=\"link-line right\"><\/div>\n<\/div>\n<div  class=\"content-box\" data-type=\"column\">\n<h5  class=\"\">Cargar cami\u00f3n con inventario<\/h5>\n<p  class=\"\">Despu\u00e9s de la venta, los representantes pueden ingresar cualquier per\u00edodo de tiempo de las transacciones y generar una lista de inventario de un almac\u00e9n elegido para reponer las existencias y cargarlas en su cami\u00f3n.<\/p>\n<\/div>\n<\/div>\n<\/div>\n<\/div>\n<\/div><!-- wp:extendstudio\/materialis--><div  data-label=\"Features\" data-id=\"features--1\" data-export-id=\"features-15-materialis\" data-category=\"features\" class=\"features-15m content-section content-section-spacing-large\" id=\"features-1\" style=\"background-color: #f5fafd; background-image: none;\">\n<div  class=\"gridContainer\">\n<div  class=\"row\">\n<div  class=\"section-title-col\" data-type=\"column\">\n<h2  class=\"\" data-page-optimizer-editable=\"true\">Caracter\u00edsticas Fundamentales en Entregas Directas<\/h2>\n<p  class=\"\" data-page-optimizer-editable=\"true\">Descubra c\u00f3mo nuestro software de entrega directa en tienda (AUTOVENTA) puede automatizar cada paso del proceso de ventas para su B2B mayorista, eliminando la posibilidad de errores humanos o p\u00e9rdida de ingresos.&nbsp;<\/p>\n<\/div>\n<\/div>\n<div  class=\"row top-xs space-top-small\" data-type=\"row\">\n<div  class=\"col-padding col-padding-small-xs col-md-4 col-sm-6 col-xs-12\" data-type=\"column\"><i  class=\"mdi icon mdi-credit-card reverse round big color1\" data-page-optimizer-editable=\"true\"><\/i>\n<h4  class=\"\" data-page-optimizer-editable=\"true\">Gesti\u00f3n de facturas m\u00f3viles<\/h4>\n<p  class=\"\" data-page-optimizer-editable=\"true\">&nbsp;Nuestras plantillas personalizadas permiten crear perfiles de facturas convenientes para cada cliente con el que est\u00e1 trabajando, e incluyen el historial de pedidos y datos de ventas anteriores. Una vez que se requiera el pago, se establecer\u00e1n fechas de vencimiento con recordatorios tanto para usted como para el cliente, lo que permitir\u00e1 un seguimiento preciso con recibos automatizados.&nbsp;<\/p>\n<a class=\"button null color1 mdc-ripple-upgraded\" href=\"https:\/\/www.insitusales.com\/es\/soluciones\/facturacion-movil\/\" target=\"_self\" data-cp-link=\"1\" data-icon=\"\" rel=\"noopener\">M\u00e1s sobre facturaci\u00f3n m\u00f3vil<\/a><\/div>\n<div  class=\"col-padding col-padding-small-xs col-md-4 col-sm-6 col-xs-12\" data-type=\"column\"><i  class=\"mdi icon mdi-cellphone-wireless reverse round big color1\" data-page-optimizer-editable=\"true\"><\/i>\n<h4  class=\"\" data-page-optimizer-editable=\"true\">Tecnolog\u00eda de procesamiento de pagos m\u00f3viles<\/h4>\n<p  class=\"\" data-page-optimizer-editable=\"true\">Aumente la flexibilidad de ventas, cree oportunidades de ventas adicionales y reduzca sus costos operativos. Brinde a los conductores o representantes de ventas la opci\u00f3n de verificar y cobrar el pago de los productos en el lugar, sin hacer un seguimiento con una factura. El pago digital tambi\u00e9n evita que los conductores tengan que transportar grandes cantidades de efectivo de las entregas.&nbsp;<\/p>\n<\/div>\n<div  class=\"col-padding col-padding-small-xs col-md-4 col-sm-6 col-xs-12\" data-type=\"column\"><i  class=\"mdi icon mdi-percent reverse round big color1\" data-page-optimizer-editable=\"true\"><\/i>\n<h4  class=\"\" data-page-optimizer-editable=\"true\">Control de precios<\/h4>\n<p  class=\"\" data-page-optimizer-editable=\"true\">Tener acceso abierto 24\/7 a su estructura de precios es esencial. Ofrecemos control inmediato sobre sus precios para cambios a nivel individual o en todo el inventario. Establezca niveles de precios ajustados seg\u00fan las rutas, las ofertas negociadas o las promociones incentivadas.&nbsp;<\/p>\n<\/div>\n<div  class=\"col-padding col-padding-small-xs col-md-4 col-sm-6 col-xs-12\" data-type=\"column\"><i  class=\"mdi icon mdi-google-maps reverse round big color1\" data-page-optimizer-editable=\"true\"><\/i>\n<h4  class=\"\" data-page-optimizer-editable=\"true\">Cumplimiento de entrega de ruta<\/h4>\n<p  class=\"\" data-page-optimizer-editable=\"true\">Garantice que los conductores se apegan a rutas de entrega eficientes y planificadas previamente con seguimiento de representantes de ventas por GPS, ubicaciones de env\u00edo de facturas y actividad con marca de tiempo. Nuestra aplicaci\u00f3n rastrear\u00e1 las entregas entre cada parada para verificar las fluctuaciones en el inventario, brind\u00e1ndole un recuento final al final del d\u00eda, manteniendo la eficiencia. Revise toda su flota en tiempo real, con proyecciones exactas.<\/p>\n<a class=\"button null color1 mdc-ripple-upgraded\" href=\"https:\/\/www.insitusales.com\/es\/soluciones\/software-de-contabilidad-de-rutas\/\" target=\"_self\" data-cp-link=\"1\" data-icon=\"\" rel=\"noopener\">M\u00e1s sobre contabilidad de rutas<\/a><\/div>\n<div  class=\"col-padding col-padding-small-xs col-md-4 col-sm-6 col-xs-12\" data-type=\"column\"><i  class=\"mdi icon mdi-truck reverse round big color1\" data-page-optimizer-editable=\"true\"><\/i>\n<h4  class=\"\" data-page-optimizer-editable=\"true\">Gesti\u00f3n de los inventarios<\/h4>\n<p  class=\"\" data-page-optimizer-editable=\"true\">Mantenga los almacenes manejables desde su tel\u00e9fono. El largo proceso de registro de inventario entre el almac\u00e9n y el conductor puede contribuir r\u00e1pidamente a su negocio. Nuestro software AUTOVENTA rastrea los cambios de inventario en tiempo real a lo largo del d\u00eda, eliminando la log\u00edstica torpe y el error humano de la ecuaci\u00f3n. Cada almac\u00e9n ser\u00e1 auditado y contabilizado en cualquier momento del d\u00eda, lo que permitir\u00e1 la tranquilidad de los productos.&nbsp;<\/p>\n<\/div>\n<div  class=\"col-padding col-padding-small-xs col-md-4 col-sm-6 col-xs-12\" data-type=\"column\"><i  class=\"mdi icon mdi-account-check reverse round big color1\" data-page-optimizer-editable=\"true\"><\/i>\n<h4  class=\"\" data-page-optimizer-editable=\"true\">Prueba de entrega<\/h4>\n<p  class=\"\" data-page-optimizer-editable=\"true\">Captura de firma opcional para registros de clientes y coordenadas GPS para los suyos. Los vendedores pueden imprimir f\u00e1cilmente un recibo y enviar por email la factura firmada por el cliente, creando instant\u00e1neamente un rastro de papel permanente.&nbsp;<\/p>\n<\/div>\n<\/div>\n<\/div>\n<\/div><div  data-label=\"FAQ\" data-id=\"features--3\" data-export-id=\"features-13-materialis\" data-category=\"features\" class=\"features-13m content-section content-section-spacing-large dark-text\" id=\"faq\" style=\"background-color: rgb(245, 250, 253);\"><div  class=\"gridContainer\"><div  data-section-title-area=\"true\" class=\"row text-center\">   <div  class=\"section-title-col\" data-type=\"column\">       <h2  class=\"\">Preguntas frecuentes<\/h2>          <\/div><\/div> <div  class=\"row cols-separator-between\" data-type=\"row\"><div  class=\"col-sm-4 col-xs-12 space-bottom col-md-3\" data-type=\"column\"> <h5  class=\"\">\u00bfQu\u00e9 es DSD?<\/h5> <p  class=\"\">El software DSD, o software de entrega directa en tienda, ayuda a los distribuidores a gestionar las operaciones de ventas y entrega basadas en rutas. \n<br >\n<br >Soporta tareas como contabilidad de rutas, registro de pedidos, facturaci\u00f3n m\u00f3vil, seguimiento de inventario, cobro de pagos y comprobante de entrega, para que los equipos puedan atender a los clientes de manera m\u00e1s eficiente en el campo.<\/p> <\/div> <div  class=\"col-sm-4 col-xs-12 space-bottom col-md-3\" data-type=\"column\"><h5  class=\"\">\u00bfC\u00f3mo ayuda DSD a los distribuidores?<\/h5> <p  class=\"\">El software DSD ayuda a los distribuidores a gestionar las visitas a clientes, la ejecuci\u00f3n de rutas, los pedidos de venta, las facturas, el inventario en camiones, las entregas, los pagos y el reabastecimiento. \n<br >\n<br >Ofrece a los representantes de ventas y a los conductores un \u00fanico sistema para la actividad de campo y la visibilidad de la oficina.<\/p> <\/div> <div  class=\"col-sm-4 col-xs-12 space-bottom col-md-3\" data-type=\"column\"><h5  class=\"\">\u00bfDSD incluye la contabilidad de rutas?<\/h5> <p  class=\"\">S\u00ed. El software DSD a menudo incluye funciones de contabilidad de rutas, como seguimiento de pedidos, facturaci\u00f3n, cobro de pagos, registros de entrega, movimiento de inventario y actividad a nivel de ruta. \n<br >\n<br >Esto ayuda a los distribuidores a mantener registros precisos de cada parada y cada ruta.<\/p> <\/div> <div  class=\"col-sm-4 col-xs-12 space-bottom col-md-3\" data-type=\"column\"> <h5  class=\"\">\u00bfEl software DSD puede crear facturas y cobrar pagos en el campo?<\/h5> <p  class=\"\">S\u00ed. El software moderno de DSD puede crear facturas m\u00f3viles en la ubicaci\u00f3n del cliente y dar soporte a la recaudaci\u00f3n de pagos en el campo. \n<br >\n<br >Esto ayuda a los distribuidores a reducir el papeleo, agilizar las cobranzas y brindar a los clientes una confirmaci\u00f3n m\u00e1s r\u00e1pida de sus pedidos.<\/p> <\/div><div  class=\"col-sm-4 col-xs-12 space-bottom col-md-3\" data-type=\"column\"> <h5  class=\"\">\u00bfC\u00f3mo hace el software DSD un seguimiento del inventario durante las rutas de entrega?<\/h5> <p  class=\"\">El software DSD rastrea los cambios de inventario en tiempo real a medida que los productos se venden, se entregan, se devuelven o se reponen. \n<br >\n<br >Esto mejora la precisi\u00f3n de almac\u00e9n a cami\u00f3n, reduce los errores manuales y otorga a los distribuidores un mejor control sobre el inventario de ruta a lo largo del d\u00eda.<\/p> <\/div><div  class=\"col-sm-4 col-xs-12 space-bottom col-md-3\" data-type=\"column\"> <h5  class=\"\">\u00bfEl software DSD admite la prueba de entrega?<\/h5> <p  class=\"\">S\u00ed. El software DSD puede admitir la prueba de entrega con funciones como captura de firmas, actividad con marca de tiempo, verificaci\u00f3n de GPS y recibos digitales. \n<br >\n<br >Esto crea un registro de entrega claro tanto para los distribuidores como para los clientes.<\/p> <\/div><div  class=\"col-sm-4 col-xs-12 space-bottom col-md-3\" data-type=\"column\"> <h5  class=\"\">\u00bfEl software DSD se puede integrar con QuickBooks o sistemas ERP?<\/h5> <p  class=\"\">S\u00ed. Muchas plataformas de software DSD se integran con sistemas de contabilidad y ERP como QuickBooks, NetSuite y Odoo. \n<br >\n<br >La integraci\u00f3n ayuda a mantener sincronizados los datos de clientes, pedidos, facturas, inventario y pagos entre el campo y la oficina central.<\/p> <\/div><div  class=\"col-sm-4 col-xs-12 space-bottom col-md-3\" data-type=\"column\"> <h5  class=\"\">\u00bfQui\u00e9n deber\u00eda usar el software DSD?<\/h5> <p  class=\"\">El software DSD es una excelente opci\u00f3n para distribuidores mayoristas de productos de consumo masivo (CPG), empresas de bebidas, marcas de snacks y otros negocios de bienes de consumo de r\u00e1pida rotaci\u00f3n (FMCG) que dependen de las ventas basadas en rutas y la entrega directa en tiendas.\n<br >\n<br > Es especialmente \u00fatil para equipos que necesitan un mejor control sobre las operaciones de ruta, facturaci\u00f3n, inventario y precisi\u00f3n de entrega.<\/p> <\/div><\/div><\/div> <\/div><!-- \/wp:extendstudio\/materialis--><p  data-page-optimizer-editable=\"true\"><!--Embed from Zendesk Chat Chat WordPress Plugin v1.4.18--><\/p><!-- \/wp:extendstudio\/materialis--><div  data-label=\"Content\" data-id=\"content--2\" data-export-id=\"content-7-materialis\" data-category=\"content\" class=\"content-7m content-section-spacing-large content-section dark-text\" id=\"content-2\" style=\"background-color: #ffffff;\">\n<div  class=\"gridContainer\">\n<div  class=\"row middle-sm\">\n<div  class=\"col-md-6 col-xs-12 col-sm-6 col-padding-small-xs\"><img decoding=\"async\" fetchpriority=\"high\" class=\"mdc-elevation--z13 img-rounded\" src=\"https:\/\/www.insitusales.com\/wp-content\/uploads\/dsd-inventory-management.webp\" width=\"600\" height=\"790\" img-rounded=\"\" quot=\"\" alt=\"Ventas de DSD\" title=\"\" data-page-optimizer-editable=\"true\"><\/div>\n<div  class=\"col-md-5 col-md-offset-1 col-xs-12 col-sm-6 content-left-sm col-padding-small-xs\" data-type=\"column\">\n<h6  class=\"upper\" data-page-optimizer-editable=\"true\">Comience a realizar evaluaciones comparativas de sus ventas<\/h6>\n<h3  class=\"space-bottom\" data-page-optimizer-editable=\"true\">\u00bfC\u00f3mo apoya el software de autoventa el crecimiento de las ventas?<\/h3>\n<p  class=\"space-top\" data-page-optimizer-editable=\"true\"><span  style=\"font-weight: 400;\">Cuanto m\u00e1s se basa una empresa en los datos manuales, mayores son las posibilidades de error humano: <\/span><span ><b >aumento de la sobrecarga<\/b><\/span><span  style=\"font-weight: 500;\">, <\/span><span ><b >, productos extraviados<\/b><\/span><span  style=\"font-weight: 500;\">y la&nbsp;<\/span><span ><b >p\u00e9rdida de ingresos<\/b><\/span><span  style=\"font-weight: 500;\"> <\/span><span ><b >debido a la gesti\u00f3n del tiempo<\/b><\/span><span  style=\"font-weight: 500;\">. <span  style=\"font-weight: 400;\">Como distribuidor mayorista, est\u00e1 desperdiciando dinero al no implementar el software de autoventa para establecer objetivos a largo plazo que pueda desarrollar en sus rutas de ventas. <\/span><\/span><br ><br ><span  style=\"font-weight: 500;\"><span  style=\"font-weight: 400;\"> Sin un seguimiento organizado y datos que respalden su proceso de distribuci\u00f3n, no tiene forma de saber c\u00f3mo escalar los objetivos o d\u00f3nde est\u00e1 el punto de referencia para la eficiencia. Queremos ayudarlo a crear un proceso simplificado en el que sus clientes puedan confiar, generando confianza y legitimidad a trav\u00e9s de la optimizaci\u00f3n de rutas y el seguimiento de entrega por GPS en tiempo real. <\/span><br ><br ><span  style=\"font-weight: 400;\">Se sentir\u00e1 seguro en su cadena de suministro sabiendo que la automaci\u00f3n ha eliminado los costos desperdiciados y usted tiene una vista general de sus operaciones disponible en cualquier momento.&nbsp;<\/span><\/span><\/p>\n<a href=\"https:\/\/www.insitusales.com\/es\/soluciones\/aplicacion-de-ventas-de-campo\/\" class=\"button read-more link color1 space-top negative-margin mdc-ripple-upgraded\" target=\"_self\" data-cp-link=\"1\" rel=\"noopener\" read-more=\"\" color1=\"\" negative-margin=\"\">Leer m\u00e1s sobre nuestra aplicaci\u00f3n Field Sales<i  class=\"mdi mdi-arrow-right-thick read-more-icon\"><\/i><\/a><\/div>\n<\/div>\n<\/div>\n<\/div><div  data-label=\"Content\" data-id=\"content--1\" data-export-id=\"content-1-materialis\" data-category=\"content\" class=\"content-1-materialis content-section content-section-spacing-large white-text\" id=\"content-1\" style=\"background-color: #228ae6; background-image: none;\">\n<div  class=\"gridContainer\">\n<div  class=\"row middle-xs\">\n<div  class=\"col-xs-12 col-md-5 text-center-sm col-padding-small\" data-type=\"column\">\n<h2  class=\"\" data-page-optimizer-editable=\"true\">&nbsp;Maximice el potencial de distribuci\u00f3n en autoventa para sus rutas<\/h2>\n<\/div>\n<div  class=\"col-xs-12 col-md-6 col-md-offset-1\" data-type=\"column\">\n<p  class=\"lead\" data-page-optimizer-editable=\"true\">Deje que nuestro software de autoventa personalizado automatice los cientos de rutas de entrega que esperan sus conductores y almacenes, ahorrando tiempo, dinero y mano de obra. Nuestras soluciones de entrega directa a la tienda se pueden escalar tan peque\u00f1as o tan grandes como sea necesario, adapt\u00e1ndolas a las ventas actuales de su empresa<br ><br >La aplicaci\u00f3n es lo suficientemente simple e intuitiva como para que cualquier conductor pueda acceder a sus datos e informes sin instrucciones, pero si surgen complicaciones, \u00a1no dude en ponerse en contacto con nuestro soporte en cualquier momento!&nbsp;<\/p>\n<\/div>\n<\/div>\n<\/div>\n<\/div><!-- wp:extendstudio\/materialis--><p  data-page-optimizer-editable=\"true\"><!--Start of Zopim Live Chat Script--><\/p><!-- Start of insitusales Zendesk Widget script -->","protected":false},"excerpt":{"rendered":"<p>Caracter\u00edsticas Clave en la Entrega Directa a Tienda Aprenda c\u00f3mo nuestro software de entrega directa a tienda (DSD) puede automatizar cada paso del proceso de ventas para su negocio mayorista B2B, eliminando el potencial de errores humanos o p\u00e9rdida de ingresos. Gesti\u00f3n M\u00f3vil de Facturas Nuestra plantilla personalizada crea perfiles de facturaci\u00f3n convenientes para cada cliente con el que trabaja, incluido su historial de pedidos, \u2026<\/p>","protected":false},"author":8,"featured_media":8438,"parent":8117,"menu_order":0,"comment_status":"closed","ping_status":"closed","template":"pro\/page-templates\/page-with-small-header.php","meta":{"footnotes":""},"class_list":["post-8354","page","type-page","status-publish","has-post-thumbnail","hentry"],"_links":{"self":[{"href":"https:\/\/www.insitusales.com\/es\/wp-json\/wp\/v2\/pages\/8354","targetHints":{"allow":["GET"]}}],"collection":[{"href":"https:\/\/www.insitusales.com\/es\/wp-json\/wp\/v2\/pages"}],"about":[{"href":"https:\/\/www.insitusales.com\/es\/wp-json\/wp\/v2\/types\/page"}],"author":[{"embeddable":true,"href":"https:\/\/www.insitusales.com\/es\/wp-json\/wp\/v2\/users\/8"}],"replies":[{"embeddable":true,"href":"https:\/\/www.insitusales.com\/es\/wp-json\/wp\/v2\/comments?post=8354"}],"version-history":[{"count":11,"href":"https:\/\/www.insitusales.com\/es\/wp-json\/wp\/v2\/pages\/8354\/revisions"}],"predecessor-version":[{"id":15294,"href":"https:\/\/www.insitusales.com\/es\/wp-json\/wp\/v2\/pages\/8354\/revisions\/15294"}],"up":[{"embeddable":true,"href":"https:\/\/www.insitusales.com\/es\/wp-json\/wp\/v2\/pages\/8117"}],"wp:featuredmedia":[{"embeddable":true,"href":"https:\/\/www.insitusales.com\/es\/wp-json\/wp\/v2\/media\/8438"}],"wp:attachment":[{"href":"https:\/\/www.insitusales.com\/es\/wp-json\/wp\/v2\/media?parent=8354"}],"curies":[{"name":"gracias","href":"https:\/\/api.w.org\/{rel}","templated":true}]}}