{"id":8335,"date":"2021-01-16T01:29:01","date_gmt":"2021-01-16T01:29:01","guid":{"rendered":"https:\/\/www.insitusales.com\/?page_id=8335"},"modified":"2022-11-04T20:50:43","modified_gmt":"2022-11-04T20:50:43","slug":"testimonios","status":"publish","type":"page","link":"https:\/\/www.insitusales.com\/es\/testimonios\/","title":{"rendered":"Testimonios | Rese\u00f1as"},"content":{"rendered":"<div data-label=\"Overlappable\" data-id=\"overlappable--1\" data-export-id=\"overlappable-9-materialis\" data-category=\"overlappable\" class=\"overlappable-9-materialis content-section content-section-spacing-large\" data-overlap=\"true\" id=\"overlappable-1\" style=\"background-color: #ffffff;\">\r\n<div class=\"gridContainer\">\r\n<div class=\"row spaced-cols content-center-sm\" data-type=\"row\">\r\n<div class=\"col-xs-12 col-sm-4\">\r\n<div class=\"card mdc-elevation--z10\" data-type=\"column\"><img decoding=\"async\" src=\"https:\/\/www.insitusales.com\/wp-content\/uploads\/2020\/02\/cropped-Screen-Shot-2018-08-02-at-7.30.24-AM-e1534273565114-160x160-1-2.png\" class=\"round icon mdc-elevation--z3\" alt=\"\" title=\"\">\r\n<p class=\"space-bottom-small\">\u201cProb\u00e9 muchas demostraciones. Pero, la aplicaci\u00f3n de ventas de inSitu le gano a toda la competencia. Hay muchas caracter\u00edsticas que a\u00fan no necesito, pero lo har\u00e9 a medida que escale. Hay mucha flexibilidad. Hacer revisiones es f\u00e1cil y el servicio al cliente es muy receptivo \u201d.<\/p>\r\n<hr class=\"\" \/>\r\n<h6 class=\"no-margin-top no-margin-bottom\">David Villamil<\/h6>\r\n<p class=\"\">Dockspace<\/p>\r\n<\/div>\r\n<\/div>\r\n<div class=\"col-xs-12 col-sm-4\">\r\n<div class=\"card mdc-elevation--z10\" data-type=\"column\"><img decoding=\"async\" src=\"https:\/\/www.insitusales.com\/wp-content\/uploads\/2020\/02\/cropped-admin-ajax.php-2-160x160-1-2.png\" class=\"round icon mdc-elevation--z3\" alt=\"\" title=\"\">\r\n<p class=\"space-bottom-small\">\u201cCon precios o facturas inexactas al final de la semana o varias semanas despu\u00e9s, cuando recibes el pago, tiene que pasar por un proceso de conciliaci\u00f3n para hacer coincidir todo. Es muy lento y costoso. Si el precio es exacto y usted sabe exactamente lo que se le pagar\u00e1 cuando env\u00eden la factura y coincida con sus cuentas por cobrar, esto hace que el proceso sea muy f\u00e1cil y sencillo \".<\/p>\r\n<hr class=\"\" \/>\r\n<h6 class=\"no-margin-top no-margin-bottom\">Marc Ceruto<\/h6>\r\n<p class=\"\">Premier DSD<\/p>\r\n<\/div>\r\n<\/div>\r\n<div class=\"col-xs-12 col-sm-4\">\r\n<div class=\"card mdc-elevation--z10\" data-type=\"column\"><img decoding=\"async\" src=\"https:\/\/www.insitusales.com\/wp-content\/uploads\/2020\/02\/cropped-admin-ajax.php-3-2-160x160-1-2.png\" class=\"round icon mdc-elevation--z3\" alt=\"\" title=\"\">\r\n<p class=\"space-bottom-small\">\u201cLa aplicaci\u00f3n le permite a mi cliente administrar f\u00e1cilmente la facturaci\u00f3n m\u00f3vil, imprimir recibos en el campo y enviar copias por correo electr\u00f3nico. La capacidad de rastrear el inventario en m\u00faltiples almacenes y sincronizarlos sin problemas con QuickBooks fue incre\u00edble. Definitivamente recomendar\u00eda ventas inSitu a cualquier persona que gestione representantes de ventas en el campo. Como QB ProAdvisor, me encanta una aplicaci\u00f3n que funciona tan bien para mi cliente ... \".<\/p>\r\n<hr class=\"\" \/>\r\n<h6 class=\"no-margin-top no-margin-bottom\">QuickBooks ProAdvisor<\/h6>\r\n<\/div>\r\n<\/div>\r\n<div class=\"col-xs-12 col-sm-4\">\r\n<div class=\"card mdc-elevation--z10\" data-type=\"column\"><img decoding=\"async\" src=\"https:\/\/www.insitusales.com\/wp-content\/uploads\/2021\/01\/cropped-Accurate-First-Aid-Services.jpg\" class=\"round icon mdc-elevation--z3\" alt=\"\" title=\"\">\r\n<p class=\"space-bottom-small\">\u201cInSitu Sales ofrece un software excepcional a un precio excelente. \u00a1El servicio al cliente es excelente! Gestionamos y organizamos la mayor\u00eda de los aspectos de nuestro negocio, desde la facturaci\u00f3n m\u00f3vil, la informaci\u00f3n de la cuenta, el enrutamiento, el historial de ventas y lo tenemos todo sincronizado con QuickBooks. Despu\u00e9s de que nuestro antiguo software dej\u00f3 de ser compatible, el cambio a InSitu Sales nos ha ayudado a ser m\u00e1s eficientes al proporcionar al cliente una factura profesional y detallada &quot;.<\/p>\r\n<hr class=\"\" \/>\r\n<h6 class=\"no-margin-top no-margin-bottom\">Douglas Pollack<\/h6>\r\n<p class=\"\">Servicios de primeros auxilios precisos<\/p>\r\n<\/div>\r\n<\/div>\r\n<div class=\"col-xs-12 col-sm-4\">\r\n<div class=\"card mdc-elevation--z10\" data-type=\"column\"><img decoding=\"async\" src=\"https:\/\/www.insitusales.com\/wp-content\/uploads\/2021\/01\/cropped-knectIQ.jpg\" class=\"round icon mdc-elevation--z3\" alt=\"\" title=\"\">\r\n<p class=\"space-bottom-small\">\u201c\u00a1Este producto hace tantas cosas para los vendedores de campo y las hace bien! Sirve como herramienta de cotizaci\u00f3n, toma de pedidos, comercio electr\u00f3nico B2B e incluso CRM. Sincroniza nuestras actividades de ventas de campo con nuestro sitio web y nuestro software de contabilidad interno. \u00a1El equipo de soporte t\u00e9cnico de Insitu es genial! Trabajan muy duro para mejorar constantemente su producto con caracter\u00edsticas y funcionalidades m\u00e1s s\u00f3lidas. Planeamos continuar migrando todas las divisiones de nuestra empresa a este sistema &quot;.<\/p>\r\n<hr class=\"\" \/>\r\n<h6 class=\"no-margin-top no-margin-bottom\">Ken Morris\u00a0<\/h6>\r\n<p class=\"\">KneectIQ<\/p>\r\n<\/div>\r\n<\/div>\r\n<div class=\"col-xs-12 col-sm-4\">\r\n<div class=\"card mdc-elevation--z10\" data-type=\"column\">\r\n<p class=\"space-bottom-small\">&quot;Muy f\u00e1cil de usar Synch with Quickbooks Tiene tantas funciones \u00fatiles que incluyen enrutamiento y geolocalizaci\u00f3n de clientes&quot;<\/p>\r\n<hr class=\"\" \/>\r\n<h6 class=\"no-margin-top no-margin-bottom\">Ahmad Aburialeh<\/h6>\r\n<p class=\"\">Contactos certificados de compensaci\u00f3n<\/p>\r\n<\/div>\r\n<\/div>\r\n<\/div>\r\n<\/div>\r\n<\/div>","protected":false},"excerpt":{"rendered":"","protected":false},"author":8,"featured_media":0,"parent":0,"menu_order":0,"comment_status":"closed","ping_status":"closed","template":"pro\/page-templates\/full-width-page.php","meta":{"footnotes":""},"class_list":["post-8335","page","type-page","status-publish","hentry"],"_links":{"self":[{"href":"https:\/\/www.insitusales.com\/es\/wp-json\/wp\/v2\/pages\/8335","targetHints":{"allow":["GET"]}}],"collection":[{"href":"https:\/\/www.insitusales.com\/es\/wp-json\/wp\/v2\/pages"}],"about":[{"href":"https:\/\/www.insitusales.com\/es\/wp-json\/wp\/v2\/types\/page"}],"author":[{"embeddable":true,"href":"https:\/\/www.insitusales.com\/es\/wp-json\/wp\/v2\/users\/8"}],"replies":[{"embeddable":true,"href":"https:\/\/www.insitusales.com\/es\/wp-json\/wp\/v2\/comments?post=8335"}],"version-history":[{"count":8,"href":"https:\/\/www.insitusales.com\/es\/wp-json\/wp\/v2\/pages\/8335\/revisions"}],"predecessor-version":[{"id":11934,"href":"https:\/\/www.insitusales.com\/es\/wp-json\/wp\/v2\/pages\/8335\/revisions\/11934"}],"wp:attachment":[{"href":"https:\/\/www.insitusales.com\/es\/wp-json\/wp\/v2\/media?parent=8335"}],"curies":[{"name":"gracias","href":"https:\/\/api.w.org\/{rel}","templated":true}]}}