{"id":8117,"date":"2020-09-09T22:13:36","date_gmt":"2020-09-09T22:13:36","guid":{"rendered":"https:\/\/www.insitusales.com\/?page_id=8117"},"modified":"2024-07-18T20:50:33","modified_gmt":"2024-07-18T20:50:33","slug":"soluciones","status":"publish","type":"page","link":"https:\/\/www.insitusales.com\/es\/soluciones\/","title":{"rendered":"Soluciones"},"content":{"rendered":"<!-- wp:extendstudio\/materialis--><div  data-label=\"Features\" data-id=\"features--2\" data-export-id=\"features-16-card-bordered\" data-category=\"features\" class=\"features-16-card-bordered content-section content-section-spacing-large section-title-col-dark-text\" id=\"features-2\" style=\"background-color: #ffffff;\">\n<div  class=\"gridContainer\">\n<div  class=\"row text-center\">\n<div  class=\"section-title-col\" data-type=\"column\">\n<h1  class=\"\">Soluciones de software para distribuidores mayoristas<\/h1>\n<p  class=\"lead\">inSitu Sales ofrece un poderoso conjunto de herramientas de ventas dise\u00f1adas para escalar con empresas de cualquier tama\u00f1o y nivel de operaciones. Nuestro software de gesti\u00f3n mayorista promete eficiencia en la optimizaci\u00f3n de sus canales de distribuci\u00f3n de ventas para la optimizaci\u00f3n y automatizaci\u00f3n.<\/p>\n<\/div>\n<\/div>\n<div  class=\"row spaced-cols\" data-type=\"row\" data-max-items=\"4\">\n<div  class=\"col-xs-12 col-sm-6 col-md-3\">\n<div  class=\"card mdc-elevation--z3 no-padding y-move\"><img fetchpriority=\"high\" decoding=\"async\" class=\"face alignnone\" src=\"https:\/\/www.insitusales.com\/wp-content\/uploads\/b2b-for-wholesale-distributors.webp\" alt=\"gesti\u00f3n de software de ventas de campo\" title=\"\">\n<div  data-type=\"column\" class=\"col-padding-small col-padding-small-xs description-container\">\n<h4  class=\"font-500\">Comercio electr\u00f3nico B2B inicial<\/h4>\n<p  class=\"\">Nuestro entrante <a  href=\"https:\/\/www.insitusales.com\/es\/soluciones\/comercio-electronico-b2b\/\">Comercio electr\u00f3nico B2B<\/a> El paquete ofrece a su empresa todo lo que necesita para generar ventas en l\u00ednea con una experiencia de compra personalizada.<\/p>\n<\/div>\n<div  data-type=\"column\" class=\"col-padding-small col-padding-small-xs read-more-container\"><a class=\"button null mdc-ripple-upgraded color7\" href=\"https:\/\/app.insitusales.com\/inSituSignUp\/register\" target=\"_blank\" data-cp-link=\"1\" data-icon=\"\" rel=\"noopener\">PRUEBA GRATUITA DE 14 D\u00cdAS<\/a><\/div>\n<\/div>\n<\/div>\n<div  class=\"col-xs-12 col-sm-6 col-md-3\">\n<div  class=\"card mdc-elevation--z3 no-padding y-move\"><img decoding=\"async\" loading=\"lazy\" class=\"face alignnone\" src=\"https:\/\/www.insitusales.com\/wp-content\/uploads\/mobile-apps-for-reps-1.webp\" alt=\"comercio electr\u00f3nico b2b para cpg al por mayor\" title=\"\">\n<div  data-type=\"column\" class=\"col-padding-small col-padding-small-xs description-container\">\n<h4  class=\"font-500\">Aplicaciones de inicio&nbsp;<\/h4>\n<p  class=\"\">Optimice su proceso de ventas, desde el representante hasta el almac\u00e9n y, finalmente, hasta el conductor, con nuestro paquete Starter Apps. Esto incluye licencias para nuestro <a href=\"https:\/\/www.insitusales.com\/es\/soluciones\/aplicacion-de-ventas-de-campo\/\">Aplicaci\u00f3n de ventas<\/a>, <a href=\"https:\/\/www.insitusales.com\/es\/soluciones\/inventario-in-situ\/\">Inventario in situ<\/a>y la <a href=\"https:\/\/www.insitusales.com\/es\/soluciones\/despacho-insitu\/\">inSitu Dispatch<\/a>.&nbsp;<\/p>\n<\/div>\n<div  data-type=\"column\" class=\"col-padding-small col-padding-small-xs read-more-container\"><a class=\"button null color1 mdc-ripple-upgraded\" href=\"https:\/\/app.insitusales.com\/inSituSignUp\/register?utm_source=solutions\" target=\"_blank\" data-cp-link=\"1\" data-icon=\"\" rel=\"noopener\">PRUEBA GRATUITA DE 14 D\u00cdAS<\/a><\/div>\n<\/div>\n<\/div>\n<div  class=\"col-xs-12 col-sm-6 col-md-3\">\n<div  class=\"card mdc-elevation--z3 no-padding y-move\"><img decoding=\"async\" loading=\"lazy\" class=\"face alignnone\" src=\"https:\/\/www.insitusales.com\/wp-content\/uploads\/enterprise-package-2.webp\" alt=\"\" title=\"\">\n<div  data-type=\"column\" class=\"col-padding-small col-padding-small-xs description-container\">\n<h4  class=\"font-500\">Pro<\/h4>\n<p  class=\"\">\u00bfBusca optimizar y agilizar todo su proceso de ventas? \u00a1El paquete Pro ofrece a los usuarios ambos productos a un precio con descuento!&nbsp; <\/p>\n<\/div>\n<div  data-type=\"column\" class=\"col-padding-small col-padding-small-xs read-more-container\"><a class=\"button null color3 mdc-ripple-upgraded\" href=\"https:\/\/app.insitusales.com\/inSituSignUp\/register?utm_source=solutions\" target=\"_self\" data-cp-link=\"1\" data-icon=\"\" rel=\"noopener\">PRUEBA GRATUITA DE 14 D\u00cdAS<\/a><\/div>\n<\/div>\n<\/div>\n<div  class=\"col-xs-12 col-sm-6 col-md-3\">\n<div  class=\"card mdc-elevation--z3 no-padding y-move\"><img decoding=\"async\" loading=\"lazy\" class=\"face alignnone\" src=\"https:\/\/www.insitusales.com\/wp-content\/uploads\/enterprise-package.webp\" alt=\"aplicaci\u00f3n de selecci\u00f3n de inventario insitu\" title=\"\">\n<div  data-type=\"column\" class=\"col-padding-small col-padding-small-xs description-container\">\n<h4  class=\"font-500\">Empresa<\/h4>\n<p  class=\"\">Para las empresas que buscan una opci\u00f3n a\u00fan m\u00e1s personalizada, la opci\u00f3n Enterprise ofrece todo lo que ofrece Pro, adem\u00e1s de una aplicaci\u00f3n de marca blanca alojada en App Store y Google Play para que sus clientes la descarguen.&nbsp;<\/p>\n<\/div>\n<div  data-type=\"column\" class=\"col-padding-small col-padding-small-xs read-more-container\"><a class=\"button null color5 mdc-ripple-upgraded\" href=\"https:\/\/app.insitusales.com\/inSituSignUp\/register?utm_source=solutions\" target=\"_blank\" data-cp-link=\"1\" data-icon=\"\" rel=\"noopener\">PRUEBA GRATUITA DE 14 D\u00cdAS<\/a><\/div>\n<\/div>\n<\/div>\n<\/div>\n<\/div>\n<\/div><!-- \/wp:extendstudio\/materialis--><!-- wp:extendstudio\/materialis--><!-- \/wp:extendstudio\/materialis--><!-- wp:extendstudio\/materialis--><!-- \/wp:extendstudio\/materialis--><!-- wp:extendstudio\/materialis--><!-- \/wp:extendstudio\/materialis--><!-- \/wp:extendstudio\/materialis--><p ><!-- End Google Tag Manager (noscript) --><\/p><!-- wp:extendstudio\/materialis--><div  data-label=\"Overlappable\" data-id=\"overlappable--1\" data-export-id=\"overlappable-5-materialis\" data-category=\"overlappable\" class=\"overlappable-5-materialis content-section content-section-spacing-large\" data-overlap=\"true\" id=\"overlappable-1\" style=\"background-color: #ffffff;\">\n<div  class=\"gridContainer\">\n<div  data-type=\"row\" class=\"row spaced-cols\">\n<div  class=\"col-xs-12 col-sm-6 col-md-4\">\n<div  class=\"card mdc-elevation--z3 row-card\">\n<div  class=\"row\">\n<div  class=\"col-xs-12 col-sm-fit icon-col\" data-fixed=\"true\"><i  class=\"color1 icon mdi mdi-responsive reverse round big\"><\/i><\/div>\n<div  class=\"col-xs-12 col-sm\" data-type=\"column\">\n<h4  class=\"color-black\">Funciona de forma simultanea en todos sus dispositivos<\/h4>\n<p  class=\"\">inSitu Sales se aloja en la nube, por lo que su equipo de ventas puede acceder desde cualquier lugar de forma segura.  Nuestras aplicaciones m\u00f3viles funcionan en modo On-Line y Off-Line<\/p>\n<\/div>\n<\/div>\n<\/div>\n<\/div>\n<div  class=\"col-xs-12 col-sm-6 col-md-4\">\n<div  class=\"card mdc-elevation--z3 row-card\">\n<div  class=\"row\">\n<div  class=\"col-xs-12 col-sm-fit icon-col\" data-fixed=\"true\"><i  class=\"icon mdi mdi-cash-usd reverse round big color1\"><\/i><\/div>\n<div  class=\"col-xs-12 col-sm\" data-type=\"column\">\n<h4  class=\"color-black\">Sin tarifas adicionales<\/h4>\n<p  class=\"\">Sin tarifas de instalaci\u00f3n o implementaci\u00f3n adicionales<\/p>\n<\/div>\n<\/div>\n<\/div>\n<\/div>\n<div  class=\"col-xs-12 col-sm-6 col-md-4\">\n<div  class=\"card mdc-elevation--z3 row-card\">\n<div  class=\"row\">\n<div  class=\"col-xs-12 col-sm-fit icon-col\" data-fixed=\"true\"><i  class=\"icon mdi mdi-account-switch reverse round big color1\"><\/i><\/div>\n<div  class=\"col-xs-12 col-sm\" data-type=\"column\">\n<h4  class=\"color-black\">Sincronizaci\u00f3n de datos<\/h4>\n<p  class=\"\">Los datos se sincronizan desde y hacia su sistema contable, manteni\u00e9ndose actualizados, incluso afuera en la ruta<\/p>\n<\/div>\n<\/div>\n<\/div>\n<\/div>\n<\/div>\n<\/div>\n<\/div><!-- \/wp:extendstudio\/materialis--><!-- wp:extendstudio\/materialis-->","protected":false},"excerpt":{"rendered":"<p>Soluciones de software para distribuidores mayoristas inSitu Sales ofrece un potente conjunto de herramientas de ventas dise\u00f1adas para escalar con empresas de cualquier tama\u00f1o y nivel de operaciones. Nuestro software de gesti\u00f3n mayorista promete eficiencia en la optimizaci\u00f3n y automatizaci\u00f3n de sus canales de distribuci\u00f3n de ventas. Comercio electr\u00f3nico B2B inicial Nuestro paquete de comercio electr\u00f3nico B2B inicial ofrece a su empresa todo lo que necesita...<\/p>","protected":false},"author":8,"featured_media":0,"parent":0,"menu_order":0,"comment_status":"closed","ping_status":"closed","template":"pro\/page-templates\/page-with-small-header.php","meta":{"footnotes":""},"class_list":["post-8117","page","type-page","status-publish","hentry"],"_links":{"self":[{"href":"https:\/\/www.insitusales.com\/es\/wp-json\/wp\/v2\/pages\/8117","targetHints":{"allow":["GET"]}}],"collection":[{"href":"https:\/\/www.insitusales.com\/es\/wp-json\/wp\/v2\/pages"}],"about":[{"href":"https:\/\/www.insitusales.com\/es\/wp-json\/wp\/v2\/types\/page"}],"author":[{"embeddable":true,"href":"https:\/\/www.insitusales.com\/es\/wp-json\/wp\/v2\/users\/8"}],"replies":[{"embeddable":true,"href":"https:\/\/www.insitusales.com\/es\/wp-json\/wp\/v2\/comments?post=8117"}],"version-history":[{"count":11,"href":"https:\/\/www.insitusales.com\/es\/wp-json\/wp\/v2\/pages\/8117\/revisions"}],"predecessor-version":[{"id":14328,"href":"https:\/\/www.insitusales.com\/es\/wp-json\/wp\/v2\/pages\/8117\/revisions\/14328"}],"wp:attachment":[{"href":"https:\/\/www.insitusales.com\/es\/wp-json\/wp\/v2\/media?parent=8117"}],"curies":[{"name":"gracias","href":"https:\/\/api.w.org\/{rel}","templated":true}]}}