{"id":8005,"date":"2020-08-27T22:03:10","date_gmt":"2020-08-27T22:03:10","guid":{"rendered":"https:\/\/www.insitusales.com\/?page_id=8005"},"modified":"2024-10-22T20:08:37","modified_gmt":"2024-10-22T20:08:37","slug":"xero-integracion","status":"publish","type":"page","link":"https:\/\/www.insitusales.com\/es\/integraciones\/xero-integracion\/","title":{"rendered":"Integraci\u00f3n con Xero"},"content":{"rendered":"<!-- \/wp:extendstudio\/materialis-->\r\n\r\n\r\n<div data-label=\"Content\" data-id=\"content--6\" data-export-id=\"content-8-materialis\" data-category=\"content\" class=\"content-8m content-section-spacing-large content-section\" id=\"content-6\" style=\"background-color: #ffffff;\">\r\n<div class=\"gridContainer\">\r\n<div class=\"row middle-sm\">\r\n<div class=\"col-md-5 col-xs-12 col-sm-6 space-bottom-xs\" data-type=\"column\">\r\n<h1>Integraci\u00f3n de ventas de Xero para distribuidores\u00a0<\/h1>\r\n<p class=\"space-top\">inSitu Sales facilita el acceso a Xero a su equipo de ventas de campo desde cualquier lugar. Gestione a sus representantes de ventas de campo en tiempo real y reciba pedidos y pagos en vivo durante todo el d\u00eda. El acceso granular garantiza que todos vean exactamente lo que necesitan, y nada m\u00e1s. La implementaci\u00f3n es tan sencilla como iniciar sesi\u00f3n en Xero.<\/p>\r\n<a class=\"button big null color1\" href=\"https:\/\/app.insitusales.com\/inSituSignUp\/register\" target=\"_blank\" data-cp-link=\"1\" data-icon=\"\" rel=\"noopener\">Comience la prueba gratuita de 14 d\u00edas<\/a><a class=\"button null big color2\" href=\"https:\/\/calendly.com\/insitu-sales\/demo-tour-of-insitu-sales\" target=\"_blank\" data-cp-link=\"1\" data-icon=\"\" rel=\"noopener\">Reserve una demostraci\u00f3n gratuita<\/a><\/div>\r\n<div class=\"col-md-6 col-md-offset-1 col-xs-12 col-sm-6\"><img decoding=\"async\" class=\"rounded mdc-elevation--z0\" src=\"https:\/\/www.insitusales.com\/wp-content\/uploads\/xero-integration-1-1.png\" alt=\"\" title=\"\"><\/div>\r\n<\/div>\r\n<\/div>\r\n<\/div>\r\n\r\n\r\n<!-- wp:extendstudio\/materialis--><!-- \/wp:extendstudio\/materialis-->\r\n\r\n<!-- wp:extendstudio\/materialis--><!-- \/wp:extendstudio\/materialis-->\r\n\r\n<!-- wp:extendstudio\/materialis--><!-- \/wp:extendstudio\/materialis-->\r\n\r\n<!-- wp:extendstudio\/materialis--><!-- \/wp:extendstudio\/materialis-->\r\n\r\n<!-- wp:extendstudio\/materialis-->\r\n<div data-label=\"Content\" data-id=\"content--5\" data-export-id=\"content-5-materialis\" data-category=\"content\" class=\"content-5m content-section-spacing-large content-section\" id=\"content-5\" style=\"background-color: #f5fafd;\">\r\n<div class=\"gridContainer\">\r\n<div class=\"row\">\r\n<div class=\"col-xs-12 col-sm-8 col-sm-offset-2 space-bottom text-center col-padding-small-xs\" data-type=\"column\"><img decoding=\"async\" class=\"mdc-elevation--z13 rounded\" src=\"https:\/\/www.insitusales.com\/wp-content\/uploads\/2020\/08\/cropped-Screen-Shot-2020-08-27-at-2.57.42-PM-1.png\" alt=\"\" title=\"\"><\/div>\r\n<div class=\"col-xs-12 text-center large\" data-type=\"column\">\r\n<h2 class=\"space-bottom\">Compatibilidad Xero<\/h2>\r\n<p class=\"lead\">Obtenga datos dentro y fuera de Xero autom\u00e1ticamente, con flujo bidireccional para datos seleccionados.<\/p>\r\n<\/div>\r\n<\/div>\r\n<\/div>\r\n<\/div>\r\n<!-- \/wp:extendstudio\/materialis-->\r\n\r\n<!-- wp:extendstudio\/materialis-->\r\n<div data-label=\"Content\" data-id=\"content--7\" data-export-id=\"content-14-1-materialis\" data-category=\"content\" class=\"content-14-1m content-section-spacing-large content-section dark-text\" id=\"content-7\" style=\"background-color: #ffffff;\">\r\n<div class=\"gridContainer\">\r\n<div class=\"row middle-xs space-bottom-large\">\r\n<div class=\"col-md-6 col-xs-12 col-sm-6\"><img decoding=\"async\" class=\"mdc-elevation--z0\" src=\"https:\/\/www.insitusales.com\/wp-content\/uploads\/xero-sales-rep-integration.png\" alt=\"\" title=\"\"><\/div>\r\n<div class=\"col-md-5 col-md-offset-1 col-xs-12 col-sm-6 content-left-sm space-bottom-xs-large\" data-type=\"column\">\r\n<h2 class=\"\">Integraci\u00f3n de ventas de campo de Xero para representantes<\/h2>\r\n<p class=\"\">Nuestra conveniente integraci\u00f3n sincronizada con Xero le permite administrar sus operaciones de ventas de campo en un \u00fanico panel intuitivo. Establezca controles de nivel granular para representantes, productos, precios y m\u00e1s para personalizar sus interacciones de ventas.\u00a0<\/p>\r\n<a class=\"button null big color7\" href=\"https:\/\/www.insitusales.com\/es\/soluciones\/aplicacion-de-ventas-de-campo\/\" target=\"_self\" data-cp-link=\"1\" data-icon=\"\" rel=\"noopener\">P\u00e1gina de ventas de campo<\/a><\/div>\r\n<\/div>\r\n<div class=\"row middle-xs top-sm spaced-cols content-left-sm\" data-type=\"row\">\r\n<div class=\"col-md-3 col-sm-6 col-xs-12 border-top-color1 padding-first-el\" data-type=\"column\">\r\n<h5 class=\"\">Toma de pedidos m\u00f3viles\u00a0<\/h5>\r\n<p class=\"\">Tome pedidos m\u00f3viles c\u00f3modamente en el campo utilizando listas de productos y precios, adem\u00e1s de datos de inventario en vivo sincronizados desde Xero.<\/p>\r\n<\/div>\r\n<div class=\"col-md-3 col-sm-6 col-xs-12 border-top-color2 padding-first-el\" data-type=\"column\">\r\n<h5 class=\"\">Contabilidad de ruta DSD<\/h5>\r\n<p class=\"\">Elimine los errores manuales de la log\u00edstica y cree o programe rutas de ventas optimizadas para los representantes con seguimiento GPS en vivo.\u00a0<\/p>\r\n<\/div>\r\n<div class=\"col-md-3 col-sm-6 col-xs-12 border-top-color4 padding-first-el\" data-type=\"column\">\r\n<h5 class=\"\">Realizar transacciones<\/h5>\r\n<p class=\"\">Utilice los datos de Xero para crear facturas m\u00f3viles personalizadas que se puedan imprimir o enviar por correo electr\u00f3nico en formato PDF. Las impresoras compatibles incluyen Bixolon y Zebra.\u00a0<\/p>\r\n<\/div>\r\n<div class=\"col-md-3 col-sm-6 col-xs-12 border-top-color5 padding-first-el\" data-type=\"column\">\r\n<h5 class=\"\">Procesamiento de pagos m\u00f3viles<\/h5>\r\n<p class=\"\">Con un <b>Raya<\/b> o <b>Autorizar.Net<\/b> Cuenta, permite que tus representantes de ventas externos acepten pagos con tarjeta de cr\u00e9dito en cualquier lugar. Las facturas pendientes se pueden pagar en el momento y en cualquier momento.<\/p>\r\n<\/div>\r\n<\/div>\r\n<div class=\"row row-last\">\r\n<div class=\"col-xs-12\" data-type=\"column\"><\/div>\r\n<\/div>\r\n<\/div>\r\n<\/div>\r\n<!-- wp:extendstudio\/materialis--><!-- \/wp:extendstudio\/materialis-->\r\n\r\n\r\n<div data-label=\"Content\" data-id=\"content--8\" data-export-id=\"content-14-materialis\" data-category=\"content\" class=\"content-14m content-section-spacing-large content-section dark-text\" id=\"content-8\" style=\"background-color: #f5fafd; background-image: none;\">\r\n<div class=\"gridContainer\">\r\n<div class=\"row middle-xs space-bottom-large\">\r\n<div class=\"col-md-5 col-xs-12 col-sm-6 content-left-sm space-bottom-xs-large\" data-type=\"column\">\r\n<h2 class=\"\">Integre su comercio electr\u00f3nico B2B con Xero<\/h2>\r\n<p class=\"\">Sincronice la informaci\u00f3n de Xero para crear un portal de comercio electr\u00f3nico B2B \u00fanico y totalmente personalizable, dise\u00f1ado para transacciones r\u00e1pidas y sencillas a trav\u00e9s de pasarelas de pago integradas.<\/p>\r\n<a class=\"button big null color1\" href=\"https:\/\/www.insitusales.com\/es\/soluciones\/comercio-electronico-b2b\/\" target=\"_self\" data-cp-link=\"1\" data-icon=\"\" rel=\"noopener\">P\u00e1gina de comercio electr\u00f3nico B2B<\/a><\/div>\r\n<div class=\"col-md-6 col-md-offset-1 col-xs-12 col-sm-6\"><img decoding=\"async\" class=\"mdc-elevation--z0\" src=\"https:\/\/www.insitusales.com\/wp-content\/uploads\/Odoo-ecommerce.png\" alt=\"\" title=\"\"><\/div>\r\n<\/div>\r\n<div class=\"row middle-xs top-sm spaced-cols content-left-sm\" data-type=\"row\">\r\n<div class=\"col-md-3 col-sm-6 col-xs-12 border-top-color1 padding-first-el\" data-type=\"column\">\r\n<h5 class=\"\">Cat\u00e1logo de productos digitales interactivos y din\u00e1micos<\/h5>\r\n<p class=\"\">Administre un cat\u00e1logo de productos digitales que cambia para adaptarse a sus clientes seg\u00fan sea necesario. Asigne diferentes versiones de su cat\u00e1logo a los clientes para obtener una ventaja sobre las tendencias de ventas del mercado y los nichos de la industria con necesidades espec\u00edficas, o haga coincidir mejor los enfoques de productos con los intereses de compra geogr\u00e1ficos.<\/p>\r\n<\/div>\r\n<div class=\"col-md-3 col-sm-6 col-xs-12 border-top-color2 padding-first-el\" data-type=\"column\">\r\n<h5 class=\"\">Descuentos por segmento, precios y productos<\/h5>\r\n<p class=\"\">Utilice las reglas de la lista de precios para ofrecer incentivos de compra \u00fanicos que solo sean visibles para los clientes seleccionados. Configure la automatizaci\u00f3n para ofrecer promociones de descuento para recompensar a un cliente cuando las ventas alcancen un umbral establecido, o cree distintos niveles de clientes con descuentos establecidos.<\/p>\r\n<\/div>\r\n<div class=\"col-md-3 col-sm-6 col-xs-12 border-top-color4 padding-first-el\" data-type=\"column\">\r\n<h5 class=\"\">Acepta pagos digitales o vende con cr\u00e9dito<\/h5>\r\n<p class=\"\">Las pasarelas de pago integradas permiten transacciones seguras y convenientes con Stripe y Authorize.net. Los usuarios tambi\u00e9n pueden permitir que los clientes compren a cr\u00e9dito para futuras facturas.<\/p>\r\n<\/div>\r\n<div class=\"col-md-3 col-sm-6 col-xs-12 border-top-color5 padding-first-el\" data-type=\"column\">\r\n<h5 class=\"\">Cree una aplicaci\u00f3n de marca blanca para los clientes<\/h5>\r\n<p class=\"\">Permita que los clientes descarguen su portal de comercio electr\u00f3nico B2B directamente como una aplicaci\u00f3n personalizada desde Google Play Store o App Store. Habilite las notificaciones por SMS y el escaneo de c\u00f3digos de barras para generar ventas recurrentes.<\/p>\r\n<\/div>\r\n<\/div>\r\n<div class=\"row row-last\">\r\n<div class=\"col-xs-12\" data-type=\"column\"><\/div>\r\n<\/div>\r\n<\/div>\r\n<\/div>","protected":false},"excerpt":{"rendered":"<p>Compatibilidad con Xero Obtenga y reciba datos de Xero autom\u00e1ticamente, con flujo bidireccional para datos seleccionados. Integraci\u00f3n de ventas de campo de Xero para representantes Nuestra conveniente sincronizaci\u00f3n de integraci\u00f3n con Xero significa que puede administrar sus operaciones de ventas de campo en un solo panel intuitivo. Establezca controles de nivel granular para representantes, productos, precios y m\u00e1s para personalizar sus ventas...<\/p>","protected":false},"author":8,"featured_media":0,"parent":7904,"menu_order":0,"comment_status":"closed","ping_status":"closed","template":"pro\/page-templates\/page-with-small-header.php","meta":{"footnotes":""},"class_list":["post-8005","page","type-page","status-publish","hentry"],"_links":{"self":[{"href":"https:\/\/www.insitusales.com\/es\/wp-json\/wp\/v2\/pages\/8005","targetHints":{"allow":["GET"]}}],"collection":[{"href":"https:\/\/www.insitusales.com\/es\/wp-json\/wp\/v2\/pages"}],"about":[{"href":"https:\/\/www.insitusales.com\/es\/wp-json\/wp\/v2\/types\/page"}],"author":[{"embeddable":true,"href":"https:\/\/www.insitusales.com\/es\/wp-json\/wp\/v2\/users\/8"}],"replies":[{"embeddable":true,"href":"https:\/\/www.insitusales.com\/es\/wp-json\/wp\/v2\/comments?post=8005"}],"version-history":[{"count":10,"href":"https:\/\/www.insitusales.com\/es\/wp-json\/wp\/v2\/pages\/8005\/revisions"}],"predecessor-version":[{"id":14470,"href":"https:\/\/www.insitusales.com\/es\/wp-json\/wp\/v2\/pages\/8005\/revisions\/14470"}],"up":[{"embeddable":true,"href":"https:\/\/www.insitusales.com\/es\/wp-json\/wp\/v2\/pages\/7904"}],"wp:attachment":[{"href":"https:\/\/www.insitusales.com\/es\/wp-json\/wp\/v2\/media?parent=8005"}],"curies":[{"name":"gracias","href":"https:\/\/api.w.org\/{rel}","templated":true}]}}