{"id":7904,"date":"2020-08-25T18:26:00","date_gmt":"2020-08-25T18:26:00","guid":{"rendered":"https:\/\/www.insitusales.com\/?page_id=7904"},"modified":"2026-04-07T17:53:58","modified_gmt":"2026-04-07T17:53:58","slug":"integraciones","status":"publish","type":"page","link":"https:\/\/www.insitusales.com\/es\/integraciones\/","title":{"rendered":"Integraciones"},"content":{"rendered":"<!-- \/wp:extendstudio\/materialis-->\r\n\r\n<!-- wp:extendstudio\/materialis--><!-- \/wp:extendstudio\/materialis-->\r\n\r\n<!-- wp:extendstudio\/materialis--><!-- \/wp:extendstudio\/materialis-->\r\n\r\n<!-- wp:extendstudio\/materialis-->\r\n<div data-label=\"Content\" data-id=\"content--8\" data-export-id=\"content-8-materialis\" data-category=\"content\" class=\"content-8m content-section-spacing-large content-section\" id=\"content-8\" style=\"background-color: #ffffff;\">\r\n<div class=\"gridContainer\">\r\n<div class=\"row middle-sm\">\r\n<div class=\"col-md-5 col-xs-12 col-sm-6 space-bottom-xs\" data-type=\"column\">\r\n<h6 class=\"upper\">INTEGRACIONES DE VENTAS INSITU PARA DISTRIBUIDORES<\/h6>\r\n<h3 class=\"\">Integre con software de contabilidad y ERP<\/h3>\r\n<p class=\"space-top\">Los distribuidores tienen una variedad de opciones para importar sus datos a nuestra plataforma para que los representantes puedan acceder a ellos. <br \/><br \/>inSitu Sales se integra directamente con <a href=\"https:\/\/www.insitusales.com\/es\/integraciones\/quickbooks-integracion\/quickbooks-online\/\"><strong>QuickBooks en l\u00ednea<\/strong><\/a> Y <strong><a href=\"https:\/\/www.insitusales.com\/es\/integraciones\/quickbooks-integracion\/empresa\/\">Escritorio QuickBooks<\/a><\/strong>, <strong><a href=\"https:\/\/www.insitusales.com\/es\/integraciones\/oracle-netsuite-integration\/\">netsuite<\/a><\/strong>, <strong><a href=\"https:\/\/www.insitusales.com\/es\/integraciones\/integracion-de-sap\/\">SAP B1<\/a><\/strong>, <a href=\"https:\/\/www.insitusales.com\/es\/integraciones\/odoo-integracion\/\"><strong>Odoo<\/strong><\/a>, <a href=\"https:\/\/www.insitusales.com\/es\/integraciones\/epicor\/\"><strong>Epicor<\/strong><\/a>, <a href=\"https:\/\/www.insitusales.com\/es\/integraciones\/pecera-inventario-integracion\/\"><strong>Fishbowl<\/strong><\/a>, <a href=\"https:\/\/www.insitusales.com\/es\/integraciones\/xero-integracion\/\"><strong>Xero<\/strong><\/a>y la <a href=\"https:\/\/www.insitusales.com\/es\/integraciones\/integracion-de-estaciones-de-barco\/\"><strong>ShipStation<\/strong><\/a>, y habr\u00e1 a\u00fan m\u00e1s en el futuro.<\/p>\r\n<a class=\"button null mdc-ripple-upgraded big color1\" href=\"https:\/\/app.insitusales.com\/inSituSignUp\/register\" target=\"_blank\" data-cp-link=\"1\" data-icon=\"\" rel=\"noopener\">PRUEBA GRATUITA DE 14 D\u00cdAS<\/a><a class=\"button null mdc-ripple-upgraded big color2\" href=\"https:\/\/calendly.com\/insitu-sales\/demo-tour-of-insitu-sales\" target=\"_blank\" data-cp-link=\"1\" data-icon=\"\" rel=\"noopener\">AGENDAR DEMO<\/a><\/div>\r\n<div class=\"col-md-6 col-md-offset-1 col-xs-12 col-sm-6\"><img decoding=\"async\" class=\"rounded mdc-elevation--z0\" src=\"https:\/\/www.insitusales.com\/wp-content\/uploads\/ERP-integrations-1.png\" alt=\"\" title=\"\"><\/div>\r\n<\/div>\r\n<\/div>\r\n<\/div>\r\n<!-- wp:extendstudio\/materialis-->\r\n<div data-label=\"Content\" data-id=\"content--1\" data-export-id=\"content-10-materialis\" data-category=\"content\" class=\"content-10m content-section content-relative cloudy_knoxville\" id=\"content-1\">\r\n<div class=\"\">\r\n<div class=\"row\">\r\n<div class=\"col-xs-12 col-sm-7\">\r\n<div class=\"row middle-sm full-height-row\">\r\n<div class=\"col-xs-12 col-sm-8 col-sm-offset-2 col-padding\" data-type=\"column\">\r\n<h6 class=\"font-400\" data-page-optimizer-editable=\"true\">QUICKBOOKS EN L\u00cdNEA Y ESCRITORIO<\/h6>\r\n<h2 class=\"\" data-page-optimizer-editable=\"true\"><span style=\"font-weight: bold; font-family: 'Playfair Display', arial, helvetica, sans-serif; font-style: italic;\">El poder de QuickBooks simplificado<\/span><\/h2>\r\n<p class=\"space-bottom\" data-page-optimizer-editable=\"true\">QuickBooks ya facilita la gesti\u00f3n empresarial. Pero no es tan f\u00e1cil llevarlo a la carretera. inSitu Sales se conecta de forma nativa con QuickBooks Online y Desktop, lo que hace que las ventas de campo de comercio electr\u00f3nico B2B sean tan simples como tener un dispositivo iPhone o Android. La sincronizaci\u00f3n de datos bidireccional garantiza que su equipo de ventas siempre tenga la informaci\u00f3n m\u00e1s reciente. <br \/><br \/>\u00bfQuieres empezar a utilizar QuickBooks? Disfruta de un descuento por tiempo limitado, ofrecido por nuestros amigos de Intuit.\u00a0<\/p>\r\n<a class=\"button mdc-elevation--z1 space-bottom-small mdc-ripple-upgraded big mdc-elevation--z6 color1\" href=\"https:\/\/www.insitusales.com\/es\/quickbooks-integracion\/\" target=\"_self\" data-cp-link=\"1\" data-icon=\"\" rel=\"noopener noreferrer\">Descubra nuestra integraci\u00f3n con QuickBooks<\/a>\r\n<p class=\"\" data-page-optimizer-editable=\"true\"><span style=\"font-weight: 300; font-style: italic;\">Solo para clientes nuevos. Consulte los t\u00e9rminos de Intuit para obtener detalles adicionales y elegibilidad<\/span><\/p>\r\n<\/div>\r\n<\/div>\r\n<\/div>\r\n<div class=\"col-xs-12 col-sm-5 no-padding image-col flexbox middle-sm\"><img decoding=\"async\" src=\"https:\/\/www.insitusales.com\/wp-content\/uploads\/2020\/02\/cropped-QB_IntuitLogo_Vert-2-5.png\" class=\"image-offset mdc-elevation--z0\" alt=\"\" title=\"\" data-page-optimizer-editable=\"true\"><\/div>\r\n<\/div>\r\n<\/div>\r\n<div class=\"section-separator-bottom\"><svg xmlns=\"http:\/\/www.w3.org\/2000\/svg\" viewbox=\"0 0 2600 131.1\" preserveaspectratio=\"none\" data-separator-name=\"opacity-tilt\" class=\"section-separator-bottom\"> <path class=\"svg-white-bg\" d=\"M0 0L2600 0 2600 69.1 0 0z\"><\/path> <path class=\"svg-white-bg\" style=\"opacity: 0.5;\" d=\"M0 0L2600 0 2600 69.1 0 69.1z\"><\/path> <path class=\"svg-white-bg\" style=\"opacity: 0.25;\" d=\"M2600 0L0 0 0 130.1 2600 69.1z\"><\/path> <\/svg><\/div>\r\n<\/div>\r\n<!-- \/wp:extendstudio\/materialis-->\r\n\r\n<!-- wp:extendstudio\/materialis-->\r\n<div data-label=\"Content\" data-id=\"content--2\" data-export-id=\"content-11-materialis\" data-category=\"content\" class=\"content-11m content-section heavy_rain content-relative dark-text\" id=\"content-2\">\r\n<div class=\"section-separator-top\"><svg class=\"section-separator-top\" data-separator-name=\"triangle-asymmetrical-negative\" preserveaspectratio=\"none\" viewbox=\"0 0 1000 100\" xmlns=\"http:\/\/www.w3.org\/2000\/svg\"> <path class=\"svg-white-bg\" d=\"M737.9,94.7L0,0v100h1000V0L737.9,94.7z\"><\/path> <\/svg><\/div>\r\n<div class=\"\">\r\n<div class=\"row\">\r\n<div class=\"col-xs-12 col-sm-5 no-padding image-col flexbox middle-sm\"><img decoding=\"async\" src=\"https:\/\/www.insitusales.com\/wp-content\/uploads\/2020\/02\/cropped-SAP-Business-One-Logo-720x340-1-3.png\" class=\"image-offset mdc-elevation--z0\" alt=\"\" title=\"\" data-page-optimizer-editable=\"true\"><\/div>\r\n<div class=\"col-xs-12 col-sm-7 first-xs last-sm\">\r\n<div class=\"row middle-sm full-height-row\">\r\n<div class=\"col-xs-12 col-sm-8 col-padding col-sm-offset-2\" data-type=\"column\">\r\n<h6 class=\"font-400\" data-page-optimizer-editable=\"true\">SAP BUSINESS ONE<\/h6>\r\n<h2 class=\"\" data-page-optimizer-editable=\"true\"><span style=\"font-family: 'Playfair Display', arial, helvetica, sans-serif; font-style: italic; font-weight: bold;\">SAP Business One hecho m\u00f3vil<\/span><\/h2>\r\n<p class=\"space-bottom\" data-page-optimizer-editable=\"true\">Descubra el poder del software B2B en la nube para las ventas de campo. inSitu Sales se vincula con su configuraci\u00f3n de SAP B1 y permite la disponibilidad en tiempo real de stock, precios y m\u00e1s en el campo. Cierre acuerdos de forma m\u00e1s r\u00e1pida y eficaz, incluso acepte pagos con tarjeta de cr\u00e9dito. Garantice el cumplimiento de los procedimientos de ventas y optimice su operaci\u00f3n de ventas externas sobre la marcha. Ese es el poder de SAP + inSitu Sales. <br \/><br \/><span style=\"font-style: italic;\"><u>Nota: Requiere una tarifa \u00fanica de $500 para la configuraci\u00f3n<\/u><\/span><\/p>\r\n<a class=\"button mdc-elevation--z1 space-bottom-small mdc-ripple-upgraded big no-shadow color1\" href=\"https:\/\/www.insitusales.com\/es\/integracion-de-sap\/\" target=\"_self\" data-cp-link=\"1\" data-icon=\"\" rel=\"noopener noreferrer\">Descubra nuestra integraci\u00f3n con SAP<\/a><\/div>\r\n<\/div>\r\n<\/div>\r\n<\/div>\r\n<\/div>\r\n<div class=\"section-separator-bottom\"><svg xmlns=\"http:\/\/www.w3.org\/2000\/svg\" viewbox=\"0 0 2600 131.1\" preserveaspectratio=\"none\" data-separator-name=\"opacity-tilt\" class=\"section-separator-bottom\"> <path class=\"svg-white-bg\" d=\"M0 0L2600 0 2600 69.1 0 0z\"><\/path> <path class=\"svg-white-bg\" style=\"opacity: 0.5;\" d=\"M0 0L2600 0 2600 69.1 0 69.1z\"><\/path> <path class=\"svg-white-bg\" style=\"opacity: 0.25;\" d=\"M2600 0L0 0 0 130.1 2600 69.1z\"><\/path> <\/svg><\/div>\r\n<\/div>\r\n<!-- \/wp:extendstudio\/materialis-->\r\n\r\n<!-- wp:extendstudio\/materialis-->\r\n<div data-label=\"Content\" data-id=\"content--3\" data-export-id=\"content-10-materialis\" data-category=\"content\" class=\"content-10m content-section saint_petersburg content-relative\" id=\"content-3\">\r\n<div class=\"section-separator-top\"><svg xmlns=\"http:\/\/www.w3.org\/2000\/svg\" viewbox=\"0 0 283.5 19.6\" preserveaspectratio=\"none\" data-separator-name=\"opacity-fan\" class=\"section-separator-top\"> <path class=\"svg-white-bg\" style=\"opacity: 0.33;\" d=\"M0 0L0 18.8 141.8 4.1 283.5 18.8 283.5 0z\"><\/path> <path class=\"svg-white-bg\" style=\"opacity: 0.33;\" d=\"M0 0L0 12.6 141.8 4 283.5 12.6 283.5 0z\"><\/path> <path class=\"svg-white-bg\" style=\"opacity: 0.33;\" d=\"M0 0L0 6.4 141.8 4 283.5 6.4 283.5 0z\"><\/path> <path class=\"svg-white-bg\" d=\"M0 0L0 1.2 141.8 4 283.5 1.2 283.5 0z\"><\/path> <\/svg><\/div>\r\n<div class=\"\">\r\n<div class=\"row\">\r\n<div class=\"col-xs-12 col-sm-7\">\r\n<div class=\"row middle-sm full-height-row\">\r\n<div class=\"col-xs-12 col-sm-8 col-sm-offset-2 col-padding\" data-type=\"column\">\r\n<h6 class=\"font-400\" data-page-optimizer-editable=\"true\">XERO<\/h6>\r\n<h2 class=\"\" data-page-optimizer-editable=\"true\"><span style=\"font-family: 'Playfair Display', arial, helvetica, sans-serif; font-style: italic; font-weight: bold;\">Lleva Xero To Go<\/span><\/h2>\r\n<p class=\"space-bottom\" data-page-optimizer-editable=\"true\">Ahora su equipo de ventas puede tener acceso a lo que desea. Extendemos la movilidad de Xero con la granularidad que est\u00e1 buscando, para que sus representantes de ventas de campo vean exactamente lo que usted quiere que vean. inSitu Sales admite la sincronizaci\u00f3n de datos bidireccional y tiene las caracter\u00edsticas que las empresas modernas necesitan para operar a escala. \u00a1Obtenga acceso al software de ventas de campo m\u00e1s poderoso hoy!<\/p>\r\n<a class=\"button mdc-elevation--z1 space-bottom-small mdc-ripple-upgraded big no-shadow color1\" href=\"https:\/\/www.insitusales.com\/es\/xero-integracion\/\" target=\"_self\" data-cp-link=\"1\" data-icon=\"\" rel=\"noopener noreferrer\">Descubra nuestra integraci\u00f3n de Xero<\/a><\/div>\r\n<\/div>\r\n<\/div>\r\n<div class=\"col-xs-12 col-sm-5 no-padding image-col flexbox middle-sm\"><img decoding=\"async\" src=\"https:\/\/www.insitusales.com\/wp-content\/uploads\/2020\/02\/cropped-xero-connected-app-logo-hires-RGB-3.png\" class=\"image-offset mdc-elevation--z0\" alt=\"\" title=\"\" data-page-optimizer-editable=\"true\"><\/div>\r\n<\/div>\r\n<\/div>\r\n<\/div>\r\n<!-- \/wp:extendstudio\/materialis-->\r\n\r\n<!-- wp:extendstudio\/materialis-->\r\n<div data-label=\"Content\" data-id=\"content--5\" data-export-id=\"content-11-materialis\" data-category=\"content\" class=\"content-11m content-section cloudy_knoxville\" id=\"content-5\">\r\n<div class=\"\">\r\n<div class=\"row\">\r\n<div class=\"col-xs-12 col-sm-5 no-padding image-col flexbox middle-sm\"><img decoding=\"async\" src=\"https:\/\/www.insitusales.com\/wp-content\/uploads\/2021\/04\/cropped-cropped-fishbowl-integration.png\" class=\"image-offset mdc-elevation--z0\" alt=\"\" title=\"\" data-page-optimizer-editable=\"true\"><\/div>\r\n<div class=\"col-xs-12 col-sm-7 first-xs last-sm\">\r\n<div class=\"row middle-sm full-height-row\">\r\n<div class=\"col-xs-12 col-sm-8 col-padding col-sm-offset-2\" data-type=\"column\">\r\n<h6 class=\"font-400\" data-page-optimizer-editable=\"true\">Gesti\u00f3n de inventario de pecera<\/h6>\r\n<h2 class=\"\" data-page-optimizer-editable=\"true\">API Fishbowl para QuickBooks\u00ae<\/h2>\r\n<p class=\"space-bottom\" data-page-optimizer-editable=\"true\">Mejore su proceso de habilitaci\u00f3n de ventas conectando QuickBooks\u00ae con nuestra integraci\u00f3n Fishbowl. Como un ERP de gesti\u00f3n de inventario principalmente, Fishbowl mejora el cumplimiento de los pedidos de ventas realizados a trav\u00e9s de QuickBooks\u00ae.<\/p>\r\n<a class=\"button mdc-elevation--z1 space-bottom-small big null color1 mdc-ripple-upgraded\" href=\"https:\/\/www.insitusales.com\/es\/integraciones\/pecera-inventario-integracion\/\" target=\"_self\" data-cp-link=\"1\" data-icon=\"\" rel=\"noopener\">M\u00e1s sobre la integraci\u00f3n Fishbowl<\/a><\/div>\r\n<\/div>\r\n<\/div>\r\n<\/div>\r\n<\/div>\r\n<\/div>\r\n<!-- \/wp:extendstudio\/materialis--><!-- CloudPress Companion Preview Data START -->\r\n\r\n<!-- wp:extendstudio\/materialis-->\r\n<div data-label=\"Content\" data-id=\"content--6\" data-export-id=\"content-10-materialis\" data-category=\"content\" class=\"content-10m content-section\" id=\"content-6\" style=\"background-color: #ffffff;\">\r\n<div class=\"\">\r\n<div class=\"row\">\r\n<div class=\"col-xs-12 col-sm-7\">\r\n<div class=\"row middle-sm full-height-row\">\r\n<div class=\"col-xs-12 col-sm-8 col-sm-offset-2 col-padding\" data-type=\"column\">\r\n<h6 class=\"font-400\" data-page-optimizer-editable=\"true\">Epicor<\/h6>\r\n<h2 class=\"\" data-page-optimizer-editable=\"true\">Integraci\u00f3n de Epicor para distribuci\u00f3n<\/h2>\r\n<p class=\"space-bottom\" data-page-optimizer-editable=\"true\">Epicor es un ERP especializado para industrias bajo distribuidores y fabricantes. Debido a que estas funciones espec\u00edficas est\u00e1n dise\u00f1adas para sincronizarse con software como el nuestro, conectarse es tan f\u00e1cil como ingresar su informaci\u00f3n de inicio de sesi\u00f3n con un c\u00f3digo de autenticaci\u00f3n apropiado.\u00a0<\/p>\r\n<a class=\"button mdc-elevation--z1 space-bottom-small big null color1 mdc-ripple-upgraded\" href=\"https:\/\/www.insitusales.com\/es\/integraciones\/epicor\/\" target=\"_self\" data-cp-link=\"1\" data-icon=\"\" rel=\"noopener\">M\u00e1s sobre la integraci\u00f3n de Epicor<\/a><\/div>\r\n<\/div>\r\n<\/div>\r\n<div class=\"col-xs-12 col-sm-5 no-padding image-col flexbox middle-sm\"><img decoding=\"async\" src=\"https:\/\/www.insitusales.com\/wp-content\/uploads\/2021\/04\/cropped-cropped-epicor-distribution.png\" class=\"image-offset mdc-elevation--z0\" alt=\"\" title=\"\" data-page-optimizer-editable=\"true\"><\/div>\r\n<\/div>\r\n<\/div>\r\n<\/div>\r\n<!-- \/wp:extendstudio\/materialis-->\r\n\r\n<!-- wp:extendstudio\/materialis-->\r\n<div data-label=\"Content\" data-id=\"content--4\" data-export-id=\"content-6-materialis\" data-category=\"content\" class=\"content-6m content-section-spacing-large content-section\" id=\"content-4\" style=\"background-color: #f5fafd;\">\r\n<div class=\"gridContainer\">\r\n<div class=\"row\">\r\n<div class=\"section-title-col large\" data-type=\"column\">\r\n<h2 class=\"space-bottom\" data-page-optimizer-editable=\"true\">Comience con inSitu Sales<\/h2>\r\n<p class=\"lead\" data-page-optimizer-editable=\"true\">Con integraciones adicionales con Stripe y Authorize.Net, inSitu Sales se vuelve a\u00fan m\u00e1s poderoso. Incluso podemos crear una aplicaci\u00f3n de etiqueta blanca para usted, por lo que la implementaci\u00f3n es tan simple como una visita a la App Store.<\/p>\r\n<\/div>\r\n<\/div>\r\n<div class=\"row\">\r\n<div class=\"col-xs-12 col-sm-8 col-sm-offset-2 space-bottom text-center\" data-type=\"column\"><img decoding=\"async\" class=\"mdc-elevation--z13 rounded\" src=\"https:\/\/www.insitusales.com\/wp-content\/uploads\/2020\/02\/cropped-phones-v-shape-1-6.jpg\" alt=\"\" title=\"\" data-page-optimizer-editable=\"true\"><\/div>\r\n<div class=\"col-xs-12 space-top text-center\" data-type=\"column\"><a class=\"button big mdc-elevation--z3 color1 mdc-ripple-upgraded\" href=\"https:\/\/app.insitusales.com\/inSituSignUp\/register\" target=\"_self\" data-cp-link=\"1\" data-icon=\"\" rel=\"noopener noreferrer\">COMENZAR<\/a><\/div>\r\n<\/div>\r\n<\/div>\r\n<\/div>\r\n<!-- \/wp:extendstudio\/materialis-->","protected":false},"excerpt":{"rendered":"<p>INTEGRACIONES DE VENTAS DE INSITU PARA DISTRIBUIDORES Integre con ERP y software de contabilidad Los distribuidores tienen una variedad de opciones para importar sus datos a nuestra plataforma para que los representantes puedan acceder a ellos. inSitu Sales se integra directamente con QuickBooks Online y QuickBooks Desktop, Netsuite, SAP B1, Odoo, Epicor, Fishbowl, Xero y ShipStation, y habr\u00e1 a\u00fan m\u00e1s en el futuro...<\/p>","protected":false},"author":8,"featured_media":0,"parent":0,"menu_order":0,"comment_status":"closed","ping_status":"closed","template":"pro\/page-templates\/page-with-small-header.php","meta":{"footnotes":""},"class_list":["post-7904","page","type-page","status-publish","hentry"],"_links":{"self":[{"href":"https:\/\/www.insitusales.com\/es\/wp-json\/wp\/v2\/pages\/7904","targetHints":{"allow":["GET"]}}],"collection":[{"href":"https:\/\/www.insitusales.com\/es\/wp-json\/wp\/v2\/pages"}],"about":[{"href":"https:\/\/www.insitusales.com\/es\/wp-json\/wp\/v2\/types\/page"}],"author":[{"embeddable":true,"href":"https:\/\/www.insitusales.com\/es\/wp-json\/wp\/v2\/users\/8"}],"replies":[{"embeddable":true,"href":"https:\/\/www.insitusales.com\/es\/wp-json\/wp\/v2\/comments?post=7904"}],"version-history":[{"count":10,"href":"https:\/\/www.insitusales.com\/es\/wp-json\/wp\/v2\/pages\/7904\/revisions"}],"predecessor-version":[{"id":15233,"href":"https:\/\/www.insitusales.com\/es\/wp-json\/wp\/v2\/pages\/7904\/revisions\/15233"}],"wp:attachment":[{"href":"https:\/\/www.insitusales.com\/es\/wp-json\/wp\/v2\/media?parent=7904"}],"curies":[{"name":"gracias","href":"https:\/\/api.w.org\/{rel}","templated":true}]}}