{"id":7853,"date":"2020-08-21T20:56:31","date_gmt":"2020-08-21T20:56:31","guid":{"rendered":"https:\/\/www.insitusales.com\/?page_id=7853"},"modified":"2022-12-14T20:01:31","modified_gmt":"2022-12-14T20:01:31","slug":"pareja","status":"publish","type":"page","link":"https:\/\/www.insitusales.com\/es\/pareja\/","title":{"rendered":"Programa de Partners"},"content":{"rendered":"<div  data-label=\"Content\" data-id=\"content--1\" data-export-id=\"content-7-materialis\" data-category=\"content\" class=\"content-7m content-section-spacing-large content-section dark-text\" id=\"content-1\" style=\"background-color: rgb(245, 250, 253); background-image: none;\"><div  class=\"gridContainer\"> <div  class=\"row middle-sm\"><div  class=\"col-md-6 col-xs-12 col-sm-6 col-padding-small-xs\"> <img decoding=\"async\" class=\"img-rounded mdc-elevation--z0\" src=\"https:\/\/www.insitusales.com\/wp-content\/uploads\/Referrals.png\" alt=\"\" title=\"\"><\/div> <div  class=\"col-md-5 col-md-offset-1 col-xs-12 col-sm-6 content-left-sm col-padding-small-xs\" data-type=\"column\">  <h4  class=\"\">Software para distribuidores y fabricantes mayoristas de mercado medio<\/h4><h1  class=\"\">Obtenga ingresos mensuales como socio de referencia<\/h1><p  class=\"space-top\">Construya una asociaci\u00f3n de beneficio mutuo con inSitu Sales que enfatice el crecimiento de sus clientes utilizando el software de ventas mejor calificado especializado para distribuidores y fabricantes.\n<br ><br ><b >\nLos socios obtendr\u00e1n 20% de ingresos mensuales<\/b> de todas las suscripciones de referencia.<\/p> <a class=\"button null color1 mdc-ripple-upgraded\" href=\"https:\/\/app.insitusales.com\/inSituSignUp\/registerReseller\" target=\"_blank\" data-cp-link=\"1\" data-icon=\"\" rel=\"noopener\">\u00danase al programa de socios<\/a><a class=\"button mdc-ripple-upgraded null color1 outline\" href=\"https:\/\/app.insitusales.com\/partner\" target=\"_self\" data-cp-link=\"1\" data-icon=\"\" rel=\"noopener\">Inicio de sesi\u00f3n de socio<\/a><\/div> <\/div><\/div> <\/div><div  data-label=\"Features\" data-id=\"features--1\" data-export-id=\"features-13-card-bordered\" data-category=\"features\" class=\"features-13 content-section content-section-spacing-large\" id=\"features-1\" style=\"background-color: #ffffff;\">\n<div  class=\"gridContainer\">\n<div  class=\"row text-center\">\n<div  class=\"section-title-col\" data-type=\"column\">\n<h2  class=\"\">\u00bfPor qu\u00e9 asociarse con inSitu Sales?&nbsp;<\/h2>\n<p  class=\"lead\">Le brindamos beneficios exclusivos, reparto de ingresos y m\u00e1s. Obtenga acceso al programa de asociaci\u00f3n m\u00e1s s\u00f3lido para preventa, autoventa y aplicaciones al por mayor.<\/p>\n<\/div>\n<\/div>\n<div  class=\"row spaced-cols content-center-sm\" data-type=\"row\">\n<div  class=\"col-xs-12 col-sm-4 col-md-3\">\n<div  class=\"card mdc-elevation--z3 bordered y-move\" data-type=\"column\"><i  class=\"mdi icon mdi-comment-account-outline reverse round big color1\"><\/i>\n<h4  class=\"\">Acceso directo<\/h4>\n<p  class=\"\">Obtenga acceso exclusivo a nuestro equipo de marketing y ventas. Podemos trabajar con usted en la creaci\u00f3n de contenido y estrategias inbound.<\/p>\n<\/div>\n<\/div>\n<div  class=\"col-xs-12 col-sm-4 col-md-3\">\n<div  class=\"card mdc-elevation--z3 bordered y-move\" data-type=\"column\"><i  class=\"mdi icon mdi-currency-usd reverse round big color1\"><\/i>\n<h4  class=\"\">Participaci\u00f3n en los ingresos<\/h4>\n<p  class=\"\">Dos opciones para ganar 20% en el gasto del cliente <br ><span  style=\"font-weight: 300; font-style: italic;\"> <br >La participaci\u00f3n en los ingresos est\u00e1 sujeta a cambios<\/span><\/p>\n<\/div>\n<\/div>\n<div  class=\"col-xs-12 col-sm-4 col-md-3\">\n<div  class=\"card mdc-elevation--z3 bordered y-move\" data-type=\"column\"><i  class=\"mdi icon mdi-trophy-variant reverse round big color1\"><\/i>\n<h4  class=\"\">ROI m\u00e1s escalable<\/h4>\n<p  class=\"\">Sus clientes trabajar\u00e1n con el software mejor calificado creado para cubrir funciones de ventas esenciales y al mejor precio posible.<\/p>\n<\/div>\n<\/div>\n<div  class=\"col-xs-12 col-sm-4 col-md-3\">\n<div  class=\"card mdc-elevation--z3 bordered y-move\" data-type=\"column\"><i  class=\"mdi icon mdi-target reverse round big color1\"><\/i>\n<h4  class=\"\">Enfoque de la industria especializada<\/h4>\n<p  class=\"\">inSitu Sales es una de las pocas soluciones creadas espec\u00edficamente para distribuidores mayoristas y fabricantes, entendiendo sus necesidades \u00fanicas.&nbsp;<\/p>\n<\/div>\n<\/div><\/div>\n<\/div>\n<\/div><div  data-label=\"Counters\" data-id=\"counters--1\" data-export-id=\"counters-11-materialis\" data-category=\"counters\" class=\"counters-11m content-section content-section-spacing-large\" id=\"counters-1\" style=\"background-color: #f5fafd;\">\n<div  class=\"gridContainer\">\n<div  class=\"row\">\n<div  class=\"section-title-col\" data-type=\"column\">\n<h2  class=\"\">\u00a1Estamos felices de asociarnos con usted!<\/h2>\n<\/div>\n<\/div>\n<div  class=\"row space-top content-left-sm center-sm\" data-type=\"row\">\n<div  class=\"col-xs-12 space-bottom col-md-4\">\n<div  class=\"counter-box col-padding bg-color1\" data-type=\"column\">\n<h2  class=\"h1 counter-text font-400 color-white no-margin-bottom\" data-min=\"0\" data-max=\"50\" data-duration=\"2000\" data-prefix=\"\" data-suffix=\" \" data-countup=\"true\"><\/h2>\n<h6  class=\"upper\">PARTNERS<\/h6>\n<\/div>\n<\/div>\n<div  class=\"col-xs-12 space-bottom col-md-4\">\n<div  class=\"counter-box col-padding bg-color4\" data-type=\"column\">\n<h2  class=\"h1 counter-text font-400 color-white no-margin-bottom\" data-min=\"0\" data-max=\"20\" data-duration=\"2000\" data-prefix=\"UP TO \" data-suffix=\"%\" data-countup=\"true\"><\/h2>\n<h6  class=\"upper\">PARTICIPACI\u00d3N EN LOS INGRESOS<\/h6>\n<\/div>\n<\/div>\n<div  class=\"col-xs-12 space-bottom col-md-4\">\n<div  class=\"counter-box col-padding bg-color5\" data-type=\"column\">\n<h2  class=\"h1 counter-text font-400 color-white no-margin-bottom\" data-min=\"0\" data-max=\"10\" data-duration=\"2000\" data-prefix=\"\" data-suffix=\" \" data-countup=\"true\"><\/h2>\n<h6  class=\"upper\">PROVEEDORES DE QUICKBOOKS<\/h6>\n<\/div>\n<\/div>\n<\/div>\n<\/div>\n<\/div><p ><!-- Google Tag Manager (noscript) added by Site Kit --><\/p><div  data-label=\"Overlappable\" data-id=\"overlappable--2\" data-export-id=\"overlappable-2\" data-category=\"overlappable\" class=\"overlappable-2 content-section content-section-spacing-large\" data-overlap=\"true\" id=\"overlappable-2\" style=\"background-color: #ffffff;\">\n<div  class=\"gridContainer\">\n<div  class=\"row middle-sm mdc-elevation--z5 bg-color-white\">\n<div  class=\"col-xs-12 col-md-4 top-sm col-padding col-padding-xs\" data-type=\"column\">\n<h3  class=\"\">As\u00ed es c\u00f3mo&nbsp;<br ><span  style=\"font-family: Playfair Display, sans-serif;\"><b ><i >funciona<\/i><\/b><\/span><\/h3>\n<p  class=\"\">Te ayudaremos a empezar. Una vez que est\u00e9 a bordo, nuestro equipo se asegurar\u00e1 de que tenga todo lo que necesita.<\/p>\n<a class=\"button y-move mdc-ripple-upgraded big no-shadow color1\" href=\"https:\/\/app.insitusales.com\/inSituSignUp\/registerReseller\" target=\"_self\" data-cp-link=\"1\" data-icon=\"\" rel=\"noopener noreferrer\">REG\u00cdSTRATE<\/a><\/div>\n<div  class=\"col-xs-12 col-md-8\">\n<div  class=\"row\" data-type=\"row\" data-max-items=\"4\">\n<div  class=\"col-xs-12 col-sm-6 col-padding col-padding-small-xs\"><i  class=\"mdi icon mdi-account-circle bordered round normal-size color1\"><\/i>\n<h5  class=\"\">Soporte 24\/7<\/h5>\n<p  class=\"\">Nuestro equipo est\u00e1 disponible las 24 horas del d\u00eda, los 7 d\u00edas de la semana para ayudarlo a usted y a sus clientes con el sistema inSitu Sales<\/p>\n<\/div>\n<div  class=\"col-xs-12 col-sm-6 col-padding col-padding-small-xs\"><i  class=\"mdi icon mdi-calendar-multiple bordered round normal-size color1\"><\/i>\n<h5  class=\"\">Soporte de mercadeo<\/h5>\n<p  class=\"\">Reuniones mensuales con nuestro equipo para planificaci\u00f3n de marketing y ventas<\/p>\n<\/div>\n<div  class=\"col-xs-12 col-sm-6 col-padding col-padding-small-xs\"><i  class=\"mdi icon mdi-approval bordered round normal-size color1\"><\/i>\n<h5  class=\"\">Compatibilidad<\/h5>\n<p  class=\"\">inSitu Sales funciona con QuickBooks Desktop, QuickBooks Online, Xero, SAP Business One o SAP R\/3<\/p>\n<\/div>\n<div  class=\"col-xs-12 col-sm-6 col-padding col-padding-small-xs\"><i  class=\"mdi icon mdi-bullhorn bordered round normal-size color1\"><\/i>\n<h5  class=\"\">Servicios de marketing<\/h5>\n<p  class=\"\">Trabajamos con su equipo para crear estrategias de marketing efectivas para compartir inSitu Sales. Podemos ayudar con la creaci\u00f3n de contenido y las t\u00e1cticas de inbound marketing.<\/p>\n<\/div>\n<\/div>\n<\/div>\n<\/div>\n<\/div>\n<\/div><div  data-label=\"Pricing\" data-id=\"pricing--1\" data-export-id=\"pricing-7\" data-category=\"pricing\" class=\"pricing-7 content-section content-section-spacing-large bg-color1 white-text\" data-featured-class=\"pricing-featured\" id=\"pricing-1\">\n<div  class=\"gridContainer\">\n<div  class=\"row\">\n<div  data-type=\"column\" class=\"section-title-col\">\n<h2  class=\"inverted\">Dos opciones de reparto de ingresos<\/h2>\n<p  class=\"lead\">Facture directamente a sus clientes u ofrezca un descuento 20%, con la flexibilidad de elegir el plan m\u00e1s adecuado para cada cliente. De cualquier manera, obtendr\u00e1 los beneficios de compartir la aplicaci\u00f3n de ventas de campo m\u00e1s poderosa para empresas mayoristas.<\/p>\n<\/div>\n<\/div>\n<div  class=\"row spaced-cols center-sm\" data-type=\"row\" data-max-items=\"4\">\n<div  class=\"col-xs-12 col-sm-4 text-center\">\n<div  class=\"card mdc-elevation--z5 rounded margin-top-bottom\">\n<div  class=\"margin-top-bottom\" data-type=\"column\">\n<h5  class=\"upper color-black\">Tradicional<\/h5>\n<h3  class=\"h1 color-black\">20%<\/h3>\n<p  class=\"small color2\">de ingresos por usuario<\/p>\n<ul  class=\"unstyled checked-ul decoration-color1 black text-center\">\n<li >Disponible para planes mensuales y anuales<\/li>\n<li >F\u00e1cil de configurar<\/li>\n<li >Autoservicio del cliente<\/li>\n<li >Comisi\u00f3n pagada despu\u00e9s de la facturaci\u00f3n<\/li>\n<\/ul>\n<a data-default=\"color1\" data-featured=\"color2\" class=\"button upper mdc-ripple-upgraded no-shadow color1\" href=\"https:\/\/app.insitusales.com\/inSituSignUp\/registerReseller\" target=\"_self\" data-cp-link=\"1\" data-icon=\"\" rel=\"noopener noreferrer\">APRENDE M\u00c1S<\/a><\/div>\n<\/div>\n<\/div>\n<div  class=\"col-xs-12 col-sm-4 text-center\">\n<div  class=\"card mdc-elevation--z5 rounded margin-top-bottom\">\n<div  class=\"margin-top-bottom\" data-type=\"column\">\n<h5  class=\"upper color-black\">Revendedores<\/h5>\n<h3  class=\"h1 color-black\">20%<\/h3>\n<p  class=\"small color2\">de cada factura<\/p>\n<ul  class=\"unstyled checked-ul decoration-color1 black text-center\">\n<li >C\u00f3digo promocional para 20% de descuento en facturaci\u00f3n<\/li>\n<li >Sencillo para tu cliente<\/li>\n<li >Te facturamos, mantienes tu relaci\u00f3n con el cliente<\/li>\n<\/ul>\n<a data-default=\"color1\" data-featured=\"color2\" class=\"button upper mdc-ripple-upgraded no-shadow color1\" href=\"https:\/\/app.insitusales.com\/inSituSignUp\/registerReseller\" target=\"_self\" data-cp-link=\"1\" data-icon=\"\" rel=\"noopener noreferrer\">APRENDE M\u00c1S<\/a><\/div>\n<\/div>\n<\/div>\n<\/div>\n<\/div>\n<\/div>","protected":false},"excerpt":{"rendered":"","protected":false},"author":8,"featured_media":0,"parent":0,"menu_order":0,"comment_status":"closed","ping_status":"closed","template":"pro\/page-templates\/page-with-small-header.php","meta":{"footnotes":""},"class_list":["post-7853","page","type-page","status-publish","hentry"],"_links":{"self":[{"href":"https:\/\/www.insitusales.com\/es\/wp-json\/wp\/v2\/pages\/7853","targetHints":{"allow":["GET"]}}],"collection":[{"href":"https:\/\/www.insitusales.com\/es\/wp-json\/wp\/v2\/pages"}],"about":[{"href":"https:\/\/www.insitusales.com\/es\/wp-json\/wp\/v2\/types\/page"}],"author":[{"embeddable":true,"href":"https:\/\/www.insitusales.com\/es\/wp-json\/wp\/v2\/users\/8"}],"replies":[{"embeddable":true,"href":"https:\/\/www.insitusales.com\/es\/wp-json\/wp\/v2\/comments?post=7853"}],"version-history":[{"count":10,"href":"https:\/\/www.insitusales.com\/es\/wp-json\/wp\/v2\/pages\/7853\/revisions"}],"predecessor-version":[{"id":12044,"href":"https:\/\/www.insitusales.com\/es\/wp-json\/wp\/v2\/pages\/7853\/revisions\/12044"}],"wp:attachment":[{"href":"https:\/\/www.insitusales.com\/es\/wp-json\/wp\/v2\/media?parent=7853"}],"curies":[{"name":"gracias","href":"https:\/\/api.w.org\/{rel}","templated":true}]}}