{"id":7690,"date":"2020-04-15T23:28:28","date_gmt":"2020-04-15T23:28:28","guid":{"rendered":"https:\/\/www.insitusales.com\/?page_id=7690"},"modified":"2024-03-13T19:48:46","modified_gmt":"2024-03-13T19:48:46","slug":"contrato-de-licencia-de-usuario-final","status":"publish","type":"page","link":"https:\/\/www.insitusales.com\/es\/contrato-de-licencia-de-usuario-final\/","title":{"rendered":"Acuerdo de licencia de usuario final y pol\u00edtica de privacidad"},"content":{"rendered":"<div data-id=\"initial-content-section\" data-export-id=\"initial-content-section\" data-label=\"Initial Content\" id=\"initial-content-section\" class=\"content-section content-section-spacing\">\r\n<div  class=\"gridContainer\">\r\n<div class=\"row\">\r\n<div class=\"col-xs-12 col-sm-12\">\r\n<p><\/p>\r\n<p  class=\"has-text-align-center has-large-font-size\"><strong>Pol\u00edtica de privacidad<\/strong><\/p>\r\n<p><\/p>\r\n<p><\/p>\r\n<p class=\"has-medium-font-size\"><strong>Quienes somos<\/strong><\/p>\r\n<p><\/p>\r\n<p><\/p>\r\n<p>inSitu Sales es una soluci\u00f3n todo en uno para ventas en campo, distribuci\u00f3n y comercio electr\u00f3nico B2B.\u00a0<\/p>\r\n<p><\/p>\r\n<p><\/p>\r\n<p>inSitu Sales (\u201c<strong>inSitu Sales<\/strong>&quot;,<strong>&#039;inSitu Mobile&#039;<\/strong>, &quot;<strong>nosotros<\/strong>&quot;,&quot;<strong>nosotros<\/strong>&quot;O&quot;<strong>nuestro<\/strong>\u201d) Se compromete a proteger los datos que comparte con nosotros. Esta Pol\u00edtica de privacidad explica c\u00f3mo recopilamos, usamos y divulgamos su informaci\u00f3n que puede usarse para identificar directa o indirectamente a una persona (&quot;<strong>Informacion personal<\/strong>&quot;).<\/p>\r\n<p><\/p>\r\n<p><\/p>\r\n<p>Respetamos su derecho a la privacidad y solo procesaremos la informaci\u00f3n personal de acuerdo con la legislaci\u00f3n aplicable en los EE. UU., La UE y otros pa\u00edses donde ofrecemos nuestros Servicios.<\/p>\r\n<p><\/p>\r\n<p><\/p>\r\n<p>Esta Pol\u00edtica de privacidad se aplica a: todos nuestros softwares, sitios web, servicios, foros, canales de redes sociales, soporte t\u00e9cnico y al cliente y cualquier otro servicio que podamos brindarle (en adelante, los t\u00e9rminos &quot;<strong>inSitu Sales<\/strong>&#039; o &quot;<strong>Nuestros servicios<\/strong>&quot;Se referir\u00e1 a todos estos elementos).<\/p>\r\n<p><\/p>\r\n<p><\/p>\r\n<p>Esta Pol\u00edtica de privacidad no se aplica a ninguna aplicaci\u00f3n o software de terceros que se integre con inSitu Sales, ni a ning\u00fan otro producto, servicio o empresa de terceros (en adelante, &quot;<strong>Servicios de terceros<\/strong>&quot;). Nuestros Servicios pueden, de vez en cuando, contener enlaces hacia y desde dichos Servicios de terceros. Esta Pol\u00edtica de privacidad no se extiende a estos sitios o servicios externos. Lo alentamos a que obtenga m\u00e1s informaci\u00f3n sobre las pr\u00e1cticas y pol\u00edticas de privacidad y seguridad de dichos terceros antes de proporcionarles cualquier informaci\u00f3n.<\/p>\r\n<p><\/p>\r\n<p><\/p>\r\n<p>Esta declaraci\u00f3n de privacidad se aplica a www.insitusales.com y rige la recopilaci\u00f3n y el uso de datos. A los efectos de esta Pol\u00edtica de privacidad, a menos que se indique lo contrario, todas las referencias a inSitu Sales incluyen www.insitumobile.com, www.insitusales.com, app.insitusales.com y www.b2bmobilesales.com.\u00a0<\/p>\r\n<p><\/p>\r\n<p><\/p>\r\n<p class=\"has-medium-font-size\"><strong>Qu\u00e9 datos personales recopilamos y por qu\u00e9 los recopilamos<\/strong><\/p>\r\n<p><\/p>\r\n<p><\/p>\r\n<p><strong>Informaci\u00f3n que usted proporciona<\/strong><\/p>\r\n<p><\/p>\r\n<p><\/p>\r\n<p><strong>Datos de la compa\u00f1ia<\/strong><\/p>\r\n<p><\/p>\r\n<p><\/p>\r\n<p>Recopilamos la informaci\u00f3n que proporciona cuando se registra para obtener una cuenta de cualquiera de los Servicios inSitu Sales, ingresa cualquier informaci\u00f3n en nuestros Servicios, se comunica con nosotros, responde nuestras encuestas, carga contenido o cualquier otro uso de nuestros Servicios. Para poder proporcionarle el inSitu Sales, necesitamos procesar la informaci\u00f3n que se proporciona a continuaci\u00f3n. En caso de que no acepte proporcionarnos la informaci\u00f3n mencionada anteriormente, no podr\u00e1 utilizar inSitu Sales.<\/p>\r\n<p><\/p>\r\n<p><\/p>\r\n<p>Podemos recopilar y recibir la siguiente informaci\u00f3n cuando utiliza inSitu Sales<\/p>\r\n<p><\/p>\r\n<p><\/p>\r\n<ul class=\"wp-block-list\">\r\n<li>Informaci\u00f3n de identificaci\u00f3n: su nombre y apellido, su n\u00famero de tel\u00e9fono, su direcci\u00f3n de correo electr\u00f3nico, cualquier nombre de usuario utilizado para identificarse en inSitu Sales.<\/li>\r\n<li>Informaci\u00f3n de pago: informaci\u00f3n como su n\u00famero de tarjeta de d\u00e9bito o cr\u00e9dito, fecha de vencimiento de la tarjeta, c\u00f3digo CVV y direcci\u00f3n de facturaci\u00f3n.<\/li>\r\n<li>Otra informaci\u00f3n: cualquier otra informaci\u00f3n que nos proporcione a trav\u00e9s de nuestros Servicios. Esto incluye la ubicaci\u00f3n del usuario, el nombre, el nombre de la empresa, la direcci\u00f3n, el n\u00famero de tel\u00e9fono o la direcci\u00f3n de correo electr\u00f3nico y otra informaci\u00f3n de sus clientes. Cuando nos proporciona informaci\u00f3n personal sobre sus clientes, solo usaremos esta informaci\u00f3n por el motivo espec\u00edfico por el cual se proporciona, como para realizar transacciones, registrar actividades o visualizar informaci\u00f3n relevante.<\/li>\r\n<li>Podemos recopilar datos de su empresa integr\u00e1ndolos a los servicios de terceros que elija para agilizar sus ventas de campo, distribuci\u00f3n o comercio electr\u00f3nico B2B.\u00a0<\/li>\r\n<li>inSitu Sales utiliza servicios de terceros que pueden recopilar informaci\u00f3n utilizada para identificarlo u obtener sus datos. Aqu\u00ed hay una lista y el enlace a sus pol\u00edticas de privacidad.\r\n<ul>\r\n<li>API de Google Drive: <a href=\"https:\/\/policies.google.com\/privacy\" target=\"_blank\" rel=\"noopener\" class=\"\">https:\/\/policies.google.com\/privacy<\/a>. Recopilamos informaci\u00f3n de archivos y cargamos \/ descargamos datos a su unidad de Google.<\/li>\r\n<\/ul>\r\n<\/li>\r\n<\/ul>\r\n<p><\/p>\r\n<p><\/p>\r\n<p><strong>Galletas<\/strong><\/p>\r\n<p><\/p>\r\n<p><\/p>\r\n<p>Para mejorar nuestros Servicios y brindarle una experiencia m\u00e1s relevante, podemos recopilar informaci\u00f3n mediante cookies. Las cookies son peque\u00f1os archivos de datos almacenados en su disco duro por un sitio web. Ciertas cookies que utilizamos duran solo la duraci\u00f3n de su sesi\u00f3n web o de la aplicaci\u00f3n y caducan cuando cierra su navegador o sale de la aplicaci\u00f3n. Otras cookies se utilizan para recordarle cuando vuelva a utilizar nuestros Servicios y, como tal, durar\u00e1n m\u00e1s. Podemos utilizar cookies para ver qu\u00e9 \u00e1reas y funciones son populares y para contar las visitas a nuestro Servicio. La mayor\u00eda de los navegadores web est\u00e1n configurados para aceptar cookies de forma predeterminada. Si lo prefiere, normalmente puede optar por configurar su navegador para eliminar o rechazar las cookies. Tenga en cuenta que si usamos cookies y elige eliminarlas o rechazarlas, esto podr\u00eda afectar ciertas caracter\u00edsticas de los Servicios inSitu Sales.<\/p>\r\n<p><\/p>\r\n<p><\/p>\r\n<p>Tambi\u00e9n podemos permitir que terceros, como Google, utilicen cookies en nuestros Servicios. Dichas cookies de terceros se utilizan para ayudar a reconocer su estado de inicio de sesi\u00f3n y permitirle acceder a funciones de terceros habilitadas a trav\u00e9s de nuestros Servicios y para evaluar y compilar estad\u00edsticas agregadas sobre la actividad en nuestros Servicios. Por lo general, puede elegir configurar su navegador para eliminar y \/ o rechazar estas cookies, pero tenga en cuenta que hacerlo podr\u00eda afectar ciertas funciones de los Servicios inSitu Sales.<\/p>\r\n<p><\/p>\r\n<p><\/p>\r\n<p>Tambi\u00e9n podemos recopilar informaci\u00f3n mediante balizas web. Las balizas web son im\u00e1genes electr\u00f3nicas que pueden usarse en nuestros Servicios o correos electr\u00f3nicos. Utilizamos balizas web para entregar cookies, rastrear el n\u00famero de visitas a nuestro sitio web y aplicaciones, comprender el uso y la efectividad de la campa\u00f1a, y determinar si un correo electr\u00f3nico se ha abierto y se ha actuado sobre \u00e9l.<\/p>\r\n<p><\/p>\r\n<p><\/p>\r\n<p><strong>Contenido incrustado de otros sitios web<\/strong><\/p>\r\n<p><\/p>\r\n<p><\/p>\r\n<p>Los art\u00edculos en este sitio pueden incluir contenido incrustado (por ejemplo, videos, im\u00e1genes, art\u00edculos, etc.). El contenido incrustado de otros sitios web se comporta exactamente de la misma manera que si el visitante hubiera visitado el otro sitio web.<\/p>\r\n<p><\/p>\r\n<p><\/p>\r\n<p>Estos sitios web pueden recopilar datos sobre usted, usar cookies, incrustar seguimiento adicional de terceros y monitorear su interacci\u00f3n con ese contenido incrustado, incluido el seguimiento de su interacci\u00f3n con el contenido incrustado si tiene una cuenta y ha iniciado sesi\u00f3n en ese sitio web.<\/p>\r\n<p><\/p>\r\n<p><\/p>\r\n<p class=\"has-medium-font-size\"><strong>Con qui\u00e9n compartimos sus datos<\/strong><\/p>\r\n<p><\/p>\r\n<p><\/p>\r\n<p>No compartimos sus datos con nadie m\u00e1s que con usted.<\/p>\r\n<p><\/p>\r\n<p><\/p>\r\n<p class=\"has-medium-font-size\"><strong>Cu\u00e1nto tiempo conservamos sus datos<\/strong><\/p>\r\n<p><\/p>\r\n<p><\/p>\r\n<p>Sus datos y sus metadatos se conservan indefinidamente. Esto es para que podamos brindarle un mejor servicio. Puede solicitar la eliminaci\u00f3n de todos sus datos de forma permanente envi\u00e1ndonos una solicitud a support@insitusales.com.<\/p>\r\n<p><\/p>\r\n<p><\/p>\r\n<p class=\"has-medium-font-size\"><strong>Qu\u00e9 derechos tienes sobre tus datos<\/strong><\/p>\r\n<p><\/p>\r\n<p><\/p>\r\n<p>Si tiene una cuenta con nosotros, puede solicitar recibir un archivo exportado de los datos personales que tenemos sobre usted, incluidos los datos que nos haya proporcionado. Tambi\u00e9n puede solicitar que borremos cualquier informaci\u00f3n personal que tengamos sobre usted. Esto no incluye ning\u00fan dato que estemos obligados a conservar con fines administrativos, legales o de seguridad.<\/p>\r\n<p><\/p>\r\n<p><\/p>\r\n<p class=\"has-medium-font-size\"><strong>Donde enviamos sus datos<\/strong><\/p>\r\n<p><\/p>\r\n<p><\/p>\r\n<p>Utilizamos medidas de seguridad s\u00f3lidas y de \u00faltima generaci\u00f3n para proteger su informaci\u00f3n. Almacenamos su informaci\u00f3n en servidores &#039;en la nube&#039; propiedad y operados por Amazon Web Services (&quot;<strong>AWS<\/strong>&quot;), Microsoft Azure y Google Cloud. Estos centros de datos se someten a certificaciones anuales para garantizar que cumplen con los m\u00e1s altos est\u00e1ndares de seguridad f\u00edsica y virtual. Puede encontrar m\u00e1s informaci\u00f3n sobre las pr\u00e1cticas de seguridad de AWS en\u00a0<a href=\"http:\/\/aws.amazon.com\/security\" target=\"_blank\" rel=\"noopener\" class=\"\">http:\/\/aws.amazon.com\/security\/<\/a>. AWS tambi\u00e9n est\u00e1 certificado bajo el Escudo de privacidad UE-EE. UU. Puede ver su certificaci\u00f3n en\u00a0<a href=\"https:\/\/www.privacyshield.gov\/participant?id=a2zt0000000TOWQAA4\" target=\"_blank\" rel=\"noopener\" class=\"\">https:\/\/www.privacyshield.gov\/participant?id=a2zt0000000TOWQAA4<\/a>.<\/p>\r\n<p><\/p>\r\n<p><\/p>\r\n<p>Las partes cr\u00edticas de nuestros Servicios emplean el m\u00e1s alto nivel de est\u00e1ndares de seguridad, desde HTTPS SSL, cifrado en reposo hasta cifrado de contrase\u00f1a. Estas medidas est\u00e1n destinadas a evitar la p\u00e9rdida, mal uso y alteraci\u00f3n de la informaci\u00f3n que obtenemos de usted.<\/p>\r\n<p><\/p>\r\n<p><\/p>\r\n<p>Tomamos todas las medidas razonables para ayudar a proteger su Informaci\u00f3n personal en un esfuerzo por evitar la p\u00e9rdida, el uso indebido y el acceso, divulgaci\u00f3n, alteraci\u00f3n y destrucci\u00f3n no autorizados. inSitu protege su informaci\u00f3n personal y de la empresa frente al acceso, uso o divulgaci\u00f3n no autorizados. Cuando la informaci\u00f3n personal o de la empresa (como un n\u00famero de tarjeta de cr\u00e9dito) se transmite a otros sitios web, se protege mediante el uso de cifrado, como el protocolo Secure Sockets Layer (SSL).<\/p>\r\n<p><\/p>\r\n<p><\/p>\r\n<p class=\"has-medium-font-size\"><strong>Ni\u00f1os menores de trece a\u00f1os<\/strong><\/p>\r\n<p><\/p>\r\n<p><\/p>\r\n<p>inSitu no recopila a sabiendas informaci\u00f3n de identificaci\u00f3n personal de ni\u00f1os menores de trece a\u00f1os. Si tiene menos de trece a\u00f1os, debe solicitar permiso a sus padres o tutores para usar este sitio web.<\/p>\r\n<p><\/p>\r\n<p><\/p>\r\n<p class=\"has-medium-font-size\"><strong>Darse de baja y darse de baja<\/strong><\/p>\r\n<p><\/p>\r\n<p><\/p>\r\n<p>Respetamos su privacidad y le damos la oportunidad de optar por no recibir anuncios de cierta informaci\u00f3n. Los usuarios pueden optar por no recibir ninguna o todas las comunicaciones de inSitu contact\u00e1ndonos.<\/p>\r\n<p><\/p>\r\n<p><\/p>\r\n<p class=\"has-medium-font-size\"><strong>Cambios a esta declaraci\u00f3n<\/strong><\/p>\r\n<p><\/p>\r\n<p><\/p>\r\n<p>inSitu ocasionalmente actualizar\u00e1 esta Declaraci\u00f3n de Privacidad para reflejar los comentarios de la compa\u00f1\u00eda y los clientes. inSitu le recomienda que revise peri\u00f3dicamente esta Declaraci\u00f3n para estar informado de c\u00f3mo inSitu protege su informaci\u00f3n.<\/p>\r\n<p><\/p>\r\n<p><\/p>\r\n<p class=\"has-medium-font-size\"><strong>Nuestra informaci\u00f3n de contacto<\/strong><\/p>\r\n<p><\/p>\r\n<p><\/p>\r\n<p>Si tiene alguna pregunta o comentario sobre esta Pol\u00edtica de privacidad o nuestras pr\u00e1cticas relacionadas con los Servicios inSitu Sales, o si cree que no hemos cumplido con esta Pol\u00edtica de privacidad, comun\u00edquese con nuestro soporte y haremos todo lo posible para ayudarlo: info @ insitusales .com<\/p>\r\n<p><\/p>\r\n<p><\/p>\r\n<p>Para proteger todos los datos de una manera mejor y m\u00e1s eficiente, tambi\u00e9n designamos a un Delegado de Protecci\u00f3n de Datos (\u201c<strong>DPO<\/strong>&quot;). Puede contactar a nuestro DPO en la siguiente direcci\u00f3n de correo electr\u00f3nico: info@insitusales.com<\/p>\r\n<p><\/p>\r\n<p><\/p>\r\n<p>Las consultas escritas se pueden enviar a:<\/p>\r\n<p><\/p>\r\n<p><\/p>\r\n<p>Software m\u00f3vil inSitu <br \/>6060 Center Dr, d\u00e9cimo piso<br \/>Los \u00c1ngeles, CA 90045 EE. UU.<\/p>\r\n<p><\/p>\r\n<p><\/p>\r\n<p>En vigencia a partir del 25 de febrero de 2018<\/p>\r\n<p><\/p>\r\n<p><\/p>\r\n<p class=\"has-text-align-center has-large-font-size\"><strong>Acuerdo de licencia de usuario final<\/strong><\/p>\r\n<p><\/p>\r\n<p><\/p>\r\n<p>Esta copia de inSitu Sales y cualquiera de sus subm\u00f3dulos, como Ventas, Marketing, Formularios, Entregas, An\u00e1lisis y comercio electr\u00f3nico B2B (&#039;el Producto de software&#039;) y la documentaci\u00f3n que la acompa\u00f1a, tiene licencia y no se vende. Este Producto de software est\u00e1 protegido por leyes y tratados de derechos de autor, as\u00ed como por leyes y tratados relacionados con otras formas de propiedad intelectual. inSitu MOBILE SOFTWARE LLC o sus subsidiarias, afiliadas y proveedores (colectivamente &#039;inSitu&#039;) poseen los derechos de propiedad intelectual sobre el Producto de software. La licencia del Licenciatario (&#039;usted&#039; o &#039;su&#039;) para descargar, usar, copiar o cambiar el Producto de software est\u00e1 sujeta a estos derechos y a todos los t\u00e9rminos y condiciones de este Acuerdo de licencia de usuario final (&#039;Acuerdo&#039;).\u00a0<\/p>\r\n<p><\/p>\r\n<p><\/p>\r\n<p><strong>Aceptaci\u00f3n<\/strong><\/p>\r\n<p><\/p>\r\n<p><\/p>\r\n<p>USTED ACEPTA Y ACEPTA ESTAR OBLIGADO POR LOS T\u00c9RMINOS DE ESTE ACUERDO AL SELECCIONAR LA OPCI\u00d3N &#039;ACEPTAR&#039; Y DESCARGAR EL PRODUCTO DE SOFTWARE O AL INSTALAR, UTILIZAR O COPIAR EL PRODUCTO DE SOFTWARE. DEBE ACEPTAR TODOS LOS T\u00c9RMINOS DE ESTE ACUERDO ANTES DE QUE SE LE PERMITA DESCARGAR EL PRODUCTO DE SOFTWARE. SI NO EST\u00c1 DE ACUERDO CON TODOS LOS T\u00c9RMINOS DE ESTE ACUERDO, DEBE SELECCIONAR &quot;RECHAZAR&quot; Y NO DEBE INSTALAR, UTILIZAR O COPIAR EL PRODUCTO DE SOFTWARE.\u00a0<\/p>\r\n<p><\/p>\r\n<p><\/p>\r\n<p><strong>Concesi\u00f3n de licencia<\/strong><\/p>\r\n<p><\/p>\r\n<p><\/p>\r\n<p>Este Acuerdo le da derecho a instalar, acceder y usar el Producto de software. Este Acuerdo no permite el uso de m\u00faltiples usuarios en un solo dispositivo en la versi\u00f3n m\u00f3vil del Producto de Software. Varios usuarios pueden acceder a la versi\u00f3n web del Producto de software. Para obtener m\u00e1s informaci\u00f3n sobre la licencia del Producto de software, comun\u00edquese con:\u00a0<\/p>\r\n<p><\/p>\r\n<p><\/p>\r\n<p><b>Habla a:<\/b> 6060 Center Dr, 10th Floor, Los \u00c1ngeles, CA 90045<br \/><b>N\u00famero de tel\u00e9fono:<\/b> +1 (866) 577-2270 <br \/><b>Direcci\u00f3n de correo electr\u00f3nico:<\/b> info@insitusales.com<\/p>\r\n<p><\/p>\r\n<p><\/p>\r\n<p><strong>Restricciones a la transferencia<\/strong><\/p>\r\n<p><\/p>\r\n<p><\/p>\r\n<p>Sin obtener primero el consentimiento expreso por escrito de inSitu, no puede asignar sus derechos y obligaciones en virtud de este Acuerdo, ni redistribuir, gravar, vender, alquilar, arrendar, sublicenciar ni transferir sus derechos al Producto de software.\u00a0<\/p>\r\n<p><\/p>\r\n<p><\/p>\r\n<p><strong>Restricciones de uso<\/strong><\/p>\r\n<p><\/p>\r\n<p><\/p>\r\n<p>No puede usar, copiar o instalar el Producto de software en ning\u00fan tel\u00e9fono inteligente con m\u00e1s de un usuario. Si tiene varias copias con licencia v\u00e1lida, no puede usar, copiar o instalar el Producto de software en ning\u00fan tel\u00e9fono inteligente con m\u00e1s del n\u00famero de usuarios permitido por la licencia, o permitir el uso, copia o instalaci\u00f3n por m\u00e1s usuarios que el n\u00famero permitido por licencia.\u00a0<\/p>\r\n<p><\/p>\r\n<p><\/p>\r\n<p>No puede descompilar, realizar &quot;ingenier\u00eda inversa&quot;, desensamblar ni intentar derivar el c\u00f3digo fuente del Producto de software.\u00a0<\/p>\r\n<p><\/p>\r\n<p><\/p>\r\n<p><strong>Restricciones a la alteraci\u00f3n<\/strong><\/p>\r\n<p><\/p>\r\n<p><\/p>\r\n<p>No puede modificar el Producto de software ni crear ning\u00fan trabajo derivado del Producto de software o la documentaci\u00f3n que lo acompa\u00f1a. Los trabajos derivados incluyen, entre otros, traducciones. No puede alterar ning\u00fan archivo o biblioteca en ninguna parte del Producto de software. No puede reproducir la parte de la base de datos.<\/p>\r\n<p><\/p>\r\n<p><\/p>\r\n<p><strong>Restricciones en la copia<\/strong><\/p>\r\n<p><\/p>\r\n<p><\/p>\r\n<p>No puede copiar ninguna parte del Producto de software, excepto en la medida en que el uso con licencia inherentemente exija la creaci\u00f3n de una copia temporal almacenada en la memoria de su tel\u00e9fono inteligente y que no est\u00e9 fijada permanentemente en el medio de almacenamiento.\u00a0<\/p>\r\n<p><\/p>\r\n<p><\/p>\r\n<p><strong>Garant\u00eda limitada del producto de software<\/strong><\/p>\r\n<p><\/p>\r\n<p><\/p>\r\n<p>Durante un per\u00edodo ilimitado a partir de la fecha en que descargue el Producto de software y pague la tarifa mensual de la licencia, seg\u00fan corresponda, inSitu garantiza que, cuando se instala y utiliza correctamente en condiciones normales, el Producto de software funcionar\u00e1 sustancialmente como se anuncia. inSitu no garantiza el comportamiento espec\u00edfico del Producto de software en un dispositivo o navegador de tel\u00e9fono inteligente espec\u00edfico.<\/p>\r\n<p><\/p>\r\n<p><\/p>\r\n<p><strong>Descargo de responsabilidad de garant\u00edas y limitaci\u00f3n de responsabilidad<\/strong><\/p>\r\n<p><\/p>\r\n<p><\/p>\r\n<p>A MENOS QUE DE OTRO MODO SE ACEPTE EXPL\u00cdCITAMENTE POR ESCRITO DE inSitu, inSitu NO OFRECE NINGUNA OTRA GARANT\u00cdA, EXPRESA O IMPL\u00cdCITA, DE HECHO O LEY, INCLUYENDO, PERO SIN LIMITARSE A, CUALQUIER GARANT\u00cdA IMPL\u00cdCITA DE COMERCIABILIDAD O IDONEIDAD PARA UN OTRO TIPO EN PARTICULAR. ESTE ACUERDO O EN LOS DOCUMENTOS DE GARANT\u00cdA LIMITADA PROPORCIONADOS CON EL PRODUCTO DE SOFTWARE.\u00a0<\/p>\r\n<p><\/p>\r\n<p><\/p>\r\n<p>inSitu no garantiza que el Producto de Software cumpla con sus requisitos o funcione bajo sus condiciones espec\u00edficas de uso. inSitu no garantiza que el funcionamiento del Producto de software sea seguro, sin errores o sin interrupciones. DEBE DETERMINAR SI EL PRODUCTO DE SOFTWARE CUMPLE SUFICIENTEMENTE CON SUS REQUISITOS DE SEGURIDAD E ININTERRUPTABILIDAD. USTED TIENE LA \u00daNICA RESPONSABILIDAD Y TODA LA RESPONSABILIDAD POR CUALQUIER P\u00c9RDIDA INCURRIDA POR EL FALLO DEL PRODUCTO DE SOFTWARE PARA CUMPLIR CON SUS REQUISITOS. inSitu NO SER\u00c1, BAJO NINGUNA CIRCUNSTANCIA, RESPONSABLE O RESPONSABLE DE LA P\u00c9RDIDA DE DATOS EN NINGUNA COMPUTADORA, SMARTPHONE, TABLETA O DISPOSITIVO DE ALMACENAMIENTO DE INFORMACI\u00d3N.\u00a0<\/p>\r\n<p><\/p>\r\n<p><\/p>\r\n<p>BAJO NINGUNA CIRCUNSTANCIA IN SITU, SUS DIRECTORES, FUNCIONARIOS, EMPLEADOS O AGENTES SER\u00c1N RESPONSABLES ANTE USTED O CUALQUIER OTRA PARTE POR DA\u00d1OS INDIRECTOS, CONSECUENTES, ESPECIALES, INCIDENTALES, PUNITIVOS O EJEMPLARES DE CUALQUIER TIPO (INCLUYENDO P\u00c9RDIDA O P\u00c9RDIDA DE INGRESOS) COMO RESULTADO DE ESTE ACUERDO, O DEL SUMINISTRO, RENDIMIENTO, INSTALACI\u00d3N O USO DEL PRODUCTO DE SOFTWARE, YA SEA DEBIDO AL INCUMPLIMIENTO DEL CONTRATO, INCUMPLIMIENTO DE LA GARANT\u00cdA O LA NEGLIGENCIA DE inSitu O DE CUALQUIER OTRA PARTE, INCLUSO SI INSIT SE RECOMIENDA ANTES DE LA POSIBILIDAD DE TALES DA\u00d1OS. EN LA MEDIDA EN QUE LA JURISDICCI\u00d3N APLICABLE LIMITE LA CAPACIDAD DE inSitu DE RECHAZAR CUALQUIER GARANT\u00cdA IMPL\u00cdCITA, ESTA EXENCI\u00d3N DE RESPONSABILIDAD SER\u00c1 EFECTIVA HASTA EL M\u00c1XIMO PERMITIDO.\u00a0<\/p>\r\n<p><\/p>\r\n<p><\/p>\r\n<p><strong>Limitaci\u00f3n de remedios y da\u00f1os<\/strong><\/p>\r\n<p><\/p>\r\n<p><\/p>\r\n<p>Su remedio por un incumplimiento de este Acuerdo o de cualquier garant\u00eda incluida en este Acuerdo es la correcci\u00f3n o el reemplazo del Producto de software. La selecci\u00f3n de si corregir o reemplazar ser\u00e1 \u00fanicamente a discreci\u00f3n de inSitu. inSitu se reserva el derecho de sustituir una copia funcionalmente equivalente del Producto de Software como reemplazo. Si inSitu no puede proporcionar un producto de software de reemplazo o sustituto o correcciones al producto de software, su \u00fanica soluci\u00f3n alternativa ser\u00e1 un reembolso de la tarifa mensual actual para el producto de software.\u00a0<\/p>\r\n<p><\/p>\r\n<p><\/p>\r\n<p>Cualquier reclamo debe hacerse dentro del per\u00edodo de garant\u00eda aplicable. Todas las garant\u00edas cubren solo los defectos que surjan bajo el uso normal y no incluyen mal funcionamiento o fallas resultantes del mal uso, abuso, negligencia, alteraci\u00f3n, problemas con la energ\u00eda el\u00e9ctrica, actos de la naturaleza, temperaturas o humedad inusuales, instalaci\u00f3n inadecuada o da\u00f1os que inSitu determine que tienen ha sido causado por ti Todas las garant\u00edas limitadas sobre el Producto de software se otorgan solo a usted y no son transferibles. Usted acepta indemnizar y mantener in situ indemne de todos los reclamos, juicios, responsabilidades, gastos o costos que surjan de su incumplimiento de este Acuerdo y \/ o actos u omisiones.\u00a0<\/p>\r\n<p><\/p>\r\n<p><\/p>\r\n<p><strong>Politica de reembolso<\/strong><\/p>\r\n<p><\/p>\r\n<p><\/p>\r\n<p>Si no est\u00e1 satisfecho con el producto que nos ha comprado, puede recuperar su dinero sin hacer preguntas. Aqu\u00ed est\u00e1n los t\u00e9rminos:<\/p>\r\n<p><\/p>\r\n<p><\/p>\r\n<ul class=\"wp-block-list\">\r\n<li>Si est\u00e1 utilizando el producto y modifica la suscripci\u00f3n, la aplicaci\u00f3n calcular\u00e1 autom\u00e1ticamente un reembolso prorrateado de las licencias no utilizadas durante el resto del per\u00edodo.<\/li>\r\n<li>Si cancela su suscripci\u00f3n y no estaba usando el Producto de software en los ciclos de facturaci\u00f3n actuales y anteriores, puede recibir un reembolso de hasta 2 meses por la suscripci\u00f3n mensual. Para la suscripci\u00f3n anual, puede reclamar el tiempo restante no utilizado del a\u00f1o hasta su ciclo de facturaci\u00f3n y hasta dos meses antes si no estaba usando la aplicaci\u00f3n, sin embargo, los meses que se usaron se cobrar\u00e1n como si fueran de mes a mes. de un mes.<\/li>\r\n<li>Para cualquier tipo de cancelaci\u00f3n con un reembolso, se deducir\u00e1 una tarifa de transacci\u00f3n de 3%.<\/li>\r\n<\/ul>\r\n<p><\/p>\r\n<p><\/p>\r\n<p>ESTA POL\u00cdTICA DE REEMBOLSO SE APLICA SOLO A SUSCRIPCIONES COMPRADAS EN EL SITIO WEB.<\/p>\r\n<p><\/p>\r\n<p><\/p>\r\n<p>Si tiene alguna pregunta adicional o desea solicitar un reembolso, no dude en contactarnos.<\/p>\r\n<p><\/p>\r\n<p><\/p>\r\n<p><\/p>\r\n<p><\/p>\r\n<p><strong>Ley aplicable, jurisdicci\u00f3n y costos<\/strong><\/p>\r\n<p><\/p>\r\n<p><\/p>\r\n<p>Este Acuerdo se rige por las leyes de California, sin tener en cuenta las disposiciones sobre conflicto o elecci\u00f3n de leyes de California.\u00a0<\/p>\r\n<p><\/p>\r\n<p><\/p>\r\n<p><strong>Divisibilidad<\/strong><\/p>\r\n<p><\/p>\r\n<p><\/p>\r\n<p>Si alguna disposici\u00f3n de este Acuerdo se considera inv\u00e1lida o inaplicable, el resto de este Acuerdo permanecer\u00e1 en pleno vigor y efecto. En la medida en que las leyes aplicables no permitan restricciones expresas o impl\u00edcitas, estas restricciones expl\u00edcitas o impl\u00edcitas permanecer\u00e1n vigentes y surtir\u00e1n efecto en la medida m\u00e1xima permitida por dichas leyes aplicables.\u00a0<\/p>\r\n<p><\/p>\r\n<\/div>\r\n<\/div>\r\n<\/div>\r\n<\/div>","protected":false},"excerpt":{"rendered":"","protected":false},"author":1,"featured_media":0,"parent":0,"menu_order":0,"comment_status":"closed","ping_status":"closed","template":"pro\/page-templates\/landing-page.php","meta":{"footnotes":""},"class_list":["post-7690","page","type-page","status-publish","hentry"],"_links":{"self":[{"href":"https:\/\/www.insitusales.com\/es\/wp-json\/wp\/v2\/pages\/7690","targetHints":{"allow":["GET"]}}],"collection":[{"href":"https:\/\/www.insitusales.com\/es\/wp-json\/wp\/v2\/pages"}],"about":[{"href":"https:\/\/www.insitusales.com\/es\/wp-json\/wp\/v2\/types\/page"}],"author":[{"embeddable":true,"href":"https:\/\/www.insitusales.com\/es\/wp-json\/wp\/v2\/users\/1"}],"replies":[{"embeddable":true,"href":"https:\/\/www.insitusales.com\/es\/wp-json\/wp\/v2\/comments?post=7690"}],"version-history":[{"count":11,"href":"https:\/\/www.insitusales.com\/es\/wp-json\/wp\/v2\/pages\/7690\/revisions"}],"predecessor-version":[{"id":10902,"href":"https:\/\/www.insitusales.com\/es\/wp-json\/wp\/v2\/pages\/7690\/revisions\/10902"}],"wp:attachment":[{"href":"https:\/\/www.insitusales.com\/es\/wp-json\/wp\/v2\/media?parent=7690"}],"curies":[{"name":"gracias","href":"https:\/\/api.w.org\/{rel}","templated":true}]}}