{"id":7598,"date":"2020-03-21T01:07:08","date_gmt":"2020-03-21T01:07:08","guid":{"rendered":"https:\/\/www.insitusales.com\/?page_id=7598"},"modified":"2024-07-17T19:57:21","modified_gmt":"2024-07-17T19:57:21","slug":"quickbooks-integracion","status":"publish","type":"page","link":"https:\/\/www.insitusales.com\/es\/integraciones\/quickbooks-integracion\/","title":{"rendered":"Integraci\u00f3n de QuickBooks"},"content":{"rendered":"<!-- wp:extendstudio\/materialis-->\r\n<div data-label=\"Content\" data-id=\"content--7\" data-export-id=\"content-8-materialis\" data-category=\"content\" class=\"content-8m content-section-spacing-large content-section dark-text\" id=\"content-7\" style=\"background-color: #ffffff; background-image: none;\">\r\n<div class=\"gridContainer\">\r\n<div class=\"row middle-sm\">\r\n<div class=\"col-md-5 col-xs-12 col-sm-6 space-bottom-xs\" data-type=\"column\">\r\n<h5 class=\"upper\">Se integra con <a href=\"https:\/\/www.insitusales.com\/es\/integraciones\/quickbooks-integracion\/quickbooks-online\/\">QuickBooks\u00ae en l\u00ednea<\/a> Y <a href=\"https:\/\/www.insitusales.com\/es\/integraciones\/quickbooks-integracion\/quickbooks-desktop-integration\/\">QuickBooks\u00ae Desktop<\/a><\/h5>\r\n<h1 class=\"\">Integraci\u00f3n QuickBooks\u00ae para el software inSitu Sales<\/h1>\r\n<p class=\"space-top\">Nuestra integraci\u00f3n de QuickBooks\u00ae con sincronizaci\u00f3n bidireccional garantiza que sus representantes de ventas solo puedan usar <a href=\"https:\/\/www.insitusales.com\/es\/integraciones\/facturacion-movil-de-quickbooks\/\">facturaci\u00f3n m\u00f3vil<\/a> y tambi\u00e9n con <a href=\"https:\/\/www.insitusales.com\/es\/soluciones\/app-para-tomar-pedidos\/\">tomar pedidos m\u00f3viles<\/a> en nuestras aplicaciones con la informaci\u00f3n con la que lo sincroniza. La sincronizaci\u00f3n se actualiza en tiempo real, por lo que cualquier cambio en QuickBooks\u00ae por su parte se puede reflejar en la aplicaci\u00f3n siempre que se establezca la conexi\u00f3n en l\u00ednea. <br \/><br \/>Ya sean representantes o conductores que utilizan nuestro <a href=\"https:\/\/www.insitusales.com\/es\/soluciones\/aplicacion-de-ventas-de-campo\/\">aplicaci\u00f3n de ventas de campo<\/a>, o compras en l\u00ednea a trav\u00e9s de nuestro <a href=\"https:\/\/www.insitusales.com\/es\/soluciones\/comercio-electronico-b2b\/\">Portal e-commerce B2B<\/a>, la eficiencia est\u00e1 garantizada. Visite nuestras p\u00e1ginas en <a href=\"https:\/\/www.insitusales.com\/es\/integraciones\/quickbooks-integracion\/quickbooks-online\/\">QuickBooks\u00ae en l\u00ednea<\/a> y tambi\u00e9n con <a href=\"https:\/\/www.insitusales.com\/es\/integraciones\/quickbooks-integracion\/quickbooks-desktop-integration\/\">QuickBooks\u00ae Desktop<\/a> para m\u00e1s informaci\u00f3n.<\/p>\r\n<a class=\"button null mdc-ripple-upgraded big color1\" href=\"https:\/\/app.insitusales.com\/inSituSignUp\/register?_ga=2.238411913.806757309.1664250120-126056848.1643842253\" target=\"_blank\" data-cp-link=\"1\" data-icon=\"\" rel=\"noopener\" style=\"--mdc-ripple-fg-size: 147.459375px; --mdc-ripple-fg-scale: 1.7564124545755193; --mdc-ripple-fg-translate-start: 102.8328125px, -54.6828125px; --mdc-ripple-fg-translate-end: 49.153125px, -53.7296875px;\">Comience la prueba gratuita de 14 d\u00edas<\/a><a class=\"button null mdc-ripple-upgraded big color2\" href=\"https:\/\/calendly.com\/insitu-sales\/demo-tour-of-insitu-sales\" target=\"_blank\" data-cp-link=\"1\" data-icon=\"\" rel=\"noopener\">Reserve una demostraci\u00f3n gratuita<\/a><\/div>\r\n<div class=\"col-md-6 col-md-offset-1 col-xs-12 col-sm-6\"><img decoding=\"async\" class=\"rounded mdc-elevation--z0\" src=\"https:\/\/www.insitusales.com\/wp-content\/uploads\/quickbooks-integration-2.png\" alt=\"\" title=\"\"><\/div>\r\n<\/div>\r\n<\/div>\r\n<\/div>\r\n<!-- \/wp:extendstudio\/materialis-->\r\n\r\n<!-- wp:extendstudio\/materialis-->\r\n<div data-label=\"Overlappable\" data-id=\"overlappable--1\" data-export-id=\"overlappable-5-materialis\" data-category=\"overlappable\" class=\"overlappable-5-materialis content-section content-section-spacing-large\" data-overlap=\"true\" id=\"overlappable-1\" style=\"background-color: #ffffff;\">\r\n<div class=\"gridContainer\">\r\n<div data-type=\"row\" class=\"row spaced-cols\">\r\n<div class=\"col-xs-12 col-sm-6 col-md-4\">\r\n<div class=\"card mdc-elevation--z3 row-card\">\r\n<div class=\"row\">\r\n<div class=\"col-xs-12 col-sm-fit icon-col\" data-fixed=\"true\"><i class=\"color1 icon mdi mdi-responsive reverse round big\"><\/i><\/div>\r\n<div class=\"col-xs-12 col-sm\" data-type=\"column\">\r\n<h4 class=\"color-black\">SINCRONIZACI\u00d3N DE DOS V\u00cdAS<\/h4>\r\n<p class=\"\">Sincronice sus clientes, pedidos, facturas, estimaciones y notas de cr\u00e9dito. Los datos fluyen r\u00e1pida y f\u00e1cilmente en ambos sentidos entre inSitu Sales y QuickBooks.<\/p>\r\n<\/div>\r\n<\/div>\r\n<\/div>\r\n<\/div>\r\n<div class=\"col-xs-12 col-sm-6 col-md-4\">\r\n<div class=\"card mdc-elevation--z3 row-card\">\r\n<div class=\"row\">\r\n<div class=\"col-xs-12 col-sm-fit icon-col\" data-fixed=\"true\"><i class=\"icon mdi mdi-cart-outline reverse round big color1\"><\/i><\/div>\r\n<div class=\"col-xs-12 col-sm\" data-type=\"column\">\r\n<h4 class=\"color-black\">GESTIONAR INVENTARIO<\/h4>\r\n<p class=\"\">inSitu Sales extrae su inventario en vivo de QuickBooks. Los representantes de ventas pueden estar seguros de que est\u00e1n vendiendo un producto que realmente est\u00e1 disponible.<\/p>\r\n<\/div>\r\n<\/div>\r\n<\/div>\r\n<\/div>\r\n<div class=\"col-xs-12 col-sm-6 col-md-4\">\r\n<div class=\"card mdc-elevation--z3 row-card\">\r\n<div class=\"row\">\r\n<div class=\"col-xs-12 col-sm-fit icon-col\" data-fixed=\"true\"><i class=\"icon mdi mdi-camera-timer reverse round big color1\"><\/i><\/div>\r\n<div class=\"col-xs-12 col-sm\" data-type=\"column\">\r\n<h4 class=\"color-black\">CONFIGURACI\u00d3N R\u00c1PIDA<\/h4>\r\n<p class=\"\">Configuraci\u00f3n s\u00faper simple. Para QuickBooks Desktop, simplemente descargue un archivo. Para QuickBooks Online, simplemente inicie sesi\u00f3n. La implementaci\u00f3n es tan simple como eso.<\/p>\r\n<\/div>\r\n<\/div>\r\n<\/div>\r\n<\/div>\r\n<\/div>\r\n<\/div>\r\n<\/div>\r\n<!-- \/wp:extendstudio\/materialis-->\r\n\r\n<!-- wp:extendstudio\/materialis-->\r\n<div data-label=\"Content\" data-id=\"content--9\" data-export-id=\"content-14-1-materialis\" data-category=\"content\" class=\"content-14-1m content-section-spacing-large content-section dark-text\" id=\"content-9\" style=\"background-color: #f5fafd;\">\r\n<div class=\"gridContainer\">\r\n<div class=\"row middle-xs space-bottom-large\">\r\n<div class=\"col-md-6 col-xs-12 col-sm-6\"><a href=\"https:\/\/www.insitusales.com\/es\/soluciones\/comercio-electronico-b2b\/\"><img decoding=\"async\" fetchpriority=\"high\" class=\"mdc-elevation--z0 alignnone\" src=\"https:\/\/www.insitusales.com\/wp-content\/uploads\/b2b-ecommerce-for-quickbooks.png\" width=\"1554\" height=\"1209\" alt=\"integraci\u00f3n de comercio electr\u00f3nico b2b para quickbooks\" title=\"\"><\/a><\/div>\r\n<div class=\"col-md-5 col-md-offset-1 col-xs-12 col-sm-6 content-left-sm space-bottom-xs-large\" data-type=\"column\">\r\n<h2 class=\"\">Comercio electr\u00f3nico B2B para QuickBooks<\/h2>\r\n<p class=\"\">Nuestro portal de comercio electr\u00f3nico B2B admite la integraci\u00f3n completa de QuickBooks\u00ae para crear f\u00e1cilmente cat\u00e1logos digitales din\u00e1micos y listas de clientes para inventario y precios. <br \/><br \/>La sincronizaci\u00f3n bidireccional le permite administrar su portal de ventas de la misma manera que usar\u00eda nuestra aplicaci\u00f3n, creando el recurso de ventas omnicanal ideal que sus representantes pueden usar sin capacitaci\u00f3n.<\/p>\r\n<\/div>\r\n<\/div>\r\n<div class=\"row middle-xs top-sm spaced-cols content-left-sm\" data-type=\"row\">\r\n<div class=\"col-md-3 col-sm-6 col-xs-12 border-top-color1 padding-first-el\" data-type=\"column\">\r\n<h5 class=\"\">Cat\u00e1logo de productos digitales interactivos y din\u00e1micos<\/h5>\r\n<p class=\"\">Administre un cat\u00e1logo de productos digitales que cambia para adaptarse a sus clientes seg\u00fan sea necesario. Asigne diferentes versiones de su cat\u00e1logo a los clientes para obtener una ventaja sobre las tendencias de ventas del mercado y los nichos de la industria con necesidades espec\u00edficas, o haga coincidir mejor los enfoques de productos con los intereses de compra geogr\u00e1ficos.<\/p>\r\n<\/div>\r\n<div class=\"col-md-3 col-sm-6 col-xs-12 border-top-color2 padding-first-el\" data-type=\"column\">\r\n<h5 class=\"\">Descuentos por segmento, precios y productos<\/h5>\r\n<p class=\"\">Utilice las reglas de la lista de precios para ofrecer incentivos de compra \u00fanicos que solo sean visibles para los clientes seleccionados. Configure la automatizaci\u00f3n para ofrecer promociones de descuento para recompensar a un cliente cuando las ventas alcancen un umbral establecido, o cree distintos niveles de clientes con descuentos establecidos.<\/p>\r\n<\/div>\r\n<div class=\"col-md-3 col-sm-6 col-xs-12 border-top-color4 padding-first-el\" data-type=\"column\">\r\n<h5 class=\"\">Acepta pagos digitales o vende con cr\u00e9dito<\/h5>\r\n<p class=\"\">Las pasarelas de pago integradas permiten transacciones seguras y convenientes con Stripe y Authorize.net. Los usuarios tambi\u00e9n pueden permitir que los clientes compren a cr\u00e9dito para futuras facturas.<\/p>\r\n<\/div>\r\n<div class=\"col-md-3 col-sm-6 col-xs-12 border-top-color5 padding-first-el\" data-type=\"column\">\r\n<h5 class=\"\">Cree una aplicaci\u00f3n de marca blanca para los clientes<\/h5>\r\n<p class=\"\">Permita que los clientes descarguen su portal de comercio electr\u00f3nico B2B directamente como una aplicaci\u00f3n personalizada desde Google Play Store o App Store. Habilite las notificaciones por SMS y el escaneo de c\u00f3digos de barras para generar ventas recurrentes.<\/p>\r\n<\/div>\r\n<\/div>\r\n<div class=\"row row-last\">\r\n<div class=\"col-xs-12\" data-type=\"column\"><\/div>\r\n<\/div>\r\n<\/div>\r\n<\/div>\r\n<!-- \/wp:extendstudio\/materialis-->\r\n\r\n<!-- wp:extendstudio\/materialis-->\r\n<div data-label=\"Content\" data-id=\"content--6\" data-export-id=\"content-10-materialis\" data-category=\"content\" class=\"content-10m content-section content-relative dark-text\" id=\"content-6\" style=\"background-color: #f5fafd;\">\r\n<div class=\"section-separator-top\"><svg class=\"section-separator-top\" data-separator-name=\"triangle-asymmetrical-negative\" preserveaspectratio=\"none\" viewbox=\"0 0 1000 100\" xmlns=\"http:\/\/www.w3.org\/2000\/svg\"> <path class=\"svg-white-bg\" d=\"M737.9,94.7L0,0v100h1000V0L737.9,94.7z\"><\/path> <\/svg><\/div>\r\n<div class=\"\">\r\n<div class=\"row\">\r\n<div class=\"col-xs-12 col-sm-7\">\r\n<div class=\"row middle-sm full-height-row\">\r\n<div class=\"col-xs-12 col-sm-8 col-sm-offset-2 col-padding\" data-type=\"column\">\r\n<h6 class=\"font-400\"><span style=\"font-family: 'Playfair Display', arial, helvetica, sans-serif; font-weight: bold;\">F\u00e1cil integraci\u00f3n con nuestro software<\/span><\/h6>\r\n<h2 class=\"\"><span style=\"font-family: Roboto, arial, helvetica, sans-serif;\">Sincronizaci\u00f3n bidireccional para QuickBooks<\/span>\u00ae<\/h2>\r\n<p class=\"space-bottom\">Todas las versiones de QuickBooks Online son compatibles, con compatibilidad selecta para sincronizaci\u00f3n de datos bidireccional. La mayor\u00eda de los datos se importar\u00e1n autom\u00e1ticamente de QuickBooks a inSitu Sales, lo que garantiza que solo necesite realizar cambios en un lugar.<\/p>\r\n<\/div>\r\n<\/div>\r\n<\/div>\r\n<div class=\"col-xs-12 col-sm-5 no-padding image-col flexbox middle-sm\"><img decoding=\"async\" src=\"https:\/\/www.insitusales.com\/wp-content\/uploads\/2020\/08\/cropped-Screen-Shot-2020-08-25-at-3.46.47-PM-5.png\" class=\"image-offset mdc-elevation--z0\" alt=\"\" title=\"\"><\/div>\r\n<\/div>\r\n<\/div>\r\n<\/div>\r\n<!-- \/wp:extendstudio\/materialis-->\r\n\r\n<!-- wp:extendstudio\/materialis-->\r\n<div data-label=\"Pricing\" data-id=\"pricing--1\" data-export-id=\"pricing-7\" data-category=\"pricing\" class=\"pricing-7 content-section content-section-spacing-large bg-color1 white-text\" data-featured-class=\"pricing-featured\" id=\"pricing-1\">\r\n<div class=\"gridContainer\">\r\n<div class=\"row\">\r\n<div data-type=\"column\" class=\"section-title-col\">\r\n<h2 class=\"inverted\">\u00bfPor qu\u00e9 elegir inSitu Sales?<\/h2>\r\n<p class=\"lead\">Nuestro poderoso software de automatizaci\u00f3n de ventas de campo puede optimizar sus operaciones comerciales.\u00a0<\/p>\r\n<\/div>\r\n<\/div>\r\n<div class=\"row spaced-cols center-sm\" data-type=\"row\" data-max-items=\"4\">\r\n<div class=\"col-xs-12 col-sm-4 text-center col-md-6\">\r\n<div class=\"card mdc-elevation--z5 rounded margin-top-bottom\">\r\n<div class=\"margin-top-bottom\" data-type=\"column\">\r\n<h5 class=\"upper color-black\">CAPACIDADES<\/h5>\r\n<ul class=\"unstyled checked-ul decoration-color1 black text-center\">\r\n<li>Socio oficial de QuickBooks, con integraciones nativas<\/li>\r\n<li>Aplicaciones nativas de iOS y Android<\/li>\r\n<li>Captura de datos sin conexi\u00f3n<\/li>\r\n<li>Comercio electr\u00f3nico B2B en la nube para la seguridad de los datos<\/li>\r\n<\/ul>\r\n<\/div>\r\n<\/div>\r\n<\/div>\r\n<div class=\"col-xs-12 col-sm-4 text-center col-md-6\">\r\n<div class=\"card mdc-elevation--z5 rounded margin-top-bottom\">\r\n<div class=\"margin-top-bottom\" data-type=\"column\">\r\n<h5 class=\"upper color-black\">BENEFICIOS<\/h5>\r\n<ul class=\"unstyled checked-ul decoration-color1 black text-center\">\r\n<li>Sobrealimenta a su equipo de ventas<\/li>\r\n<li>Reduce el trabajo manual de conciliaci\u00f3n de ventas<\/li>\r\n<li>Realice pagos en cualquier lugar y obtenga dinero en efectivo en su negocio antes<\/li>\r\n<li>Experiencia de compra consistente para sus clientes<\/li>\r\n<\/ul>\r\n<\/div>\r\n<\/div>\r\n<\/div>\r\n<\/div>\r\n<\/div>\r\n<\/div>\r\n<!-- \/wp:extendstudio\/materialis-->\r\n\r\n<!-- wp:extendstudio\/materialis-->\r\n<div data-label=\"Content\" data-id=\"content--3\" data-export-id=\"content-4-materialis\" data-category=\"content\" class=\"content-4m content-section content-section-spacing-large dark-text\" id=\"content-3\" style=\"background-color: #ffffff;\">\r\n<div>\r\n<div class=\"row middle-xs\">\r\n<div class=\"col-md-7 col-xs-12 col-sm-6 image-container\"><img decoding=\"async\" src=\"https:\/\/www.insitusales.com\/wp-content\/uploads\/2020\/03\/cropped-Screen-Shot-2020-03-17-at-9.06.09-AM_macbookpro13_front-5.png\" class=\"pull-image-left mdc-elevation--z0\" alt=\"\" title=\"\"><\/div>\r\n<div class=\"col-md-5 col-xs-12 col-sm-6 content-left-sm full-col-right-padding first-xs last-sm space-top-xs\" data-type=\"column\">\r\n<h2 class=\"\">Lleve su cat\u00e1logo a cualquier parte<\/h2>\r\n<p class=\"lead\"><a href=\"https:\/\/www.insitusales.com\/es\/soluciones\/aplicacion-de-ventas-de-campo\/\">Los vendedores podr\u00e1n<\/a> tener acceso a su inventario en vivo y en tiempo real e informaci\u00f3n de productos. Incluso podemos ayudarlo a administrar el inventario de varios almacenes. Proporcione a sus representantes los datos que necesitan para cerrar ventas r\u00e1pidamente con un solo clic.<\/p>\r\n<\/div>\r\n<\/div>\r\n<\/div>\r\n<\/div>\r\n<!-- \/wp:extendstudio\/materialis-->\r\n<p><!-- End Google Tag Manager (noscript) --><\/p>\r\n<!-- wp:extendstudio\/materialis-->\r\n<div data-label=\"Content\" data-id=\"content--4\" data-export-id=\"content-8-materialis\" data-category=\"content\" class=\"content-8m content-section-spacing-large content-section content-relative dark-text\" id=\"content-4\" style=\"background-color: #f5fafd;\">\r\n<div class=\"gridContainer\">\r\n<div class=\"row middle-sm\">\r\n<div class=\"col-md-5 col-xs-12 col-sm-6 space-bottom-xs\" data-type=\"column\">\r\n<h6 class=\"upper\">VENTAS DE QUICKBOOKS REALIZADAS R\u00c1PIDAMENTE<\/h6>\r\n<h3 class=\"\"><span style=\"font-weight: 400;\">Crea pedidos de ventas con QuickBooks<\/span> <span style=\"font-family: 'Playfair Display', arial, helvetica, sans-serif; font-style: italic; font-weight: bold;\">Donde est\u00e9s<\/span><\/h3>\r\n<p class=\"space-top\">La comercializaci\u00f3n m\u00f3vil es f\u00e1cil cuando solo necesita administrar su cat\u00e1logo en un solo lugar. Las actualizaciones se sincronizan desde QuickBooks a inSitu Sales y nuestra soluci\u00f3n de escaparate de comercio electr\u00f3nico B2B. Env\u00ede nuevos productos y cambios directamente a su aplicaci\u00f3n y tienda web de marca personalizada. <br \/><br \/>Adem\u00e1s, cuando se vincula con Stripe o Authorize.Net, su equipo de ventas puede incluso aceptar pagos con tarjeta de cr\u00e9dito sobre la marcha, y los recibos de pago se sincronizan con sus QuickBooks autom\u00e1ticamente.<\/p>\r\n<\/div>\r\n<div class=\"col-md-6 col-md-offset-1 col-xs-12 col-sm-6\"><img decoding=\"async\" class=\"mdc-elevation--z9 rounded\" src=\"https:\/\/www.insitusales.com\/wp-content\/uploads\/2020\/03\/cropped-b2bapp.001-2.png\" alt=\"\" title=\"\"><\/div>\r\n<\/div>\r\n<\/div>\r\n<div class=\"section-separator-bottom\"><svg xmlns=\"http:\/\/www.w3.org\/2000\/svg\" viewbox=\"0 0 2600 131.1\" preserveaspectratio=\"none\" data-separator-name=\"opacity-tilt\" class=\"section-separator-bottom\"> <path class=\"svg-white-bg\" d=\"M0 0L2600 0 2600 69.1 0 0z\"><\/path> <path class=\"svg-white-bg\" style=\"opacity: 0.5;\" d=\"M0 0L2600 0 2600 69.1 0 69.1z\"><\/path> <path class=\"svg-white-bg\" style=\"opacity: 0.25;\" d=\"M2600 0L0 0 0 130.1 2600 69.1z\"><\/path> <\/svg><\/div>\r\n<\/div>\r\n<!-- \/wp:extendstudio\/materialis-->\r\n\r\n<!-- wp:extendstudio\/materialis-->\r\n<div data-label=\"Pricing\" data-id=\"pricing--2\" data-export-id=\"pricing-7\" data-category=\"pricing\" class=\"pricing-7 content-section content-section-spacing-large bg-color1 white-text\" data-featured-class=\"pricing-featured\" id=\"pricing-2\">\r\n<div class=\"gridContainer\">\r\n<div class=\"row\">\r\n<div data-type=\"column\" class=\"section-title-col\">\r\n<h2 class=\"inverted\">Empiece con Intuit<\/h2>\r\n<p class=\"lead\">Nuestra aplicaci\u00f3n est\u00e1 disponible en la tienda de aplicaciones Intuit para QuickBooks Online y QuickBooks Desktop.<\/p>\r\n<\/div>\r\n<\/div>\r\n<div class=\"row spaced-cols center-sm\" data-type=\"row\" data-max-items=\"4\">\r\n<div class=\"col-xs-12 col-sm-4 text-center col-md-6\">\r\n<div class=\"card mdc-elevation--z5 rounded margin-top-bottom\">\r\n<div class=\"margin-top-bottom\" data-type=\"column\">\r\n<h3 class=\"h1 color-black\">QuickBooks en l\u00ednea<\/h3>\r\n<a data-default=\"color1\" data-featured=\"color2\" class=\"button upper no-shadow color1 mdc-ripple-upgraded\" href=\"https:\/\/quickbooks.intuit.com\/app\/apps\/appdetails\/insitusales\/en-us\" target=\"_self\" data-cp-link=\"1\" data-icon=\"\" rel=\"noopener noreferrer\">Empiece hoy !<\/a><\/div>\r\n<\/div>\r\n<\/div>\r\n<div class=\"col-xs-12 col-sm-4 text-center col-md-6\">\r\n<div class=\"card mdc-elevation--z5 rounded margin-top-bottom\">\r\n<div class=\"margin-top-bottom\" data-type=\"column\">\r\n<h3 class=\"h1 color-black\">Escritorio QuickBooks<\/h3>\r\n<a data-default=\"color1\" data-featured=\"color2\" class=\"button upper no-shadow color1 mdc-ripple-upgraded\" href=\"https:\/\/desktop.apps.com\/apps\/183756\/insitu-sales\/#!overview\" target=\"_self\" data-cp-link=\"1\" data-icon=\"\" rel=\"noopener noreferrer\">Empiece hoy !<\/a><\/div>\r\n<\/div>\r\n<\/div>\r\n<\/div>\r\n<\/div>\r\n<\/div>\r\n<!-- \/wp:extendstudio\/materialis-->\r\n<p><!--Embed from Zendesk Chat Chat WordPress Plugin v1.4.18--><\/p>\r\n<p><!--Start of Zopim Live Chat Script--><\/p>\r\n<!-- wp:extendstudio\/materialis-->\r\n<div data-label=\"Testimonials\" data-id=\"testimonials--1\" data-export-id=\"testimonials-1\" data-category=\"testimonials\" class=\"testimonials-1 content-section content-section-spacing\" id=\"testimonials-1\" style=\"background-color: #f5fafd;\">\r\n<div class=\"gridContainer\">\r\n<div class=\"row\">\r\n<div data-type=\"column\" class=\"section-title-col\">\r\n<h2 class=\"\">Testimonios<\/h2>\r\n<p class=\"lead\">Esto es lo que dicen algunos de  nuestros clientes:<\/p>\r\n<\/div>\r\n<\/div>\r\n<div class=\"row spaced-cols content-center-sm\" data-type=\"row\">\r\n<div class=\"col-xs-12 col-sm-4\"><i class=\"mdi mdi-format-quote-close icon color1 small\"><\/i>\r\n<p class=\"\">Si ha estado buscando durante todo el tiempo que tengo para encontrar una soluci\u00f3n rentable pero progresiva para sus requisitos de CRM, no busque m\u00e1s porque inSitu combinado con QB es, de hecho, \u00a1es mejor que eso!<\/p>\r\n<\/div>\r\n<div class=\"col-xs-12 col-sm-4\"><i class=\"mdi mdi-format-quote-close icon color1 small\"><\/i>\r\n<p class=\"\">Recientemente cambiamos a Quickbooks InSitu y esta combinaci\u00f3n fue la ganadora en t\u00e9rminos de comunicaci\u00f3n \u00f3ptima de la aplicaci\u00f3n y sincronizaci\u00f3n perfecta.<\/p>\r\n<\/div>\r\n<div class=\"col-xs-12 col-sm-4\"><i class=\"mdi mdi-format-quote-close icon color1 small\"><\/i>\r\n<p class=\"\">Realmente nos gusta Insitu. Escuchan, mejorando constantemente. La parte m\u00e1s importante de este tipo de software es el soporte. Siempre est\u00e1n ah\u00ed cuando los necesitamos. Insitu gana. \u00a1Manos abajo!<\/p>\r\n<\/div>\r\n<\/div>\r\n<\/div>\r\n<\/div>\r\n<!-- \/wp:extendstudio\/materialis-->\r\n<p><!--Start of Zopim Live Chat Script--><\/p>\r\n<!-- wp:extendstudio\/materialis-->\r\n<div data-label=\"Content\" data-id=\"content--5\" data-export-id=\"content-1-materialis\" data-category=\"content\" class=\"content-1-materialis content-section content-section-spacing-large\" id=\"content-5\" style=\"background-color: #ffffff;\">\r\n<div class=\"gridContainer\">\r\n<div class=\"row middle-xs\">\r\n<div class=\"col-xs-12 col-md-5 text-center-sm col-padding-small\" data-type=\"column\">\r\n<h3 class=\"\">Necesita descuento en QuickBooks <span style=\"font-family: 'Playfair Display', arial, helvetica, sans-serif; font-weight: bold; font-style: italic;\">?<\/span><\/h3>\r\n<\/div>\r\n<div class=\"col-xs-12 col-md-6 col-md-offset-1\" data-type=\"column\">\r\n<p class=\"lead\">S\u00ed, tambi\u00e9n podemos hacer que eso suceda.<\/p>\r\n<a class=\"button mdc-ripple-upgraded mdc-elevation--z3 color3\" href=\"https:\/\/quickbooks.grsm.io\/insitusales1385\" target=\"_self\" data-cp-link=\"1\" data-icon=\"\" rel=\"noopener noreferrer\">Obtenga descuento de QuickBooks<\/a>\r\n<p class=\"\"><span style=\"font-weight: 300; font-style: italic;\">El descuento est\u00e1 disponible por tiempo limitado y est\u00e1 sujeto a cambios. Solo para clientes nuevos. Consulte los t\u00e9rminos de Intuit para obtener detalles adicionales y elegibilidad<\/span><span style=\"font-weight: 300; font-style: italic;\">.<\/span><\/p>\r\n<\/div>\r\n<\/div>\r\n<\/div>\r\n<\/div>\r\n<!-- \/wp:extendstudio\/materialis-->","protected":false},"excerpt":{"rendered":"<p>Se integra con QuickBooks\u00ae Online y QuickBooks\u00ae Desktop Integraci\u00f3n de QuickBooks\u00ae para el software inSitu Sales Nuestra integraci\u00f3n de QuickBooks\u00ae con sincronizaci\u00f3n bidireccional garantiza que sus representantes de ventas solo puedan usar facturaci\u00f3n m\u00f3vil y tomar pedidos m\u00f3viles en nuestras aplicaciones con la informaci\u00f3n con la que usted sincroniza. La sincronizaci\u00f3n se actualiza en tiempo real, por lo que cualquier cambio en QuickBooks\u00ae en su...<\/p>","protected":false},"author":1,"featured_media":0,"parent":7904,"menu_order":0,"comment_status":"closed","ping_status":"closed","template":"pro\/page-templates\/page-with-small-header.php","meta":{"footnotes":""},"class_list":["post-7598","page","type-page","status-publish","hentry"],"_links":{"self":[{"href":"https:\/\/www.insitusales.com\/es\/wp-json\/wp\/v2\/pages\/7598","targetHints":{"allow":["GET"]}}],"collection":[{"href":"https:\/\/www.insitusales.com\/es\/wp-json\/wp\/v2\/pages"}],"about":[{"href":"https:\/\/www.insitusales.com\/es\/wp-json\/wp\/v2\/types\/page"}],"author":[{"embeddable":true,"href":"https:\/\/www.insitusales.com\/es\/wp-json\/wp\/v2\/users\/1"}],"replies":[{"embeddable":true,"href":"https:\/\/www.insitusales.com\/es\/wp-json\/wp\/v2\/comments?post=7598"}],"version-history":[{"count":10,"href":"https:\/\/www.insitusales.com\/es\/wp-json\/wp\/v2\/pages\/7598\/revisions"}],"predecessor-version":[{"id":14295,"href":"https:\/\/www.insitusales.com\/es\/wp-json\/wp\/v2\/pages\/7598\/revisions\/14295"}],"up":[{"embeddable":true,"href":"https:\/\/www.insitusales.com\/es\/wp-json\/wp\/v2\/pages\/7904"}],"wp:attachment":[{"href":"https:\/\/www.insitusales.com\/es\/wp-json\/wp\/v2\/media?parent=7598"}],"curies":[{"name":"gracias","href":"https:\/\/api.w.org\/{rel}","templated":true}]}}