{"id":7483,"date":"2020-03-17T15:51:22","date_gmt":"2020-03-17T15:51:22","guid":{"rendered":"https:\/\/www.insitusales.com\/?page_id=7483"},"modified":"2022-12-19T19:29:18","modified_gmt":"2022-12-19T19:29:18","slug":"software-de-analisis-de-ventas","status":"publish","type":"page","link":"https:\/\/www.insitusales.com\/es\/soluciones\/software-de-analisis-de-ventas\/","title":{"rendered":"Software para an\u00e1lisis de ventas"},"content":{"rendered":"<div data-label=\"Content\" data-id=\"content--2\" data-export-id=\"content-8-materialis\" data-category=\"content\" class=\"content-8m content-section-spacing-large content-section dark-text\" id=\"content-2\"  style=\"background-color: rgb(255, 255, 255); background-image: none;\"><div class=\"gridContainer\" > <div class=\"row middle-sm\" ><div class=\"col-md-5 col-xs-12 col-sm-6 space-bottom-xs\" data-type=\"column\" > <h6 class=\"upper\" >Visualizaci\u00f3n de datos para QUICKBOOKS\u00ae, SAP B1, Odoo, epicor y XERO<\/h6>  <h1 class=\"\" >An\u00e1lisis de ventas para distribuci\u00f3n mayorista<\/h1><p class=\"space-top\" >Supervise sus ventas de campo y las operaciones de entrega en tiempo real con nuestro software de an\u00e1lisis de ventas.\n<br ><br >\nAcceda a incre\u00edbles visualizaciones de datos dise\u00f1adas para datos de ventas capturados desde nuestra aplicaci\u00f3n de ventas adjunta. Todo en tiempo real con <b >acceso completo a la API<\/b>.<\/p>  <a class=\"button null color1\" href=\"https:\/\/apps.apple.com\/us\/app\/sales-analytics\/id1466702443\" target=\"_blank\" data-cp-link=\"1\" data-icon=\"mdi-apple\" rel=\"noopener\"><span class=\"button-icon mdi mdi-apple\" ><\/span>App store <\/a><a class=\"button null color3\" href=\"https:\/\/play.google.com\/store\/apps\/details?id=com.insitusales.analytics\" target=\"_blank\" data-cp-link=\"1\" data-icon=\"mdi-google-play\" rel=\"noopener\"><span class=\"button-icon mdi mdi-google-play\" ><\/span>Google Play<\/a><a class=\"button null big color7\" href=\"https:\/\/app.insitusales.com\/inSituSignUp\/register\" target=\"_blank\" data-cp-link=\"1\" data-icon=\"\" rel=\"noopener\">Comience una prueba gratuita de 14 d\u00edas<\/a><\/div> <div class=\"col-md-6 col-md-offset-1 col-xs-12 col-sm-6\" > <img decoding=\"async\" class=\"rounded mdc-elevation--z0\" src=\"https:\/\/www.insitusales.com\/wp-content\/uploads\/enhanced-sales-analytics-software-1.webp\" alt=\"\" title=\"\"><\/div> <\/div><\/div> <\/div><p ><!--Embed from Zendesk Chat Chat WordPress Plugin v1.4.15--><!--Embed from Zendesk Chat Chat WordPress Plugin v1.4.15--><\/p><div  data-label=\"Cta\" data-id=\"cta--2\" data-export-id=\"cta-blue-section\" data-category=\"cta\" class=\"cta-blue-section content-section content-section-spacing-large bg-color1 white-text\" id=\"cta-2\">\n<div  class=\"gridContainer\">\n<div  class=\"row middle-xs\">\n<div  class=\"col-xs-12 col-sm-7 col-md-8 space-bottom-xs\" data-type=\"column\">\n<h2  class=\"\"><b >Podemos responder tus preguntas....<\/b><\/h2>\n<\/div>\n<div  class=\"col-xs-12 col-sm-5 col-md-4\" data-type=\"column\"><a class=\"button mdc-ripple-upgraded big no-shadow color2\" href=\"https:\/\/calendly.com\/giovaniquitian\/reunion-para-presentacion-y-ayuda-a-configurar-demo-gratis\" target=\"_blank\" data-cp-link=\"1\" data-icon=\"\" rel=\"noopener noreferrer\">Pida su demostraci\u00f3n GRATIS ahora !<\/a><\/div>\n<\/div>\n<\/div>\n<\/div><p ><!--Start of Zopim Live Chat Script--><\/p><div  data-label=\"About\" data-id=\"about--1\" data-export-id=\"about-images-right-section\" data-category=\"about\" class=\"about-images-right-section content-section content-section-spacing-large\" id=\"about-1\" style=\"background-color: #f5fafd;\">\n<div  class=\"gridContainer\">\n<div  class=\"row middle-sm text-center\">\n<div  class=\"col-sm-5 content-left-sm space-bottom-xs\" data-type=\"column\">\n<h5  class=\"\">TABLAS DINAMICAS<\/h5>\n<h2  class=\"\">Integradas con la aplicaci\u00f3n de ventas en el movil para obtener datos de ventas procesables<\/h2>\n<p  class=\"\">Cruce variables, genere gr\u00e1ficos, revise mapas de calor y profundice en el an\u00e1lisis de sus datos de ventas. Las herramientas de generaci\u00f3n de informes de Xero, SAP y QuickBooks est\u00e1n integradas. Nuestro poderoso an\u00e1lisis de ventas de campo puede ayudarlo a optimizar su negocio.<\/p>\n<a class=\"button mdc-ripple-upgraded big no-shadow color1\" href=\"https:\/\/www.insitusales.com\/es\/soluciones\/aplicacion-de-ventas-de-campo\/\" target=\"_self\" data-cp-link=\"1\" data-icon=\"\" rel=\"noopener noreferrer\">M\u00e1s informaci\u00f3n sobre la aplicaci\u00f3n de ventas<\/a><\/div>\n<div  class=\"col-sm-7 image-group-side-3-img\"><img decoding=\"async\" class=\"topimg rounded mdc-elevation--z10 lazy-loaded\" src=\"https:\/\/www.insitusales.com\/wp-content\/uploads\/2020\/03\/cropped-Screen-Shot-2020-03-17-at-10.05.36-AM-1.png\" data-lazy-type=\"image\" data-src=\"https:\/\/www.insitusales.com\/wp-content\/uploads\/2020\/03\/cropped-Screen-Shot-2020-03-17-at-10.05.36-AM-1.png\" alt=\"integraci\u00f3n de aplicaciones de campo\" title=\"\" data-> <img decoding=\"async\" class=\"rightimg rounded mdc-elevation--z10 lazy-loaded\" src=\"https:\/\/www.insitusales.com\/wp-content\/uploads\/2020\/03\/cropped-Screen-Shot-2020-03-17-at-10.08.20-AM.png\" data-lazy-type=\"image\" data-src=\"https:\/\/www.insitusales.com\/wp-content\/uploads\/2020\/03\/cropped-Screen-Shot-2020-03-17-at-10.08.20-AM.png\" alt=\"gr\u00e1ficos circulares de integraci\u00f3n de aplicaciones de campo\" title=\"\" data->\n<div  class=\"leftimg\"><img decoding=\"async\" class=\"rounded mdc-elevation--z10 lazy-loaded\" src=\"https:\/\/www.insitusales.com\/wp-content\/uploads\/2020\/03\/cropped-Screen-Shot-2020-03-17-at-10.06.22-AM-2.png\" data-lazy-type=\"image\" data-src=\"https:\/\/www.insitusales.com\/wp-content\/uploads\/2020\/03\/cropped-Screen-Shot-2020-03-17-at-10.06.22-AM-2.png\" alt=\"gr\u00e1fico de barras de integraci\u00f3n de aplicaciones de campo\" title=\"\" data-><\/div>\n<\/div>\n<\/div>\n<\/div>\n<\/div><div  data-label=\"Features\" data-id=\"features--1\" data-export-id=\"features-1-materialis\" data-category=\"features\" class=\"features-1m content-section content-section-spacing-large\" id=\"features-1\" style=\"background-color: #f5fafd; background-image: none;\">\n<div  class=\"gridContainer\">\n<div  class=\"row text-center\">\n<div  class=\"section-title-col\" data-type=\"column\"><\/div>\n<\/div>\n<div  class=\"row top-xs space-top-small content-center-sm\" data-type=\"row\">\n<div  class=\"col-md-4 col-sm-4 col-xs-12 space-bottom\" data-type=\"column\"><i  class=\"mdi icon mdi-table-row-height reverse round big color1\"><\/i>\n<h4  class=\"\">Tablas din\u00e1micas<\/h4>\n<p  class=\"\">Agrupe y filtre datos usando cualquier variable. <br ><span  style=\"font-weight: 300;\">como las ventas por mes agrupadas por representante, estado y categor\u00edas<\/span><\/p>\n<\/div>\n<div  class=\"col-md-4 col-sm-4 col-xs-12 space-bottom\" data-type=\"column\"><i  class=\"mdi icon mdi-chart-areaspline reverse round big color1\"><\/i>\n<h4  class=\"\">Construya sus propios gr\u00e1ficos<\/h4>\n<p  class=\"\">Visualice sus datos de ventas en diferentes formatos, como gr\u00e1ficos, tablas, mapas de calor, etc. <br ><span  style=\"font-weight: 300;\">Obtenga una nueva mirada a sus datos<\/span><\/p>\n<\/div>\n<div  class=\"col-md-4 col-sm-4 col-xs-12 space-bottom\" data-type=\"column\"><i  class=\"mdi icon mdi-file-export reverse round big color1\"><\/i>\n<h4  class=\"\">Exporte sus datos<\/h4>\n<p  class=\"\">\u00bfPrefieres otra herramienta o simplemente quieres ver m\u00e1s de cerca? <br ><span  style=\"font-weight: 300;\">Exporta tus datos en un archivo separado por tabulaciones<\/span><\/p>\n<\/div>\n<\/div>\n<\/div>\n<\/div><p ><!--Embed from Zendesk Chat Chat WordPress Plugin v1.4.15--><\/p><div  data-label=\"About\" data-id=\"about--2\" data-export-id=\"about-1\" data-category=\"about\" class=\"about-1 content-section content-section-spacing-large\" id=\"about-2\" style=\"background-color: #ffffff; background-image: none;\">\n<div  class=\"gridContainer\">\n<div  class=\"row col-xs-12\">\n<div  class=\"section-title-col\" data-type=\"column\">\n<h5  class=\"\">INFORMES PARA SU EQUIPO DE VENTAS<\/h5>\n<h2  class=\"\">Cree y exporte potentes informes de an\u00e1lisis de ventas&nbsp;<\/h2>\n<p  class=\"lead\">Revise la comparaci\u00f3n de ventas por per\u00edodo, comisiones, inventario, seguimiento y m\u00e1s. Es sencillo comenzar, con el poder de analizar toda su operaci\u00f3n.  de forma f\u00e1cil y r\u00e1pida<\/p>\n<\/div>\n<\/div>\n<div  class=\"row col-xs-12\">\n<div  class=\"button-holder space-bottom space-bottom-small\" data-type=\"column\"><a class=\"button font-500 mdc-ripple-upgraded big no-shadow color1\" href=\"https:\/\/calendly.com\/giovaniquitian\/reunion-para-presentacion-y-ayuda-a-configurar-demo-gratis\" target=\"_blank\" data-cp-link=\"1\" data-icon=\"\" rel=\"noopener noreferrer\">PIDA UN DEMO<\/a><\/div>\n<div  class=\"col-xs bottom-xs flexbox image-group-bottom-3-img center-xs\"><img decoding=\"async\" class=\"left-img mdc-elevation--z10 rounded-topleft-topright lazy-loaded\" data-size=\"400x275\" src=\"https:\/\/www.insitusales.com\/wp-content\/uploads\/2020\/03\/cropped-Screen-Shot-2020-03-17-at-12.03.14-PM.png\" data-lazy-type=\"image\" data-src=\"https:\/\/www.insitusales.com\/wp-content\/uploads\/2020\/03\/cropped-Screen-Shot-2020-03-17-at-12.03.14-PM.png\" alt=\"informes anal\u00edticos de comisiones de ventas\" title=\"\" data-> <img decoding=\"async\" class=\"center-img mdc-elevation--z10 rounded-topleft-topright lazy-loaded\" data-size=\"500x325\" src=\"https:\/\/www.insitusales.com\/wp-content\/uploads\/2020\/03\/cropped-Screen-Shot-2020-03-17-at-11.58.43-AM.png\" data-lazy-type=\"image\" data-src=\"https:\/\/www.insitusales.com\/wp-content\/uploads\/2020\/03\/cropped-Screen-Shot-2020-03-17-at-11.58.43-AM.png\" alt=\"gr\u00e1ficos de l\u00edneas de comparaci\u00f3n de datos de informes anal\u00edticos\" title=\"\" data-> <img decoding=\"async\" class=\"right-img mdc-elevation--z10 rounded-topleft-topright lazy-loaded\" data-size=\"400x275\" src=\"https:\/\/www.insitusales.com\/wp-content\/uploads\/2020\/03\/cropped-Screen-Shot-2020-03-17-at-12.11.14-PM.png\" data-lazy-type=\"image\" data-src=\"https:\/\/www.insitusales.com\/wp-content\/uploads\/2020\/03\/cropped-Screen-Shot-2020-03-17-at-12.11.14-PM.png\" alt=\"informe resumen de facturas de clientes\" title=\"\" data-><\/div>\n<\/div>\n<\/div>\n<\/div><div  data-label=\"About\" data-id=\"about--3\" data-export-id=\"about-9\" data-category=\"about\" class=\"about-9 content-section content-section-spacing-large cloudy_apple\" id=\"about-3\">\n<div  class=\"gridContainer\">\n<div  class=\"row middle-sm text-center\">\n<div  class=\"col-sm-5 space-bottom-xs content-column content-right-sm\" data-type=\"column\">\n<h5  class=\"\">EXPORTA DATOS DETALLADOS DE TUS RUTAS<\/h5>\n<h2  class=\"\">Informes de seguimiento GPS  a m\u00f3viles<\/h2>\n<p  class=\"\" style=\"text-align: left;\">Genere informes para cualquier rango de fechas. Encuentra distancia, visitas y notas. Exportar datos para un an\u00e1lisis m\u00e1s detallado o para deducir gastos. Nuestro software de gesti\u00f3n de ventas de campo simplifica todo: gestione la rutas de ventas y Autoventa, \u00a1todo en un solo lugar!<\/p>\n<a class=\"button mdc-ripple-upgraded big no-shadow color1\" href=\"https:\/\/www.insitusales.com\/es\/soluciones\/software-de-contabilidad-de-rutas\/\" target=\"_self\" data-cp-link=\"1\" data-icon=\"\" rel=\"noopener noreferrer\">M\u00e1s informaci\u00f3n sobre contabilidad de rutas<\/a><\/div>\n<div  class=\"col-sm-7 flexbox flexbox middle-xs center-xs\">\n<div  class=\"overlay-box flexbox middle-xs center-xs overlay-holder\">\n<div  class=\"overlay-box-offset mdc-elevation--z5 bg-color2 hide-xs border-radius-8 offset-background\"><\/div>\n<img decoding=\"async\" class=\"flexbox mdc-elevation--z10 img1 rounded lazy-loaded\" src=\"https:\/\/www.insitusales.com\/wp-content\/uploads\/2020\/03\/cropped-Screen-Shot-2020-03-17-at-1.24.15-PM.png\" data-lazy-type=\"image\" data-src=\"https:\/\/www.insitusales.com\/wp-content\/uploads\/2020\/03\/cropped-Screen-Shot-2020-03-17-at-1.24.15-PM.png\" alt=\"Informe de seguimiento GPS\" title=\"\" data-><\/div>\n<\/div>\n<\/div>\n<\/div>\n<\/div>","protected":false},"excerpt":{"rendered":"","protected":false},"author":1,"featured_media":0,"parent":8117,"menu_order":0,"comment_status":"closed","ping_status":"closed","template":"pro\/page-templates\/page-with-small-header.php","meta":{"footnotes":""},"class_list":["post-7483","page","type-page","status-publish","hentry"],"_links":{"self":[{"href":"https:\/\/www.insitusales.com\/es\/wp-json\/wp\/v2\/pages\/7483","targetHints":{"allow":["GET"]}}],"collection":[{"href":"https:\/\/www.insitusales.com\/es\/wp-json\/wp\/v2\/pages"}],"about":[{"href":"https:\/\/www.insitusales.com\/es\/wp-json\/wp\/v2\/types\/page"}],"author":[{"embeddable":true,"href":"https:\/\/www.insitusales.com\/es\/wp-json\/wp\/v2\/users\/1"}],"replies":[{"embeddable":true,"href":"https:\/\/www.insitusales.com\/es\/wp-json\/wp\/v2\/comments?post=7483"}],"version-history":[{"count":11,"href":"https:\/\/www.insitusales.com\/es\/wp-json\/wp\/v2\/pages\/7483\/revisions"}],"predecessor-version":[{"id":12080,"href":"https:\/\/www.insitusales.com\/es\/wp-json\/wp\/v2\/pages\/7483\/revisions\/12080"}],"up":[{"embeddable":true,"href":"https:\/\/www.insitusales.com\/es\/wp-json\/wp\/v2\/pages\/8117"}],"wp:attachment":[{"href":"https:\/\/www.insitusales.com\/es\/wp-json\/wp\/v2\/media?parent=7483"}],"curies":[{"name":"gracias","href":"https:\/\/api.w.org\/{rel}","templated":true}]}}