{"id":7168,"date":"2020-03-04T16:21:55","date_gmt":"2020-03-04T16:21:55","guid":{"rendered":"https:\/\/www.insitusales.com\/?page_id=7168"},"modified":"2025-05-29T20:32:05","modified_gmt":"2025-05-29T20:32:05","slug":"aplicacion-de-ventas-de-campo","status":"publish","type":"page","link":"https:\/\/www.insitusales.com\/es\/soluciones\/aplicacion-de-ventas-de-campo\/","title":{"rendered":"Aplicaci\u00f3n de ventas"},"content":{"rendered":"<!-- wp:extendstudio\/materialis--><div  data-label=\"Header\" data-id=\"content--1\" data-export-id=\"content-8-materialis\" data-category=\"content\" class=\"content-8m content-section-spacing-large content-section dark-text\" id=\"header\" style=\"background-color: #ffffff;\">\n<div  class=\"gridContainer\">\n<div  class=\"row middle-sm\">\n<div  class=\"col-md-5 col-xs-12 col-sm-6 space-bottom-xs\" data-type=\"column\">\n<h6  class=\"upper\">Aplicaci\u00f3n de ventas  - Sitio de administraci\u00f3n<\/h6>\n<h1  class=\"\">Optimice las ventas remotamente con nuestra aplicaci\u00f3n de ventas para representantes<\/h1>\n<p  class=\"space-top\">Plan <a  href=\"https:\/\/www.insitusales.com\/es\/soluciones\/software-de-contabilidad-de-rutas\/\" title=\"obtener rutas optimizadas  de distribucion\">obtener rutas optimizadas  de distribucion<\/a>asi como construir y rastrear&nbsp;<a  href=\"https:\/\/www.insitusales.com\/es\/soluciones\/facturacion-movil\/\" title=\"facturas personalizadas en el movil\">facturas personalizadas en el movil<\/a>, tomar <a  href=\"https:\/\/www.insitusales.com\/es\/soluciones\/app-para-tomar-pedidos\/\" title=\"pedidos de venta en el movil\" data-schema-attribute=\"\">pedidos de venta en el movil<\/a>y gestionar todas las operaciones de venta de sus vendedores c\u00f3modamente desde su portal de administraci\u00f3n.<\/p>\n<a class=\"button mdc-ripple-upgraded null big no-shadow color7\" href=\"https:\/\/app.insitusales.com\/inSituSignUp\/register\" target=\"_blank\" data-cp-link=\"1\" data-icon=\"\" rel=\"noopener noreferrer\" mdc-ripple-upgraded=\"\" no-shadow=\"\" style=\"--mdc-ripple-fg-size: 131.17499999999998px; --mdc-ripple-fg-scale: 1.792988205088286; --mdc-ripple-fg-translate-start: 108.85000762939454px, -31.78751220703124px; --mdc-ripple-fg-translate-end: 43.72500000000001px, -38.58749999999999px;\">PRUEBA GRATUITA DE 14 D\u00cdAS<\/a><a class=\"button null mdc-ripple-upgraded big color1\" href=\"https:\/\/calendly.com\/insitu-sales\/demo-tour-of-insitu-sales\" target=\"_blank\" data-cp-link=\"1\" data-icon=\"\" rel=\"noopener\">AGENDAR DEMO <\/a><\/div>\n<div  class=\"col-md-6 col-md-offset-1 col-xs-12 col-sm-6\"><img decoding=\"async\" src=\"https:\/\/www.insitusales.com\/wp-content\/uploads\/sales-app-for-reps.png\" data-lazy-type=\"image\" data-src=\"https:\/\/www.insitusales.com\/wp-content\/uploads\/2020\/03\/cropped-Screen-Shot-2020-03-04-at-9.53.54-AM.png\" alt=\"software de ventas de campo\" title=\"\" rounded=\"\" data-=\"\"><\/div>\n<\/div>\n<\/div>\n<\/div><!-- \/wp:extendstudio\/materialis--><!-- \/wp:extendstudio\/materialis--><!-- wp:extendstudio\/materialis--><!-- wp:extendstudio\/materialis--><!-- \/wp:extendstudio\/materialis--><!-- wp:extendstudio\/materialis--><!-- \/wp:extendstudio\/materialis--><!-- wp:extendstudio\/materialis--><div  data-label=\"Reviews\" data-id=\"clients--1\" data-export-id=\"clients-2-materialis\" data-category=\"clients\" class=\"clients-2-materialis content-section content-section-spacing-large section-title-col-dark-text\" id=\"reviews-1\" style=\"background-color: #ffffff; background-image: none;\">\n<div  class=\"gridContainer\">\n<div  class=\"row spaced-cols center-sm\" data-type=\"row\" data-fixed=\"true\">\n<div  class=\"col-xs-12 col-sm-3 col-md-2\">\n<div  class=\"card mdc-elevation--z0\">\n<div  class=\"flexbox image-holder middle-sm center-xs\" data-type=\"column\"><a href=\"https:\/\/www.capterra.com\/p\/166256\/inSitu-Sales\" target=\"_blank\" rel=\"noopener\" class=\"\"><img decoding=\"async\" loading=\"lazy\" class=\"alignnone\" src=\"https:\/\/www.insitusales.com\/wp-content\/uploads\/Capterra-Review-1.png\" width=\"369\" height=\"123\" alt=\"Capterra insitu sales\" title=\"\"><\/a><\/div>\n<\/div>\n<\/div>\n<div  class=\"col-xs-12 col-sm-3 col-md-2\">\n<div  class=\"card mdc-elevation--z0\">\n<div  class=\"flexbox image-holder middle-sm center-xs\" data-type=\"column\"><a href=\"https:\/\/quickbooks.intuit.com\/app\/apps\/appdetails\/insitusales\/en-us\" target=\"_blank\" rel=\"noopener\" class=\"\"><img decoding=\"async\" loading=\"lazy\" class=\"alignnone\" src=\"https:\/\/www.insitusales.com\/wp-content\/uploads\/QuickBooks-Online-Reviews.png\" width=\"369\" height=\"123\" alt=\"Rese\u00f1as en l\u00ednea de libros r\u00e1pidos insitu sales\" title=\"\"><\/a><\/div>\n<\/div>\n<\/div>\n<div  class=\"col-xs-12 col-sm-3 col-md-2\">\n<div  class=\"card mdc-elevation--z0\">\n<div  class=\"flexbox image-holder middle-sm center-xs\" data-type=\"column\"><a href=\"https:\/\/desktop.apps.com\/apps\/183756\/insitu-sales\" target=\"_blank\" rel=\"noopener\" class=\"\"><img decoding=\"async\" loading=\"lazy\" class=\"alignnone\" src=\"https:\/\/www.insitusales.com\/wp-content\/uploads\/QuickBooks-Desktop-Reviews.png\" width=\"369\" height=\"123\" alt=\"Rese\u00f1as de escritorio de QuickBooks\" title=\"\"><\/a><\/div>\n<\/div>\n<\/div>\n<div  class=\"col-xs-12 col-sm-3 col-md-2\">\n<div  class=\"card mdc-elevation--z0\">\n<div  class=\"flexbox image-holder middle-sm center-xs\" data-type=\"column\"><a href=\"https:\/\/softwareconnect.com\/order-management\/insitu-sales\" target=\"_blank\" rel=\"noopener\" class=\"\"><img decoding=\"async\" loading=\"lazy\" class=\"alignnone\" src=\"https:\/\/www.insitusales.com\/wp-content\/uploads\/Software-Connect-Review.png\" width=\"369\" height=\"123\" alt=\"Revisi\u00f3n de conexi\u00f3n de software\" title=\"\"><\/a><\/div>\n<\/div>\n<\/div>\n<div  class=\"col-xs-12 col-sm-3 col-md-2\">\n<div  class=\"card mdc-elevation--z0\">\n<div  class=\"flexbox image-holder middle-sm center-xs\" data-type=\"column\"><a href=\"https:\/\/www.softwareadvice.com\/catalog-management\/insitu-sales-profile\" target=\"_blank\" rel=\"noopener\" class=\"\"><img decoding=\"async\" loading=\"lazy\" class=\"alignnone\" src=\"https:\/\/www.insitusales.com\/wp-content\/uploads\/Software-Advice-Review.png\" width=\"369\" height=\"123\" alt=\"Rese\u00f1as de consejos de software insitu sales\" title=\"\"><\/a><\/div>\n<\/div>\n<\/div>\n<div  class=\"col-xs-12 col-sm-3 col-md-2\">\n<div  class=\"card mdc-elevation--z0\">\n<div  class=\"flexbox image-holder middle-sm center-xs\" data-type=\"column\"><a href=\"https:\/\/apps.apple.com\/us\/app\/insitu-sales\/id1024207605\" target=\"_blank\" rel=\"noopener\" class=\"\"><img decoding=\"async\" loading=\"lazy\" class=\"alignnone\" src=\"https:\/\/www.insitusales.com\/wp-content\/uploads\/App-Store-Review.png\" width=\"369\" height=\"123\" alt=\"Rese\u00f1as de la tienda de aplicaciones insitu sales\" title=\"\"><\/a><\/div>\n<\/div>\n<\/div>\n<\/div>\n<\/div>\n<\/div><!-- \/wp:extendstudio\/materialis--><!-- \/wp:extendstudio\/materialis--><!-- \/wp:extendstudio\/materialis--><!-- wp:extendstudio\/materialis--><div  data-label=\"Cta\" data-id=\"cta--1\" data-export-id=\"cta-5-materialis\" data-category=\"cta\" class=\"cta-5m content-section content-section-spacing-large bg-color-white\" id=\"cta-1\" style=\"background-image: none; background-color: #f5fafd;\">\n<div  class=\"gridContainer\">\n<div  class=\"grid-custom\">\n<div  class=\"row text-left middle-xs text-center content-left-sm\">\n<div  class=\"col-md-7 col-sm-6 col-xs-12 negative-margins\"><img decoding=\"async\" src=\"https:\/\/www.insitusales.com\/wp-content\/uploads\/download-field-sales-app-1.webp\" alt=\"\" title=\"\"><\/div>\n<div  class=\"col-md-5 col-sm-6 col-xs-12 box-padding-tb-medium\" data-type=\"column\">\n<h2  class=\"\">\u00a1Descargue nuestra nueva versi\u00f3n 2.0!<\/h2>\n<p  class=\"\">\u2013 Disfrute de las mejoras realizadas tanto en UX como en UI<br >\u2013 Nuevas opciones de filtrado para productos y clientes.<br >\u2013 Sincroniza datos de forma rutinaria cada 30 segundos de forma autom\u00e1tica<br >\u2013 Opciones de entrada y salida para representantes<br >\u2013 Nuevo m\u00f3dulo de formularios para levantamientos. <br ><b >\u2013 Seguimiento a\u00fan m\u00e1s fuerte que nunca<\/b> \u2026\u00a1y mucho m\u00e1s!<\/p>\n<a class=\"button mdc-elevation--z3 color-black mdc-ripple-upgraded\" href=\"\/\/apps.apple.com\/us\/app\/insitu-sales-2-0\/id1569398320\" target=\"_blank\" data-cp-link=\"1\" data-icon=\"mdi-apple\" rel=\"noopener\"><span  class=\"button-icon mdi mdi-apple\"><\/span>App store<\/a><a class=\"button null color-black mdc-ripple-upgraded\" href=\"https:\/\/play.google.com\/store\/apps\/details?id=com.insitusales.flutter&amp;hl=en&amp;gl=US\" target=\"_blank\" data-cp-link=\"1\" data-icon=\"mdi-google-play\" rel=\"noopener\"><span  class=\"button-icon mdi mdi-google-play\"><\/span>Google Play <\/a><\/div>\n<\/div>\n<\/div>\n<\/div>\n<\/div><!-- \/wp:extendstudio\/materialis--><!-- wp:extendstudio\/materialis--><!-- \/wp:extendstudio\/materialis--><!-- wp:extendstudio\/materialis--><!-- wp:extendstudio\/materialis--><!-- \/wp:extendstudio\/materialis--><!-- \/wp:extendstudio\/materialis--><div  data-label=\"mobile\" data-id=\"content--6\" data-export-id=\"content-6\" data-category=\"content\" class=\"content-6 content-section content-section-spacing-large dark-text\" id=\"mobile\" style=\"background-color: #ffffff; background-image: none;\">\n<div  class=\"gridContainer\">\n<div  class=\"row text-center\">\n<div  class=\"section-title-col\" data-type=\"column\">\n<h2  class=\"\">Funciones de la aplicaci\u00f3n m\u00f3vil para representantes de ventas de campo<\/h2>\n<p  class=\"lead\">inSitu Sales se centra en ayudar a los representantes de ventas de distribuci\u00f3n mayorista con las operaciones de ventas de campo de principio a fin.<\/p>\n<\/div>\n<\/div>\n<div  class=\"row middle-sm\">\n<div  class=\"col-xs-12 col-sm-6\">\n<div  class=\"row\">\n<div  class=\"col-xs-12 space-bottom\" data-type=\"column\">\n<h3  class=\"color1\">Gu\u00ede a los representantes a trav\u00e9s de preventas o DSD<\/h3>\n<p  class=\"\">Nuestras funciones pueden ayudar a los representantes de campo a trav\u00e9s de cualquier transacci\u00f3n o ciclo de pedido, ya sea preventa o DSD. Las configuraciones y funciones tambi\u00e9n se pueden personalizar y asignar a los representantes a nivel granular.<\/p>\n<\/div>\n<div  class=\"row\" data-type=\"row\" data-max-items=\"4\">\n<div  class=\"row space-bottom col-md-12\">\n<div  class=\"col-xs-12 col-md-fit\" data-fixed=\"true\"><i  class=\"mdi icon mdi-car-connected normal-shape small color1\"><\/i><\/div>\n<div  class=\"col-xs-12 col-md\" data-type=\"column\">\n<h5  class=\"color1\">Contabilidad de ruta DSD<\/h5>\n<p  class=\"\"><b >Utilice rutas optimizadas<\/b>&nbsp;asignados a los representantes por los administradores para enfatizar la velocidad y los ingresos, mientras se minimizan los costos totales y el error humano.&nbsp;<\/p>\n<\/div>\n<\/div>\n<div  class=\"row space-bottom col-md-12\">\n<div  class=\"col-xs-12 col-md-fit\" data-fixed=\"true\"><i  class=\"mdi icon mdi-cloud-print-outline normal-shape small color1\"><\/i><\/div>\n<div  class=\"col-xs-12 col-md\" data-type=\"column\">\n<h5  class=\"color1\">Imprima facturas m\u00f3viles o env\u00edelas como PDF<\/h5>\n<p  class=\"\"><b >Crear facturas<\/b> eso puede ser <b >impreso o enviado por correo electr\u00f3nico como PDF<\/b>. Use la informaci\u00f3n del cliente para crear autom\u00e1ticamente una plantilla personalizada en segundos.<\/p>\n<\/div>\n<\/div>\n<div  class=\"row space-bottom col-md-12\">\n<div  class=\"col-xs-12 col-md-fit\" data-fixed=\"true\"><i  class=\"mdi icon mdi-cart-plus normal-shape small color1\"><\/i><\/div>\n<div  class=\"col-xs-12 col-md\" data-type=\"column\">\n<h5  class=\"color1\">Tomar pedidos m\u00f3viles<\/h5>\n<p  class=\"\"><b >Tomar \u00f3rdenes<\/b> con un f\u00e1cil de usar <b >catalogo de producto<\/b> Eso permite <b >escaneo de c\u00f3digo de barras<\/b> y realiza un seguimiento del historial de compras por producto, marca y ubicaci\u00f3n.<\/p>\n<\/div>\n<\/div>\n<div  class=\"row space-bottom col-md-12\">\n<div  class=\"col-xs-12 col-md-fit\" data-fixed=\"true\"><i  class=\"mdi icon mdi-bank normal-shape small color1\"><\/i><\/div>\n<div  class=\"col-xs-12 col-md\" data-type=\"column\">\n<h5  class=\"color1\">Procesar pagos m\u00f3viles<\/h5>\n<p  class=\"\"><b >Aceptar pagos electr\u00f3nicamente<\/b> con credito, <b >Raya<\/b>o <b >Authorize.net<\/b>. Los recibos se pueden imprimir o compartir.<\/p>\n<\/div>\n<\/div>\n<\/div>\n<\/div>\n<\/div>\n<div  class=\"col-xs-12 col-sm-6 flexbox around-xs top-xs\">\n<div  class=\"overlay-box middle-xs center-xs flexbox box-image\">\n<div  class=\"overlay-box-offset border-color1 hide-xs border-radius-8 offset-background mdc-elevation--z0\"><\/div>\n<img decoding=\"async\" class=\"rounded mdc-elevation--z0\" src=\"https:\/\/www.insitusales.com\/wp-content\/uploads\/mobile-app-features.png\" alt=\"\" title=\"\"><\/div>\n<\/div>\n<\/div>\n<\/div>\n<\/div><!-- \/wp:extendstudio\/materialis--><!-- \/wp:extendstudio\/materialis--><!-- wp:extendstudio\/materialis--><!-- wp:extendstudio\/materialis--><!-- wp:extendstudio\/materialis--><!-- wp:extendstudio\/materialis--><!-- \/wp:extendstudio\/materialis--><!-- wp:extendstudio\/materialis--><!-- \/wp:extendstudio\/materialis--><!-- \/wp:extendstudio\/materialis--><!-- wp:extendstudio\/materialis--><!-- \/wp:extendstudio\/materialis--><!-- wp:extendstudio\/materialis--><!-- \/wp:extendstudio\/materialis--><div data-label=\"Content\" data-id=\"content--9\" data-export-id=\"content-7-materialis\" data-category=\"content\" class=\"content-7m content-section-spacing-large content-section dark-text\" id=\"content-2\"  style=\"background-color: rgb(255, 255, 255);\"><div class=\"gridContainer\" > <div class=\"row middle-sm\" ><div class=\"col-md-6 col-xs-12 col-sm-6 col-padding-small-xs\" > <img decoding=\"async\" class=\"img-rounded mdc-elevation--z0\" src=\"https:\/\/www.insitusales.com\/wp-content\/uploads\/load-trucks-dsd.png\" alt=\"\" title=\"\"><\/div> <div class=\"col-md-5 col-md-offset-1 col-xs-12 col-sm-6 content-left-sm col-padding-small-xs\" data-type=\"column\" ><h6 class=\"upper\" >Dise\u00f1ado espec\u00edficamente para la carga de camiones y la gesti\u00f3n de inventario.<\/h6> <h3 class=\"space-bottom\" >Cargar camiones con inventario para DSD \u2013 <b >\u00a1NUEVO!<\/b><\/h3> <p class=\"space-top\" >Nuestra nueva funci\u00f3n dise\u00f1ada espec\u00edficamente para <b >carga de camiones<\/b> y tambi\u00e9n con <b >Gesti\u00f3n de inventario DSD<\/b>Permitir que los representantes y conductores produzcan listas del inventario necesario para reabastecer desde un almac\u00e9n elegido, lo que permite una gesti\u00f3n eficiente de la cantidad de existencias desde el campo.<\/p> <\/div> <\/div><\/div> <\/div><!-- wp:extendstudio\/materialis--><!-- \/wp:extendstudio\/materialis--><p ><!-- CloudPress Companion Preview Data START --><\/p><!-- wp:extendstudio\/materialis--><!-- \/wp:extendstudio\/materialis--><!-- \/wp:extendstudio\/materialis--><!-- wp:extendstudio\/materialis--><!-- \/wp:extendstudio\/materialis--><p ><!--Embed from Zendesk Chat Chat WordPress Plugin v1.4.15--><\/p><!-- wp:extendstudio\/materialis--><div  data-label=\"Content\" data-id=\"content--8\" data-export-id=\"content-9-materialis\" data-category=\"content\" class=\"content-9m content-section-spacing-large content-section dark-text\" id=\"content-1\" style=\"background-color: #f5fafd;\">\n<div  class=\"gridContainer\">\n<div  class=\"row middle-xs flex-row\">\n<div  class=\"col-md-5 col-xs-12 col-sm-6 space-bottom-xs\" data-type=\"column\">\n<h2  class=\"space-bottom-small\">Formularios m\u00f3viles para representantes<\/h2>\n<p  class=\"space-top\">Cree formularios m\u00f3viles para que sus representantes de ventas los completen en el campo. Con una amplia variedad de opciones de entrada, nuestra plataforma permite a los gerentes configurar formularios para recopilar datos precisos sobre casi cualquier tema.&nbsp;<\/p>\n<\/div>\n<div  class=\"col-md-6 col-md-offset-1 col-xs-12 col-sm-6\"><img decoding=\"async\" src=\"https:\/\/www.insitusales.com\/wp-content\/uploads\/sales-rep-mobile-form.png\" alt=\"\" title=\"\"><\/div>\n<\/div>\n<\/div>\n<\/div><!-- wp:extendstudio\/materialis--><div  data-label=\"admin\" data-id=\"content--7\" data-export-id=\"content-6-2\" data-category=\"content\" class=\"content-6-2 content-section content-section-spacing-large dark-text\" id=\"admin\" style=\"background-color: #f5fafd; background-image: none;\">\n<div  class=\"gridContainer\">\n<div  class=\"row text-center\">\n<div  class=\"section-title-col\" data-type=\"column\">\n<h2  class=\"\">Funciones del sitio de administraci\u00f3n para gerentes de ventas<\/h2>\n<p  class=\"lead\">Utilice el sitio de administraci\u00f3n de inSitu Sales para administrar los datos y las listas a las que pueden acceder sus representantes, y monitorear las operaciones con una vista general en cualquier momento.&nbsp;<\/p>\n<\/div>\n<\/div>\n<div  class=\"row middle-sm\">\n<div  class=\"col-xs-12 col-sm-6 flexbox around-xs top-xs\">\n<div  class=\"overlay-box flexbox middle-xs center-xs overlay-holder\">\n<div  class=\"overlay-box-offset border-color1 hide-xs border-radius-8 offset-background mdc-elevation--z0\"><\/div>\n<img decoding=\"async\" class=\"flexbox img1 rounded mdc-elevation--z0\" src=\"https:\/\/www.insitusales.com\/wp-content\/uploads\/admin-portal-features-1.png\" alt=\"\" title=\"\"><\/div>\n<\/div>\n<div  class=\"col-xs-12 col-sm-6 space-top-xs reverted-class\">\n<div  class=\"row\">\n<div  class=\"col-xs-12 space-bottom\" data-type=\"column\">\n<h3  class=\"color1\">Mantenga a los equipos de ventas responsables y eficientes<\/h3>\n<p  class=\"\">Los gerentes de ventas necesitan un software que pueda ayudarlos simult\u00e1neamente a capacitar y guiar a sus representantes para completar las operaciones de ventas seg\u00fan lo previsto, al mismo tiempo que les permite obtener informaci\u00f3n sobre su flujo de trabajo para mantener la responsabilidad.<\/p>\n<\/div>\n<div  class=\"col-xs-12\" data-type=\"row\" data-max-items=\"4\">\n<div  class=\"row space-bottom\">\n<div  class=\"col-xs-12 col-sm-12 col-md-fit\" data-fixed=\"true\"><i  class=\"mdi icon mdi-crosshairs-gps normal-shape small color1\"><\/i><\/div>\n<div  class=\"col-xs-12 col-sm-12 col-md\" data-type=\"column\">\n<h5  class=\"color1\">Microzonas<\/h5>\n<p  class=\"\"><b >Establecer microzonas<\/b> para segmentar territorios de ventas clave en los que le gustar\u00eda centrarse m\u00e1s. Todos los clientes del territorio se agregan a una lista.&nbsp;<\/p>\n<\/div>\n<\/div>\n<div  class=\"row space-bottom\">\n<div  class=\"col-xs-12 col-sm-12 col-md-fit\" data-fixed=\"true\"><i  class=\"mdi icon mdi-map-marker-radius normal-shape small color1\"><\/i><\/div>\n<div  class=\"col-xs-12 col-sm-12 col-md\" data-type=\"column\">\n<h5  class=\"color1\">Seguimiento GPS en vivo<\/h5>\n<p  class=\"\"><b >Supervisar el progreso de los representantes en las rutas<\/b>, con vi\u00f1etas que indican un punto de inicio y un punto final, y secciones codificadas por colores que marcan las l\u00edneas de tiempo. Actualizado <b >vivir en tiempo real GPS<\/b>.&nbsp;<\/p>\n<\/div>\n<\/div>\n<div  class=\"row space-bottom\">\n<div  class=\"col-xs-12 col-sm-12 col-md-fit\" data-fixed=\"true\"><i  class=\"mdi icon mdi-book-open-page-variant normal-shape small color1\"><\/i><\/div>\n<div  class=\"col-xs-12 col-sm-12 col-md\" data-type=\"column\">\n<h5  class=\"color1\">Cat\u00e1logos de productos en PDF<\/h5>\n<p  class=\"\"><b >Configure cat\u00e1logos de productos en PDF personalizados<\/b> para descargar utilizando cualquier lista de precios o filtros de categor\u00edas disponibles para crear una oferta de producto \u00fanica, organizada seg\u00fan sus preferencias.&nbsp;<\/p>\n<\/div>\n<\/div>\n<div  class=\"row space-bottom\">\n<div  class=\"col-xs-12 col-sm-12 col-md-fit\" data-fixed=\"true\"><i  class=\"mdi icon mdi-chart-timeline normal-shape small color1\"><\/i><\/div>\n<div  class=\"col-xs-12 col-sm-12 col-md\" data-type=\"column\">\n<h5  class=\"color1\">An\u00e1lisis mejorado<\/h5>\n<p  class=\"\"><b >Cree informes personalizados<\/b> para representantes espec\u00edficos o su equipo, en cualquier rango de fechas para registrar compras de art\u00edculos populares, frecuencia de clientes y cobro de facturas.&nbsp;<\/p>\n<\/div>\n<\/div>\n<\/div>\n<\/div>\n<\/div>\n<\/div>\n<\/div>\n<\/div><!-- wp:extendstudio\/materialis--><div  data-label=\"Features\" data-id=\"features--1\" data-export-id=\"features-16-card-bordered\" data-category=\"features\" class=\"features-16-card-bordered content-section content-section-spacing-large section-title-col-dark-text\" id=\"features-1\" style=\"background-color: #ffffff;\">\n<div  class=\"gridContainer\">\n<div  class=\"row text-center\">\n<div  class=\"section-title-col\" data-type=\"column\">\n<h2  class=\"\">CRM de ventas de campo para representantes<\/h2>\n<p  class=\"lead\">Complete la gesti\u00f3n de su territorio de ventas equipando a los representantes con un <b >CRM de ventas de campo m\u00f3vil<\/b>. Mejore la comunicaci\u00f3n y el seguimiento de la actividad de ventas entre administradores y representantes en el campo para brindar un mejor servicio a los clientes.&nbsp;<\/p>\n<\/div>\n<\/div>\n<div  class=\"row spaced-cols\" data-type=\"row\" data-max-items=\"4\">\n<div  class=\"col-xs-12 col-sm-6 col-md-3\">\n<div  class=\"card mdc-elevation--z3 no-padding y-move\"><img decoding=\"async\" class=\"face\" src=\"https:\/\/www.insitusales.com\/wp-content\/uploads\/Calendar-Appointments.png\" alt=\"\" title=\"\">\n<div  data-type=\"column\" class=\"col-padding-small col-padding-small-xs description-container\">\n<h4  class=\"font-500\">Crear citas<\/h4>\n<p  class=\"\">Ofrezca a los administradores la posibilidad de seleccionar clientes espec\u00edficos en un calendario de programaci\u00f3n personalizado para cada representante y luego asignar directamente la duraci\u00f3n de la cita y la hora de inicio.<\/p>\n<\/div>\n<div  data-type=\"column\" class=\"col-padding-small col-padding-small-xs read-more-container\"><\/div>\n<\/div>\n<\/div>\n<div  class=\"col-xs-12 col-sm-6 col-md-3\">\n<div  class=\"card mdc-elevation--z3 no-padding y-move\"><img decoding=\"async\" class=\"face\" src=\"https:\/\/www.insitusales.com\/wp-content\/uploads\/assign-tasks.png\" alt=\"\" title=\"\">\n<div  data-type=\"column\" class=\"col-padding-small col-padding-small-xs description-container\">\n<h4  class=\"font-500\">Asignar tareas<\/h4>\n<p  class=\"\">Permita que los administradores creen listas de tareas para los representantes agregados a cuentas de clientes seleccionadas.<br >Las tareas se pueden clasificar por niveles de prioridad para determinar su importancia, desde baja hasta alta. El progreso se monitorea y actualiza en tiempo real.&nbsp;<\/p>\n<\/div>\n<div  data-type=\"column\" class=\"col-padding-small col-padding-small-xs read-more-container\"><\/div>\n<\/div>\n<\/div>\n<div  class=\"col-xs-12 col-sm-6 col-md-3\">\n<div  class=\"card mdc-elevation--z3 no-padding y-move\"><img decoding=\"async\" class=\"face\" src=\"https:\/\/www.insitusales.com\/wp-content\/uploads\/set-reminders.png\" alt=\"\" title=\"\">\n<div  data-type=\"column\" class=\"col-padding-small col-padding-small-xs description-container\">\n<h4  class=\"font-500\">Establecer recordatorios<\/h4>\n<p  class=\"\">Agregue recordatorios escritos de un administrador para una cuenta de cliente seleccionada con la que el representante debe interactuar antes de poder iniciar una actividad o transacci\u00f3n de ventas.<\/p>\n<\/div>\n<div  data-type=\"column\" class=\"col-padding-small col-padding-small-xs read-more-container\"><\/div>\n<\/div>\n<\/div>\n<div  class=\"col-xs-12 col-sm-6 col-md-3\">\n<div  class=\"card mdc-elevation--z3 no-padding y-move\"><img decoding=\"async\" class=\"face\" src=\"https:\/\/www.insitusales.com\/wp-content\/uploads\/leave-visit-notes-1.png\" alt=\"\" title=\"\">\n<div  data-type=\"column\" class=\"col-padding-small col-padding-small-xs description-container\">\n<h4  class=\"font-500\">Dejar notas de visita<\/h4>\n<p  class=\"\">Proporcionar a los representantes una forma de registrar notas durante una visita.<br >Las notas grabadas tienen una marca de tiempo y los administradores pueden verlas en la misma pesta\u00f1a que sus recordatorios.<\/p>\n<\/div>\n<div  data-type=\"column\" class=\"col-padding-small col-padding-small-xs read-more-container\"><\/div>\n<\/div>\n<\/div>\n<\/div>\n<\/div>\n<\/div>","protected":false},"excerpt":{"rendered":"<p>Aplicaci\u00f3n de ventas de campo: sitio de administraci\u00f3n Optimice las ventas de forma remota con nuestra aplicaci\u00f3n de ventas de campo para representantes Planifique rutas optimizadas para conductores, cree y realice un seguimiento de facturas m\u00f3viles personalizadas, tome pedidos de ventas m\u00f3viles y administre todas las operaciones de ventas de campo c\u00f3modamente desde su portal de administraci\u00f3n. PRUEBA GRATUITA DE 14 D\u00cdASRESERVAR DEMO \u00a1Descargue nuestra nueva versi\u00f3n 2.0! \u2013 Disfrute de las mejoras realizadas a \u2026<\/p>","protected":false},"author":1,"featured_media":0,"parent":8117,"menu_order":0,"comment_status":"closed","ping_status":"closed","template":"pro\/page-templates\/page-with-small-header.php","meta":{"footnotes":""},"class_list":["post-7168","page","type-page","status-publish","hentry"],"_links":{"self":[{"href":"https:\/\/www.insitusales.com\/es\/wp-json\/wp\/v2\/pages\/7168","targetHints":{"allow":["GET"]}}],"collection":[{"href":"https:\/\/www.insitusales.com\/es\/wp-json\/wp\/v2\/pages"}],"about":[{"href":"https:\/\/www.insitusales.com\/es\/wp-json\/wp\/v2\/types\/page"}],"author":[{"embeddable":true,"href":"https:\/\/www.insitusales.com\/es\/wp-json\/wp\/v2\/users\/1"}],"replies":[{"embeddable":true,"href":"https:\/\/www.insitusales.com\/es\/wp-json\/wp\/v2\/comments?post=7168"}],"version-history":[{"count":10,"href":"https:\/\/www.insitusales.com\/es\/wp-json\/wp\/v2\/pages\/7168\/revisions"}],"predecessor-version":[{"id":14916,"href":"https:\/\/www.insitusales.com\/es\/wp-json\/wp\/v2\/pages\/7168\/revisions\/14916"}],"up":[{"embeddable":true,"href":"https:\/\/www.insitusales.com\/es\/wp-json\/wp\/v2\/pages\/8117"}],"wp:attachment":[{"href":"https:\/\/www.insitusales.com\/es\/wp-json\/wp\/v2\/media?parent=7168"}],"curies":[{"name":"gracias","href":"https:\/\/api.w.org\/{rel}","templated":true}]}}