{"id":7096,"date":"2020-03-04T00:10:32","date_gmt":"2020-03-04T00:10:32","guid":{"rendered":"https:\/\/www.insitusales.com\/?page_id=7096"},"modified":"2026-04-27T18:45:43","modified_gmt":"2026-04-27T18:45:43","slug":"app-para-tomar-pedidos","status":"publish","type":"page","link":"https:\/\/www.insitusales.com\/es\/soluciones\/app-para-tomar-pedidos\/","title":{"rendered":"Aplicaci\u00f3n de pedidos"},"content":{"rendered":"<!-- wp:extendstudio\/materialis--><div  data-label=\"Content\" data-id=\"content--3\" data-export-id=\"content-12-materialis\" data-category=\"content\" class=\"content-12m content-section dark-text\" id=\"content-3\" style=\"background-color: #ffffff; background-image: none;\">\n<div >\n<div  class=\"row middle-xs\">\n<div  class=\"col-md-5 col-xs-12 col-sm-6 content-left-sm full-col-left-padding col-padding\" data-type=\"column\">\n<h6  class=\"upper\">Minimizar errores y aceptar pedidos m\u00e1s grandes<\/h6>\n<h1  class=\"\">Aplicaci\u00f3n de toma de pedidos para representantes de ventas&nbsp;<\/h1>\n<p  class=\"space-top-small\">Optimice las operaciones de ventas de campo para sus representantes con una aplicaci\u00f3n de toma de pedidos m\u00f3viles dise\u00f1ada para distribuidores mayoristas.&nbsp;<br ><br >Ahorre tiempo con un cat\u00e1logo de productos f\u00e1cil de usar que admite el escaneo de c\u00f3digos de barras y filtros de productos, al mismo tiempo que accede a datos de inventario y precios en tiempo real.<\/p>\n<a class=\"button null mdc-ripple-upgraded big color1\" href=\"https:\/\/app.insitusales.com\/inSituSignUp\/register\" target=\"_blank\" data-cp-link=\"1\" data-icon=\"\" rel=\"noopener\">PRUEBA GRATUITA DE 14 D\u00cdAS<\/a><a class=\"button null mdc-ripple-upgraded big color2\" href=\"https:\/\/scheduler.zoom.us\/insitusales\/demo\" target=\"_blank\" data-cp-link=\"1\" data-icon=\"\" data-schema-attribute=\"\" rel=\"noopener\">AGENDAR DEMO<\/a><\/div>\n<div  class=\"col-md-6 col-md-offset-1 col-xs-12 col-sm-6 no-padding image-col flexbox middle-sm\"><img decoding=\"async\" loading=\"lazy\" src=\"https:\/\/www.insitusales.com\/wp-content\/uploads\/order-taking-app-for-sales-reps.png\" class=\"image-offset mdc-elevation--z0 alignnone\" alt=\"aplicaci\u00f3n para tomar pedidos\" title=\"\"><\/div>\n<\/div>\n<\/div>\n<\/div><!-- \/wp:extendstudio\/materialis--><div  data-label=\"Testimonials\" data-id=\"testimonials--3\" data-export-id=\"testimonials-7-materialis\" data-category=\"testimonials\" class=\"testimonials-7m content-section content-section-spacing-xlarge dark-text\" id=\"testimonials-3\" style=\"background-color: #ffffff;\">\n<div  class=\"gridContainer\">\n<div  class=\"row space-bottom\">\n<div  class=\"section-title-col\" data-type=\"column\">\n<h2  class=\"\">Testimonios<\/h2>\n<\/div>\n<\/div>\n<div  class=\"row spaced-cols content-left-sm\" data-type=\"row\" data-max-items=\"4\">\n<div  class=\"col-xs-12 col-sm-6\">\n<div  class=\"row\">\n<div  class=\"col-xs-12 col-sm-4 col-md-3 left-content\" data-fixed=\"true\"><img decoding=\"async\" src=\"https:\/\/www.insitusales.com\/wp-content\/uploads\/physiotec-1.png\" class=\"round mdc-elevation--z3\" alt=\"\" title=\"\"> <i  class=\"mdi mdi-format-quote-close icon color1\"><\/i><\/div>\n<div  class=\"col-xs-12 col-sm-8 col-md-9 no-padding-left\" data-type=\"column\">\n<h6  class=\"no-margin-bottom font-700\">Ken Morris<\/h6>\n<p  class=\"font-300\">FisioTec<\/p>\n<p  class=\"\">Insitu Sales cumple todos los requisitos. Proporciona a nuestros representantes de ventas una aplicaci\u00f3n m\u00f3vil de crm\/pedidos, as\u00ed como un sitio de comercio electr\u00f3nico para autoservicio. Ofrece una soluci\u00f3n de recogida\/envasado\/env\u00edo para que nuestro almac\u00e9n pueda enviar los pedidos r\u00e1pidamente. Y lo mejor es que todos estos elementos est\u00e1n \"vinculados\" entre s\u00ed para que todo nuestro equipo tenga visibilidad de los mismos datos.<\/p>\n<\/div>\n<\/div>\n<\/div>\n<div  class=\"col-xs-12 col-sm-6\">\n<div  class=\"row\">\n<div  class=\"col-xs-12 col-sm-4 col-md-3 left-content\" data-fixed=\"true\"><img decoding=\"async\" src=\"https:\/\/www.insitusales.com\/wp-content\/uploads\/Illusione-Cigar.png\" class=\"round mdc-elevation--z3\" alt=\"\" title=\"\"> <i  class=\"mdi mdi-format-quote-close icon color1\"><\/i><\/div>\n<div  class=\"col-xs-12 col-sm-8 col-md-9 no-padding-left\" data-type=\"column\">\n<h6  class=\"no-margin-bottom font-700\">Howard Lenox<\/h6>\n<p  class=\"font-300\">cigarro ilusi\u00f3n<\/p>\n<p  class=\"\">Las ventas in situ me permiten centrarme en prioridades de mayor nivel y saber que el \u00e1rea de cumplimiento recibe los pedidos sin problemas. Mis representantes de campo pueden ingresar sus pedidos a cualquier hora con la confianza de que la oficina tendr\u00e1 ese pedido listo para su cumplimiento dentro del siguiente d\u00eda h\u00e1bil.<\/p>\n<\/div>\n<\/div>\n<\/div>\n<\/div>\n<\/div>\n<\/div><!-- \/wp:extendstudio\/materialis--><!-- wp:extendstudio\/materialis--><div data-label=\"Features\" data-id=\"features--1\" data-export-id=\"features-13-materialis\" data-category=\"features\" class=\"features-13m content-section content-section-spacing-large dark-text\" id=\"features-1\"  style=\"background-color: rgb(245, 250, 253);\"><div class=\"gridContainer\" ><div data-section-title-area=\"true\" class=\"row text-center\" >   <div class=\"section-title-col\" data-type=\"column\" >       <h2 class=\"\" >Preguntas frecuentes<\/h2>          <\/div><\/div> <div class=\"row cols-separator-between\" data-type=\"row\" ><div class=\"col-sm-4 col-xs-12 space-bottom col-md-3\" data-type=\"column\" > <h5 class=\"\" >\u00bfQu\u00e9 es una aplicaci\u00f3n para tomar pedidos?<\/h5> <p class=\"\" >Una aplicaci\u00f3n de toma de pedidos es un software m\u00f3vil que ayuda a los representantes de ventas a crear pedidos de clientes en el campo. \n<br >\n<br >Brinda a los representantes acceso a cat\u00e1logos de productos, precios, inventario, historial del cliente y detalles de pedidos para que puedan ingresar pedidos precisos durante las visitas a los clientes.<\/p> <\/div> <div class=\"col-sm-4 col-xs-12 space-bottom col-md-3\" data-type=\"column\" ><h5 class=\"\" >\u00bfC\u00f3mo ayuda una aplicaci\u00f3n de toma de pedidos a los representantes de ventas de campo?<\/h5> <p class=\"\" >Una aplicaci\u00f3n de toma de pedidos ayuda a los representantes de ventas de campo a ahorrar tiempo, reducir errores en la entrada de pedidos, acceder a precios espec\u00edficos del cliente, ver la disponibilidad de inventario y enviar pedidos desde el campo. \n<br >\n<br >Tambi\u00e9n ayuda a los gerentes a mejorar la visibilidad de la actividad de ventas y el rendimiento de las rutas diarias.<\/p> <\/div> <div class=\"col-sm-4 col-xs-12 space-bottom col-md-3\" data-type=\"column\" ><h5 class=\"\" >\u00bfLos representantes de ventas pueden tomar pedidos sin conexi\u00f3n a internet?<\/h5> <p class=\"\" >S\u00ed. inSitu Sales admite la toma de pedidos sin conexi\u00f3n, por lo que los representantes pueden crear pedidos y actualizar la informaci\u00f3n del cliente sin conexi\u00f3n a Internet. Cuando se restablece el servicio, los datos se sincronizan con la cuenta.<\/p> <\/div> <div class=\"col-sm-4 col-xs-12 space-bottom col-md-3\" data-type=\"column\" > <h5 class=\"\" >\u00bfLa aplicaci\u00f3n de toma de pedidos incluye un cat\u00e1logo de productos?<\/h5> <p class=\"\" >S\u00ed. La aplicaci\u00f3n de toma de pedidos inSitu Sales incluye un cat\u00e1logo de productos m\u00f3vil con filtros de productos, escaneo de c\u00f3digos de barras, precios espec\u00edficos del cliente, listas de inventario, promociones y descuentos para ayudar a los representantes a tomar pedidos m\u00e1s grandes y precisos.<\/p> <\/div><div class=\"col-sm-4 col-xs-12 space-bottom col-md-3\" data-type=\"column\" > <h5 class=\"\" >\u00bfPueden los representantes de ventas ver el historial de pedidos del cliente en la aplicaci\u00f3n?<\/h5> <p class=\"\" >S\u00ed. Los representantes de ventas pueden acceder al historial de pedidos de clientes, favoritos, pedidos recurrentes, facturas, actividad de pagos e inventario pendiente de entrega desde la aplicaci\u00f3n. \n<br >\n<br >Esto ayuda a los representantes a brindar un mejor servicio y a hacer recomendaciones de productos m\u00e1s informadas durante las visitas a los clientes.<\/p> <\/div><div class=\"col-sm-4 col-xs-12 space-bottom col-md-3\" data-type=\"column\" > <h5 class=\"\" >La aplicaci\u00f3n de toma de pedidos muestra el inventario y los precios en tiempo real?<\/h5> <p class=\"\" >S\u00ed. inSitu Sales brinda a los representantes acceso a la disponibilidad de productos en tiempo real, datos de inventario y listas de precios espec\u00edficas del cliente. \n<br >\n<br >Los precios se pueden cargar autom\u00e1ticamente desde software de contabilidad o sistemas ERP.<\/p> <\/div><div class=\"col-sm-4 col-xs-12 space-bottom col-md-3\" data-type=\"column\" > <h5 class=\"\" >\u00bfLa aplicaci\u00f3n de toma de pedidos admite la planificaci\u00f3n de rutas y el seguimiento por GPS?<\/h5> <p class=\"\" >S\u00ed. La aplicaci\u00f3n admite funciones de planificaci\u00f3n y seguimiento, incluido el seguimiento GPS en tiempo real de las posiciones de los representantes de ventas y la planificaci\u00f3n de rutas de ventas basada en las cargas de trabajo de los pedidos y las operaciones de campo programadas.<\/p> <\/div><div class=\"col-sm-4 col-xs-12 space-bottom col-md-3\" data-type=\"column\" > <h5 class=\"\" >\u00bfQui\u00e9n deber\u00eda usar una aplicaci\u00f3n para tomar pedidos?<\/h5> <p class=\"\" >Una aplicaci\u00f3n para tomar pedidos es ideal para distribuidores mayoristas, equipos de ventas de campo, representantes de ventas B2B, equipos de ventas de ruta y empresas que necesitan que sus representantes tomen pedidos de los clientes en persona mientras acceden a datos de cat\u00e1logo, precios, inventario y clientes.<\/p> <\/div><\/div><\/div> <\/div><!-- Start of insitusales Zendesk Widget script --><!-- wp:extendstudio\/materialis--><div  data-label=\"Content\" data-id=\"content--5\" data-export-id=\"content-18-materialis\" data-category=\"content\" class=\"content-18m content-section content-section-spacing-large dark-text\" id=\"content-5\" style=\"background-color: #f5fafd; background-image: none;\">\n<div >\n<div  class=\"row middle-xs\">\n<div  class=\"col-md-5 col-xs-12 col-sm-6 bag-image mdc-elevation--z0\" data-bg=\"image\" style=\"background-image: url('https:\/\/www.insitusales.com\/wp-content\/uploads\/mobile-order-taking-sales-app-.webp');\"><\/div>\n<div  class=\"col-md-5 col-md-offset-1 col-xs-12 col-sm-6 content-left-sm col-padding\">\n<div  class=\"row\">\n<div  class=\"col-xs-12\" data-type=\"column\">\n<h6  class=\"\">Acepta pedidos m\u00f3viles en l\u00ednea o fuera de l\u00ednea, sin necesidad de conexi\u00f3n<\/h6>\n<h3  class=\"\"><b >Permita que los representantes de ventas tomen pedidos a pedido<\/b><\/h3>\n<p  class=\"\">Nuestra aplicaci\u00f3n de ventas de campo presenta la forma m\u00e1s simple y eficiente de registrar convenientemente pedidos en persona, luego sincronizarlos con el portal de administraci\u00f3n para crear un pedido de ventas completo m\u00e1s tarde. Con la funcionalidad fuera de l\u00ednea y un cat\u00e1logo de productos omnicanal, los representantes de ventas siempre estar\u00e1n listos para realizar una venta.<\/p>\n<\/div>\n<\/div>\n<div  class=\"row middle-xs space-bottom-small space-top spaced-cols\" data-type=\"row\" data-max-items=\"3\">\n<div  class=\"col-md-6 col-sm-6 col-xs-12\" data-type=\"column\"><i  class=\"mdi icon mdi-book-open-page-variant bordered round small color1\"><\/i>\n<h5  class=\"\">Cat\u00e1logo centrado en el cliente<\/h5>\n<p  class=\"\">Priorice las ventas adaptando su cat\u00e1logo a los intereses de los diferentes compradores. Cree y asigne precios personalizados y listas de inventario para dirigirse a clientes espec\u00edficos, o use listas para ejecutar promociones y descuentos como incentivos.<\/p>\n<\/div>\n<div  class=\"col-md-6 col-sm-6 col-xs-12\" data-type=\"column\"><i  class=\"mdi icon mdi-account-card-details bordered round small color1\"><\/i>\n<h5  class=\"\">CRM de clientes accesible<\/h5>\n<p  class=\"\">Vea los historiales de pedidos de los clientes (incluidos los favoritos y los pedidos repetidos), las facturas, la actividad de pago y las listas de inventario en pedidos pendientes que no se pueden vender.&nbsp;<\/p>\n<\/div>\n<div  class=\"col-md-6 col-sm-6 col-xs-12\" data-type=\"column\"><i  class=\"mdi icon mdi-wifi-off bordered round small color1\"><\/i>\n<h5  class=\"\">Funcionalidad sin conexi\u00f3n<\/h5>\n<p  class=\"\">Los representantes pueden tomar pedidos libremente y crear actualizaciones para los datos de los clientes sin conexi\u00f3n a Internet. Cuando se restablecen las conexiones, todos los datos ingresados se guardar\u00e1n y sincronizar\u00e1n con la cuenta.&nbsp;<\/p>\n<\/div>\n<div  class=\"col-md-6 col-sm-6 col-xs-12\" data-type=\"column\"><i  class=\"mdi icon mdi-map-marker-radius bordered round small color1\"><\/i>\n<h5  class=\"\">Planificaci\u00f3n y Seguimiento<\/h5>\n<p  class=\"\">Realice un seguimiento de las posiciones de los representantes de ventas en tiempo real con GPS y planifique rutas de ventas con cargas de trabajo de pedidos para obtener informaci\u00f3n sobre las proyecciones para las operaciones programadas diarias<\/p>\n<\/div>\n<\/div>\n<\/div>\n<\/div>\n<\/div>\n<\/div><!-- \/wp:extendstudio\/materialis--><p ><!--Embed from Zendesk Chat Chat WordPress Plugin v1.4.15--><\/p><!-- wp:extendstudio\/materialis--><div  data-label=\"About\" data-id=\"about--5\" data-export-id=\"about-5-materialis\" data-category=\"about\" class=\"about-5-materialis content-section content-section-spacing-large dark-text\" id=\"about-3\" style=\"background-color: #f5fafd;\">\n<div  class=\"gridContainer\">\n<div  class=\"row middle-xs relative-content\">\n<div  class=\"col-xs-12 col-sm-5 col-sm-offset-1 image-left\"><img decoding=\"async\" fetchpriority=\"high\" class=\"lazy-loaded\" src=\"https:\/\/www.insitusales.com\/wp-content\/uploads\/mobile-invoice-printing-for-orders.webp\" width=\"427\" height=\"357\" alt=\"vista previa del pedido de la aplicaci\u00f3n ipad\" data-lazy-type=\"image\" data-src=\"https:\/\/www.insitusales.com\/wp-content\/uploads\/2020\/03\/cropped-Simulator-Screen-Shot-iPad-Pro-9.7-inch-2020-03-16-at-11.54.40_ipadmini_white_side-5.png\" title=\"\" data-=\"\"><\/div>\n<div  class=\"col-xs-12 col-sm-4 col-sm-offset-1 col-padding-small-xs content-col\" data-type=\"column\">\n<h3  class=\"\">Plantillas de factura m\u00f3vil totalmente personalizables con impresi\u00f3n<\/h3>\n<p  class=\"\">Cree plantillas para impresoras m\u00f3viles, impresoras de tama\u00f1o carta o PDF para enviarlas por correo electr\u00f3nico. <br ><br >Admite impresoras m\u00f3viles de 2, 3 y 4 pulgadas y m\u00e1s.<\/p>\n<\/div>\n<\/div>\n<div  class=\"content-overlay\"><\/div>\n<\/div>\n<\/div><!-- \/wp:extendstudio\/materialis--><!-- wp:extendstudio\/materialis--><div  data-label=\"About\" data-id=\"about--6\" data-export-id=\"about-10\" data-category=\"about\" class=\"about-10 content-section content-section-spacing-large dark-text\" id=\"about-4\" style=\"background-color: #ffffff;\">\n<div  class=\"gridContainer\">\n<div  class=\"row middle-sm text-center\">\n<div  class=\"col-sm-5 space-bottom-xs content-column\" data-type=\"column\">\n<h5  class=\"\">De a conocer informaci\u00f3n detallada de sus productos<\/h5>\n<h2  class=\"\">Acceda a&nbsp;<br ><span  style=\"font-family: Playfair Display,sans-serif; font-weight: bold; font-style: italic;\" href=\"#\">listas de precios, inventario e historial<\/span>&nbsp;datos. <br >Impulse mejores negociaciones<\/h2>\n<p  class=\"\">Ya sea su inventario de camiones o varios sitios de inventario, inSitu Sales brinda acceso en tiempo real a la disponibilidad del producto. Las listas de precios personalizadas para sus clientes se cargan autom\u00e1ticamente desde su software de contabilidad o ERP.<\/p>\n<\/div>\n<div  class=\"col-sm-7 flexbox middle-xs center-xs\">\n<div  class=\"overlay-box middle-xs center-xs flexbox box-image\">\n<div  class=\"overlay-box-offset offset-border border-color1 hide-xs border-radius-8 mdc-elevation--z3\"><\/div>\n<img decoding=\"async\" loading=\"lazy\" class=\"rounded max-image lazy-loaded mdc-elevation--z3\" data-size=\"480x700\" src=\"https:\/\/www.insitusales.com\/wp-content\/uploads\/Sales-Order-Screen-e1633647768976.webp\" data-lazy-type=\"image\" data-src=\"https:\/\/www.insitusales.com\/wp-content\/uploads\/Sales-Order-Screen-e1633647768976.webp\" width=\"411\" height=\"600\" alt=\"pedidos de venta en el movil\" title=\"\" data-><\/div>\n<\/div>\n<\/div>\n<\/div>\n<\/div><!-- \/wp:extendstudio\/materialis-->","protected":false},"excerpt":{"rendered":"<p>Minimice los errores y tome pedidos m\u00e1s grandes Aplicaci\u00f3n de toma de pedidos para representantes de ventas Agilice las operaciones de ventas sobre el terreno de sus representantes con una aplicaci\u00f3n m\u00f3vil de toma de pedidos dise\u00f1ada para distribuidores mayoristas. Ahorre tiempo con un cat\u00e1logo de productos f\u00e1cil de usar que admite el escaneado de c\u00f3digos de barras y filtros de productos, al tiempo que accede a datos de existencias y precios en tiempo real. DEMO GRATUITA DE 14 D\u00cdAS ...<\/p>","protected":false},"author":1,"featured_media":0,"parent":8117,"menu_order":0,"comment_status":"closed","ping_status":"closed","template":"pro\/page-templates\/page-with-small-header.php","meta":{"footnotes":""},"class_list":["post-7096","page","type-page","status-publish","hentry"],"_links":{"self":[{"href":"https:\/\/www.insitusales.com\/es\/wp-json\/wp\/v2\/pages\/7096","targetHints":{"allow":["GET"]}}],"collection":[{"href":"https:\/\/www.insitusales.com\/es\/wp-json\/wp\/v2\/pages"}],"about":[{"href":"https:\/\/www.insitusales.com\/es\/wp-json\/wp\/v2\/types\/page"}],"author":[{"embeddable":true,"href":"https:\/\/www.insitusales.com\/es\/wp-json\/wp\/v2\/users\/1"}],"replies":[{"embeddable":true,"href":"https:\/\/www.insitusales.com\/es\/wp-json\/wp\/v2\/comments?post=7096"}],"version-history":[{"count":12,"href":"https:\/\/www.insitusales.com\/es\/wp-json\/wp\/v2\/pages\/7096\/revisions"}],"predecessor-version":[{"id":15277,"href":"https:\/\/www.insitusales.com\/es\/wp-json\/wp\/v2\/pages\/7096\/revisions\/15277"}],"up":[{"embeddable":true,"href":"https:\/\/www.insitusales.com\/es\/wp-json\/wp\/v2\/pages\/8117"}],"wp:attachment":[{"href":"https:\/\/www.insitusales.com\/es\/wp-json\/wp\/v2\/media?parent=7096"}],"curies":[{"name":"gracias","href":"https:\/\/api.w.org\/{rel}","templated":true}]}}