{"id":15108,"date":"2025-10-27T13:48:58","date_gmt":"2025-10-27T13:48:58","guid":{"rendered":"https:\/\/www.insitusales.com\/?page_id=15108"},"modified":"2025-10-28T16:55:22","modified_gmt":"2025-10-28T16:55:22","slug":"aplicacion-de-gestion-territorial-para-representantes","status":"publish","type":"page","link":"https:\/\/www.insitusales.com\/es\/aplicacion-de-gestion-territorial-para-representantes\/","title":{"rendered":"Aplicaci\u00f3n de gesti\u00f3n territorial para representantes"},"content":{"rendered":"<div data-label=\"Content\" data-id=\"content--1\" data-export-id=\"content-8-materialis\" data-category=\"content\" class=\"content-8m content-section-spacing-large content-section dark-text\" id=\"content-1\" style=\"background-color: #ffffff;\">\r\n<div class=\"gridContainer\">\r\n<div class=\"row middle-sm\">\r\n<div class=\"col-md-5 col-xs-12 col-sm-6 space-bottom-xs\" data-type=\"column\">\r\n<h4 class=\"\"><b>Desde el dise\u00f1o hasta la implantaci\u00f3n, gestione las rutas de forma m\u00e1s inteligente<\/b><\/h4>\r\n<h1 class=\"\">La aplicaci\u00f3n todo en uno de gesti\u00f3n territorial y seguimiento de ventas<\/h1>\r\n<p class=\"space-top\">inSitu Sales se est\u00e1 convirtiendo r\u00e1pidamente en la herramienta favorita de distribuidores de todos los tama\u00f1os, como aplicaci\u00f3n de gesti\u00f3n de territorios y seguimiento de ventas que tambi\u00e9n funciona como soluci\u00f3n empresarial, consolidando todas las operaciones y actividades de ventas en una \u00fanica plataforma.\u00a0 <br \/><br \/>Optimice el rendimiento de los representantes de ventas delimitando geogr\u00e1ficamente los territorios en segmentos de clientes \u00fanicos, lo que les permite tomar pedidos con cat\u00e1logos de productos personalizados listas de precios escalonadas para un mayor servicio.\u00a0<\/p>\r\n<a class=\"button null big color1\" href=\"https:\/\/app.insitusales.com\/inSituSignUp\/register\" target=\"_blank\" data-cp-link=\"1\" data-icon=\"\" rel=\"noopener\">PRUEBA GRATUITA DE 14 D\u00cdAS<\/a><a class=\"button big null color2\" href=\"https:\/\/calendly.com\/insitu-sales\/demo-tour-of-insitu-sales\" target=\"_blank\" data-cp-link=\"1\" data-icon=\"\" rel=\"noopener\">AGENDAR DEMO<\/a><\/div>\r\n<div class=\"col-md-6 col-md-offset-1 col-xs-12 col-sm-6\"><img decoding=\"async\" class=\"rounded mdc-elevation--z0\" src=\"https:\/\/www.insitusales.com\/wp-content\/uploads\/territory-management-app-1.png\" alt=\"\" title=\"\"><\/div>\r\n<\/div>\r\n<\/div>\r\n<\/div>\r\n\r\n\r\n\r\n<div data-label=\"Overlappable\" data-id=\"overlappable--1\" data-export-id=\"overlappable-4\" data-category=\"overlappable\" class=\"overlappable-4 content-section content-section-spacing-large\" data-overlap=\"true\" id=\"overlappable-1\" style=\"background-color: #ffffff;\">\r\n<div class=\"gridContainer\">\r\n<div data-type=\"row\" class=\"row spaced-cols text-center\">\r\n<div class=\"col-xs-12 col-sm-4 col-md-3\"><i class=\"mdi icon aligncenter mdi-map-marker-radius normal-shape big color1\"><\/i>\r\n<div data-type=\"column\" class=\"\">\r\n<h5 class=\"\">Mapee sus clientes y cree territorios de ventas f\u00e1ciles de usar en segundos<\/h5>\r\n<\/div>\r\n<\/div>\r\n<div class=\"col-xs-12 col-sm-4 col-md-3\"><i class=\"mdi icon aligncenter mdi-account-multiple-plus normal-shape big color1\"><\/i>\r\n<div data-type=\"column\" class=\"\">\r\n<h5 class=\"\">Proporcione a los representantes listas de precios personalizadas, cat\u00e1logos de productos, promociones y descuentos para segmentos territoriales.<\/h5>\r\n<\/div>\r\n<\/div>\r\n<div class=\"col-xs-12 col-sm-4 col-md-3\"><i class=\"mdi icon aligncenter mdi-chart-bar-stacked normal-shape big color1\"><\/i>\r\n<div data-type=\"column\" class=\"\">\r\n<h5 class=\"\">Realice un seguimiento de la actividad de ventas, las visitas a clientes y el progreso de sus representantes en las rutas con GPS en tiempo real.<\/h5>\r\n<\/div>\r\n<\/div>\r\n<div class=\"col-xs-12 col-sm-4 col-md-3\"><i class=\"mdi icon aligncenter mdi-cloud-sync normal-shape big color1\"><\/i>\r\n<div data-type=\"column\" class=\"\">\r\n<h5 class=\"\">La sincronizaci\u00f3n instant\u00e1nea automatizada mantiene los datos actualizados con la integraci\u00f3n de su ERP entre una actividad y otra.<\/h5>\r\n<\/div>\r\n<\/div>\r\n<\/div>\r\n<\/div>\r\n<\/div>\r\n<!-- Start of insitusales Zendesk Widget script -->\r\n\r\n\r\n<div data-label=\"Clients\" data-id=\"clients--1\" data-export-id=\"clients-2\" data-category=\"clients\" class=\"clients-2 content-section content-section-spacing-large\" id=\"clients-1\" style=\"background-color: #f5fafd; background-image: none;\">\r\n<div class=\"gridContainer\">\r\n<div class=\"row\">\r\n<div class=\"section-title-col\" data-type=\"column\">\r\n<h2 class=\"\"><b>Con la confianza de m\u00e1s de 1.000 equipos de ventas de distribuidores<\/b><\/h2>\r\n<\/div>\r\n<\/div>\r\n<div class=\"row center-xs spaced-cols middle-sm\" data-type=\"row\">\r\n<div class=\"col-xs-6 col-sm-3 col-md-2\"><img decoding=\"async\" src=\"https:\/\/www.insitusales.com\/wp-content\/uploads\/british-american-tobacco-4.webp\" class=\"\" alt=\"\" title=\"\"><\/div>\r\n<div class=\"col-xs-6 col-sm-3 col-md-2\"><img decoding=\"async\" src=\"https:\/\/www.insitusales.com\/wp-content\/uploads\/poppi-5.webp\" class=\"\" alt=\"\" title=\"\"><\/div>\r\n<div class=\"col-xs-6 col-sm-3 col-md-2\"><img decoding=\"async\" src=\"https:\/\/www.insitusales.com\/wp-content\/uploads\/zico-coconut-water-1.webp\" class=\"\" alt=\"\" title=\"\"><\/div>\r\n<div class=\"col-xs-6 col-sm-3 col-md-2\"><img decoding=\"async\" src=\"https:\/\/www.insitusales.com\/wp-content\/uploads\/RG-coffee-1.webp\" class=\"\" alt=\"\" title=\"\"><\/div>\r\n<div class=\"col-xs-6 col-sm-3 col-md-2\"><img decoding=\"async\" src=\"https:\/\/www.insitusales.com\/wp-content\/uploads\/foundation-cigars-1.webp\" class=\"\" alt=\"\" title=\"\"><\/div>\r\n<div class=\"col-xs-6 col-sm-3 col-md-2\"><img decoding=\"async\" src=\"https:\/\/www.insitusales.com\/wp-content\/uploads\/American-Lube-Supply-2.png\" class=\"\" alt=\"\" title=\"\"><\/div>\r\n<\/div>\r\n<\/div>\r\n<\/div>\r\n<!-- Start of insitusales Zendesk Widget script -->\r\n\r\n\r\n<div data-label=\"Content\" data-id=\"content--3\" data-export-id=\"content-14-1-materialis\" data-category=\"content\" class=\"content-14-1m content-section-spacing-large content-section dark-text\" id=\"content-3\" style=\"background-color: #f5fafd; background-image: none;\">\r\n<div class=\"gridContainer\">\r\n<div class=\"row middle-xs space-bottom-large\">\r\n<div class=\"col-md-6 col-xs-12 col-sm-6\"><img decoding=\"async\" class=\"mdc-elevation--z0\" src=\"https:\/\/www.insitusales.com\/wp-content\/uploads\/territory-management.png\" alt=\"\" title=\"\"><\/div>\r\n<div class=\"col-md-5 col-md-offset-1 col-xs-12 col-sm-6 content-left-sm space-bottom-xs-large\" data-type=\"column\">\r\n<h2 class=\"\">Gesti\u00f3n de territorios para representantes<\/h2>\r\n<p class=\"\">Las funciones de inSitu Sales pueden ayudar a los representantes de campo tanto en los ciclos de preventa como de pedidos DSD. Nuestra herramienta de mapeo de ventas permite a los administradores crear y programar rutas optimizadas para las visitas en diferentes d\u00edas de la semana. <br \/><br \/>Los representantes sobre el terreno tienen todo lo que necesitan integrado en una herramienta de ventas m\u00f3vil todo en uno. Durante las visitas a los clientes, los representantes pueden maximizar el potencial de los pedidos de ventas con su cat\u00e1logo digital din\u00e1mico de productos, plantillas de facturaci\u00f3n personalizadas para m\u00f3viles y procesamiento de pagos electr\u00f3nicos.<\/p>\r\n<\/div>\r\n<\/div>\r\n<div class=\"row middle-xs top-sm spaced-cols content-left-sm\" data-type=\"row\">\r\n<div class=\"col-md-3 col-sm-6 col-xs-12 border-top-color1 padding-first-el\" data-type=\"column\">\r\n<h5 class=\"\">Contabilidad de ruta DSD<\/h5>\r\n<p class=\"\">Utilice rutas optimizadas asignadas a los representantes por los administradores para potenciar la velocidad y los ingresos, al tiempo que se minimizan los costes totales y los errores humanos.<\/p>\r\n<\/div>\r\n<div class=\"col-md-3 col-sm-6 col-xs-12 border-top-color2 padding-first-el\" data-type=\"column\">\r\n<h5 class=\"\">Facturaci\u00f3n m\u00f3vil con impresi\u00f3n<\/h5>\r\n<p class=\"\">Cree facturas que pueden imprimirse o enviarse por correo electr\u00f3nico en formato PDF. Utilice la informaci\u00f3n del cliente para crear autom\u00e1ticamente una plantilla personalizada en segundos.<\/p>\r\n<\/div>\r\n<div class=\"col-md-3 col-sm-6 col-xs-12 border-top-color4 padding-first-el\" data-type=\"column\">\r\n<h5 class=\"\">Tomar pedidos por m\u00f3vil con cat\u00e1logo<\/h5>\r\n<p class=\"\">Realice pedidos con un cat\u00e1logo de productos f\u00e1cil de usar que permite escanear c\u00f3digos de barras y hacer un seguimiento del historial de compras por producto, marca y ubicaci\u00f3n.<\/p>\r\n<\/div>\r\n<div class=\"col-md-3 col-sm-6 col-xs-12 border-top-color5 padding-first-el\" data-type=\"column\">\r\n<h5 class=\"\">Procesar pagos m\u00f3viles<\/h5>\r\n<p class=\"\">Acepte pagos electr\u00f3nicamente con cr\u00e9dito, Stripe o Authorize.net. Los recibos se pueden imprimir o compartir.<\/p>\r\n<\/div>\r\n<\/div>\r\n<div class=\"row row-last\">\r\n<div class=\"col-xs-12\" data-type=\"column\"><\/div>\r\n<\/div>\r\n<\/div>\r\n<\/div>\r\n<!-- Start of insitusales Zendesk Widget script -->\r\n\r\n\r\n<div data-label=\"Features\" data-id=\"features--2\" data-export-id=\"features-16-materialis\" data-category=\"features\" class=\"features-16m content-section content-section-spacing-large\" id=\"features-2\" style=\"background-color: #ffffff;\">\r\n<div class=\"gridContainer\">\r\n<div class=\"row\">\r\n<div class=\"section-title-col\" data-type=\"column\">\r\n<h2 class=\"\">Empiece en 4 sencillos pasos<\/h2>\r\n<\/div>\r\n<\/div>\r\n<div class=\"row top-xs space-top number-containers content-center-sm\" data-type=\"row\">\r\n<div class=\"col-md-3 col-sm-6 col-xs-12 space-bottom space-top-xs\">\r\n<div class=\"number-container space-bottom\" data-fixed=\"true\">\r\n<div class=\"link-line left\"><\/div>\r\n<p class=\"border-color1-small number\">1<\/p>\r\n<div class=\"link-line right\"><\/div>\r\n<\/div>\r\n<div class=\"content-box\" data-type=\"column\">\r\n<h5 class=\"\">Importar clientes, representantes y productos<\/h5>\r\n<p class=\"\">Utilice la integraci\u00f3n ERP de su elecci\u00f3n para sincronizar al instante los datos de clientes, representantes, productos, etc. en nuestra plataforma, o utilice un archivo CSV.\u00a0<\/p>\r\n<\/div>\r\n<\/div>\r\n<div class=\"col-md-3 col-sm-6 col-xs-12 space-bottom space-top-xs\">\r\n<div class=\"number-container space-bottom\" data-fixed=\"true\">\r\n<div class=\"link-line left\"><\/div>\r\n<p class=\"border-color1-small number\">2<\/p>\r\n<div class=\"link-line right\"><\/div>\r\n<\/div>\r\n<div class=\"content-box\" data-type=\"column\">\r\n<h5 class=\"\">Utilice microzonas de geovallas para definir el territorio de ventas<\/h5>\r\n<p class=\"\">Utilice la herramienta de geocercas para crear manualmente cuadr\u00edculas alrededor de sus clientes, formando segmentos territoriales de microzonas.\u00a0<\/p>\r\n<\/div>\r\n<\/div>\r\n<div class=\"col-md-3 col-sm-6 col-xs-12 space-bottom space-top-xs\">\r\n<div class=\"number-container space-bottom\" data-fixed=\"true\">\r\n<div class=\"link-line left\"><\/div>\r\n<p class=\"border-color1-small number\">3<\/p>\r\n<div class=\"link-line right\"><\/div>\r\n<\/div>\r\n<div class=\"content-box\" data-type=\"column\">\r\n<h5 class=\"\">Asignar representantes y listas personalizadas a clientes en territorios\u00a0<\/h5>\r\n<p class=\"\">Forme estrategias de segmentaci\u00f3n \u00fanicas con iniciativas de ventas a\u00f1adiendo ajustes personalizados para los clientes, como listas de precios reducidos y cat\u00e1logos en los que s\u00f3lo se destaquen los productos relevantes.<\/p>\r\n<\/div>\r\n<\/div>\r\n<div class=\"col-md-3 col-sm-6 col-xs-12 space-bottom space-top-xs\">\r\n<div class=\"number-container space-bottom\" data-fixed=\"true\">\r\n<div class=\"link-line left\"><\/div>\r\n<p class=\"border-color1-small number\">4<\/p>\r\n<div class=\"link-line right\"><\/div>\r\n<\/div>\r\n<div class=\"content-box\" data-type=\"column\">\r\n<h5 class=\"\">Seguimiento de las actividades de venta de sus representantes sobre el terreno\u00a0\u00a0<\/h5>\r\n<p class=\"\">Obtenga acceso a an\u00e1lisis de ventas din\u00e1micos en tiempo real, al tiempo que realiza un seguimiento de los representantes en cualquier lugar del campo con GPS en directo.\u00a0<\/p>\r\n<\/div>\r\n<\/div>\r\n<\/div>\r\n<\/div>\r\n<\/div>\r\n\r\n\r\n\r\n<div data-label=\"Content\" data-id=\"content--2\" data-export-id=\"content-6\" data-category=\"content\" class=\"content-6 content-section content-section-spacing-large dark-text\" id=\"content-2\" style=\"background-color: #f5fafd;\">\r\n<div class=\"gridContainer\">\r\n<div class=\"row text-center\">\r\n<div class=\"section-title-col\" data-type=\"column\">\r\n<h2 class=\"\">Desbloquee su paquete de herramientas de ventas m\u00f3viles<\/h2>\r\n<p class=\"lead\">Cuando se suscribe a inSitu Sales, tambi\u00e9n obtiene acceso a un portal de administraci\u00f3n con inicios de sesi\u00f3n ilimitados para su equipo de gesti\u00f3n de ventas y licencias que puede distribuir seg\u00fan sus necesidades entre tres aplicaciones diferentes: inSitu Sales 2.0 DSD &amp; Orders para representantes de ventas, inSitu Inventory para preparadores de pedidos y inSitu Dispatch para conductores.<\/p>\r\n<\/div>\r\n<\/div>\r\n<div class=\"row middle-sm\">\r\n<div class=\"col-xs-12 col-sm-6\">\r\n<div class=\"row\">\r\n<div class=\"col-xs-12 space-bottom\" data-type=\"column\"><\/div>\r\n<div class=\"col-xs-12\" data-type=\"row\" data-max-items=\"4\">\r\n<div class=\"row space-bottom\">\r\n<div class=\"col-xs-12 col-md-fit\" data-fixed=\"true\"><i class=\"mdi icon mdi-clipboard-flow normal-shape normal-size color1\"><\/i><\/div>\r\n<div class=\"col-xs-12 col-md\" data-type=\"column\">\r\n<h5 class=\"color1\">inSitu Sales 2.0 DSD y pedidos para comerciales<\/h5>\r\n<p class=\"\">Gestiona preventas y DSD con optimizaci\u00f3n de rutas, facturaci\u00f3n m\u00f3vil con impresi\u00f3n bluetooth, recepci\u00f3n de pedidos y procesamiento de pagos m\u00f3viles.<\/p>\r\n<\/div>\r\n<\/div>\r\n<div class=\"row space-bottom\">\r\n<div class=\"col-xs-12 col-md-fit\" data-fixed=\"true\"><i class=\"mdi icon mdi-barcode-scan normal-shape normal-size color1\"><\/i><\/div>\r\n<div class=\"col-xs-12 col-md\" data-type=\"column\">\r\n<h5 class=\"color1\">inSitu Inventario para Recogedores de Almac\u00e9n<\/h5>\r\n<p class=\"\">Genere listas de selecci\u00f3n din\u00e1micas para la realizaci\u00f3n de pedidos con la integraci\u00f3n del esc\u00e1ner SocketMobile. Gestiona la transferencia de inventario, los recuentos c\u00edclicos, la recepci\u00f3n de nuevos productos y el seguimiento de m\u00faltiples ubicaciones de contenedores.<\/p>\r\n<\/div>\r\n<\/div>\r\n<div class=\"row space-bottom\">\r\n<div class=\"col-xs-12 col-md-fit\" data-fixed=\"true\"><i class=\"mdi icon mdi-car-connected normal-shape normal-size color1\"><\/i><\/div>\r\n<div class=\"col-xs-12 col-md\" data-type=\"column\">\r\n<h5 class=\"color1\">inSitu Dispatch para conductores<\/h5>\r\n<p class=\"\">Crea un sistema optimizado de gesti\u00f3n de entregas mediante facturas con seguimiento GPS en directo, listas de productos para cada factura y comprobante de confirmaci\u00f3n de entrega.<\/p>\r\n<\/div>\r\n<\/div>\r\n<\/div>\r\n<\/div>\r\n<\/div>\r\n<div class=\"col-xs-12 col-sm-6 flexbox around-xs top-xs\">\r\n<div class=\"overlay-box middle-xs center-xs flexbox box-image\">\r\n<div class=\"overlay-box-offset border-color1 hide-xs border-radius-8 offset-background mdc-elevation--z0\"><\/div>\r\n<img decoding=\"async\" class=\"rounded mdc-elevation--z0\" src=\"https:\/\/www.insitusales.com\/wp-content\/uploads\/inSitu-Sales-Starter-Apps-1.png\" alt=\"\" title=\"\"><\/div>\r\n<\/div>\r\n<\/div>\r\n<\/div>\r\n<\/div>","protected":false},"excerpt":{"rendered":"","protected":false},"author":8,"featured_media":0,"parent":0,"menu_order":0,"comment_status":"closed","ping_status":"closed","template":"pro\/page-templates\/landing-page.php","meta":{"footnotes":""},"class_list":["post-15108","page","type-page","status-publish","hentry"],"_links":{"self":[{"href":"https:\/\/www.insitusales.com\/es\/wp-json\/wp\/v2\/pages\/15108","targetHints":{"allow":["GET"]}}],"collection":[{"href":"https:\/\/www.insitusales.com\/es\/wp-json\/wp\/v2\/pages"}],"about":[{"href":"https:\/\/www.insitusales.com\/es\/wp-json\/wp\/v2\/types\/page"}],"author":[{"embeddable":true,"href":"https:\/\/www.insitusales.com\/es\/wp-json\/wp\/v2\/users\/8"}],"replies":[{"embeddable":true,"href":"https:\/\/www.insitusales.com\/es\/wp-json\/wp\/v2\/comments?post=15108"}],"version-history":[{"count":10,"href":"https:\/\/www.insitusales.com\/es\/wp-json\/wp\/v2\/pages\/15108\/revisions"}],"predecessor-version":[{"id":15133,"href":"https:\/\/www.insitusales.com\/es\/wp-json\/wp\/v2\/pages\/15108\/revisions\/15133"}],"wp:attachment":[{"href":"https:\/\/www.insitusales.com\/es\/wp-json\/wp\/v2\/media?parent=15108"}],"curies":[{"name":"gracias","href":"https:\/\/api.w.org\/{rel}","templated":true}]}}