{"id":14736,"date":"2025-04-02T11:53:42","date_gmt":"2025-04-02T11:53:42","guid":{"rendered":"https:\/\/www.insitusales.com\/?page_id=14736"},"modified":"2025-04-02T11:53:42","modified_gmt":"2025-04-02T11:53:42","slug":"software-dsd-para-netsuite","status":"publish","type":"page","link":"https:\/\/www.insitusales.com\/es\/software-dsd-para-netsuite\/","title":{"rendered":"Software DSD para Netsuite"},"content":{"rendered":"<!-- wp:extendstudio\/materialis-->\r\n<div data-label=\"Content\" data-id=\"content--1\" data-export-id=\"content-8-materialis\" data-category=\"content\" class=\"content-8m content-section-spacing-large content-section dark-text\" id=\"content-1\" style=\"background-color: #ffffff;\">\r\n<div class=\"gridContainer\">\r\n<div class=\"row middle-sm\">\r\n<div class=\"col-md-5 col-xs-12 col-sm-6 space-bottom-xs\" data-type=\"column\">\r\n<h6 class=\"upper\">La soluci\u00f3n m\u00e1s f\u00e1cil de usar para distribuidores<\/h6>\r\n<h3 class=\"\">Software de preventa y DSD para Oracle Netsuite<\/h3>\r\n<p class=\"space-top\">inSitu Sales permite a los distribuidores mayoristas aprovechar todas las funciones y sistemas necesarios para optimizar <b>operaciones de preventa y DSD<\/b> para obtener el m\u00e1ximo beneficio, y todo en una plataforma conveniente.\u00a0 <br \/><br \/>La misma funcionalidad esperada en las soluciones m\u00e1s caras, pero fijada en un <b>Precio asequible para distribuidores peque\u00f1os y medianos<\/b> buscando escalar sus operaciones de ventas.\u00a0<\/p>\r\n<a class=\"button null big color1 mdc-ripple-upgraded\" href=\"https:\/\/app.insitusales.com\/inSituSignUp\/register\" target=\"_blank\" data-cp-link=\"1\" data-icon=\"\" rel=\"noopener\">Comience la prueba gratuita de 14 d\u00edas<\/a><a class=\"button big null color2 mdc-ripple-upgraded\" href=\"https:\/\/calendly.com\/insitu-sales\/demo-tour-of-insitu-sales\" target=\"_blank\" data-cp-link=\"1\" data-icon=\"\" rel=\"noopener\">Reservar demostraci\u00f3n<\/a><\/div>\r\n<div class=\"col-md-6 col-md-offset-1 col-xs-12 col-sm-6\"><img decoding=\"async\" class=\"rounded mdc-elevation--z0\" src=\"https:\/\/www.insitusales.com\/wp-content\/uploads\/quickbooks-netsuite.png\" alt=\"\" title=\"\"><\/div>\r\n<\/div>\r\n<\/div>\r\n<\/div>\r\n<!-- \/wp:extendstudio\/materialis-->\r\n\r\n<!-- wp:extendstudio\/materialis-->\r\n<div data-label=\"Overlappable\" data-id=\"overlappable--1\" data-export-id=\"overlappable-5-materialis\" data-category=\"overlappable\" class=\"overlappable-5-materialis content-section content-section-spacing-large\" data-overlap=\"true\" id=\"overlappable-1\" style=\"background-color: #ffffff;\">\r\n<div class=\"\">\r\n<div data-type=\"row\" class=\"row spaced-cols\">\r\n<div class=\"col-xs-12 col-sm-6 col-md-4\">\r\n<div class=\"card mdc-elevation--z3 row-card\">\r\n<div class=\"row\">\r\n<div class=\"col-xs-12 col-sm-fit icon-col\" data-fixed=\"true\"><i class=\"icon mdi mdi-account-multiple-plus normal-shape normal-size color1\"><\/i><\/div>\r\n<div class=\"col-xs-12 col-sm\" data-type=\"column\">\r\n<h4 class=\"color-black\">\u00bfQui\u00e9n utiliza nuestro software?<\/h4>\r\n<p class=\"\">Nuestro software es utilizado por <b>mayoristas<\/b>, <b>distribuidores<\/b>, <span>y tambi\u00e9n con<\/span><b> fabricantes<\/b> que buscan optimizar sus operaciones de ventas en campo o de comercio electr\u00f3nico B2B. Est\u00e1 dise\u00f1ado para equipar a las peque\u00f1as y medianas empresas con funcionalidad completa a un precio accesible.<\/p>\r\n<\/div>\r\n<\/div>\r\n<\/div>\r\n<\/div>\r\n<div class=\"col-xs-12 col-sm-6 col-md-4\">\r\n<div class=\"card mdc-elevation--z3 row-card\">\r\n<div class=\"row\">\r\n<div class=\"col-xs-12 col-sm-fit icon-col\" data-fixed=\"true\"><i class=\"icon mdi mdi-buffer normal-shape normal-size color1\"><\/i><\/div>\r\n<div class=\"col-xs-12 col-sm\" data-type=\"column\">\r\n<h4 class=\"color-black\">Qu\u00e9 hace<\/h4>\r\n<p class=\"\">inSitu Sales conecta cada proceso en el ciclo de ventas en un panel interactivo para mejorar las capacidades, compartir datos en vivo y maximizar el rendimiento. <b>representantes de ventas<\/b>, <b>recolectores de inventario<\/b>, <b>Despachar conductores<\/b>y la <b>Clientes B2B<\/b>.<\/p>\r\n<\/div>\r\n<\/div>\r\n<\/div>\r\n<\/div>\r\n<div class=\"col-xs-12 col-sm-6 col-md-4\">\r\n<div class=\"card mdc-elevation--z3 row-card\">\r\n<div class=\"row\">\r\n<div class=\"col-xs-12 col-sm-fit icon-col\" data-fixed=\"true\"><i class=\"color1 icon mdi mdi-arrange-bring-forward reverse round big\"><\/i><\/div>\r\n<div class=\"col-xs-12 col-sm\" data-type=\"column\">\r\n<h4 class=\"color-black\">Los beneficios<\/h4>\r\n<p class=\"\">\u2013 Cree pedidos m\u00e1s r\u00e1pidos y precisos.<br \/>\u2013 Eliminar errores manuales y reducir costos de las actividades de ventas.<br \/>\u2013 Realice un seguimiento y cobre facturas con mayor flexibilidad.<br \/>\u2013 Mantenga la informaci\u00f3n actualizada entre nuestro panel de control y su ERP.<br \/>\u2013 Ampl\u00ede el alcance de sus canales de venta.<\/p>\r\n<\/div>\r\n<\/div>\r\n<\/div>\r\n<\/div>\r\n<\/div>\r\n<\/div>\r\n<\/div>\r\n<!-- \/wp:extendstudio\/materialis--><!-- Start of insitusales Zendesk Widget script -->\r\n\r\n<!-- wp:extendstudio\/materialis-->\r\n<div data-label=\"Content\" data-id=\"content--2\" data-export-id=\"content-18-materialis\" data-category=\"content\" class=\"content-18m content-section content-section-spacing-large dark-text\" id=\"content-2\" style=\"background-color: #f5fafd;\">\r\n<div>\r\n<div class=\"row middle-xs\">\r\n<div class=\"col-md-5 col-xs-12 col-sm-6 bag-image mdc-elevation--z0\" data-bg=\"image\" style=\"background-image: url('https:\/\/www.insitusales.com\/wp-content\/uploads\/quickbooks-dsd-features.png');\"><\/div>\r\n<div class=\"col-md-5 col-md-offset-1 col-xs-12 col-sm-6 content-left-sm col-padding\">\r\n<div class=\"row\">\r\n<div class=\"col-xs-12\" data-type=\"column\">\r\n<h6 class=\"\">Socios oficiales de Netsuite listados en SuiteApp<\/h6>\r\n<h3 class=\"\">Caracter\u00edsticas del software DSD para Netsuite<\/h3>\r\n<p class=\"\">inSitu Sales apoya a sus representantes y conductores en cada etapa de su ciclo de ventas DSD y m\u00e1s all\u00e1. Con numerosas personalizaciones de interfaz, como permisos granulares y la asignaci\u00f3n a listas especiales de precios, productos y clientes, nuestra aplicaci\u00f3n se adapta a las necesidades \u00fanicas de su equipo.\u00a0<\/p>\r\n<\/div>\r\n<\/div>\r\n<div class=\"row middle-xs space-bottom-small space-top spaced-cols\" data-type=\"row\" data-max-items=\"3\">\r\n<div class=\"col-sm-6 col-xs-12 col-md-4\" data-type=\"column\"><i class=\"mdi icon mdi-cloud-print normal-shape small color1\"><\/i>\r\n<h5 class=\"\">Imprima facturas m\u00f3viles o comp\u00e1rtalas como PDF<\/h5>\r\n<p class=\"\"><b>Crear facturas m\u00f3viles<\/b> que se puede imprimir o <b>enviado por correo electr\u00f3nico como PDF<\/b>Utilice la informaci\u00f3n guardada del cliente con plantillas personalizadas.<\/p>\r\n<\/div>\r\n<div class=\"col-sm-6 col-xs-12 col-md-4\" data-type=\"column\"><i class=\"mdi icon mdi-cart-plus normal-shape small color1\"><\/i>\r\n<h5 class=\"\">Tomar pedidos m\u00f3viles<\/h5>\r\n<p class=\"\"><b>Tomar pedidos m\u00f3viles<\/b> con un f\u00e1cil de usar <b>catalogo de producto<\/b> Eso permite <b>escaneo de c\u00f3digo de barras<\/b> y realiza un seguimiento del historial de compras por producto, marca y ubicaci\u00f3n.<\/p>\r\n<\/div>\r\n<div class=\"col-sm-6 col-xs-12 col-md-4\" data-type=\"column\"><i class=\"mdi icon mdi-car-connected normal-shape small color1\"><\/i>\r\n<h5 class=\"\">Contabilidad de rutas optimizada<\/h5>\r\n<p class=\"\"><b>Utilice rutas optimizadas<\/b> asignado a representantes enfatizando la velocidad mientras se minimizan los costos totales y el error humano manual.<\/p>\r\n<\/div>\r\n<div class=\"col-sm-6 col-xs-12 col-md-4\" data-type=\"column\"><i class=\"mdi icon mdi-dropbox normal-shape small color1\"><\/i>\r\n<h5 class=\"\">Seguimiento de inventario en vivo<\/h5>\r\n<p class=\"\"><b>Seguimiento de los niveles de inventario en vivo <\/b>en tiempo real y evitar desabastecimientos, con stock disponible actualizado constantemente a trav\u00e9s de nuestra sincronizaci\u00f3n bidireccional con Netsuite.\u00a0<\/p>\r\n<\/div>\r\n<div class=\"col-sm-6 col-xs-12 col-md-4\" data-type=\"column\"><i class=\"mdi icon mdi-credit-card-plus normal-shape small color1\"><\/i>\r\n<h5 class=\"\">Procesar pagos m\u00f3viles<\/h5>\r\n<p class=\"\"><b>Recaudar pagos electr\u00f3nicamente<\/b> con credito, <b>Raya<\/b>o <b>Authorize.net<\/b>. Los recibos se pueden imprimir o compartir.<\/p>\r\n<\/div>\r\n<div class=\"col-sm-6 col-xs-12 col-md-4\" data-type=\"column\"><i class=\"mdi icon mdi-barcode-scan normal-shape small color1\"><\/i>\r\n<h5 class=\"\">Escaneo de c\u00f3digo de barras<\/h5>\r\n<p class=\"\"><b>Lectura de c\u00f3digos<\/b>\u00a0para una identificaci\u00f3n m\u00e1s r\u00e1pida del producto o entradas masivas de productos.\u00a0<\/p>\r\n<\/div>\r\n<\/div>\r\n<\/div>\r\n<\/div>\r\n<\/div>\r\n<\/div>\r\n<!-- \/wp:extendstudio\/materialis-->","protected":false},"excerpt":{"rendered":"<p>La soluci\u00f3n m\u00e1s intuitiva para distribuidores. El software de preventa y DSD para Oracle Netsuite inSitu Sales permite a los distribuidores mayoristas acceder a todas las funciones y sistemas necesarios para optimizar las operaciones de preventa y DSD y obtener la m\u00e1xima rentabilidad, todo en una pr\u00e1ctica plataforma. La misma funcionalidad que se espera de las soluciones m\u00e1s costosas, pero con un coste fijo.<\/p>","protected":false},"author":8,"featured_media":0,"parent":0,"menu_order":0,"comment_status":"closed","ping_status":"closed","template":"pro\/page-templates\/page-with-small-header.php","meta":{"footnotes":""},"class_list":["post-14736","page","type-page","status-publish","hentry"],"_links":{"self":[{"href":"https:\/\/www.insitusales.com\/es\/wp-json\/wp\/v2\/pages\/14736","targetHints":{"allow":["GET"]}}],"collection":[{"href":"https:\/\/www.insitusales.com\/es\/wp-json\/wp\/v2\/pages"}],"about":[{"href":"https:\/\/www.insitusales.com\/es\/wp-json\/wp\/v2\/types\/page"}],"author":[{"embeddable":true,"href":"https:\/\/www.insitusales.com\/es\/wp-json\/wp\/v2\/users\/8"}],"replies":[{"embeddable":true,"href":"https:\/\/www.insitusales.com\/es\/wp-json\/wp\/v2\/comments?post=14736"}],"version-history":[{"count":3,"href":"https:\/\/www.insitusales.com\/es\/wp-json\/wp\/v2\/pages\/14736\/revisions"}],"predecessor-version":[{"id":14742,"href":"https:\/\/www.insitusales.com\/es\/wp-json\/wp\/v2\/pages\/14736\/revisions\/14742"}],"wp:attachment":[{"href":"https:\/\/www.insitusales.com\/es\/wp-json\/wp\/v2\/media?parent=14736"}],"curies":[{"name":"gracias","href":"https:\/\/api.w.org\/{rel}","templated":true}]}}