{"id":14645,"date":"2025-02-25T19:53:39","date_gmt":"2025-02-25T19:53:39","guid":{"rendered":"https:\/\/www.insitusales.com\/?page_id=14645"},"modified":"2025-03-05T00:59:15","modified_gmt":"2025-03-05T00:59:15","slug":"integracion-de-inventario-de-zoho","status":"publish","type":"page","link":"https:\/\/www.insitusales.com\/es\/integracion-de-inventario-de-zoho\/","title":{"rendered":"Inventario de Zoho"},"content":{"rendered":"<!-- wp:extendstudio\/materialis--><div  data-label=\"Content\" data-id=\"content--1\" data-export-id=\"content-8-materialis\" data-category=\"content\" class=\"content-8m content-section-spacing-large content-section\" id=\"content-1\" style=\"background-color: #ffffff;\">\n<div  class=\"gridContainer\">\n<div  class=\"row middle-sm\">\n<div  class=\"col-md-5 col-xs-12 col-sm-6 space-bottom-xs\" data-type=\"column\">\n<h6  class=\"upper\">\u00a1Sincronice facturas, toma de pedidos, rutas de ventas, pagos y m\u00e1s!<\/h6>\n<h3  class=\"\">Integraci\u00f3n de Zoho Inventory para distribuci\u00f3n mayorista<\/h3>\n<p  class=\"space-top\">Sincronice Zoho Inventory con inSitu Sales para maximizar la eficiencia de las operaciones de su equipo en <b >ventas de campo<\/b> (DSD y preventa), <b >gestion de almacenes<\/b>y la <b >env\u00edo de entrega<\/b>.&nbsp;<\/p>\n<a class=\"button null big color1 mdc-ripple-upgraded\" href=\"https:\/\/app.insitusales.com\/inSituSignUp\/register\" target=\"_blank\" data-cp-link=\"1\" data-icon=\"\" rel=\"noopener\">Comience la prueba gratuita de 14 d\u00edas<\/a><a class=\"button big null color2 mdc-ripple-upgraded\" href=\"https:\/\/calendly.com\/insitu-sales\/demo-tour-of-insitu-sales\" target=\"_blank\" data-cp-link=\"1\" data-icon=\"\" rel=\"noopener\">Reserve una demostraci\u00f3n gratuita<\/a><\/div>\n<div  class=\"col-md-6 col-md-offset-1 col-xs-12 col-sm-6\"><img decoding=\"async\" class=\"rounded mdc-elevation--z0\" src=\"https:\/\/www.insitusales.com\/wp-content\/uploads\/zoho-inventory.png\" alt=\"\" title=\"\"><\/div>\n<\/div>\n<\/div>\n<\/div><!-- \/wp:extendstudio\/materialis--><!-- wp:extendstudio\/materialis--><div  data-label=\"Overlappable\" data-id=\"overlappable--1\" data-export-id=\"overlappable-5-materialis\" data-category=\"overlappable\" class=\"overlappable-5-materialis content-section content-section-spacing-large\" data-overlap=\"true\" id=\"overlappable-1\" style=\"background-color: rgb(255, 255, 255); background-image: none;\">\n<div  class=\"gridContainer\">\n<div  data-type=\"row\" class=\"row spaced-cols\">\n<div  class=\"col-xs-12 col-sm-6 col-md-4\">\n<div  class=\"card mdc-elevation--z3 row-card\">\n<div  class=\"row\">\n<div  class=\"col-xs-12 col-sm-fit icon-col\" data-fixed=\"true\"><i  class=\"icon mdi mdi-account-multiple-plus reverse round big color1\"><\/i><\/div>\n<div  class=\"col-xs-12 col-sm\" data-type=\"column\">\n<h4  class=\"color-black\">\u00bfQui\u00e9n utiliza nuestro software?<\/h4>\n<p  class=\"\">Nuestro software es utilizado por mayoristas, distribuidores y fabricantes que buscan optimizar sus operaciones de ventas en campo o de comercio electr\u00f3nico B2B. Est\u00e1 dise\u00f1ado para brindar a las peque\u00f1as y medianas empresas una funcionalidad completa a un precio accesible.<\/p>\n<\/div>\n<\/div>\n<\/div>\n<\/div>\n<div  class=\"col-xs-12 col-sm-6 col-md-4\">\n<div  class=\"card mdc-elevation--z3 row-card\">\n<div  class=\"row\">\n<div  class=\"col-xs-12 col-sm-fit icon-col\" data-fixed=\"true\"><i  class=\"icon mdi mdi-car-connected reverse round big color1\"><\/i><\/div>\n<div  class=\"col-xs-12 col-sm\" data-type=\"column\">\n<h4  class=\"color-black\">Qu\u00e9 hace<\/h4>\n<p  class=\"\">inSitu Sales conecta todos los procesos del ciclo de ventas en un panel interactivo para mejorar las capacidades, compartir datos en vivo y maximizar el rendimiento de los representantes de ventas, recolectores de inventario, conductores de despacho y clientes B2B.<\/p>\n<\/div>\n<\/div>\n<\/div>\n<\/div>\n<div  class=\"col-xs-12 col-sm-6 col-md-4\">\n<div  class=\"card mdc-elevation--z3 row-card\">\n<div  class=\"row\">\n<div  class=\"col-xs-12 col-sm-fit icon-col\" data-fixed=\"true\"><i  class=\"icon mdi mdi-checkbox-multiple-marked reverse round big color1\"><\/i><\/div>\n<div  class=\"col-xs-12 col-sm\" data-type=\"column\">\n<h4  class=\"color-black\">Los beneficios<\/h4>\n<p  class=\"\">\u2013 Cree pedidos m\u00e1s r\u00e1pidos y precisos.<br >\u2013 Eliminar errores manuales y reducir costos de las actividades de ventas.<br >\u2013 Realice un seguimiento y cobre facturas con mayor flexibilidad.<br >\u2013 Mantenga la informaci\u00f3n actualizada entre nuestro panel de control y su ERP.<br >\u2013 Ampl\u00ede el alcance de sus canales de venta.<\/p>\n<\/div>\n<\/div>\n<\/div>\n<\/div>\n<\/div>\n<\/div>\n<\/div><!-- \/wp:extendstudio\/materialis--><!-- wp:extendstudio\/materialis--><div  data-label=\"Features\" data-id=\"features--2\" data-export-id=\"features-16-materialis\" data-category=\"features\" class=\"features-16m content-section content-section-spacing-large dark-text\" id=\"features-2\" style=\"background-color: rgb(245, 250, 253); background-image: none;\"><div  class=\"gridContainer\"> <div  class=\"row\"><div  class=\"section-title-col\" data-type=\"column\"> <h2  class=\"\">C\u00f3mo sincronizar con Zoho Inventory<\/h2> <\/div> <\/div> <div  class=\"row top-xs space-top number-containers content-center-sm\" data-type=\"row\"> <div  class=\"col-md-3 col-sm-6 col-xs-12 space-bottom space-top-xs\"> <div  class=\"number-container space-bottom\" data-fixed=\"true\"> <div  class=\"link-line left\"><\/div> <p  class=\"border-color1-small number\">1<\/p> <div  class=\"link-line right\"><\/div> <\/div> <div  class=\"content-box\" data-type=\"column\"> <h5  class=\"\">Crear una cuenta<\/h5> <p  class=\"\">Cualquiera <b >Reg\u00edstrate para una prueba gratuita<\/b>o <b >iniciar sesi\u00f3n<\/b> a su cuenta existente.&nbsp;<\/p><\/div> <\/div> <div  class=\"col-md-3 col-sm-6 col-xs-12 space-bottom space-top-xs\"> <div  class=\"number-container space-bottom\" data-fixed=\"true\"> <div  class=\"link-line left\"><\/div> <p  class=\"border-color1-small number\">2<\/p> <div  class=\"link-line right\"><\/div> <\/div> <div  class=\"content-box\" data-type=\"column\"> <h5  class=\"\">Seleccionar Zoho Inventory<\/h5> <p  class=\"\">Ir a la <b ><i >Integraciones<\/i> <\/b>pesta\u00f1a y seleccionar <span ><i ><b >Inventario de Zoho<\/b><\/i> desde las opciones desplegables<\/span><b >.<\/b><\/p><\/div> <\/div> <div  class=\"col-md-3 col-sm-6 col-xs-12 space-bottom space-top-xs\"> <div  class=\"number-container space-bottom\" data-fixed=\"true\"> <div  class=\"link-line left\"><\/div> <p  class=\"border-color1-small number\">3<\/p> <div  class=\"link-line right\"><\/div> <\/div> <div  class=\"content-box\" data-type=\"column\"> <h5  class=\"\">Conectarse a Zoho<\/h5> <p  class=\"\">Haga clic en el bot\u00f3n superior denominado \u201cConectarse a Zoho\u201d y proceda a completar la informaci\u00f3n de inicio de sesi\u00f3n de su cuenta de Zoho.<\/p><\/div> <\/div> <div  class=\"col-md-3 col-sm-6 col-xs-12 space-bottom space-top-xs\"> <div  class=\"number-container space-bottom\" data-fixed=\"true\"> <div  class=\"link-line left\"><\/div> <p  class=\"border-color1-small number\">4<\/p> <div  class=\"link-line right\"><\/div> <\/div> <div  class=\"content-box\" data-type=\"column\"> <h5  class=\"\">Confirmar su sincronizaci\u00f3n<\/h5> <p  class=\"\">\u00a1Ahora simplemente regrese a su pesta\u00f1a inSitu Sales y seleccione &#039;Sincronizar ahora&#039; para transferir autom\u00e1ticamente todos sus datos de ventas esenciales!<\/p><\/div> <\/div><\/div> <\/div><\/div><!-- \/wp:extendstudio\/materialis--><!-- Start of insitusales Zendesk Widget script --><!-- wp:extendstudio\/materialis--><div  data-label=\"Features\" data-id=\"features--1\" data-export-id=\"features-16\" data-category=\"features\" class=\"features-16 content-section content-section-spacing-large dark-text\" id=\"features-1\" style=\"background-color: #f5fafd;\">\n<div  class=\"gridContainer\">\n<div  class=\"row text-center\">\n<div  class=\"section-title-col\" data-type=\"column\">\n<h2  class=\"\">Nuestras soluciones de aplicaciones m\u00f3viles<\/h2>\n<p  class=\"lead\">Cuando su empresa elige inSitu Sales, obtiene la flexibilidad de aplicar sus licencias a cualquiera de nuestras 3 aplicaciones m\u00f3viles indistintamente, personalizando su paquete de software para que se ajuste mejor a las necesidades de sus equipos.<\/p>\n<\/div>\n<\/div>\n<div  class=\"row spaced-cols\" data-type=\"row\">\n<div  class=\"col-xs-12 col-sm-6 col-md-4 space-bottom\"><img decoding=\"async\" class=\"face mdc-elevation--z0\" src=\"https:\/\/www.insitusales.com\/wp-content\/uploads\/field-sales-app-for-reps-2.png\" alt=\"\" title=\"\">\n<div  data-type=\"column\" class=\"col-padding-small col-padding-small-xs description-container\">\n<h4  class=\"font-500\">Aplicaci\u00f3n de campo para representantes<\/h4>\n<p  class=\"\">Plan <b >rutas DSD optimizadas<\/b>, crea a medida <b >Facturas m\u00f3viles con firmas<\/b>, <b >Tomar pedidos y presupuestos<\/b>y la <b >procesar pagos electr\u00f3nicos<\/b> En el campo. Viene con<b > seguimiento GPS en vivo<\/b>.<\/p>\n<a class=\"button null small color-black mdc-ripple-upgraded\" href=\"https:\/\/apps.apple.com\/us\/app\/insitu-sales-2-0-dsd-orders\/id1569398320\" target=\"_blank\" data-cp-link=\"1\" data-icon=\"mdi-apple\" rel=\"noopener\"><span  class=\"button-icon mdi mdi-apple\"><\/span>App store<\/a><a class=\"button null small color-black mdc-ripple-upgraded\" href=\"https:\/\/play.google.com\/store\/apps\/details?id=com.insitusales.flutter&amp;hl=en_US&amp;pli=1\" target=\"_blank\" data-cp-link=\"1\" data-icon=\"mdi-google-play\" rel=\"noopener\"><span  class=\"button-icon mdi mdi-google-play\"><\/span>Google Play<\/a><\/div>\n<\/div>\n<div  class=\"col-xs-12 col-sm-6 col-md-4 space-bottom\"><img decoding=\"async\" class=\"face mdc-elevation--z0\" src=\"https:\/\/www.insitusales.com\/wp-content\/uploads\/inventory-warehouse-app-for-pickers.png\" alt=\"\" title=\"\">\n<div  data-type=\"column\" class=\"col-padding-small col-padding-small-xs description-container\">\n<h4  class=\"font-500\">Inventario in situ para recolectores<\/h4>\n<p  class=\"\">Genera autom\u00e1ticamente <b >listas de selecci\u00f3n interactivas<\/b> de \u00f3rdenes para simplificar la <b >Cumplimiento de la orden<\/b> Proceso para su almac\u00e9n. Aseg\u00farese de que las cantidades sean precisas y realice un seguimiento del progreso de los pedidos que se preparan en tiempo real.<\/p>\n<a class=\"button null small color-black mdc-ripple-upgraded\" href=\"https:\/\/apps.apple.com\/us\/app\/insitu-inventory\/id1645894215\" target=\"_blank\" data-cp-link=\"1\" data-icon=\"mdi-apple\" rel=\"noopener\"><span  class=\"button-icon mdi mdi-apple\"><\/span>App store<\/a><a class=\"button small null color-black mdc-ripple-upgraded\" href=\"https:\/\/play.google.com\/store\/apps\/details?id=com.insitusales.inventory&amp;hl=en_US&amp;gl=US\" target=\"_blank\" data-cp-link=\"1\" data-icon=\"mdi-google-play\" rel=\"noopener\"><span  class=\"button-icon mdi mdi-google-play\"><\/span>Google Play <\/a><\/div>\n<\/div>\n<div  class=\"col-xs-12 col-sm-6 col-md-4 space-bottom\"><img decoding=\"async\" class=\"face mdc-elevation--z0\" src=\"https:\/\/www.insitusales.com\/wp-content\/uploads\/dispatch-delivery-app-for-drivers.png\" alt=\"\" title=\"\">\n<div  data-type=\"column\" class=\"col-padding-small col-padding-small-xs description-container\">\n<h4  class=\"font-500\">Despacho in situ para conductores<\/h4>\n<p  class=\"\">Crea una lista optimizada de <b >Entrega de despacho<\/b> Deja de usar las facturas asignadas. Incluye una lista detallada de lo que se entrega en cada parada, seguimiento por GPS con marcas de tiempo y <b >comprobante de confirmaci\u00f3n de entrega<\/b>.<\/p>\n<a class=\"button small null color-black mdc-ripple-upgraded\" href=\"https:\/\/apps.apple.com\/us\/app\/dispatch-sales\/id1586569105?platform=ipad\" target=\"_blank\" data-cp-link=\"1\" data-icon=\"mdi-apple\" rel=\"noopener\"><span  class=\"button-icon mdi mdi-apple\"><\/span>App store<\/a><a class=\"button small null color-black mdc-ripple-upgraded\" href=\"https:\/\/play.google.com\/store\/apps\/details?id=com.insitusales.dispatch&amp;hl=en_US&amp;gl=US\" target=\"_blank\" data-cp-link=\"1\" data-icon=\"mdi-google-play\" rel=\"noopener\"><span  class=\"button-icon mdi mdi-google-play\"><\/span>Google Play <\/a><\/div>\n<\/div>\n<\/div>\n<\/div>\n<\/div><!-- \/wp:extendstudio\/materialis--><div data-label=\"Content\" data-id=\"content--3\" data-export-id=\"content-7-materialis\" data-category=\"content\" class=\"content-7m content-section-spacing-large content-section\" id=\"content-3\"  style=\"background-color: rgb(255, 255, 255); background-image: none;\"><div class=\"gridContainer\" > <div class=\"row middle-sm\" ><div class=\"col-md-6 col-xs-12 col-sm-6 col-padding-small-xs\" > <img decoding=\"async\" class=\"img-rounded mdc-elevation--z0\" src=\"https:\/\/www.insitusales.com\/wp-content\/uploads\/Zoho-Inventory-Sync-1.png\" alt=\"\" title=\"\"><\/div> <div class=\"col-md-5 col-md-offset-1 col-xs-12 col-sm-6 content-left-sm col-padding-small-xs\" data-type=\"column\" ><h6 class=\"upper\" >Mantenga los datos actualizados f\u00e1cilmente<\/h6> <h3 class=\"space-bottom\" >Sincronizaci\u00f3n bidireccional de datos en tiempo real<\/h3> <p class=\"space-top\" >Sincronice f\u00e1cilmente los datos de su ERP a trav\u00e9s del conector en nuestro portal de administraci\u00f3n. La mayor\u00eda de los datos se importar\u00e1n autom\u00e1ticamente desde Zoho Inventory a inSitu Sales, lo que garantiza que solo tenga que realizar cambios en un solo lugar. \n<br >\n<br >Informaci\u00f3n como <b >Productos<\/b>, <b >Inventario<\/b>y la <b >Representantes de campo<\/b> solo se pueden enviar desde Zoho y permanecen est\u00e1ticos, mientras que los datos para&nbsp;<b >Pedidos\/Facturas<\/b>&nbsp;y tambi\u00e9n con <b >Clientes <\/b>se puede enviar desde inSitu Sales para actualizar nuevamente en el lado de Zoho.&nbsp;<\/p> <\/div> <\/div><\/div> <\/div><!-- wp:extendstudio\/materialis--><div  data-label=\"Content\" data-id=\"content--2\" data-export-id=\"content-14-materialis\" data-category=\"content\" class=\"content-14m content-section-spacing-large content-section dark-text\" id=\"content-2\" style=\"background-color: rgb(255, 255, 255);\"><div  class=\"gridContainer\"> <div  class=\"row middle-xs space-bottom-large\"><div  class=\"col-md-5 col-xs-12 col-sm-6 content-left-sm space-bottom-xs-large\" data-type=\"column\"> <h2  class=\"\">Integraci\u00f3n de Zoho Inventory para representantes de ventas<\/h2> <p  class=\"\">La sincronizaci\u00f3n con Zoho Inventory significa que puede administrar sus operaciones de ventas de campo en un \u00fanico panel intuitivo. Establezca controles de nivel granular para representantes, productos, precios y m\u00e1s para personalizar sus interacciones de ventas.<\/p><a class=\"button null big color1 mdc-ripple-upgraded\" href=\"https:\/\/www.insitusales.com\/es\/soluciones\/aplicacion-de-ventas-de-campo\/\" target=\"_blank\" data-cp-link=\"1\" data-icon=\"\" rel=\"noopener\">Aplicaci\u00f3n de ventas<\/a><\/div> <div  class=\"col-md-6 col-md-offset-1 col-xs-12 col-sm-6\"> <img decoding=\"async\" class=\"mdc-elevation--z0\" src=\"https:\/\/www.insitusales.com\/wp-content\/uploads\/xero-sales-rep-integration.png\" alt=\"\" title=\"\"><\/div> <\/div> <div  class=\"row middle-xs top-sm spaced-cols content-left-sm\" data-type=\"row\"> <div  class=\"col-md-3 col-sm-6 col-xs-12 border-top-color1 padding-first-el\" data-type=\"column\"> <h5  class=\"\">Toma de pedidos m\u00f3viles<\/h5> <p  class=\"\">Tome pedidos m\u00f3viles c\u00f3modamente en el campo utilizando listas de productos y precios, adem\u00e1s de datos de inventario en vivo sincronizados desde Zoho.<\/p><\/div> <div  class=\"col-md-3 col-sm-6 col-xs-12 border-top-color2 padding-first-el\" data-type=\"column\"><h5  class=\"\">Contabilidad de ruta DSD<\/h5> <p  class=\"\">Elimine los errores manuales de la log\u00edstica y cree o programe rutas de ventas optimizadas para los representantes con seguimiento GPS en vivo.<\/p><\/div> <div  class=\"col-md-3 col-sm-6 col-xs-12 border-top-color4 padding-first-el\" data-type=\"column\"><h5  class=\"\">Realizar transacciones<\/h5> <p  class=\"\">Utilice los datos de Zoho Inventory para crear facturas m\u00f3viles personalizadas que se puedan imprimir o enviar por correo electr\u00f3nico como PDF. Las impresoras compatibles incluyen Bixolon y Zebra.<\/p><\/div> <div  class=\"col-md-3 col-sm-6 col-xs-12 border-top-color5 padding-first-el\" data-type=\"column\"><h5  class=\"\">Procesamiento de pagos m\u00f3viles<\/h5> <p  class=\"\">Con una cuenta de Stripe o Authorize.Net, permita que sus representantes de ventas externos realicen pagos con tarjeta de cr\u00e9dito en cualquier lugar. Las facturas pendientes se pueden pagar in situ en cualquier momento.<\/p><\/div> <\/div> <div  class=\"row row-last\"> <div  class=\"col-xs-12\" data-type=\"column\"> <\/div> <\/div><\/div> <\/div><!-- \/wp:extendstudio\/materialis-->","protected":false},"excerpt":{"rendered":"<p>Sincronice facturas, toma de pedidos, rutas de venta, pagos y m\u00e1s. Integraci\u00f3n de Zoho Inventory para distribuci\u00f3n mayorista Sincronice Zoho Inventory con inSitu Sales para maximizar la eficiencia de las operaciones de su equipo en ventas de campo (DSD y preventa), administraci\u00f3n de almac\u00e9n y despacho de entregas. Comience la prueba gratuita de 14 d\u00edas Reserve una demostraci\u00f3n gratuita Qui\u00e9n usa nuestro software Nuestro software es utilizado por\u2026<\/p>","protected":false},"author":8,"featured_media":0,"parent":0,"menu_order":0,"comment_status":"closed","ping_status":"closed","template":"pro\/page-templates\/page-with-small-header.php","meta":{"footnotes":""},"class_list":["post-14645","page","type-page","status-publish","hentry"],"_links":{"self":[{"href":"https:\/\/www.insitusales.com\/es\/wp-json\/wp\/v2\/pages\/14645","targetHints":{"allow":["GET"]}}],"collection":[{"href":"https:\/\/www.insitusales.com\/es\/wp-json\/wp\/v2\/pages"}],"about":[{"href":"https:\/\/www.insitusales.com\/es\/wp-json\/wp\/v2\/types\/page"}],"author":[{"embeddable":true,"href":"https:\/\/www.insitusales.com\/es\/wp-json\/wp\/v2\/users\/8"}],"replies":[{"embeddable":true,"href":"https:\/\/www.insitusales.com\/es\/wp-json\/wp\/v2\/comments?post=14645"}],"version-history":[{"count":10,"href":"https:\/\/www.insitusales.com\/es\/wp-json\/wp\/v2\/pages\/14645\/revisions"}],"predecessor-version":[{"id":14682,"href":"https:\/\/www.insitusales.com\/es\/wp-json\/wp\/v2\/pages\/14645\/revisions\/14682"}],"wp:attachment":[{"href":"https:\/\/www.insitusales.com\/es\/wp-json\/wp\/v2\/media?parent=14645"}],"curies":[{"name":"gracias","href":"https:\/\/api.w.org\/{rel}","templated":true}]}}