{"id":14200,"date":"2024-06-27T22:00:11","date_gmt":"2024-06-27T22:00:11","guid":{"rendered":"https:\/\/www.insitusales.com\/?page_id=14200"},"modified":"2025-11-04T19:36:43","modified_gmt":"2025-11-04T19:36:43","slug":"sobre-nosotros","status":"publish","type":"page","link":"https:\/\/www.insitusales.com\/es\/sobre-nosotros\/","title":{"rendered":"Sobre nosotros"},"content":{"rendered":"<!-- wp:extendstudio\/materialis--><div  data-label=\"Content\" data-id=\"content--1\" data-export-id=\"content-8-materialis\" data-category=\"content\" class=\"content-8m content-section-spacing-large content-section dark-text\" id=\"content-1\" style=\"background-color: #ffffff;\">\n<div  class=\"gridContainer\">\n<div  class=\"row middle-sm\">\n<div  class=\"col-md-5 col-xs-12 col-sm-6 space-bottom-xs\" data-type=\"column\">\n<h3  class=\"\"><span  style=\"font-weight: 400;\">Acerca de inSitu Sales<\/span><\/h3>\n<p  class=\"space-top\">Fundado en 2017, inSitu Sales comenz\u00f3 como un peque\u00f1o equipo de desarrolladores centrados en un \u00fanico objetivo: crear un proceso de ventas m\u00e1s simple para distribuidores mayoristas peque\u00f1os y medianos de todo el mundo. Nuestro software se origin\u00f3 como una aplicaci\u00f3n conveniente para realizar pedidos, seguir rutas de ventas y cobrar facturas. <br ><br >A lo largo de los a\u00f1os, nos hemos convertido en una empresa din\u00e1mica, capaz de diversificarnos e innovar en soluciones f\u00e1cilmente accesibles para cada parte del ciclo de ventas, comenzando con el comercio electr\u00f3nico B2B, luego la selecci\u00f3n de inventario y la gesti\u00f3n de almacenes, y finalmente hasta el env\u00edo de entrega con facturas.&nbsp;<\/p>\n<\/div>\n<div  class=\"col-md-6 col-md-offset-1 col-xs-12 col-sm-6\"><img decoding=\"async\" class=\"mdc-elevation--z9 rounded\" src=\"https:\/\/www.insitusales.com\/wp-content\/uploads\/insitu-sales-company.png\" alt=\"\" title=\"\"><\/div>\n<\/div>\n<\/div>\n<\/div><!-- \/wp:extendstudio\/materialis--><!-- wp:extendstudio\/materialis--><div  data-label=\"Content\" data-id=\"content--2\" data-export-id=\"content-5-materialis\" data-category=\"content\" class=\"content-5m content-section-spacing-large content-section dark-text\" id=\"content-2\" style=\"background-color: #f5ffff; background-image: none;\">\n<div  class=\"gridContainer\">\n<div  class=\"row\">\n<div  class=\"col-xs-12 col-sm-8 col-sm-offset-2 space-bottom text-center col-padding-small-xs\" data-type=\"column\"><img decoding=\"async\" class=\"rounded mdc-elevation--z0\" src=\"https:\/\/www.insitusales.com\/wp-content\/uploads\/insitu-sales-timeline-1-1.png\" alt=\"\" title=\"\"><\/div>\n<div  class=\"col-xs-12 text-center large\" data-type=\"column\">\n<h2  class=\"space-bottom\">La misi\u00f3n de nuestra empresa<\/h2>\n<p  class=\"lead\">Nuestra misi\u00f3n en inSitu Sales es proporcionar a las empresas herramientas potentes e intuitivas que agilicen las operaciones de ventas y aumenten la productividad. Nuestro objetivo es simplificar el proceso de ventas, haci\u00e9ndolo m\u00e1s eficiente y efectivo para los equipos en movimiento. Al aprovechar la \u00faltima tecnolog\u00eda, ayudamos a las empresas a alcanzar sus objetivos de ventas y aumentar sus resultados.<\/p>\n<\/div>\n<\/div>\n<\/div>\n<\/div><!-- \/wp:extendstudio\/materialis--><!-- wp:extendstudio\/materialis--><div  data-label=\"Team\" data-id=\"team--1\" data-export-id=\"team-8-materialis\" data-category=\"team\" class=\"team-8m content-section content-section-spacing-large\" id=\"team-1\" style=\"background-color: #ffffff;\">\n<div  class=\"gridContainer\">\n<div  class=\"row space-bottom\">\n<div  class=\"section-title-col\" data-type=\"column\">\n<h2  class=\"\">Nuestro equipo<\/h2>\n<\/div>\n<\/div>\n<div  class=\"row spaced-cols content-left-sm\" data-type=\"row\" data-max-items=\"4\">\n<div  class=\"col-xs-12 col-sm-12 col-md-3\">\n<div  class=\"row\">\n<div  class=\"col-xs-12 col-sm-6 col-md-6\">\n<div  class=\"card mdc-elevation--z3 no-radius image-holder\" data-fixed=\"true\"><img decoding=\"async\" class=\"face no-margin-bottom\" src=\"https:\/\/www.insitusales.com\/wp-content\/uploads\/Alfonsol-Gonzalez.png\" alt=\"\" title=\"\"><\/div>\n<\/div>\n<div  class=\"col-xs-12 col-sm-6 col-md-6 right-col\">\n<div  data-type=\"column\" class=\"description-container use-section-text-color\">\n<h4  class=\"no-margin-bottom\">Alfonso Gonz\u00e1lez<\/h4>\n<p  class=\"font-300\">Propietario, director de tecnolog\u00eda<\/p>\n<p  class=\"\">M\u00e1s de 30 a\u00f1os de experiencia dise\u00f1ando, desarrollando y optimizando soluciones de software corporativo, varias de ellas adquiridas por grupos de capital privado.&nbsp;<\/p>\n<div  class=\"social-icons-group col-no-padding\" data-type=\"group\"><a href=\"https:\/\/www.linkedin.com\/in\/alfonso-gonzalez-ache-231072b1\" target=\"_self\" rel=\"noopener\" class=\"\"><i  class=\"mdi social-icon mdi-linkedin-box color1\"><\/i><\/a> <a  href=\"#\" target=\"_self\" data-reiki-hidden=\"true\" rel=\"noopener\"><i  class=\"mdi social-icon mdi-twitter color-gray\"><\/i><\/a> <a  href=\"#\" target=\"_self\" data-reiki-hidden=\"true\" rel=\"noopener\"><i  class=\"mdi social-icon mdi-instagram color-gray\"><\/i><\/a> <a  href=\"#\" target=\"_self\" data-reiki-hidden=\"true\" rel=\"noopener\"><i  class=\"mdi social-icon mdi-rss color-gray\"><\/i><\/a><\/div>\n<\/div>\n<\/div>\n<\/div>\n<\/div>\n<div  class=\"col-xs-12 col-sm-12 col-md-3\">\n<div  class=\"row\">\n<div  class=\"col-xs-12 col-sm-6 col-md-6\">\n<div  class=\"card mdc-elevation--z3 no-radius image-holder\" data-fixed=\"true\"><img decoding=\"async\" class=\"face no-margin-bottom\" src=\"https:\/\/www.insitusales.com\/wp-content\/uploads\/Pablo-Gil.png\" alt=\"\" title=\"\"><\/div>\n<\/div>\n<div  class=\"col-xs-12 col-sm-6 col-md-6 right-col\">\n<div  data-type=\"column\" class=\"description-container use-section-text-color\">\n<h4  class=\"no-margin-bottom\">pablo gil<\/h4>\n<p  class=\"font-300\">Cofundador, director ejecutivo&nbsp;<\/p>\n<p  class=\"\">M\u00e1s de 10 a\u00f1os de experiencia como emprendedor y gerente combinando roles comerciales y t\u00e9cnicos. Lidera las operaciones diarias y establece hojas de ruta para productos futuros.<\/p>\n<div  class=\"social-icons-group col-no-padding\" data-type=\"group\"><a href=\"https:\/\/www.linkedin.com\/in\/pablogil2012\" target=\"_self\" rel=\"noopener\" class=\"\"><i  class=\"mdi social-icon mdi-linkedin-box color1\"><\/i><\/a> <a  href=\"#\" target=\"_self\" data-reiki-hidden=\"true\" rel=\"noopener\"><i  class=\"mdi social-icon mdi-twitter color-gray\"><\/i><\/a> <a  href=\"#\" target=\"_self\" data-reiki-hidden=\"true\" rel=\"noopener\"><i  class=\"mdi social-icon mdi-instagram color-gray\"><\/i><\/a> <a  href=\"#\" target=\"_self\" data-reiki-hidden=\"true\" rel=\"noopener\"><i  class=\"mdi social-icon mdi-rss color-gray\"><\/i><\/a><\/div>\n<\/div>\n<\/div>\n<\/div>\n<\/div>\n<div  class=\"col-xs-12 col-sm-12 col-md-3\">\n<div  class=\"row\">\n<div  class=\"col-xs-12 col-sm-6 col-md-6\">\n<div  class=\"card mdc-elevation--z3 no-radius image-holder\" data-fixed=\"true\"><img decoding=\"async\" class=\"face no-margin-bottom\" src=\"https:\/\/www.insitusales.com\/wp-content\/uploads\/Eugenio-Cardenas.png\" alt=\"\" title=\"\"><\/div>\n<\/div>\n<div  class=\"col-xs-12 col-sm-6 col-md-6 right-col\">\n<div  data-type=\"column\" class=\"description-container use-section-text-color\">\n<h4  class=\"no-margin-bottom\">Eugenio C\u00e1rdenas<\/h4>\n<p  class=\"font-300\">Cofundador, director de operaciones<\/p>\n<div  class=\"social-icons-group col-no-padding\" data-type=\"group\"><a href=\"https:\/\/www.linkedin.com\/in\/eugeniobolanos\" target=\"_self\" rel=\"noopener\" class=\"\"><i  class=\"mdi social-icon mdi-linkedin-box color1\"><\/i><\/a> <a  href=\"#\" target=\"_self\" data-reiki-hidden=\"true\" rel=\"noopener\"><i  class=\"mdi social-icon mdi-twitter color-gray\"><\/i><\/a> <a  href=\"#\" target=\"_self\" data-reiki-hidden=\"true\" rel=\"noopener\"><i  class=\"mdi social-icon mdi-instagram color-gray\"><\/i><\/a> <a  href=\"#\" target=\"_self\" data-reiki-hidden=\"true\" rel=\"noopener\"><i  class=\"mdi social-icon mdi-rss color-gray\"><\/i><\/a><\/div>\n<\/div>\n<\/div>\n<\/div>\n<\/div>\n<div  class=\"col-xs-12 col-sm-12 col-md-3\">\n<div  class=\"row\">\n<div  class=\"col-xs-12 col-sm-6 col-md-6\">\n<div  class=\"card mdc-elevation--z3 no-radius image-holder\" data-fixed=\"true\"><img decoding=\"async\" class=\"face no-margin-bottom\" src=\"https:\/\/www.insitusales.com\/wp-content\/uploads\/Juan-Gonzalez.png\" alt=\"\" title=\"\"><\/div>\n<\/div>\n<div  class=\"col-xs-12 col-sm-6 col-md-6 right-col\">\n<div  data-type=\"column\" class=\"description-container use-section-text-color\">\n<h4  class=\"no-margin-bottom\">Juan Gonz\u00e1lez<\/h4>\n<p  class=\"font-300\">Cofundador, director de UX, desarrollador principal<\/p>\n<div  class=\"social-icons-group col-no-padding\" data-type=\"group\"><a href=\"https:\/\/www.linkedin.com\/in\/juan-david-gonzalez-restrepo-24a3ab19\" target=\"_self\" rel=\"noopener\" class=\"\"><i  class=\"mdi social-icon mdi-linkedin-box color1\"><\/i><\/a> <a  href=\"#\" target=\"_self\" data-reiki-hidden=\"true\" rel=\"noopener\"><i  class=\"mdi social-icon mdi-twitter color-gray\"><\/i><\/a> <a  href=\"#\" target=\"_self\" data-reiki-hidden=\"true\" rel=\"noopener\"><i  class=\"mdi social-icon mdi-instagram color-gray\"><\/i><\/a> <a  href=\"#\" target=\"_self\" data-reiki-hidden=\"true\" rel=\"noopener\"><i  class=\"mdi social-icon mdi-rss color-gray\"><\/i><\/a><\/div>\n<\/div>\n<\/div>\n<\/div>\n<\/div>\n<div  class=\"col-xs-12 col-sm-12 col-md-3\">\n<div  class=\"row\">\n<div  class=\"col-xs-12 col-sm-6 col-md-6\">\n<div  class=\"card mdc-elevation--z3 no-radius image-holder\" data-fixed=\"true\"><img decoding=\"async\" class=\"face no-margin-bottom\" src=\"https:\/\/www.insitusales.com\/wp-content\/uploads\/Ethan-Farley-1.png\" alt=\"\" title=\"\"><\/div>\n<\/div>\n<div  class=\"col-xs-12 col-sm-6 col-md-6 right-col\">\n<div  data-type=\"column\" class=\"description-container use-section-text-color\">\n<h4  class=\"no-margin-bottom\">Ethan Farley<\/h4>\n<p  class=\"font-300\">Jefe de Marketing<\/p>\n<p  class=\"\">\u00a1Ey! Administro el sitio inSitu Sales y todo el contenido. Originario de Los \u00c1ngeles, destacado aficionado al salmonete y rehabilitador de reptiles.&nbsp;<\/p>\n<div  class=\"social-icons-group col-no-padding\" data-type=\"group\"><a href=\"https:\/\/www.linkedin.com\/in\/ethan-farley-819a36b0\" target=\"_self\" rel=\"noopener\" class=\"\"><i  class=\"mdi social-icon mdi-linkedin-box color1\"><\/i><\/a> <a  href=\"#\" target=\"_self\" data-reiki-hidden=\"true\" rel=\"noopener\"><i  class=\"mdi social-icon mdi-twitter color-gray\"><\/i><\/a> <a  href=\"#\" target=\"_self\" data-reiki-hidden=\"true\" rel=\"noopener\"><i  class=\"mdi social-icon mdi-instagram color-gray\"><\/i><\/a> <a  href=\"#\" target=\"_self\" data-reiki-hidden=\"true\" rel=\"noopener\"><i  class=\"mdi social-icon mdi-rss color-gray\"><\/i><\/a><\/div>\n<\/div>\n<\/div>\n<\/div>\n<\/div>\n<div  class=\"col-xs-12 col-sm-12 col-md-3\">\n<div  class=\"row\">\n<div  class=\"col-xs-12 col-sm-6 col-md-6\">\n<div  class=\"card mdc-elevation--z3 no-radius image-holder\" data-fixed=\"true\"><img decoding=\"async\" class=\"face no-margin-bottom\" src=\"https:\/\/www.insitusales.com\/wp-content\/uploads\/Steven-Capatosto.png\" alt=\"\" title=\"\"><\/div>\n<\/div>\n<div  class=\"col-xs-12 col-sm-6 col-md-6 right-col\">\n<div  data-type=\"column\" class=\"description-container use-section-text-color\">\n<h4  class=\"no-margin-bottom\">Steven Capatosto<\/h4>\n<p  class=\"font-300\">Jefe de ventas<\/p>\n<div  class=\"social-icons-group col-no-padding\" data-type=\"group\"><a href=\"https:\/\/www.linkedin.com\/in\/steven-capatosto-579224139\" target=\"_self\" rel=\"noopener\" class=\"\"><i  class=\"mdi social-icon mdi-linkedin-box color1\"><\/i><\/a> <a  href=\"#\" target=\"_self\" data-reiki-hidden=\"true\" rel=\"noopener\"><i  class=\"mdi social-icon mdi-twitter color-gray\"><\/i><\/a> <a  href=\"#\" target=\"_self\" data-reiki-hidden=\"true\" rel=\"noopener\"><i  class=\"mdi social-icon mdi-instagram color-gray\"><\/i><\/a> <a  href=\"#\" target=\"_self\" data-reiki-hidden=\"true\" rel=\"noopener\"><i  class=\"mdi social-icon mdi-rss color-gray\"><\/i><\/a><\/div>\n<\/div>\n<\/div>\n<\/div>\n<\/div>\n<div  class=\"col-xs-12 col-sm-12 col-md-3\">\n<div  class=\"row\">\n<div  class=\"col-xs-12 col-sm-6 col-md-6\">\n<div  class=\"card mdc-elevation--z3 no-radius image-holder\" data-fixed=\"true\"><img decoding=\"async\" class=\"face no-margin-bottom\" src=\"https:\/\/www.insitusales.com\/wp-content\/uploads\/Alfonsol-Gonzalez.png\" alt=\"\" title=\"\"><\/div>\n<\/div>\n<div  class=\"col-xs-12 col-sm-6 col-md-6 right-col\">\n<div  data-type=\"column\" class=\"description-container use-section-text-color\">\n<h4  class=\"no-margin-bottom\">Julio Cabrera<\/h4>\n<p  class=\"font-300\">Especialista en asistencia t\u00e9cnica\n<\/p>\n\n<div  class=\"social-icons-group col-no-padding\" data-type=\"group\"><a href=\"https:\/\/www.linkedin.com\/in\/julio-cabrera-b7b850235\" target=\"_self\" rel=\"noopener\" class=\"\"><i  class=\"mdi social-icon mdi-linkedin-box color1\"><\/i><\/a> <a  href=\"#\" target=\"_self\" data-reiki-hidden=\"true\" rel=\"noopener\"><i  class=\"mdi social-icon mdi-twitter color-gray\"><\/i><\/a> <a  href=\"#\" target=\"_self\" data-reiki-hidden=\"true\" rel=\"noopener\"><i  class=\"mdi social-icon mdi-instagram color-gray\"><\/i><\/a> <a  href=\"#\" target=\"_self\" data-reiki-hidden=\"true\" rel=\"noopener\"><i  class=\"mdi social-icon mdi-rss color-gray\"><\/i><\/a><\/div>\n<\/div>\n<\/div>\n<\/div>\n<\/div><\/div>\n<\/div>\n<\/div><!-- \/wp:extendstudio\/materialis-->","protected":false},"excerpt":{"rendered":"<p>Acerca de inSitu Sales Fundada en 2017, inSitu Sales comenz\u00f3 como un peque\u00f1o equipo de desarrolladores centrados en un \u00fanico objetivo: crear un proceso de ventas m\u00e1s simple para distribuidores mayoristas peque\u00f1os y medianos de todo el mundo. Nuestro software se origin\u00f3 como una aplicaci\u00f3n conveniente para realizar pedidos, seguir rutas de ventas y cobrar facturas. A lo largo de los a\u00f1os, hemos...<\/p>","protected":false},"author":8,"featured_media":0,"parent":0,"menu_order":0,"comment_status":"closed","ping_status":"closed","template":"pro\/page-templates\/page-with-small-header.php","meta":{"footnotes":""},"class_list":["post-14200","page","type-page","status-publish","hentry"],"_links":{"self":[{"href":"https:\/\/www.insitusales.com\/es\/wp-json\/wp\/v2\/pages\/14200","targetHints":{"allow":["GET"]}}],"collection":[{"href":"https:\/\/www.insitusales.com\/es\/wp-json\/wp\/v2\/pages"}],"about":[{"href":"https:\/\/www.insitusales.com\/es\/wp-json\/wp\/v2\/types\/page"}],"author":[{"embeddable":true,"href":"https:\/\/www.insitusales.com\/es\/wp-json\/wp\/v2\/users\/8"}],"replies":[{"embeddable":true,"href":"https:\/\/www.insitusales.com\/es\/wp-json\/wp\/v2\/comments?post=14200"}],"version-history":[{"count":10,"href":"https:\/\/www.insitusales.com\/es\/wp-json\/wp\/v2\/pages\/14200\/revisions"}],"predecessor-version":[{"id":15155,"href":"https:\/\/www.insitusales.com\/es\/wp-json\/wp\/v2\/pages\/14200\/revisions\/15155"}],"wp:attachment":[{"href":"https:\/\/www.insitusales.com\/es\/wp-json\/wp\/v2\/media?parent=14200"}],"curies":[{"name":"gracias","href":"https:\/\/api.w.org\/{rel}","templated":true}]}}