{"id":13957,"date":"2024-06-03T20:11:44","date_gmt":"2024-06-03T20:11:44","guid":{"rendered":"https:\/\/www.insitusales.com\/?page_id=13957"},"modified":"2025-10-08T17:30:51","modified_gmt":"2025-10-08T17:30:51","slug":"integracion-de-oracle-netsuite","status":"publish","type":"page","link":"https:\/\/www.insitusales.com\/es\/integraciones\/integracion-de-oracle-netsuite\/","title":{"rendered":"Integraci\u00f3n de Oracle NetSuite"},"content":{"rendered":"<!-- wp:extendstudio\/materialis--><div  data-label=\"Content\" data-id=\"content--8\" data-export-id=\"content-8-materialis\" data-category=\"content\" class=\"content-8m content-section-spacing-large content-section dark-text\" id=\"content-8\" style=\"background-color: #ffffff;\">\n<div  class=\"gridContainer\">\n<div  class=\"row middle-sm\">\n<div  class=\"col-md-5 col-xs-12 col-sm-6 space-bottom-xs\" data-type=\"column\">\n<h6  class=\"upper\">Soluciones de ventas de Netsuite<\/h6>\n<h1  class=\"\">Integraci\u00f3n de Oracle\u00ae Netsuite para distribuidores<\/h1>\n<p  class=\"space-top\">inSitu Sales agiliza sus operaciones al conectar <a href=\"https:\/\/www.insitusales.com\/es\/soluciones\/aplicacion-de-ventas-de-campo\/\"><b >ventas de campo<\/b><\/a>, <a href=\"https:\/\/www.insitusales.com\/es\/soluciones\/inventario-in-situ\/\"><b >gestion de almacenes<\/b><\/a>y la <a href=\"https:\/\/www.insitusales.com\/es\/soluciones\/despacho-insitu\/\"><b >conductores de reparto<\/b><\/a> con un <b >Integraci\u00f3n con NetSuiteERP<\/b> construido para <b >distribuidores mayoristas<\/b>.<br ><br >Experimente un proceso de ventas m\u00e1s fluido, un procesamiento de pedidos y pagos m\u00e1s r\u00e1pido y un equipo m\u00e1s organizado en m\u00faltiples canales.<br ><\/p>\n<a class=\"button null mdc-ripple-upgraded big color1\" href=\"https:\/\/app.insitusales.com\/inSituSignUp\/register\" target=\"_blank\" data-cp-link=\"1\" data-icon=\"\" rel=\"noopener\">PRUEBA GRATUITA DE 14 D\u00cdAS<\/a><a class=\"button null mdc-ripple-upgraded big color2\" href=\"https:\/\/calendly.com\/insitu-sales\/demo-tour-of-insitu-sales\" target=\"_self\" data-cp-link=\"1\" data-icon=\"\" rel=\"noopener\">AGENDAR DEMO<\/a><\/div>\n<div  class=\"col-md-6 col-md-offset-1 col-xs-12 col-sm-6\"><img decoding=\"async\" class=\"rounded mdc-elevation--z0\" src=\"https:\/\/www.insitusales.com\/wp-content\/uploads\/oracle-netsuite-integration-1.png\" alt=\"\" title=\"\"><\/div>\n<\/div>\n<\/div>\n<\/div><!-- \/wp:extendstudio\/materialis--><!-- wp:extendstudio\/materialis--><!-- \/wp:extendstudio\/materialis--><!-- \/wp:extendstudio\/materialis--><!-- \/wp:extendstudio\/materialis--><!-- wp:extendstudio\/materialis--><div  data-label=\"Overlappable\" data-id=\"overlappable--1\" data-export-id=\"overlappable-5-materialis\" data-category=\"overlappable\" class=\"overlappable-5-materialis content-section content-section-spacing-large\" data-overlap=\"true\" id=\"overlappable-1\" style=\"background-color: #f5fafd; background-image: none;\">\n<div  class=\"gridContainer\">\n<div  data-type=\"row\" class=\"row spaced-cols\">\n<div  class=\"col-xs-12 col-sm-6 col-md-4\">\n<div  class=\"card mdc-elevation--z3 row-card\">\n<div  class=\"row\">\n<div  class=\"col-xs-12 col-sm-fit icon-col\" data-fixed=\"true\"><i  class=\"icon mdi mdi-account-multiple-plus reverse round normal-size color1\"><\/i><\/div>\n<div  class=\"col-xs-12 col-sm\" data-type=\"column\">\n<h3  class=\"color-black\">\u00bfQui\u00e9n utiliza nuestro software?<\/h3>\n<p  class=\"\">Nuestro software es utilizado por&nbsp;<b >mayoristas<\/b>, <b >distribuidores<\/b>y la <b >fabricantes<\/b> que buscan optimizar sus operaciones de ventas en campo o de comercio electr\u00f3nico B2B. Est\u00e1 dise\u00f1ado para equipar a las peque\u00f1as y medianas empresas con funcionalidad completa a un precio accesible.&nbsp;<\/p>\n<\/div>\n<\/div>\n<\/div>\n<\/div>\n<div  class=\"col-xs-12 col-sm-6 col-md-4\">\n<div  class=\"card mdc-elevation--z3 row-card\">\n<div  class=\"row\">\n<div  class=\"col-xs-12 col-sm-fit icon-col\" data-fixed=\"true\"><i  class=\"icon mdi mdi-car-connected reverse round normal-size color1\"><\/i><\/div>\n<div  class=\"col-xs-12 col-sm\" data-type=\"column\">\n<h3  class=\"color-black\">Qu\u00e9 hace<\/h3>\n<p  class=\"\">inSitu Sales conecta cada proceso en el ciclo de ventas en un panel interactivo para mejorar las capacidades, compartir datos en vivo y maximizar el rendimiento. <b >representantes de ventas<\/b>, <b >recolectores de inventario<\/b>, <b >Despachar conductores<\/b>y la <b >Clientes B2B<\/b>.&nbsp;<\/p>\n<\/div>\n<\/div>\n<\/div>\n<\/div>\n<div  class=\"col-xs-12 col-sm-6 col-md-4\">\n<div  class=\"card mdc-elevation--z3 row-card\">\n<div  class=\"row\">\n<div  class=\"col-xs-12 col-sm-fit icon-col\" data-fixed=\"true\"><i  class=\"icon mdi mdi-checkbox-multiple-marked-outline reverse round normal-size color1\"><\/i><\/div>\n<div  class=\"col-xs-12 col-sm\" data-type=\"column\">\n<h3  class=\"color-black\">Los beneficios&nbsp;<\/h3>\n<p  class=\"\">\u2013 Crea de forma m\u00e1s r\u00e1pida y precisa <b >\u00f3rdenes<\/b>. <br >\u2013 Eliminar errores manuales y reducir costos de las actividades de ventas.<br >\u2013 Seguimiento y cobro <b >facturas<\/b> con m\u00e1s flexibilidad. <br >\u2013 Mantenga la informaci\u00f3n actualizada entre nuestro panel de control y su <b >Planificaci\u00f3n de recursos empresariales (ERP)<\/b>. <br >\u2013 Ampl\u00ede el alcance de su <b >canales de venta<\/b>.<\/p>\n<\/div>\n<\/div>\n<\/div>\n<\/div>\n<\/div>\n<\/div>\n<\/div><!-- \/wp:extendstudio\/materialis--><!-- wp:extendstudio\/materialis--><!-- \/wp:extendstudio\/materialis--><!-- wp:extendstudio\/materialis--><div  data-label=\"Testimonials\" data-id=\"testimonials--2\" data-export-id=\"testimonials-11-materialis\" data-category=\"testimonials\" class=\"testimonials-11m content-section content-section-spacing-xlarge\" id=\"testimonials-2\" style=\"background-color: #f5fafd; background-image: none;\">\n<div  class=\"gridContainer\">\n<div  class=\"row space-bottom-large\">\n<div  data-type=\"column\" class=\"section-title-col\">\n<h2  class=\"\">Historia de \u00e9xito de un usuario de Netsuite<\/h2>\n<\/div>\n<\/div>\n<div  class=\"row spaced-cols content-center-sm\" data-type=\"row\">\n<div  class=\"col-xs-12 col-sm-4 col-md-12\">\n<div  class=\"card mdc-elevation--z3\" data-type=\"column\"><img decoding=\"async\" src=\"https:\/\/www.insitusales.com\/wp-content\/uploads\/Poppi-logo.png\" class=\"round image-90 mdc-elevation--z3\" alt=\"\" title=\"\">\n<p  class=\"space-bottom-small\">El uso del portal de comercio electr\u00f3nico B2B inSitu Sales ha mejorado significativamente nuestro proceso de venta mayorista, haciendo que las ventas omnicanal sean m\u00e1s eficientes, transparentes y basadas en datos. <br ><br >Durante nuestros primeros 4 meses de uso, utilizamos las funciones de personalizaci\u00f3n y automatizaci\u00f3n para realizar <b >$15 millones en ventas<\/b>, mientras que los an\u00e1lisis avanzados tradujeron f\u00e1cilmente los pedidos en datos procesables. Ahora, confiamos en este software para manejar las actividades de ventas responsables de <b >80% de nuestros ingresos<\/b>.<\/p>\n<hr  class=\"\">\n<h6  class=\"no-margin-top no-margin-bottom font-700\">poppi<\/h6>\n<p  class=\"font-300\">Roger Frost<\/p>\n<\/div>\n<\/div>\n<\/div>\n<\/div>\n<\/div><!-- wp:extendstudio\/materialis--><!-- wp:extendstudio\/materialis--><div  data-label=\"Features\" data-id=\"features--3\" data-export-id=\"features-16\" data-category=\"features\" class=\"features-16 content-section content-section-spacing-large dark-text\" id=\"features-1\" style=\"background-color: #ffffff;\">\n<div  class=\"gridContainer\">\n<div  class=\"row text-center\">\n<div  class=\"section-title-col\" data-type=\"column\">\n<h2  class=\"\">Nuestras soluciones de aplicaciones m\u00f3viles<\/h2>\n<p  class=\"lead\">Cuando su empresa elige inSitu Sales, obtiene la flexibilidad de aplicar sus licencias a cualquiera de nuestras 3 aplicaciones m\u00f3viles indistintamente, personalizando su paquete de software para que se ajuste mejor a las necesidades de sus equipos.<\/p>\n<\/div>\n<\/div>\n<div  class=\"row spaced-cols\" data-type=\"row\">\n<div  class=\"col-xs-12 col-sm-6 col-md-4 space-bottom\"><a href=\"https:\/\/www.insitusales.com\/es\/soluciones\/aplicacion-de-ventas-de-campo\/\"><img fetchpriority=\"high\" decoding=\"async\" class=\"face mdc-elevation--z0 alignnone\" src=\"https:\/\/www.insitusales.com\/wp-content\/uploads\/field-sales-app-for-reps-2.png\" width=\"437\" height=\"291\" alt=\"\" title=\"\"><\/a>\n<div  data-type=\"column\" class=\"col-padding-small col-padding-small-xs description-container\">\n<h4  class=\"font-500\"><a href=\"https:\/\/www.insitusales.com\/es\/soluciones\/aplicacion-de-ventas-de-campo\/\">Aplicaci\u00f3n de ventas de campo para representantes<\/a><\/h4>\n<p  class=\"\">Plan <b >rutas DSD optimizadas<\/b>, crea a medida <b >Facturas m\u00f3viles con firmas<\/b>, <b >Tomar pedidos y presupuestos<\/b>, y proceso <b >pagos electronicos<\/b> En el campo. Viene con <b >seguimiento GPS en vivo<\/b>.<\/p>\n<a class=\"button null small color-black mdc-ripple-upgraded\" href=\"https:\/\/apps.apple.com\/us\/app\/insitu-sales-2-0-dsd-orders\/id1569398320\" target=\"_blank\" data-cp-link=\"1\" data-icon=\"mdi-apple\" rel=\"noopener\"><span  class=\"button-icon mdi mdi-apple\"><\/span>App store<\/a><a class=\"button small null color-black mdc-ripple-upgraded\" href=\"https:\/\/play.google.com\/store\/apps\/details?id=com.insitusales.flutter&amp;hl=en_US&amp;pli=1\" target=\"_blank\" data-cp-link=\"1\" data-icon=\"mdi-google-play\" rel=\"noopener\"><span  class=\"button-icon mdi mdi-google-play\"><\/span>Google Play <\/a><\/div>\n<\/div>\n<div  class=\"col-xs-12 col-sm-6 col-md-4 space-bottom\"><a href=\"https:\/\/www.insitusales.com\/es\/soluciones\/inventario-in-situ\/\"><img loading=\"lazy\" decoding=\"async\" class=\"face mdc-elevation--z0 alignnone\" src=\"https:\/\/www.insitusales.com\/wp-content\/uploads\/inventory-warehouse-app-for-pickers.png\" width=\"437\" height=\"291\" alt=\"\" title=\"\"><\/a>\n<div  data-type=\"column\" class=\"col-padding-small col-padding-small-xs description-container\">\n<h4  class=\"font-500\"><a href=\"https:\/\/www.insitusales.com\/es\/soluciones\/inventario-in-situ\/\">Inventario in situ para recolectores<\/a><\/h4>\n<p  class=\"\">Genera autom\u00e1ticamente <b >listas de selecci\u00f3n interactivas<\/b> de \u00f3rdenes para simplificar la <b >Cumplimiento de la orden<\/b> Proceso para su almac\u00e9n. Aseg\u00farese de que las cantidades sean precisas y realice un seguimiento del progreso de los pedidos que se preparan en tiempo real.<\/p>\n<a class=\"button small null color-black mdc-ripple-upgraded\" href=\"https:\/\/apps.apple.com\/us\/app\/insitu-inventory\/id1645894215\" target=\"_blank\" data-cp-link=\"1\" data-icon=\"mdi-apple\" rel=\"noopener\"><span  class=\"button-icon mdi mdi-apple\"><\/span>App store<\/a><a class=\"button small null color-black mdc-ripple-upgraded\" href=\"https:\/\/play.google.com\/store\/apps\/details?id=com.insitusales.inventory&amp;hl=en_US&amp;gl=US\" target=\"_blank\" data-cp-link=\"1\" data-icon=\"mdi-google-play\" rel=\"noopener\"><span  class=\"button-icon mdi mdi-google-play\"><\/span>Google Play <\/a><\/div>\n<\/div>\n<div  class=\"col-xs-12 col-sm-6 col-md-4 space-bottom\"><a href=\"https:\/\/www.insitusales.com\/es\/soluciones\/despacho-insitu\/\"><img loading=\"lazy\" decoding=\"async\" class=\"face mdc-elevation--z0 alignnone\" src=\"https:\/\/www.insitusales.com\/wp-content\/uploads\/dispatch-delivery-app-for-drivers.png\" width=\"437\" height=\"291\" alt=\"\" title=\"\"><\/a>\n<div  data-type=\"column\" class=\"col-padding-small col-padding-small-xs description-container\">\n<h4  class=\"font-500\"><a href=\"https:\/\/www.insitusales.com\/es\/soluciones\/despacho-insitu\/\">Despacho in situ para conductores<\/a><\/h4>\n<p  class=\"\">Crea una lista optimizada de <b >La entrega del env\u00edo se detiene<\/b> utilizando las facturas asignadas. Incluye una lista detallada de lo que se entrega en cada parada, seguimiento por GPS con marcas de tiempo y <b >comprobante de confirmaci\u00f3n de entrega<\/b>.<\/p>\n<a class=\"button small null color-black mdc-ripple-upgraded\" href=\"https:\/\/apps.apple.com\/us\/app\/dispatch-sales\/id1586569105?platform=ipad\" target=\"_self\" data-cp-link=\"1\" data-icon=\"mdi-apple\" rel=\"noopener\"><span  class=\"button-icon mdi mdi-apple\"><\/span>App store<\/a><a class=\"button small null color-black mdc-ripple-upgraded\" href=\"https:\/\/play.google.com\/store\/apps\/details?id=com.insitusales.dispatch&amp;hl=en_US&amp;gl=US\" target=\"_self\" data-cp-link=\"1\" data-icon=\"mdi-google-play\" rel=\"noopener\"><span  class=\"button-icon mdi mdi-google-play\"><\/span>Google Play <\/a><\/div>\n<\/div>\n<\/div>\n<\/div>\n<\/div><!-- \/wp:extendstudio\/materialis--><!-- wp:extendstudio\/materialis--><div  data-label=\"Content\" data-id=\"content--9\" data-export-id=\"content-7-materialis\" data-category=\"content\" class=\"content-7m content-section-spacing-large content-section dark-text\" id=\"content-9\" style=\"background-color: #f5fafd; background-image: none;\">\n<div  class=\"gridContainer\">\n<div  class=\"row middle-sm\">\n<div  class=\"col-md-6 col-xs-12 col-sm-6 col-padding-small-xs\"><img decoding=\"async\" class=\"img-rounded mdc-elevation--z0\" src=\"https:\/\/www.insitusales.com\/wp-content\/uploads\/netsuite-integration-sync-2.png\" alt=\"\" title=\"\"><\/div>\n<div  class=\"col-md-5 col-md-offset-1 col-xs-12 col-sm-6 content-left-sm col-padding-small-xs\" data-type=\"column\">\n<h6  class=\"upper\">La sincronizaci\u00f3n autom\u00e1tica actualiza los datos en tiempo real<\/h6>\n<h3  class=\"space-bottom\">Sincronizaci\u00f3n bidireccional para Netsuite<\/h3>\n<p  class=\"space-top\">Sincronice f\u00e1cilmente los datos de su ERP iniciando sesi\u00f3n en nuestro portal de administraci\u00f3n e ingresando su informaci\u00f3n en la secci\u00f3n Integraciones de nuestro conector. La mayor\u00eda de los datos se importar\u00e1n autom\u00e1ticamente desde Netsuite a inSitu Sales, lo que garantiza que solo necesitar\u00e1 realizar cambios en un solo lugar.<\/p>\n<\/div>\n<\/div>\n<\/div>\n<\/div><!-- \/wp:extendstudio\/materialis--><!-- wp:extendstudio\/materialis--><!-- \/wp:extendstudio\/materialis--><!-- wp:extendstudio\/materialis--><!-- \/wp:extendstudio\/materialis--><!-- wp:extendstudio\/materialis--><div  data-label=\"How To Set Up\" data-id=\"features--2\" data-export-id=\"features-16-materialis\" data-category=\"features\" class=\"features-16m content-section content-section-spacing-large\" id=\"how-to-set-up\" style=\"background-color: #f5fafd; background-image: none;\">\n<div  class=\"gridContainer\">\n<div  class=\"row\">\n<div  class=\"section-title-col\" data-type=\"column\">\n<h3  class=\"\">C\u00f3mo sincronizar tus datos&nbsp;<\/h3>\n<a class=\"button null color1 mdc-ripple-upgraded\" href=\"https:\/\/insitusales.zendesk.com\/hc\/en-us\/articles\/31846192768916-How-To-Sync-Your-NetSuite\" target=\"_blank\" data-cp-link=\"1\" data-icon=\"\" rel=\"noopener\">Tutorial completo en Zendesk<\/a><\/div>\n<\/div>\n<div  class=\"row top-xs space-top number-containers content-center-sm\" data-type=\"row\">\n<div  class=\"col-md-3 col-sm-6 col-xs-12 space-bottom space-top-xs\">\n<div  class=\"number-container space-bottom\" data-fixed=\"true\">\n<div  class=\"link-line left\"><\/div>\n<p  class=\"border-color1-small number\">1<\/p>\n<div  class=\"link-line right\"><\/div>\n<\/div>\n<div  class=\"content-box\" data-type=\"column\">\n<h5  class=\"\">Reg\u00edstrate para una prueba gratuita<\/h5>\n<p  class=\"\"><a href=\"https:\/\/app.insitusales.com\/inSituSignUp\/register\" target=\"_blank\" rel=\"noopener\" class=\"\">Crea tu cuenta gratis<\/a>o <a href=\"https:\/\/app.insitusales.com\" target=\"_blank\" rel=\"noopener\" class=\"\">iniciar sesi\u00f3n<\/a> a su cuenta existente.&nbsp;&nbsp;<\/p>\n<\/div>\n<\/div>\n<div  class=\"col-md-3 col-sm-6 col-xs-12 space-bottom space-top-xs\">\n<div  class=\"number-container space-bottom\" data-fixed=\"true\">\n<div  class=\"link-line left\"><\/div>\n<p  class=\"border-color1-small number\">2<\/p>\n<div  class=\"link-line right\"><\/div>\n<\/div>\n<div  class=\"content-box\" data-type=\"column\">\n<h5  class=\"\">Seleccione Oracle\u00ae NetSuite<\/h5>\n<p  class=\"\">Desde el men\u00fa de la izquierda, vaya a <span  style=\"font-style: italic;\">Integraciones<\/span>, y luego elige <span  style=\"font-style: italic;\">Oracle\u00ae Netsuite&nbsp;<\/span>desde las opciones desplegables.<\/p>\n<\/div>\n<\/div>\n<div  class=\"col-md-3 col-sm-6 col-xs-12 space-bottom space-top-xs\">\n<div  class=\"number-container space-bottom\" data-fixed=\"true\">\n<div  class=\"link-line left\"><\/div>\n<p  class=\"border-color1-small number\">3<\/p>\n<div  class=\"link-line right\"><\/div>\n<\/div>\n<div  class=\"content-box\" data-type=\"column\">\n<h5  class=\"\">Ingrese la informaci\u00f3n de su cuenta<\/h5>\n<p  class=\"\">Comience a completar sus credenciales para <span  style=\"font-style: italic;\">ID de cuenta<\/span>, <span  style=\"font-style: italic;\">URL de la empresa<\/span>, <span  style=\"font-style: italic;\">Clave del consumidor<\/span> Y <span  style=\"font-style: italic;\">Secreto<\/span>y la <span  style=\"font-style: italic;\">Identificaci\u00f3n del token<\/span> Y <span  style=\"font-style: italic;\">Secreto<\/span>.&nbsp;<\/p>\n<a class=\"button null small color1 mdc-ripple-upgraded\" href=\"https:\/\/insitusales.zendesk.com\/hc\/en-us\/articles\/32682694280852-NetSuite-Documentation\" target=\"_blank\" data-cp-link=\"1\" data-icon=\"\" rel=\"noopener\">Documentaci\u00f3n de NetSuite<\/a><\/div>\n<\/div>\n<div  class=\"col-md-3 col-sm-6 col-xs-12 space-bottom space-top-xs\">\n<div  class=\"number-container space-bottom\" data-fixed=\"true\">\n<div  class=\"link-line left\"><\/div>\n<p  class=\"border-color1-small number\">4<\/p>\n<div  class=\"link-line right\"><\/div>\n<\/div>\n<div  class=\"content-box\" data-type=\"column\">\n<h5  class=\"\">Confirmar su sincronizaci\u00f3n<\/h5>\n<p  class=\"\">Haga clic en Sincronizar ahora y luego observe c\u00f3mo los valores de datos de Netsuite cambian de &quot;Sincronizando&quot; a &quot;Exitoso&quot;.&nbsp;<\/p>\n<\/div>\n<\/div>\n<\/div>\n<\/div>\n<\/div><!-- \/wp:extendstudio\/materialis--><!-- wp:extendstudio\/materialis--><!-- wp:extendstudio\/materialis--><!-- \/wp:extendstudio\/materialis--><!-- \/wp:extendstudio\/materialis--><!-- wp:extendstudio\/materialis--><!-- \/wp:extendstudio\/materialis--><!-- wp:extendstudio\/materialis--><div  data-label=\"Content\" data-id=\"content--4\" data-export-id=\"content-14-materialis\" data-category=\"content\" class=\"content-14m content-section-spacing-large content-section dark-text\" id=\"content-4\" style=\"background-color: #ffffff; background-image: none;\">\n<div  class=\"gridContainer\">\n<div  class=\"row middle-xs space-bottom-large\">\n<div  class=\"col-md-5 col-xs-12 col-sm-6 content-left-sm space-bottom-xs-large\" data-type=\"column\">\n<h2  class=\"\">Integraci\u00f3n de ventas de campo de Netsuite para representantes<\/h2>\n<p  class=\"\">Nuestra conveniente integraci\u00f3n con Netsuite le permite gestionar sus operaciones de ventas de campo en un \u00fanico panel intuitivo. Establezca controles de nivel granular para representantes, productos, precios y m\u00e1s para personalizar sus interacciones de ventas.<\/p>\n<a class=\"button big null color7 mdc-ripple-upgraded\" href=\"https:\/\/www.insitusales.com\/es\/soluciones\/aplicacion-de-ventas-de-campo\/\" target=\"_self\" data-cp-link=\"1\" data-icon=\"\" rel=\"noopener\">P\u00e1gina de ventas de campo <\/a><\/div>\n<div  class=\"col-md-6 col-md-offset-1 col-xs-12 col-sm-6\"><img decoding=\"async\" class=\"mdc-elevation--z0\" src=\"https:\/\/www.insitusales.com\/wp-content\/uploads\/xero-sales-rep-integration.png\" alt=\"\" title=\"\"><\/div>\n<\/div>\n<div  class=\"row middle-xs top-sm spaced-cols content-left-sm\" data-type=\"row\">\n<div  class=\"col-md-3 col-sm-6 col-xs-12 border-top-color1 padding-first-el\" data-type=\"column\">\n<h5  class=\"\">Toma de pedidos m\u00f3viles<\/h5>\n<p  class=\"\">Tome pedidos m\u00f3viles c\u00f3modamente en el campo utilizando listas de productos y precios, adem\u00e1s de datos de inventario en vivo sincronizados desde Netsuite.<\/p>\n<\/div>\n<div  class=\"col-md-3 col-sm-6 col-xs-12 border-top-color2 padding-first-el\" data-type=\"column\">\n<h5  class=\"\">Contabilidad de ruta DSD<\/h5>\n<p  class=\"\">Elimine los errores manuales de la log\u00edstica y cree o programe rutas de ventas optimizadas para los representantes con seguimiento GPS en vivo.<\/p>\n<\/div>\n<div  class=\"col-md-3 col-sm-6 col-xs-12 border-top-color4 padding-first-el\" data-type=\"column\">\n<h5  class=\"\">Realizar transacciones<\/h5>\n<p  class=\"\">Utilice los datos de Netsuite para crear facturas m\u00f3viles personalizadas que se puedan imprimir o enviar por correo electr\u00f3nico en formato PDF. Las impresoras compatibles incluyen Bixolon y Zebra.<\/p>\n<\/div>\n<div  class=\"col-md-3 col-sm-6 col-xs-12 border-top-color5 padding-first-el\" data-type=\"column\">\n<h5  class=\"\">Procesamiento de pagos m\u00f3viles<\/h5>\n<p  class=\"\">Con un <b >Raya<\/b> o <b >Autorizar.Net<\/b> Cuenta, permite que tus representantes de ventas externos acepten pagos con tarjeta de cr\u00e9dito en cualquier lugar. Las facturas pendientes se pueden pagar en el momento y en cualquier momento.<\/p>\n<\/div>\n<\/div>\n<div  class=\"row row-last\">\n<div  class=\"col-xs-12\" data-type=\"column\"><\/div>\n<\/div>\n<\/div>\n<\/div><!-- \/wp:extendstudio\/materialis--><!-- wp:extendstudio\/materialis--><div  data-label=\"Content\" data-id=\"content--3\" data-export-id=\"content-14-1-materialis\" data-category=\"content\" class=\"content-14-1m content-section-spacing-large content-section dark-text\" id=\"content-3\" style=\"background-color: #f5fafd; background-image: none;\">\n<div  class=\"gridContainer\">\n<div  class=\"row middle-xs space-bottom-large\">\n<div  class=\"col-md-6 col-xs-12 col-sm-6\"><img decoding=\"async\" class=\"mdc-elevation--z0\" src=\"https:\/\/www.insitusales.com\/wp-content\/uploads\/Odoo-ecommerce.png\" alt=\"\" title=\"\"><\/div>\n<div  class=\"col-md-5 col-md-offset-1 col-xs-12 col-sm-6 content-left-sm space-bottom-xs-large\" data-type=\"column\">\n<h2  class=\"\">Integre su comercio electr\u00f3nico B2B con Netsuite&nbsp;<\/h2>\n<p  class=\"\">Sincronice la informaci\u00f3n de Netsuite para crear un portal de comercio electr\u00f3nico B2B \u00fanico y totalmente personalizable, dise\u00f1ado para transacciones r\u00e1pidas y sencillas a trav\u00e9s de pasarelas de pago integradas.<\/p>\n<a class=\"button null big color1 mdc-ripple-upgraded\" href=\"https:\/\/www.insitusales.com\/es\/soluciones\/comercio-electronico-b2b\/\" target=\"_self\" data-cp-link=\"1\" data-icon=\"\" rel=\"noopener\">P\u00e1gina de comercio electr\u00f3nico B2B<\/a><\/div>\n<\/div>\n<div  class=\"row middle-xs top-sm spaced-cols content-left-sm\" data-type=\"row\">\n<div  class=\"col-md-3 col-sm-6 col-xs-12 border-top-color1 padding-first-el\" data-type=\"column\">\n<h5  class=\"\">Cat\u00e1logo de productos digitales interactivos y din\u00e1micos<\/h5>\n<p  class=\"\">Administre un cat\u00e1logo de productos digitales que cambia para adaptarse a sus clientes seg\u00fan sea necesario. Asigne diferentes versiones de su cat\u00e1logo a los clientes para obtener una ventaja sobre las tendencias de ventas del mercado y los nichos de la industria con necesidades espec\u00edficas, o haga coincidir mejor los enfoques de productos con los intereses de compra geogr\u00e1ficos.<\/p>\n<\/div>\n<div  class=\"col-md-3 col-sm-6 col-xs-12 border-top-color2 padding-first-el\" data-type=\"column\">\n<h5  class=\"\">Descuentos por segmento, precios y productos<\/h5>\n<p  class=\"\">Utilice las reglas de la lista de precios para ofrecer incentivos de compra \u00fanicos que solo sean visibles para los clientes seleccionados. Configure la automatizaci\u00f3n para ofrecer promociones de descuento para recompensar a un cliente cuando las ventas alcancen un umbral establecido, o cree distintos niveles de clientes con descuentos establecidos.<\/p>\n<\/div>\n<div  class=\"col-md-3 col-sm-6 col-xs-12 border-top-color4 padding-first-el\" data-type=\"column\">\n<h5  class=\"\">Acepta pagos digitales o vende con cr\u00e9dito<\/h5>\n<p  class=\"\">Las pasarelas de pago integradas permiten transacciones seguras y convenientes con Stripe y Authorize.net. Los usuarios tambi\u00e9n pueden permitir que los clientes compren a cr\u00e9dito para futuras facturas.<\/p>\n<\/div>\n<div  class=\"col-md-3 col-sm-6 col-xs-12 border-top-color5 padding-first-el\" data-type=\"column\">\n<h5  class=\"\">Cree una aplicaci\u00f3n de marca blanca para los clientes<\/h5>\n<p  class=\"\">Permita que los clientes descarguen su portal de comercio electr\u00f3nico B2B directamente como una aplicaci\u00f3n personalizada desde Google Play Store o App Store. Habilite las notificaciones por SMS y el escaneo de c\u00f3digos de barras para generar ventas recurrentes.<\/p>\n<\/div>\n<\/div>\n<div  class=\"row row-last\">\n<div  class=\"col-xs-12\" data-type=\"column\"><\/div>\n<\/div>\n<\/div>\n<\/div><!-- \/wp:extendstudio\/materialis-->","protected":false},"excerpt":{"rendered":"<p>netsuite sales solutions Oracle\u00ae Netsuite Integration For Distributors inSitu Sales agiliza sus operaciones conectando las ventas sobre el terreno, la gesti\u00f3n de almacenes y los conductores de reparto con una integraci\u00f3n ERP de NetSuite dise\u00f1ada para distribuidores mayoristas. Experimente un proceso de ventas m\u00e1s fluido, un procesamiento de pedidos y pagos m\u00e1s r\u00e1pido y un equipo m\u00e1s organizado en m\u00faltiples canales. DEMO GRATUITA DE 14 D\u00cdAS DE PRUEBA Qui\u00e9n usa ...<\/p>","protected":false},"author":8,"featured_media":0,"parent":7904,"menu_order":0,"comment_status":"closed","ping_status":"closed","template":"pro\/page-templates\/page-with-small-header.php","meta":{"footnotes":""},"class_list":["post-13957","page","type-page","status-publish","hentry"],"_links":{"self":[{"href":"https:\/\/www.insitusales.com\/es\/wp-json\/wp\/v2\/pages\/13957","targetHints":{"allow":["GET"]}}],"collection":[{"href":"https:\/\/www.insitusales.com\/es\/wp-json\/wp\/v2\/pages"}],"about":[{"href":"https:\/\/www.insitusales.com\/es\/wp-json\/wp\/v2\/types\/page"}],"author":[{"embeddable":true,"href":"https:\/\/www.insitusales.com\/es\/wp-json\/wp\/v2\/users\/8"}],"replies":[{"embeddable":true,"href":"https:\/\/www.insitusales.com\/es\/wp-json\/wp\/v2\/comments?post=13957"}],"version-history":[{"count":11,"href":"https:\/\/www.insitusales.com\/es\/wp-json\/wp\/v2\/pages\/13957\/revisions"}],"predecessor-version":[{"id":15067,"href":"https:\/\/www.insitusales.com\/es\/wp-json\/wp\/v2\/pages\/13957\/revisions\/15067"}],"up":[{"embeddable":true,"href":"https:\/\/www.insitusales.com\/es\/wp-json\/wp\/v2\/pages\/7904"}],"wp:attachment":[{"href":"https:\/\/www.insitusales.com\/es\/wp-json\/wp\/v2\/media?parent=13957"}],"curies":[{"name":"gracias","href":"https:\/\/api.w.org\/{rel}","templated":true}]}}