{"id":13867,"date":"2024-04-29T19:12:52","date_gmt":"2024-04-29T19:12:52","guid":{"rendered":"https:\/\/www.insitusales.com\/?page_id=13867"},"modified":"2026-04-22T18:10:59","modified_gmt":"2026-04-22T18:10:59","slug":"precio-anual","status":"publish","type":"page","link":"https:\/\/www.insitusales.com\/es\/precio-anual\/","title":{"rendered":"Precios"},"content":{"rendered":"<!-- wp:extendstudio\/materialis--><!-- \/wp:extendstudio\/materialis-->\r\n\r\n<!-- wp:extendstudio\/materialis--><!-- \/wp:extendstudio\/materialis-->\r\n\r\n<!-- wp:extendstudio\/materialis--><!-- \/wp:extendstudio\/materialis--><!-- \/wp:extendstudio\/materialis-->\r\n\r\n<!-- wp:extendstudio\/materialis--><!-- \/wp:extendstudio\/materialis-->\r\n\r\n<!-- wp:extendstudio\/materialis-->\r\n<div data-label=\"Pricing\" data-id=\"pricing--2\" data-export-id=\"pricing-9-materialis\" data-category=\"pricing\" data-featured-class=\"pricing-featured\" class=\"pricing-9-materialis content-section content-section-spacing-large section-title-col-dark-text\" id=\"pricing-2\" style=\"background-color: #f5fafd;\">\r\n<div class=\"\">\r\n<div class=\"row\">\r\n<div data-type=\"column\" class=\"section-title-col\">\r\n<h2 class=\"\">Elija su plan de precios<\/h2>\r\n<p class=\"lead\"><span style=\"font-weight: 400;\">Prueba gratuita de 14 d\u00edas. No se requiere tarjeta de cr\u00e9dito.<\/span><\/p>\r\n<a class=\"button null mdc-ripple-upgraded big no-shadow color1 outline\" href=\"https:\/\/www.insitusales.com\/es\/precios\/\" target=\"_self\" data-cp-link=\"1\" data-icon=\"mdi-currency-usd\" rel=\"noopener\">Mensual <\/a><a class=\"button null big color1 mdc-ripple-upgraded\" href=\"#\" target=\"_self\" data-cp-link=\"1\" data-icon=\"\" rel=\"noopener\">Anual<\/a><\/div>\r\n<\/div>\r\n<div class=\"row middle-sm spaced-cols center-sm\" data-type=\"row\" data-max-items=\"4\">\r\n<div class=\"col-xs-12 col-sm-4 text-center padding-top30 col-md-3\">\r\n<div data-default=\"no-class mdc-elevation--z5\" data-featured=\"border-color1 mdc-elevation--z10\" class=\"card mdc-elevation--z5\">\r\n<div data-default=\"no-class\" data-featured=\"padding-top\" data-type=\"column\" class=\"padding-top margin-top-bottom\">\r\n<h3 class=\"font-300\"><b>ARRANQUE B2B<br \/>COMERCIO ELECTR\u00d3NICO<\/b><\/h3>\r\n<h6 data-default=\"h3\" data-featured=\"h2\" class=\"font-300 h3\">$2,160\/a\u00f1o<\/h6>\r\n<div class=\"\">\r\n<ul class=\"unstyled checked-ul decoration-color1 text-left display-inline-block\">\r\n<li>Comercio electr\u00f3nico B2B y portal de clientes<\/li>\r\n<li>Portal administrativo<\/li>\r\n<li>Anal\u00edtica<\/li>\r\n<li>Integraciones: QuickBooks Online &amp; Desktop, Xero, Fishbowl y otros\u2026<\/li>\r\n<li>Soporte ilimitado<\/li>\r\n<li>Procesamiento de tarjeta de cr\u00e9dito 3.9% + 30 \u00a2<\/li>\r\n<\/ul>\r\n<\/div>\r\n<p class=\"\"><\/p>\r\n<a data-default=\"color-black\" data-featured=\"color1\" class=\"button mdc-ripple-upgraded null big color-black\" href=\"https:\/\/app.insitusales.com\/inSituSignUp\/register\" target=\"_self\" data-cp-link=\"1\" data-icon=\"\" rel=\"noopener\">Reg\u00edstrate ahora <\/a><\/div>\r\n<\/div>\r\n<\/div>\r\n<div class=\"col-xs-12 col-sm-4 text-center padding-top30 col-md-3\">\r\n<div data-default=\"no-class mdc-elevation--z5\" data-featured=\"border-color1 mdc-elevation--z10\" class=\"card mdc-elevation--z5\">\r\n<div data-default=\"no-class\" data-featured=\"padding-top\" data-type=\"column\" class=\"padding-top margin-top-bottom\">\r\n<h3 class=\"font-300\"><b>APLICACI\u00d3N DE INICIO<\/b><\/h3>\r\n<h6 data-default=\"h3\" data-featured=\"h2\" class=\"font-300 h3\">$2,160\/a\u00f1o<\/h6>\r\n<div class=\"\">\r\n<ul class=\"unstyled checked-ul decoration-color1 text-left display-inline-block\">\r\n<li>Aplicaci\u00f3n para representantes de ventas sobre el terreno<\/li>\r\n<li>Usuarios web ilimitados<\/li>\r\n<li>Todas las caracter\u00edsticas incluidas<\/li>\r\n<li>Anal\u00edtica<\/li>\r\n<li>Integraciones: QuickBooks Online y Desktop, Odoo, Epicor, Xero, Fishbowl y Shipstation<\/li>\r\n<li>Soporte ilimitado<\/li>\r\n<li>Procesamiento de tarjeta de cr\u00e9dito 3.9% + 30 \u00a2<\/li>\r\n<\/ul>\r\n<\/div>\r\n<h5 class=\"\">3 usuarios de la aplicaci\u00f3n incluidos.<br \/><br \/>Usuario de aplicaci\u00f3n adicional $399\/a\u00f1o<\/h5>\r\n<a data-default=\"color-black\" data-featured=\"color1\" class=\"button mdc-ripple-upgraded null big color-black\" href=\"https:\/\/app.insitusales.com\/inSituSignUp\/register\" target=\"_self\" data-cp-link=\"1\" data-icon=\"\" rel=\"noopener\">Reg\u00edstrate ahora <\/a><\/div>\r\n<\/div>\r\n<\/div>\r\n<div class=\"col-xs-12 col-sm-4 text-center padding-top30 pricing-featured col-md-3\">\r\n<div data-default=\"no-class mdc-elevation--z5\" data-featured=\"border-color1 mdc-elevation--z10\" class=\"card mdc-elevation--z10 border-color1\"><i class=\"mdi icon icon-position mdc-elevation--z5 mdi-star reverse round big color1\" data-default=\"color2\" data-featured=\"color1\"><\/i>\r\n<div data-default=\"no-class\" data-featured=\"padding-top\" data-type=\"column\" class=\"padding-top margin-top-bottom\">\r\n<h3 class=\"font-300\"><b>PRO<\/b><\/h3>\r\n<h6 data-default=\"h3\" data-featured=\"h2\" class=\"font-300 h2\">$3,554\/a\u00f1o<\/h6>\r\n<div class=\"\">\r\n<ul class=\"unstyled checked-ul decoration-color1 text-left display-inline-block\">\r\n<li>Todas las funciones de los planes iniciales +<\/li>\r\n<li>Sitio web de comercio electr\u00f3nico B2B y portal de clientes<\/li>\r\n<\/ul>\r\n<\/div>\r\n<h5 class=\"\"><br \/><br \/><br \/><br \/><br \/><br \/><br \/><br \/><br \/><br \/>Usuario de aplicaci\u00f3n adicional $399\/a\u00f1o<\/h5>\r\n<p class=\"\"><\/p>\r\n<a data-default=\"color-black\" data-featured=\"color1\" class=\"button mdc-ripple-upgraded null big color1\" href=\"https:\/\/app.insitusales.com\/inSituSignUp\/register\" target=\"_self\" data-cp-link=\"1\" data-icon=\"\" rel=\"noopener\">Reg\u00edstrate ahora <\/a><\/div>\r\n<\/div>\r\n<\/div>\r\n<div class=\"col-xs-12 col-sm-4 text-center padding-top30 col-md-3\">\r\n<div data-default=\"no-class mdc-elevation--z5\" data-featured=\"border-color1 mdc-elevation--z10\" class=\"card mdc-elevation--z5\">\r\n<div data-default=\"no-class\" data-featured=\"padding-top\" data-type=\"column\" class=\"padding-top margin-top-bottom\">\r\n<h3 class=\"font-300\"><b>EMPRESA<\/b><\/h3>\r\n<h6 data-default=\"h3\" data-featured=\"h2\" class=\"font-300 h3\">$4,634\/a\u00f1o<\/h6>\r\n<div class=\"\">\r\n<ul class=\"unstyled checked-ul decoration-color1 text-left display-inline-block\">\r\n<li>Acceso a las 3 aplicaciones (Rep, Picker, Dispatch)<\/li>\r\n<li>Todas las funciones en Pro+<\/li>\r\n<li>Aplicaci\u00f3n de comercio electr\u00f3nico B2B de marca blanca en Google Play y Apple Appstore<\/li>\r\n<li>Desbloquee descuentos por volumen para licencias<\/li>\r\n<li>Integraciones: Netsuite, SAP B1<\/li>\r\n<\/ul>\r\n<\/div>\r\n<h5 class=\"\"><br \/><br \/><br \/><br \/><br \/><br \/><br \/><br \/><br \/><br \/><br \/><br \/><br \/>Usuario de aplicaci\u00f3n adicional $399\/a\u00f1o<\/h5>\r\n<p class=\"\"><\/p>\r\n<a data-default=\"color-black\" data-featured=\"color1\" class=\"button mdc-ripple-upgraded null big color-black\" href=\"https:\/\/app.insitusales.com\/inSituSignUp\/register\" target=\"_self\" data-cp-link=\"1\" data-icon=\"\" rel=\"noopener\">Reg\u00edstrate ahora <\/a><\/div>\r\n<\/div>\r\n<\/div>\r\n<\/div>\r\n<\/div>\r\n<\/div>\r\n<!-- wp:extendstudio\/materialis--><!-- \/wp:extendstudio\/materialis-->\r\n\r\n<!-- wp:extendstudio\/materialis-->\r\n<div data-label=\"Features\" data-id=\"features--1\" data-export-id=\"features-15-materialis\" data-category=\"features\" class=\"features-15m content-section content-section-spacing-large dark-text\" id=\"features-1\" style=\"background-color: #ffffff;\">\r\n<div class=\"gridContainer\">\r\n<div class=\"row\">\r\n<div class=\"section-title-col\" data-type=\"column\">\r\n<h2 class=\"\">Preguntas frecuentes<\/h2>\r\n<p class=\"\">Aunque com\u00fanmente recibimos preguntas como estas, nos complace repasar sus solicitudes espec\u00edficas y responder cualquier pregunta que pueda tener. Nuestro equipo de soporte est\u00e1 siempre a solo un clic o una llamada de distancia.<\/p>\r\n<\/div>\r\n<\/div>\r\n<div class=\"row top-xs space-top-small\" data-type=\"row\">\r\n<div class=\"col-padding col-padding-small-xs col-md-4 col-sm-6 col-xs-12\" data-type=\"column\"><i class=\"mdi icon mdi-checkbox-multiple-marked-circle-outline bordered round big color1\"><\/i>\r\n<h4 class=\"\">Precios sencillos y justos<\/h4>\r\n<p class=\"\">Sin tarifas ocultas, complementos, tarifas de implementaci\u00f3n o trampas. El precio que ve es el precio que paga, por lo que puede estar seguro de los gastos de su negocio.<\/p>\r\n<\/div>\r\n<div class=\"col-padding col-padding-small-xs col-md-4 col-sm-6 col-xs-12\" data-type=\"column\"><i class=\"mdi icon mdi-account-key bordered round big color1\"><\/i>\r\n<h4 class=\"\">C\u00f3mo funcionan los precios<\/h4>\r\n<p class=\"\">Cada una de nuestras aplicaciones m\u00f3viles comienza con 3 usuarios incluidos, con costos adicionales por usuario. El comercio electr\u00f3nico B2B tiene un costo mensual fijo que cubre todo (excepto la aplicaci\u00f3n de marca blanca).<br \/>\u00a0<\/p>\r\n<\/div>\r\n<div class=\"col-padding col-padding-small-xs col-md-4 col-sm-6 col-xs-12\" data-type=\"column\"><i class=\"mdi icon mdi-atom bordered round big color1\"><\/i>\r\n<h4 class=\"\">Funciona de forma simultanea en todos sus dispositivos<\/h4>\r\n<p class=\"\">La mayor\u00eda de las funciones est\u00e1n disponibles tanto en iOS como en Android. Las diferencias son menores, pero nuestro equipo puede discutir los detalles de su configuraci\u00f3n.<\/p>\r\n<\/div>\r\n<div class=\"col-padding col-padding-small-xs col-md-4 col-sm-6 col-xs-12\" data-type=\"column\"><i class=\"mdi icon mdi-human-greeting bordered round big color1\"><\/i>\r\n<h4 class=\"\">Soporte incluido<\/h4>\r\n<p class=\"\">Sin contratos de soporte adicionales, garant\u00edas o paquetes complementarios. El soporte viene de serie.<\/p>\r\n<\/div>\r\n<div class=\"col-padding col-padding-small-xs col-md-4 col-sm-6 col-xs-12\" data-type=\"column\"><i class=\"mdi icon mdi-heart-pulse bordered round big color1\"><\/i>\r\n<h4 class=\"\">99% Tiempo de actividad<\/h4>\r\n<p class=\"\">Nuestro backend vive en la nube, por lo que puede contar con inSitu Sales disponible cuando lo necesite.<\/p>\r\n<\/div>\r\n<div class=\"col-padding col-padding-small-xs col-md-4 col-sm-6 col-xs-12\" data-type=\"column\"><i class=\"mdi icon mdi-passport bordered round big color1\"><\/i>\r\n<h4 class=\"\">Funciona internacionalmente<\/h4>\r\n<p class=\"\">inSitu Sales trabaja a trav\u00e9s de fronteras para equipos globales. Se admite una moneda por organizaci\u00f3n.<\/p>\r\n<\/div>\r\n<div class=\"col-padding col-padding-small-xs col-md-4 col-sm-6 col-xs-12\" data-type=\"column\"><i class=\"mdi icon mdi-calendar-multiple-check bordered round big color1\"><\/i>\r\n<h4 class=\"\">No se necesita compromiso anual<\/h4>\r\n<p class=\"\">Creemos que la flexibilidad es importante. Si bien ofrecemos un descuento por elegir suscribirse anualmente, no hay un compromiso m\u00ednimo al comprar mensualmente.<\/p>\r\n<\/div>\r\n<div class=\"col-padding col-padding-small-xs col-md-4 col-sm-6 col-xs-12\" data-type=\"column\"><i class=\"mdi icon mdi-map-marker-plus bordered round big color1\"><\/i>\r\n<h4 class=\"\">Clientes y clientes potenciales ilimitados<\/h4>\r\n<p class=\"\">No hay l\u00edmite en la cantidad de clientes potenciales y pines de mapa en su cuenta. \u00a1Su plataforma inSitu Sales puede crecer tan r\u00e1pido como su negocio!<\/p>\r\n<\/div>\r\n<div class=\"col-padding col-padding-small-xs col-md-4 col-sm-6 col-xs-12\" data-type=\"column\"><i class=\"mdi icon mdi-thumb-up bordered round big color1\"><\/i>\r\n<h4 class=\"\">Orientaci\u00f3n incluida<\/h4>\r\n<p class=\"\">\u00bfNecesitas ayuda para empezar? Tenemos gu\u00edas detalladas y tutoriales disponibles para muchas funciones de la plataforma. Adem\u00e1s, el soporte ilimitado es est\u00e1ndar: nuestro equipo est\u00e1 a solo un clic o una llamada de distancia.<\/p>\r\n<\/div>\r\n<\/div>\r\n<\/div>\r\n<\/div>\r\n<!-- \/wp:extendstudio\/materialis-->\r\n\r\n<!-- wp:extendstudio\/materialis-->\r\n<div data-label=\"Content\" data-id=\"content--1\" data-export-id=\"content-5-materialis\" data-category=\"content\" class=\"content-5m content-section-spacing-large content-section dark-text\" id=\"content-1\" style=\"background-color: #f5fafd;\">\r\n<div class=\"gridContainer\">\r\n<div class=\"row\">\r\n<div class=\"col-xs-12 col-sm-8 col-sm-offset-2 space-bottom text-center col-padding-small-xs\" data-type=\"column\"><\/div>\r\n<div class=\"col-xs-12 text-center large\" data-type=\"column\">\r\n<h2 class=\"space-bottom\">Servicios de conserjer\u00eda<\/h2>\r\n<p class=\"lead\">Para obtener asistencia adicional para configurar r\u00e1pidamente el software inSitu Sales para que lo use su equipo (adem\u00e1s de la incorporaci\u00f3n est\u00e1ndar), ofrecemos un servicio de conserjer\u00eda con una tarifa \u00fanica a partir de $500. Nuestros especialistas migrar\u00e1n personalmente cualquier dato esencial y garantizar\u00e1n la funcionalidad adecuada para maximizar su potencial.\u00a0<\/p>\r\n<a class=\"button mdc-ripple-upgraded big mdc-elevation--z3 color1\" href=\"https:\/\/calendly.com\/insitu-sales\/concierge-services\" target=\"_blank\" data-cp-link=\"1\" data-icon=\"\" rel=\"noopener\">Reservar ahora<\/a><\/div>\r\n<\/div>\r\n<\/div>\r\n<\/div>\r\n<!-- \/wp:extendstudio\/materialis-->","protected":false},"excerpt":{"rendered":"<p>Elige tu plan de precios Prueba gratuita de 14 d\u00edas. No se requiere tarjeta de cr\u00e9dito. Mensual Anual STARTER B2BECOMMERCE $2.160\/a\u00f1o eCommerce B2B y portal de clientes Sitio web de administraci\u00f3n Anal\u00edticas Integraciones: QuickBooks Online y Desktop, Xero, Fishbowl y otras\u2026 Soporte ilimitado Procesamiento de tarjetas de cr\u00e9dito 3.9% + 30\u00a2 Reg\u00edstrate ahora STARTER APP $2.160\/a\u00f1o Aplicaci\u00f3n de representante de ventas de campo Usuarios web ilimitados Todo\u2026<\/p>","protected":false},"author":8,"featured_media":9075,"parent":0,"menu_order":0,"comment_status":"closed","ping_status":"closed","template":"pro\/page-templates\/page-with-small-header.php","meta":{"footnotes":""},"class_list":["post-13867","page","type-page","status-publish","has-post-thumbnail","hentry"],"_links":{"self":[{"href":"https:\/\/www.insitusales.com\/es\/wp-json\/wp\/v2\/pages\/13867","targetHints":{"allow":["GET"]}}],"collection":[{"href":"https:\/\/www.insitusales.com\/es\/wp-json\/wp\/v2\/pages"}],"about":[{"href":"https:\/\/www.insitusales.com\/es\/wp-json\/wp\/v2\/types\/page"}],"author":[{"embeddable":true,"href":"https:\/\/www.insitusales.com\/es\/wp-json\/wp\/v2\/users\/8"}],"replies":[{"embeddable":true,"href":"https:\/\/www.insitusales.com\/es\/wp-json\/wp\/v2\/comments?post=13867"}],"version-history":[{"count":10,"href":"https:\/\/www.insitusales.com\/es\/wp-json\/wp\/v2\/pages\/13867\/revisions"}],"predecessor-version":[{"id":15257,"href":"https:\/\/www.insitusales.com\/es\/wp-json\/wp\/v2\/pages\/13867\/revisions\/15257"}],"wp:featuredmedia":[{"embeddable":true,"href":"https:\/\/www.insitusales.com\/es\/wp-json\/wp\/v2\/media\/9075"}],"wp:attachment":[{"href":"https:\/\/www.insitusales.com\/es\/wp-json\/wp\/v2\/media?parent=13867"}],"curies":[{"name":"gracias","href":"https:\/\/api.w.org\/{rel}","templated":true}]}}