{"id":13424,"date":"2023-11-15T23:46:30","date_gmt":"2023-11-15T23:46:30","guid":{"rendered":"https:\/\/www.insitusales.com\/?page_id=13424"},"modified":"2026-03-17T19:14:38","modified_gmt":"2026-03-17T19:14:38","slug":"software-dsd-2","status":"publish","type":"page","link":"https:\/\/www.insitusales.com\/es\/soluciones\/aplicacion-de-ventas-de-campo\/software-dsd-2\/","title":{"rendered":"Aplicaci\u00f3n DSD"},"content":{"rendered":"<!-- wp:extendstudio\/materialis--><!-- \/wp:extendstudio\/materialis--><!-- \/wp:extendstudio\/materialis-->\r\n\r\n<!-- wp:extendstudio\/materialis-->\r\n<div data-label=\"DSD Header\" data-id=\"content--4\" data-export-id=\"content-8-materialis\" data-category=\"content\" class=\"content-8m content-section-spacing-large content-section\" id=\"dsd-header\" style=\"background-color: #ffffff; background-image: none;\">\r\n<div class=\"gridContainer\">\r\n<div class=\"row middle-sm\">\r\n<div class=\"col-md-5 col-xs-12 col-sm-6 space-bottom-xs\" data-type=\"column\">\r\n<h6 class=\"upper\" data-page-optimizer-editable=\"true\">SOFTWARE DE ENTREGA DIRECTA EN TIENDA (AUTOVENTA)<\/h6>\r\n<h1 class=\"\" data-page-optimizer-editable=\"true\">Software DSD para optimizar la distribuci\u00f3n<\/h1>\r\n<p class=\"space-top\" data-page-optimizer-editable=\"true\">Nuestro software dsd elimina errores manuales en log\u00edstica y <b>construye rutas de ventas optimizadas<\/b> para representantes de distribuidores.<br \/>\u00a0 <br \/>\u2013<strong>METRO<\/strong><b>Facturaci\u00f3n m\u00f3vil con impresi\u00f3n bluetooth<\/b> <br \/>\u2013<b>Actualizaciones de inventario en vivo <br \/><\/b>\u2013<b>Seguimiento de los representantes de ventas con GPS en vivo<\/b>\u00a0<\/p>\r\n<a class=\"button null mdc-ripple-upgraded big color1\" href=\"https:\/\/app.insitusales.com\/inSituSignUp\/register\" target=\"_blank\" data-cp-link=\"1\" data-icon=\"\" rel=\"noopener\" style=\"--mdc-ripple-fg-size: 110.1px; --mdc-ripple-fg-scale: 1.7966310498438163; --mdc-ripple-fg-translate-start: 10.512500000000003px, -28.159374999999997px; --mdc-ripple-fg-translate-end: 36.7px, -35.05px;\">PRUEBA GRATUITA DE 14 D\u00cdAS<\/a><a class=\"button null mdc-ripple-upgraded big color2\" href=\"https:\/\/calendly.com\/insitu-sales\/demo-tour-of-insitu-sales\" target=\"_blank\" data-cp-link=\"1\" data-icon=\"\" rel=\"noopener\">AGENDAR DEMO<\/a><\/div>\r\n<div class=\"col-md-6 col-md-offset-1 col-xs-12 col-sm-6\"><img decoding=\"async\" class=\"mdc-elevation--z9 rounded\" src=\"https:\/\/www.insitusales.com\/wp-content\/uploads\/dsd-for-distributors-4.webp\" alt=\"\" title=\"\" data-page-optimizer-editable=\"true\"><\/div>\r\n<\/div>\r\n<\/div>\r\n<\/div>\r\n<!-- \/wp:extendstudio\/materialis-->\r\n\r\n<!-- wp:extendstudio\/materialis-->\r\n\r\n<!-- wp:extendstudio\/materialis--><!-- \/wp:extendstudio\/materialis--><!-- \/wp:extendstudio\/materialis-->\r\n\r\n<!-- wp:extendstudio\/materialis-->\r\n<div data-label=\"Testimonials\" data-id=\"testimonials--1\" data-export-id=\"testimonials-7-materialis\" data-category=\"testimonials\" class=\"testimonials-7m content-section content-section-spacing-xlarge dark-text\" id=\"testimonials-1\" style=\"background-color: #ffffff; background-image: none;\">\r\n<div class=\"gridContainer\">\r\n<div class=\"row space-bottom\">\r\n<div class=\"section-title-col\" data-type=\"column\">\r\n<h2 class=\"\">Miles de distribuidores conf\u00edan en nosotros<\/h2>\r\n<\/div>\r\n<\/div>\r\n<div class=\"row spaced-cols content-left-sm\" data-type=\"row\" data-max-items=\"4\">\r\n<div class=\"col-xs-12 col-sm-6\">\r\n<div class=\"row\">\r\n<div class=\"col-xs-12 col-sm-4 col-md-3 left-content\" data-fixed=\"true\"><img decoding=\"async\" src=\"https:\/\/www.insitusales.com\/wp-content\/uploads\/alvarium.png\" class=\"round mdc-elevation--z3\" alt=\"\" title=\"\"> <i class=\"mdi mdi-format-quote-close icon color1\"><\/i><\/div>\r\n<div class=\"col-xs-12 col-sm-8 col-md-9 no-padding-left\" data-type=\"column\">\r\n<h6 class=\"no-margin-bottom font-700\">Cherokee Robbins<\/h6>\r\n<p class=\"font-300\">Cerveza Alvarium Co.<\/p>\r\n<p class=\"\">Antes de comenzar con Insitu Sales, utiliz\u00e1bamos aproximadamente 3 plataformas diferentes para realizar una transacci\u00f3n para nuestro equipo de ventas. inSitu Sales nos ha ayudado a aumentar la eficiencia de nuestro equipo de ventas y el flujo de trabajo diario al tener todo lo que necesitamos en un solo lugar.<\/p>\r\n<\/div>\r\n<\/div>\r\n<\/div>\r\n<div class=\"col-xs-12 col-sm-6\">\r\n<div class=\"row\">\r\n<div class=\"col-xs-12 col-sm-4 col-md-3 left-content\" data-fixed=\"true\"><img decoding=\"async\" src=\"https:\/\/www.insitusales.com\/wp-content\/uploads\/Illusione-Cigar.png\" class=\"round mdc-elevation--z3\" alt=\"\" title=\"\"> <i class=\"mdi mdi-format-quote-close icon color1\"><\/i><\/div>\r\n<div class=\"col-xs-12 col-sm-8 col-md-9 no-padding-left\" data-type=\"column\">\r\n<h6 class=\"no-margin-bottom font-700\">Howard Lenox<\/h6>\r\n<p class=\"font-300\">Cigarros Illusione<\/p>\r\n<p class=\"\">Las ventas in situ me permiten centrarme en prioridades de mayor nivel y saber que el \u00e1rea de cumplimiento recibe los pedidos sin problemas. Mis representantes de campo pueden ingresar sus pedidos a cualquier hora con la confianza de que la oficina tendr\u00e1 ese pedido listo para su cumplimiento dentro del siguiente d\u00eda h\u00e1bil.<\/p>\r\n<\/div>\r\n<\/div>\r\n<\/div>\r\n<\/div>\r\n<\/div>\r\n<\/div>\r\n<!-- \/wp:extendstudio\/materialis--><!-- Start of insitusales Zendesk Widget script -->\r\n\r\n<!-- wp:extendstudio\/materialis-->\r\n<div data-label=\"Content\" data-id=\"content--7\" data-export-id=\"content-6\" data-category=\"content\" class=\"content-6 content-section content-section-spacing-large dark-text\" id=\"content-2\" style=\"background-color: #ffffff; background-image: none;\">\r\n<div class=\"gridContainer\">\r\n<div class=\"row text-center\">\r\n<div class=\"section-title-col\" data-type=\"column\">\r\n<h2 class=\"\" data-page-optimizer-editable=\"true\">Ventas de DSD con software escalable<\/h2>\r\n<p class=\"lead\" data-page-optimizer-editable=\"true\">Elimine la entrada manual de datos y los errores humanos importando productos y clientes desde ERP populares como QuickBooks\u00ae Online, QuickBooks\u00ae Desktop, Netsuite Oracle, SAP B1 y m\u00e1s.<\/p>\r\n<\/div>\r\n<\/div>\r\n<div class=\"row middle-sm\">\r\n<div class=\"col-xs-12 col-sm-6\">\r\n<div class=\"row\">\r\n<div class=\"col-xs-12 space-bottom\" data-type=\"column\">\r\n<h3 class=\"color1\" data-page-optimizer-editable=\"true\">Caracter\u00edsticas Fundamentales en Entregas Directas<\/h3>\r\n<p class=\"\" data-page-optimizer-editable=\"true\">Nuestro sistema est\u00e1 dise\u00f1ado para mejorar las m\u00e9tricas clave de su equipo de ventas y, al mismo tiempo, minimizar la p\u00e9rdida de ingresos por gastos generales desperdiciados y productos fuera de lugar. facturaci\u00f3n inexacta y horas de trabajo desperdiciadas.<\/p>\r\n<\/div>\r\n<div class=\"col-xs-12\" data-type=\"row\" data-max-items=\"4\">\r\n<div class=\"row space-bottom\">\r\n<div class=\"col-xs-12 col-md-fit\" data-fixed=\"true\"><i class=\"mdi icon mdi-cloud-print normal-shape small color1\" data-page-optimizer-editable=\"true\"><\/i><\/div>\r\n<div class=\"col-xs-12 col-md\" data-type=\"column\">\r\n<h5 class=\"color1\" data-page-optimizer-editable=\"true\">Facturaci\u00f3n m\u00f3vil con impresi\u00f3n<\/h5>\r\n<p class=\"\" data-page-optimizer-editable=\"true\">Establecer plantillas que se puedan utilizar en el campo para <b>imprimir facturas m\u00f3viles<\/b> en impresoras bluetooth como <b>Cebra <\/b>o <b>Bixolon<\/b>y la <b>recoger firmas electr\u00f3nicas<\/b>.<\/p>\r\n<\/div>\r\n<\/div>\r\n<div class=\"row space-bottom\">\r\n<div class=\"col-xs-12 col-md-fit\" data-fixed=\"true\"><i class=\"mdi icon mdi-google-maps normal-shape small color1\" data-page-optimizer-editable=\"true\"><\/i><\/div>\r\n<div class=\"col-xs-12 col-md\" data-type=\"column\">\r\n<h5 class=\"color1\" data-page-optimizer-editable=\"true\">Gesti\u00f3n de rutas optimizada<\/h5>\r\n<p class=\"\" data-page-optimizer-editable=\"true\">Asignar <b>rutas de venta optimizadas<\/b> por autom\u00e1ticamente <b>geocodificar las direcciones de los clientes<\/b> para mejorar el tiempo entre paradas y reducir el kilometraje.<\/p>\r\n<\/div>\r\n<\/div>\r\n<div class=\"row space-bottom\">\r\n<div class=\"col-xs-12 col-md-fit\" data-fixed=\"true\"><i class=\"mdi icon mdi-map-marker-radius normal-shape small color1\" data-page-optimizer-editable=\"true\"><\/i><\/div>\r\n<div class=\"col-xs-12 col-md\" data-type=\"column\">\r\n<h5 class=\"color1\" data-page-optimizer-editable=\"true\">Seguimiento GPS en vivo en tiempo real<\/h5>\r\n<p class=\"\" data-page-optimizer-editable=\"true\"><b>GPS en vivo rastrea a los representantes de ventas<\/b> a lo largo de rutas que marcan los puntos de inicio y finalizaci\u00f3n con marca de tiempo, el tiempo transcurrido en cada ruta y la \u00faltima ubicaci\u00f3n conocida.<\/p>\r\n<\/div>\r\n<\/div>\r\n<div class=\"row space-bottom\">\r\n<div class=\"col-xs-12 col-md-fit\" data-fixed=\"true\"><i class=\"mdi icon mdi-cash-usd normal-shape small color1\" data-page-optimizer-editable=\"true\"><\/i><\/div>\r\n<div class=\"col-xs-12 col-md\" data-type=\"column\">\r\n<h5 class=\"color1\" data-page-optimizer-editable=\"true\">Procesamiento de pagos m\u00f3viles<\/h5>\r\n<p class=\"\" data-page-optimizer-editable=\"true\">Integrar con <b>Raya <\/b>o <b>Authorize.net<\/b> y tambi\u00e9n con <b>recibir pagos parciales o totales<\/b> en efectivo, cheque o procesando tarjetas de cr\u00e9dito con tarjeta magn\u00e9tica\/entrada por llave.<\/p>\r\n<\/div>\r\n<\/div>\r\n<\/div>\r\n<\/div>\r\n<\/div>\r\n<div class=\"col-xs-12 col-sm-6 flexbox around-xs top-xs\">\r\n<div class=\"overlay-box middle-xs center-xs flexbox box-image\">\r\n<div class=\"overlay-box-offset border-color1 hide-xs border-radius-8 offset-background mdc-elevation--z0\"><\/div>\r\n<img decoding=\"async\" class=\"rounded mdc-elevation--z0\" src=\"https:\/\/www.insitusales.com\/wp-content\/uploads\/DSD-App-with-invoicing-3.webp\" alt=\"\" title=\"\" data-page-optimizer-editable=\"true\"><\/div>\r\n<\/div>\r\n<\/div>\r\n<\/div>\r\n<\/div>\r\n<!-- wp:extendstudio\/materialis-->\r\n\r\n<!-- wp:extendstudio\/materialis-->\r\n<div data-label=\"Content\" data-id=\"content--8\" data-export-id=\"content-7-materialis\" data-category=\"content\" class=\"content-7m content-section-spacing-large content-section dark-text\" id=\"content-3\" style=\"background-color: #f5fafd; background-image: none;\">\r\n<div class=\"gridContainer\">\r\n<div class=\"row middle-sm\">\r\n<div class=\"col-md-6 col-xs-12 col-sm-6 col-padding-small-xs\"><img decoding=\"async\" class=\"img-rounded mdc-elevation--z0\" src=\"https:\/\/www.insitusales.com\/wp-content\/uploads\/load-trucks-dsd.png\" alt=\"\" title=\"\"><\/div>\r\n<div class=\"col-md-5 col-md-offset-1 col-xs-12 col-sm-6 content-left-sm col-padding-small-xs\" data-type=\"column\">\r\n<h6 class=\"upper\">reabastecer el inventario disponible en furgonetas o camiones desde los almacenes<\/h6>\r\n<h3 class=\"space-bottom\">Cargar camiones con inventario para DSD - <b>\u00a1NUEVO!<\/b><\/h3>\r\n<p class=\"space-top\">Nuestra nueva funci\u00f3n dise\u00f1ada espec\u00edficamente para <b>carga de camiones<\/b> y tambi\u00e9n con <b>Gesti\u00f3n de inventario DSD<\/b>Permitir que los representantes y conductores produzcan listas del inventario necesario para reabastecer desde un almac\u00e9n elegido, lo que permite una gesti\u00f3n eficiente de la cantidad de existencias desde el campo.\u00a0<\/p>\r\n<\/div>\r\n<\/div>\r\n<\/div>\r\n<\/div>\r\n<!-- \/wp:extendstudio\/materialis-->\r\n\r\n\r\n<div data-label=\"Content\" data-id=\"content--9\" data-export-id=\"content-8-materialis\" data-category=\"content\" class=\"content-8m content-section-spacing-large content-section dark-text\" id=\"content-4\" style=\"background-color: #ffffff; background-image: none;\">\r\n<div class=\"gridContainer\">\r\n<div class=\"row middle-sm\">\r\n<div class=\"col-md-5 col-xs-12 col-sm-6 space-bottom-xs\" data-type=\"column\">\r\n<h6 class=\"upper\">Dispositivos compatibles con nuestra aplicaci\u00f3n dsd<\/h6>\r\n<h3 class=\"\">Con\u00e9ctese a impresoras m\u00f3viles y lectores de c\u00f3digos de barras\u00a0<\/h3>\r\n<p class=\"space-top\">inSitu Sales admite conexiones de las mejores marcas para facilitar a\u00fan m\u00e1s el trabajo de sus representantes de ventas. <b>Impresoras m\u00f3viles<\/b> de <b>Cebra<\/b>, <b>Bixolon<\/b>y la <b>Woosim <\/b>le permite imprimir r\u00e1pidamente facturas copiadas en plantillas, mientras <b>lectores de c\u00f3digos de barras<\/b> de <b>Cebra,<\/b>\u00a0<b>Socket Mobile <\/b>y tambi\u00e9n con <b>Honeywell,\u00a0\u00a0<\/b>Crear accesos directos para la b\u00fasqueda de productos. <br \/><br \/>Cuando llega el momento de procesar los pagos, los representantes pueden leer las tarjetas usando <b>pago con un solo toque<\/b>, luego recopile de forma segura desde <b>Raya <\/b>o <b>Authorize.net<\/b>.<\/p>\r\n<\/div>\r\n<div class=\"col-md-6 col-md-offset-1 col-xs-12 col-sm-6\"><img decoding=\"async\" class=\"rounded mdc-elevation--z0\" src=\"https:\/\/www.insitusales.com\/wp-content\/uploads\/Supported-Devices-For-inSitu-sales-dsd.png\" alt=\"\" title=\"\"><\/div>\r\n<\/div>\r\n<\/div>\r\n<\/div>\r\n<!-- \/wp:extendstudio\/materialis--><!-- \/wp:extendstudio\/materialis-->\r\n\r\n<!-- wp:extendstudio\/materialis--><!-- \/wp:extendstudio\/materialis-->\r\n\r\n<!-- wp:extendstudio\/materialis-->\r\n<div data-label=\"Cta\" data-id=\"cta--1\" data-export-id=\"cta-5-materialis\" data-category=\"cta\" class=\"cta-5m content-section content-section-spacing-large bg-color-white dark-text\" id=\"cta-1\" style=\"background-image: none; background-color: #f5fafd;\">\r\n<div class=\"gridContainer\">\r\n<div class=\"grid-custom\">\r\n<div class=\"row text-left middle-xs text-center content-left-sm\">\r\n<div class=\"col-md-7 col-sm-6 col-xs-12 negative-margins\"><img decoding=\"async\" src=\"https:\/\/www.insitusales.com\/wp-content\/uploads\/download-field-sales-app-1.webp\" alt=\"\" title=\"\" data-page-optimizer-editable=\"true\"><\/div>\r\n<div class=\"col-md-5 col-sm-6 col-xs-12 box-padding-tb-medium\" data-type=\"column\">\r\n<h2 class=\"\" data-page-optimizer-editable=\"true\">\u00a1Descargue nuestra nueva versi\u00f3n 2.0!<\/h2>\r\n<p class=\"\" data-page-optimizer-editable=\"true\">\u00a0\u2013 Disfrute de las mejoras realizadas tanto en UX como en UI <br \/>\u00a0\u2013 Nuevas opciones de filtrado para productos y clientes.\u00a0 <br \/>\u00a0\u2013 Sincroniza datos de forma rutinaria cada 30 segundos de forma autom\u00e1tica<br \/>\u00a0\u2013 Opciones de entrada y salida para representantes <br \/>\u00a0\u2013 Nuevo m\u00f3dulo de formularios para levantamientos.\u00a0 \u00a0<br \/><b>\u00a0\u2013 Seguimiento a\u00fan m\u00e1s fuerte que nunca<\/b><br \/>\u2026\u00a1y mucho m\u00e1s!<\/p>\r\n<a class=\"button null mdc-ripple-upgraded color-black square\" href=\"https:\/\/apps.apple.com\/us\/app\/insitu-sales-2-0\/id1569398320\" target=\"_blank\" data-cp-link=\"1\" data-icon=\"mdi-apple\" rel=\"noopener\" style=\"--mdc-ripple-fg-size: 118.115625px; --mdc-ripple-fg-scale: 1.7741923726640567; --mdc-ripple-fg-translate-start: 31.082812500000003px, -26.745312499999997px; --mdc-ripple-fg-translate-end: 39.371875px, -42.6984375px;\"><span class=\"button-icon mdi mdi-apple\"><\/span>App store <\/a><a class=\"button null mdc-ripple-upgraded color-black square\" href=\"https:\/\/play.google.com\/store\/apps\/details?id=com.insitusales.flutter&amp;hl=en&amp;gl=US\" target=\"_blank\" data-cp-link=\"1\" data-icon=\"mdi-google-play\" rel=\"noopener\"><span class=\"button-icon mdi mdi-google-play\"><\/span>Google Play <\/a><\/div>\r\n<\/div>\r\n<\/div>\r\n<\/div>\r\n<\/div>\r\n<!-- \/wp:extendstudio\/materialis-->\r\n\r\n<!-- wp:extendstudio\/materialis-->\r\n\r\n<!-- wp:extendstudio\/materialis--><!-- \/wp:extendstudio\/materialis-->\r\n\r\n<!-- wp:extendstudio\/materialis--><!-- \/wp:extendstudio\/materialis--><!-- \/wp:extendstudio\/materialis-->\r\n<p style=\"background-image: none; background-size: cover; background-position: center top; background-color: rgba(255, 255, 255, 0);\" data-page-optimizer-editable=\"true\"><!--Embed from Zendesk Chat Chat WordPress Plugin v1.4.18--><\/p>\r\n<!-- wp:extendstudio\/materialis-->","protected":false},"excerpt":{"rendered":"<p>SOFTWARE DE ENTREGA DIRECTA EN TIENDA (DSD) Software DSD para Optimizar la Distribuci\u00f3n Nuestro software DSD elimina los errores manuales en la log\u00edstica y crea rutas de ventas optimizadas para los representantes de los distribuidores. \u2013 Facturaci\u00f3n m\u00f3vil con impresi\u00f3n por bluetooth \u2013 Actualizaciones de inventario en tiempo real \u2013 Seguimiento de representantes de ventas con GPS en tiempo real PRUEBA GRATUITA DE 14 D\u00cdAS RESERVAR DEMOSTRACI\u00d3N Con la confianza de miles de distribuidores Cherokee Robbins Alvarium Beer Co \u2026<\/p>","protected":false},"author":8,"featured_media":8438,"parent":7168,"menu_order":0,"comment_status":"closed","ping_status":"closed","template":"pro\/page-templates\/page-with-small-header.php","meta":{"footnotes":""},"class_list":["post-13424","page","type-page","status-publish","has-post-thumbnail","hentry"],"_links":{"self":[{"href":"https:\/\/www.insitusales.com\/es\/wp-json\/wp\/v2\/pages\/13424","targetHints":{"allow":["GET"]}}],"collection":[{"href":"https:\/\/www.insitusales.com\/es\/wp-json\/wp\/v2\/pages"}],"about":[{"href":"https:\/\/www.insitusales.com\/es\/wp-json\/wp\/v2\/types\/page"}],"author":[{"embeddable":true,"href":"https:\/\/www.insitusales.com\/es\/wp-json\/wp\/v2\/users\/8"}],"replies":[{"embeddable":true,"href":"https:\/\/www.insitusales.com\/es\/wp-json\/wp\/v2\/comments?post=13424"}],"version-history":[{"count":10,"href":"https:\/\/www.insitusales.com\/es\/wp-json\/wp\/v2\/pages\/13424\/revisions"}],"predecessor-version":[{"id":15189,"href":"https:\/\/www.insitusales.com\/es\/wp-json\/wp\/v2\/pages\/13424\/revisions\/15189"}],"up":[{"embeddable":true,"href":"https:\/\/www.insitusales.com\/es\/wp-json\/wp\/v2\/pages\/7168"}],"wp:featuredmedia":[{"embeddable":true,"href":"https:\/\/www.insitusales.com\/es\/wp-json\/wp\/v2\/media\/8438"}],"wp:attachment":[{"href":"https:\/\/www.insitusales.com\/es\/wp-json\/wp\/v2\/media?parent=13424"}],"curies":[{"name":"gracias","href":"https:\/\/api.w.org\/{rel}","templated":true}]}}