{"id":13206,"date":"2023-10-25T20:35:41","date_gmt":"2023-10-25T20:35:41","guid":{"rendered":"https:\/\/www.insitusales.com\/?page_id=13206"},"modified":"2023-12-20T15:19:50","modified_gmt":"2023-12-20T15:19:50","slug":"siigo","status":"publish","type":"page","link":"https:\/\/www.insitusales.com\/es\/siigo\/","title":{"rendered":"Aplicaci\u00f3n para fuerza de ventas integrada con Siigo"},"content":{"rendered":"<!-- wp:extendstudio\/materialis--><!-- \/wp:extendstudio\/materialis--><!-- \/wp:extendstudio\/materialis--><!-- Start of insitusales Zendesk Widget script --><!-- wp:extendstudio\/materialis--><div  data-label=\"partnership\" data-id=\"clients--5\" data-export-id=\"clients-4\" data-category=\"clients\" class=\"clients-4 content-section content-section-spacing-large dark-text\" id=\"partnership\" style=\"background-color: #f5fafd; background-image: none;\">\n<div >\n<div  data-type=\"row\" class=\"row spaced-cols middle-xs center-xs\">\n\n\n\n<div  class=\"col-xs-6 col-sm-2 col-md-4\"><img decoding=\"async\" class=\"custom-image\" src=\"https:\/\/www.insitusales.com\/wp-content\/uploads\/inSituSales_logo_vertical_transparentBg250.png\" alt=\"\" title=\"\"><\/div><div  class=\"col-xs-6 col-sm-2 col-md-4\"><h1  class=\"\"><span  style=\"color: rgb(34, 138, 230); font-weight: 500;\">La mejor alianza para su empresa.<\/span><\/h1><\/div><div  class=\"col-xs-6 col-sm-2 col-md-4\"><img decoding=\"async\" class=\"custom-image\" src=\"https:\/\/www.insitusales.com\/wp-content\/uploads\/image009-1.png\" alt=\"\" title=\"\"><\/div><\/div>\n<\/div>\n<\/div><!-- \/wp:extendstudio\/materialis--><!-- wp:extendstudio\/materialis--><div  data-label=\"Cta\" data-id=\"cta--1\" data-export-id=\"cta-5-materialis\" data-category=\"cta\" class=\"cta-5m content-section content-section-spacing-large bg-color-white content-relative\" id=\"cta-1\"><div  class=\"gridContainer\"> <div  class=\"grid-custom\"><div  class=\"row text-left middle-xs text-center content-left-sm\"> <div  class=\"col-md-7 col-sm-6 col-xs-12 negative-margins\"> <img decoding=\"async\" src=\"https:\/\/www.insitusales.com\/wp-content\/uploads\/insitusiigo-2.png\" alt=\"\" title=\"\"><\/div> <div  class=\"col-md-5 col-sm-6 col-xs-12 box-padding-tb-medium\" data-type=\"column\"><h4  class=\"\"><span  style=\"font-weight: 700;\">20%<\/span> <span  style=\"font-weight: 500;\">descuento<\/span> en el primer mes exclusivo para clientes <span  style=\"font-weight: 700;\">SIIGO<\/span><\/h4><h2  class=\"\">Soluci\u00f3n todo en uno para ventas de campo, entrega directa en tienda y comercio electr\u00f3nico B2B<\/h2> <p  class=\"\">\u2013 Operaciones optimizadas y rentabilidad.<br >\n\u2013 Experiencia del cliente mejorada<br >\n\u2013 Datos y an\u00e1lisis en tiempo real<\/p> <p  class=\"\"><\/p><h6  class=\"\">Para m\u00e1s informaci\u00f3n, registre datos y un asesor nuestro lo contactar\u00e1<\/h6><a class=\"button null mdc-ripple-upgraded big color1\" href=\"https:\/\/mailchi.mp\/d5d6c01a095f\/9jciatbrty\" target=\"lightbox\" data-cp-link=\"1\" data-icon=\"\" rel=\"noopener\">REG\u00cdSTRESE AQU\u00cd<\/a><\/div> <\/div><\/div> <\/div><\/div><!-- End of insitusales Zendesk Widget script --><!-- wp:extendstudio\/materialis--><!-- \/wp:extendstudio\/materialis--><!-- wp:extendstudio\/materialis--><!-- \/wp:extendstudio\/materialis--><!-- wp:extendstudio\/materialis--><!-- \/wp:extendstudio\/materialis--><!-- wp:extendstudio\/materialis--><!-- \/wp:extendstudio\/materialis--><!-- wp:extendstudio\/materialis--><!-- \/wp:extendstudio\/materialis--><!-- wp:extendstudio\/materialis--><!-- wp:extendstudio\/materialis--><!-- \/wp:extendstudio\/materialis--><!-- wp:extendstudio\/materialis--><!-- \/wp:extendstudio\/materialis--><!-- wp:extendstudio\/materialis--><!-- wp:extendstudio\/materialis--><!-- \/wp:extendstudio\/materialis--><!-- wp:extendstudio\/materialis--><!-- \/wp:extendstudio\/materialis--><!-- \/wp:extendstudio\/materialis--><!-- wp:extendstudio\/materialis--><!-- wp:extendstudio\/materialis--><div  data-label=\"Features\" data-id=\"features--2\" data-export-id=\"features-3-materialis\" data-category=\"features\" class=\"features-3m content-section content-section-spacing-large\" id=\"features-2\" style=\"background-color: rgb(255, 255, 255);\"><div  class=\"gridContainer\"> <div  class=\"row middle-xs cols-separator-between content-left-sm\" data-type=\"row\"><div  class=\"col-sm-6 col-xs-12 col-padding-small space-bottom-xs col-md-3\" data-type=\"column\"> <div  class=\"content-upper space-bottom\"> <\/div> <p  class=\"\">Automatizar el trabajo de campo y tener la informaci\u00f3n integrada a Siigo potencializa su productividad, calidad y cumplimiento.<\/p><\/div> <div  class=\"col-sm-6 col-xs-12 col-padding-small space-bottom-xs col-md-3\" data-type=\"column\"><div  class=\"content-upper space-bottom\">  <\/div> <p  class=\"\">Controle la ubicaci\u00f3n y el registro de la gesti\u00f3n de sus vendedores en tiempo real.<\/p><\/div>  <div  class=\"col-sm-6 col-xs-12 col-padding-small space-bottom-xs col-md-3\" data-type=\"column\"><div  class=\"content-upper space-bottom\">  <\/div> <p  class=\"\">Incrementa tus ventas con pagos m\u00f3viles y facturaci\u00f3n online en Siigo.<\/p><\/div> <div  class=\"col-sm-6 col-xs-12 col-padding-small space-bottom-xs col-md-3\" data-type=\"column\"> <div  class=\"content-upper space-bottom\"> <\/div> <p  class=\"\">Automatizar el trabajo de campo y tener la informaci\u00f3n integrada a Siigo potencializa su productividad, calidad y cumplimiento.<\/p><\/div><\/div><\/div> <\/div><!-- wp:extendstudio\/materialis--><div  data-label=\"Pre sales\" data-id=\"content--6\" data-export-id=\"content-6-2\" data-category=\"content\" class=\"content-6-2 content-section content-section-spacing-large dark-text\" id=\"pre-sales\" style=\"background-color: rgb(245, 250, 253); background-image: none;\"><div  class=\"gridContainer\"> <div  class=\"row text-center\"><div  class=\"section-title-col\" data-type=\"column\"> <h2  class=\"\">Preventa<\/h2> <p  class=\"lead\">Coordine a los representantes de ventas de campo con la confianza de que los administradores siempre pueden monitorear el progreso y asignar cambios para cada paso del proceso de ventas.<\/p><\/div> <\/div> <div  class=\"row middle-sm\"> <div  class=\"col-xs-12 col-sm-6 flexbox around-xs top-xs\"> <div  class=\"overlay-box flexbox middle-xs center-xs overlay-holder\"> <div  class=\"overlay-box-offset border-color1 hide-xs border-radius-8 offset-background mdc-elevation--z0\"><\/div> <img decoding=\"async\" class=\"flexbox img1 rounded mdc-elevation--z0\" src=\"https:\/\/www.insitusales.com\/wp-content\/uploads\/presale-app-for-reps-1.webp\" alt=\"\" title=\"\"><\/div> <\/div> <div  class=\"col-xs-12 col-sm-6 space-top-xs reverted-class\"> <div  class=\"row\"> <div  class=\"col-xs-12 space-bottom\" data-type=\"column\"> <h3  class=\"color1\">Preventas optimizadas y sin errores<\/h3> <p  class=\"\">Cotizaciones, Pedidos, Facturas, Devoluciones, Cartera, Recaudo, Prospecci\u00f3n, Cat\u00e1logo de Productos, Inventarios, Rutas, Encuestas, Novedades de Visita, Georreferenciaci\u00f3n de Cliente y otras funcionalidades m\u00e1s para registrar toda la gesti\u00f3n comercial.<\/p><\/div> <div  class=\"col-xs-12\" data-type=\"row\" data-max-items=\"4\"><div  class=\"row space-bottom\"> <div  class=\"col-xs-12 col-sm-12 col-md-fit\" data-fixed=\"true\"><i  class=\"mdi icon mdi-barcode-scan normal-shape small color1\"><\/i><\/div> <div  class=\"col-xs-12 col-sm-12 col-md\" data-type=\"column\"><h5  class=\"color1\">Escaneo de c\u00f3digos de barras del producto<\/h5> <p  class=\"\">Escanee c\u00f3digos de barras para completar listas de selecci\u00f3n de almac\u00e9n o para buscar r\u00e1pidamente productos en su cat\u00e1logo.<\/p><\/div> <\/div> <div  class=\"row space-bottom\"> <div  class=\"col-xs-12 col-sm-12 col-md-fit\" data-fixed=\"true\"><i  class=\"mdi icon mdi-package-variant-closed normal-shape small color1\"><\/i><\/div> <div  class=\"col-xs-12 col-sm-12 col-md\" data-type=\"column\"><h5  class=\"color1\">Sincronizaci\u00f3n de seguimiento de inventario<\/h5> <p  class=\"\">Vea actualizaciones en vivo del inventario en cualquier momento, tanto en el almac\u00e9n como con los conductores en las entregas.&nbsp;<\/p><\/div> <\/div> <div  class=\"row space-bottom\"> <div  class=\"col-xs-12 col-sm-12 col-md-fit\" data-fixed=\"true\"> <i  class=\"mdi icon mdi-credit-card-plus normal-shape small color1\"><\/i><\/div> <div  class=\"col-xs-12 col-sm-12 col-md\" data-type=\"column\"><h5  class=\"color1\">Procesamiento de pagos m\u00f3viles<\/h5> <p  class=\"\">Haga que los representantes cobren el pago total o parcial en efectivo, tarjetas de cr\u00e9dito o cheque.&nbsp;<\/p><\/div> <\/div><\/div> <\/div><\/div> <\/div><\/div> <\/div><!-- \/wp:extendstudio\/materialis--><!-- \/wp:extendstudio\/materialis--><!-- wp:extendstudio\/materialis--><div  data-label=\"DSD\" data-id=\"content--5\" data-export-id=\"content-6\" data-category=\"content\" class=\"content-6 content-section content-section-spacing-large dark-text\" id=\"dsd\" style=\"background-color: rgb(255, 255, 255); background-image: none;\" data-section-ov=\"1\"><div  class=\"gridContainer\"> <div  class=\"row text-center\"><div  class=\"section-title-col\" data-type=\"column\"> <h2  class=\"\">Autoventa<\/h2> <p  class=\"lead\">Miles de peque\u00f1os y medianos distribuidores conf\u00edan en nuestro software de contabilidad de rutas DSD como la soluci\u00f3n para minimizar los costos en el campo a trav\u00e9s de rutas optimizadas y procesamiento de pagos flexible.<\/p><\/div> <\/div> <div  class=\"row middle-sm\"> <div  class=\"col-xs-12 col-sm-6\"> <div  class=\"row\"> <div  class=\"col-xs-12 space-bottom\" data-type=\"column\"> <h3  class=\"color1\">Contabilidad de rutas optimizada para mayores ganancias<\/h3> <p  class=\"\">Permite facturas m\u00f3viles, rastrear el historial de facturas por cliente, aceptar pagos parciales o totales y utilizar fotograf\u00edas seguras o confirmaciones con firma electr\u00f3nica.<\/p><\/div> <div  class=\"col-xs-12\" data-type=\"row\" data-max-items=\"4\"><div  class=\"row space-bottom\"> <div  class=\"col-xs-12 col-md-fit\" data-fixed=\"true\"><i  class=\"mdi icon mdi-printer normal-shape small color1\"><\/i><\/div> <div  class=\"col-xs-12 col-md\" data-type=\"column\"><h5  class=\"color1\">Impresi\u00f3n m\u00f3vil de facturas<\/h5> <p  class=\"\">Establezca plantillas que se puedan utilizar en el campo para imprimir facturas m\u00f3viles en impresoras bluetooth como Zebra o Bixolon.<\/p><\/div> <\/div> <div  class=\"row space-bottom\"> <div  class=\"col-xs-12 col-md-fit\" data-fixed=\"true\"> <i  class=\"mdi icon mdi-map-marker-radius normal-shape small color1\"><\/i><\/div> <div  class=\"col-xs-12 col-md\" data-type=\"column\"><h5  class=\"color1\">Seguimiento de representantes de ventas por GPS en vivo<\/h5> <p  class=\"\">Con acceso granular, los administradores pueden rastrear a cualquier representante de ventas en el campo con GPS en vivo.<\/p><\/div> <\/div><div  class=\"row space-bottom\"> <div  class=\"col-xs-12 col-md-fit\" data-fixed=\"true\"> <i  class=\"mdi icon mdi-clipboard-check normal-shape small color1\"><\/i><\/div> <div  class=\"col-xs-12 col-md\" data-type=\"column\"><h5  class=\"color1\">Comprobante de entrega y recogida de firma<\/h5> <p  class=\"\">Reciba comprobantes de entrega de facturas junto con fotograf\u00edas o captura de firma electr\u00f3nica, que est\u00e1n respaldadas en su historial de facturas.<\/p><\/div> <\/div> <\/div> <\/div><\/div> <div  class=\"col-xs-12 col-sm-6 flexbox around-xs top-xs\"><div  class=\"overlay-box middle-xs center-xs flexbox box-image\"> <div  class=\"overlay-box-offset border-color1 hide-xs border-radius-8 mdc-elevation--z0 offset-background\"><\/div> <img decoding=\"async\" class=\"rounded mdc-elevation--z0\" src=\"https:\/\/www.insitusales.com\/wp-content\/uploads\/dsd-app-for-reps-7.webp\" alt=\"\" title=\"\"><\/div> <\/div><\/div> <\/div><\/div><!-- \/wp:extendstudio\/materialis--><!-- wp:extendstudio\/materialis--><!-- wp:extendstudio\/materialis--><!-- \/wp:extendstudio\/materialis--><!-- wp:extendstudio\/materialis--><!-- wp:extendstudio\/materialis--><!-- wp:extendstudio\/materialis--><div  data-label=\"b2b ecommerce\" data-id=\"content--4\" data-export-id=\"content-14-1-materialis\" data-category=\"content\" class=\"content-14-1m content-section-spacing-large content-section dark-text\" id=\"b2b-ecommerce\" style=\"background-color: rgb(245, 250, 253); background-image: none;\">\n<div  class=\"gridContainer\">\n<div  class=\"row middle-xs space-bottom-large\">\n<div  class=\"col-md-6 col-xs-12 col-sm-6\"><img decoding=\"async\" class=\"mdc-elevation--z0\" src=\"https:\/\/www.insitusales.com\/wp-content\/uploads\/b2b-ecommerce-6.png\" alt=\"\" title=\"\"><\/div>\n<div  class=\"col-md-5 col-md-offset-1 col-xs-12 col-sm-6 content-left-sm space-bottom-xs-large\" data-type=\"column\">\n<h2  class=\"\">Comercio electr\u00f3nico B2B<\/h2>\n<p  class=\"\">Herramienta de comercio electr\u00f3nico para su negocio que le permite invitar a sus clientes a realizar sus pedidos en l\u00ednea o pagar sus facturas por internet a trav\u00e9s de este \u201ccarrito de compras\u201d personalizado.<\/p>\n<\/div>\n<\/div>\n<div  class=\"row middle-xs top-sm spaced-cols content-left-sm\" data-type=\"row\">\n<div  class=\"col-md-3 col-sm-6 col-xs-12 border-top-color1 padding-first-el\" data-type=\"column\">\n<h5  class=\"\">Procesando pago<\/h5>\n<p  class=\"\">Permita que los clientes conecten pasarelas de pago convenientes al finalizar la compra, como Authorize.net o Stripe.<\/p>\n<\/div>\n<div  class=\"col-md-3 col-sm-6 col-xs-12 border-top-color2 padding-first-el\" data-type=\"column\">\n<h5  class=\"\">Cupones y listas de precios<\/h5>\n<p  class=\"\">Adapte las interacciones a los clientes ofreci\u00e9ndoles c\u00f3digos de cup\u00f3n con configuraciones de uso precisas o asign\u00e1ndoles una lista de precios \u00fanica.<\/p>\n<\/div>\n<div  class=\"col-md-3 col-sm-6 col-xs-12 border-top-color4 padding-first-el\" data-type=\"column\">\n<h5  class=\"\">Totalmente personalizable<\/h5>\n<p  class=\"\">Configure banners din\u00e1micos con enlaces, complete su propio texto, cree filtros de categor\u00edas f\u00e1ciles de usar e incluso cat\u00e1logos de productos descargables.<\/p>\n<\/div>\n<div  class=\"col-md-3 col-sm-6 col-xs-12 border-top-color5 padding-first-el\" data-type=\"column\">\n<h5  class=\"\">Conectar Google Analytics<\/h5>\n<p  class=\"\">Agregue su c\u00f3digo UA de Google Analytics para conectar su cuenta de Analytics y comenzar a recibir informaci\u00f3n sobre su tr\u00e1fico. Tenga en cuenta variables como p\u00e1ginas populares, flujos de comportamiento del usuario o tiempos de rebote.<\/p>\n<\/div>\n<\/div>\n<div  class=\"row row-last\">\n<div  class=\"col-xs-12\" data-type=\"column\"><\/div>\n<\/div>\n<\/div>\n<\/div><!-- wp:extendstudio\/materialis--><!-- \/wp:extendstudio\/materialis--><!-- \/wp:extendstudio\/materialis--><!-- \/wp:extendstudio\/materialis--><!-- wp:extendstudio\/materialis--><!-- \/wp:extendstudio\/materialis--><!-- \/wp:extendstudio\/materialis--><!-- wp:extendstudio\/materialis--><!-- \/wp:extendstudio\/materialis--><!-- wp:extendstudio\/materialis--><!-- \/wp:extendstudio\/materialis--><!-- \/wp:extendstudio\/materialis--><!-- \/wp:extendstudio\/materialis--><!-- wp:extendstudio\/materialis--><div  data-label=\"Features\" data-id=\"features--3\" data-export-id=\"features-13-materialis\" data-category=\"features\" class=\"features-13m content-section content-section-spacing-large\" id=\"features-3\" style=\"background-color: rgb(255, 255, 255); background-image: none;\"><div  class=\"gridContainer\"> <div  class=\"row cols-separator-between\" data-type=\"row\"><div  class=\"col-md-4 col-sm-4 col-xs-12 space-bottom\" data-type=\"column\"> <h5  class=\"\">\u00bfLa aplicaci\u00f3n funciona fuera de l\u00ednea, sin internet?<\/h5> <p  class=\"\">Si. La aplicaci\u00f3n m\u00f3vil de inSitu Sales funciona fuera de l\u00ednea, guarda las transacciones en sitio de baja cobertura de datos y luego al encontrar se\u00f1al dispara la transacci\u00f3n hacia los informes web.<\/p> <\/div> <div  class=\"col-md-4 col-sm-4 col-xs-12 space-bottom\" data-type=\"column\"><h5  class=\"\">\u00bfSe puede integrar directamente con mi sistema de facturaci\u00f3n SIIGO?<\/h5> <p  class=\"\">Si. La aplicaci\u00f3n m\u00f3vil de inSitu Sales funciona conectada directamente a SIIGO para actualizar los celulares con la informaci\u00f3n de clientes, productos, cartera, precios, inventarios, etc. Igualmente SIIGO tambi\u00e9n recibe los pedidos que hacen los vendedores en el m\u00f3vil para facturar.<\/p> <\/div> <div  class=\"col-md-4 col-sm-4 col-xs-12 space-bottom\" data-type=\"column\"><h5  class=\"\">\u00bfPuedo ver en tiempo real lo que hacen mis vendedores?<\/h5> <p  class=\"\">Si. La aplicaci\u00f3n m\u00f3vil de inSitu Sales permite ver en tiempo real el punto de inicio, punto final, recorrido, visitas y ubicaci\u00f3n de los vendedores y clientes.<\/p> <\/div> <div  class=\"col-md-4 col-sm-4 col-xs-12 space-bottom\" data-type=\"column\"> <h5  class=\"\">\u00bfLos vendedores ven en su m\u00f3vil solo a sus clientes oa todos?<\/h5> <p  class=\"\">Los vendedores en el m\u00f3vil solo ven sus clientes, los que tienen asignados en SIIGO.<\/p> <\/div><div  class=\"col-md-4 col-sm-4 col-xs-12 space-bottom\" data-type=\"column\"> <h5  class=\"\">\u00bfCada cu\u00e1nto se actualiza la informaci\u00f3n desde y hacia SIIGO?<\/h5> <p  class=\"\">En el sistema de integraci\u00f3n directa con SIIGO se est\u00e1 ejecutando autom\u00e1ticamente la actualizaci\u00f3n de datos y entrega de facturas cada 15 minutos para garantizar que siempre est\u00e9 actualizado.<\/p> <\/div><div  class=\"col-md-4 col-sm-4 col-xs-12 space-bottom\" data-type=\"column\"> <h5  class=\"\">Carga Bodegas, Inventarios y Listas de Precio desde SIIGO?<\/h5> <p  class=\"\">Si. La aplicaci\u00f3n m\u00f3vil de inSitu Sales carga y actualiza autom\u00e1ticamente esta informaci\u00f3n.<\/p> <\/div><div  class=\"col-md-4 col-sm-4 col-xs-12 space-bottom\" data-type=\"column\"> <h5  class=\"\">\u00bfCalcular impuestos, descuentos y bonificados?<\/h5> <p  class=\"\">Si. La aplicaci\u00f3n m\u00f3vil de inSitu Sales permite traer y calcular impuestos y descuentos. Igualmente permite parametrizar nuevos descuentos o bonificados.<\/p> <\/div><div  class=\"col-md-4 col-sm-4 col-xs-12 space-bottom\" data-type=\"column\"> <h5  class=\"\">\u00bfC\u00f3mo se cargan los pedidos del m\u00f3vil a SIIGO?<\/h5> <p  class=\"\">El vendedor hace el pedido en el m\u00f3vil, el pedido llega a la p\u00e1gina web de inSitu Sales para su revisi\u00f3n y aprobaci\u00f3n. Una vez lo anterior, llega a SIIGO y queda facturado.<\/p> <\/div><\/div><\/div> <\/div><!-- \/wp:extendstudio\/materialis--><!-- \/wp:extendstudio\/materialis--><!-- wp:extendstudio\/materialis--><div  data-label=\"Contact\" data-id=\"contact--2\" data-export-id=\"contact-2-materialis\" data-category=\"contact\" class=\"contact-2-materialis content-section content-section-spacing-large\" id=\"contact-1\" style=\"background-color: rgb(245, 250, 253); background-image: none;\">\n<div  class=\"gridContainer\">\n<div  class=\"row\">\n<div  class=\"section-title-col\" data-type=\"column\">\n<h2  class=\"\">Cont\u00e1ctenos<\/h2>\n<p  class=\"lead\">Estados Unidos: 6060 Center Dr, Suite 1000, Los \u00c1ngeles, CA 90045 <br >LATAM: Cra 43 a 1-50. Plaza San Fernando. De 805. Medell\u00edn, Colombia.<\/p>\n<\/div>\n<\/div>\n<div  class=\"row middle-sm\">\n<div  class=\"col-xs-12 contact-info text-center space-top-small\" data-type=\"column\">\n<p  class=\"phone-large\">Estados Unidos: 1 (866) 577-2270 <br >LATAM: 57 (4) 444-8684<\/p>\n<a href=\"mailto:\" class=\"\" target=\"_self\" data-cp-link=\"1\" rel=\"noopener noreferrer\">info@insitusales.com<\/a>\n<div  class=\"social-icons-group\" data-type=\"group\"><a href=\"https:\/\/www.facebook.com\/insitusales\" target=\"_blank\" class=\"\" rel=\"noopener noreferrer\"><i  class=\"mdi social-icon mdi-facebook color1\"><\/i><\/a> <a href=\"https:\/\/www.twitter.com\/insitusales\" target=\"_blank\" class=\"\" rel=\"noopener noreferrer\"><i  class=\"mdi social-icon mdi-twitter color1\"><\/i><\/a> <a href=\"https:\/\/www.linkedin.com\/company\/insitusales\" target=\"_blank\" class=\"\" rel=\"noopener noreferrer\"><i  class=\"mdi social-icon mdi-linkedin color1\"><\/i><\/a> <a href=\"https:\/\/play.google.com\/store\/apps\/details?id=com.insitusales.app.sales&amp;hl=en_US&amp;gl=US\" target=\"_blank\" rel=\"noopener noreferrer\" class=\"\"><i  class=\"mdi social-icon mdi-google-play color1\"><\/i><\/a><\/div>\n<a class=\"link\" href=\"https:\/\/app.b2bmobilesales.com\/api-docs\" target=\"_blank\" data-cp-link=\"1\" rel=\"noopener\">Documentaci\u00f3n API<\/a><\/div>\n<\/div>\n<\/div>\n<\/div><!-- \/wp:extendstudio\/materialis-->","protected":false},"excerpt":{"rendered":"<p>La mejor alianza para su empresa 20% de descuento en el primer mes exclusivo para clientes SIIGOSoluci\u00f3n todo en uno para ventas de campo, entrega directa en tienda y comercio electr\u00f3nico B2B \u2013 Operaciones optimizadas y rentabilidad. \u2013 Experiencia del cliente mejorada \u2013 Datos y an\u00e1lisis en tiempo real Para m\u00e1s informaci\u00f3n, registre datos y\u2026<\/p>","protected":false},"author":1,"featured_media":0,"parent":0,"menu_order":0,"comment_status":"closed","ping_status":"closed","template":"pro\/page-templates\/landing-page.php","meta":{"footnotes":""},"class_list":["post-13206","page","type-page","status-publish","hentry"],"_links":{"self":[{"href":"https:\/\/www.insitusales.com\/es\/wp-json\/wp\/v2\/pages\/13206","targetHints":{"allow":["GET"]}}],"collection":[{"href":"https:\/\/www.insitusales.com\/es\/wp-json\/wp\/v2\/pages"}],"about":[{"href":"https:\/\/www.insitusales.com\/es\/wp-json\/wp\/v2\/types\/page"}],"author":[{"embeddable":true,"href":"https:\/\/www.insitusales.com\/es\/wp-json\/wp\/v2\/users\/1"}],"replies":[{"embeddable":true,"href":"https:\/\/www.insitusales.com\/es\/wp-json\/wp\/v2\/comments?post=13206"}],"version-history":[{"count":10,"href":"https:\/\/www.insitusales.com\/es\/wp-json\/wp\/v2\/pages\/13206\/revisions"}],"predecessor-version":[{"id":13538,"href":"https:\/\/www.insitusales.com\/es\/wp-json\/wp\/v2\/pages\/13206\/revisions\/13538"}],"wp:attachment":[{"href":"https:\/\/www.insitusales.com\/es\/wp-json\/wp\/v2\/media?parent=13206"}],"curies":[{"name":"gracias","href":"https:\/\/api.w.org\/{rel}","templated":true}]}}