{"id":12546,"date":"2023-05-17T00:12:12","date_gmt":"2023-05-17T00:12:12","guid":{"rendered":"https:\/\/www.insitusales.com\/?page_id=12546"},"modified":"2023-05-17T00:12:12","modified_gmt":"2023-05-17T00:12:12","slug":"looker-studio-2","status":"publish","type":"page","link":"https:\/\/www.insitusales.com\/es\/soluciones\/software-de-analisis-de-ventas\/looker-studio-2\/","title":{"rendered":"Looker Studio"},"content":{"rendered":"<div  data-label=\"Content\" data-id=\"content--1\" data-export-id=\"content-10-materialis\" data-category=\"content\" class=\"content-10m content-section\" id=\"content-1\" style=\"background-color: #ffffff;\">\r\n<div  class=\"gridContainer\">\r\n<div  class=\"row\">\r\n<div  class=\"col-xs-12 col-sm-7\">\r\n<div  class=\"row middle-sm full-height-row\">\r\n<div  class=\"col-xs-12 col-sm-8 col-sm-offset-2 col-padding\" data-type=\"column\">\r\n<h6  class=\"font-400\">A\u00fan m\u00e1s control sobre la visualizaci\u00f3n de informes con datos de ventas<\/h6>\r\n<h2  class=\"\">Conecte inSitu Sales a Looker Studio<\/h2>\r\n<p  class=\"space-bottom\">Nuestra <a  href=\"https:\/\/www.insitusales.com\/es\/soluciones\/software-de-analisis-de-ventas\/\"><b >software de an\u00e1lisis de ventas mejorado<\/b><\/a> ahora ofrece a los usuarios la oportunidad de conectarse a Looker Studio (anteriormente Google Data Studio) para una visualizaci\u00f3n de datos personalizada.&nbsp;<\/p>\r\n<p  class=\"\">Nuestro conector proporciona a los usuarios <b >dos nuevas caracter\u00edsticas<\/b> esenciales para comparar y mejorar el desempe\u00f1o del equipo de ventas: <br ><b >1. C<\/b><b >Personalice los informes con una poderosa herramienta de inteligencia de negocios.<\/b><span >&nbsp;&nbsp; <br ><b >2. Programe el env\u00edo de informes por correo electr\u00f3nico.<\/b><\/span><\/p>\r\n<a class=\"button null mdc-ripple-upgraded big color1\" href=\"https:\/\/datastudio.google.com\/datasources\/create?connectorId=AKfycbyPleBqkO7094KY3_WUP_KLZFTj1HQWUomIL_l45jf6aIZOQv2O2ODixDV6TBZYnTQZ&amp;authuser=0\" target=\"_blank\" data-cp-link=\"1\" data-icon=\"\" rel=\"noopener\">Pruebalo ahora<\/a><\/div>\r\n<\/div>\r\n<\/div>\r\n<div  class=\"col-xs-12 col-sm-5 no-padding image-col flexbox middle-sm\"><img decoding=\"async\" src=\"https:\/\/www.insitusales.com\/wp-content\/uploads\/analytics-with-looker-studios-2.png\" class=\"image-offset mdc-elevation--z0\" alt=\"\" title=\"\"><\/div>\r\n<\/div>\r\n<\/div>\r\n<\/div><div  data-label=\"Features\" data-id=\"features--1\" data-export-id=\"features-16-materialis\" data-category=\"features\" class=\"features-16m content-section content-section-spacing-large\" id=\"features-1\" style=\"background-color: #f5fafd;\">\r\n<div  class=\"gridContainer\">\r\n<div  class=\"row\">\r\n<div  class=\"section-title-col\" data-type=\"column\">\r\n<h2  class=\"\">C\u00f3mo empezar<\/h2>\r\n<p  class=\"\">Tambi\u00e9n puede iniciar sesi\u00f3n con nuestros datos de demostraci\u00f3n si no tiene una cuenta aplicable para usar. <br ><b >usuario:<\/b> s1@insitumobile.com<br ><b > pwd:<\/b> ensayo<\/p>\r\n<\/div>\r\n<\/div>\r\n<div  class=\"row top-xs space-top number-containers content-center-sm\" data-type=\"row\">\r\n<div  class=\"col-sm-6 col-xs-12 space-bottom space-top-xs col-md-2\">\r\n<div  class=\"number-container space-bottom\" data-fixed=\"true\">\r\n<div  class=\"link-line left\"><\/div>\r\n<p  class=\"border-color1-small number\">1<\/p>\r\n<div  class=\"link-line right\"><\/div>\r\n<\/div>\r\n<div  class=\"content-box\" data-type=\"column\">\r\n<h5  class=\"\">Configurar una cuenta de Google<\/h5>\r\n<p  class=\"\">Google Data Studios requiere una cuenta de Google existente (Gmail).<\/p>\r\n<\/div>\r\n<\/div>\r\n<div  class=\"col-sm-6 col-xs-12 space-bottom space-top-xs col-md-2\">\r\n<div  class=\"number-container space-bottom\" data-fixed=\"true\">\r\n<div  class=\"link-line left\"><\/div>\r\n<p  class=\"border-color1-small number\">2<\/p>\r\n<div  class=\"link-line right\"><\/div>\r\n<\/div>\r\n<div  class=\"content-box\" data-type=\"column\">\r\n<h5  class=\"\">Conectar fuentes de datos<\/h5>\r\n<p  class=\"\">Haga clic en la pesta\u00f1a &quot;Fuentes de datos&quot;, luego en &quot;Agregar fuente de datos&quot;. Selecciona el &quot;<b >inSitu Sales para el observador\u201d<\/b>&nbsp;fuente de datos, luego siga los pasos para otorgar acceso a Google Data Studio.<\/p>\r\n<\/div>\r\n<\/div>\r\n<div  class=\"col-sm-6 col-xs-12 space-bottom space-top-xs col-md-2\">\r\n<div  class=\"number-container space-bottom\" data-fixed=\"true\">\r\n<div  class=\"link-line left\"><\/div>\r\n<p  class=\"border-color1-small number\">3<\/p>\r\n<div  class=\"link-line right\"><\/div>\r\n<\/div>\r\n<div  class=\"content-box\" data-type=\"column\">\r\n<h5  class=\"\">Crear un informe<\/h5>\r\n<p  class=\"\">Haga clic en el bot\u00f3n &quot;Crear&quot; y seleccione &quot;Informe&quot;. Puede usar una plantilla o comenzar con un informe en blanco. Tambi\u00e9n puede importar un informe desde un archivo de Hojas de c\u00e1lculo de Google o un informe existente de Google Data Studio.<\/p>\r\n<\/div>\r\n<\/div>\r\n<div  class=\"col-sm-6 col-xs-12 space-bottom space-top-xs col-md-2\">\r\n<div  class=\"number-container space-bottom\" data-fixed=\"true\">\r\n<div  class=\"link-line left\"><\/div>\r\n<p  class=\"border-color1-small number\">4<\/p>\r\n<div  class=\"link-line right\"><\/div>\r\n<\/div>\r\n<div  class=\"content-box\" data-type=\"column\">\r\n<h5  class=\"\">Agregar gr\u00e1ficos y tablas<\/h5>\r\n<p  class=\"\">Usando los datos importados, haga clic en &quot;Agregar un gr\u00e1fico&quot;, seleccione el tipo que desee y personal\u00edcelo usando las opciones en el panel del lado derecho.&nbsp;<\/p>\r\n<\/div>\r\n<\/div>\r\n<div  class=\"col-sm-6 col-xs-12 space-bottom space-top-xs col-md-2\">\r\n<div  class=\"number-container space-bottom\" data-fixed=\"true\">\r\n<div  class=\"link-line left\"><\/div>\r\n<p  class=\"border-color1-small number\">5<\/p>\r\n<div  class=\"link-line right\"><\/div>\r\n<\/div>\r\n<div  class=\"content-box\" data-type=\"column\">\r\n<h5  class=\"\">Personaliza el informe<\/h5>\r\n<p  class=\"\">Personalice sus datos agregando im\u00e1genes y texto, cambiando el esquema de colores o con elementos interactivos como filtros, men\u00fas desplegables y campos calculados.<\/p>\r\n<\/div>\r\n<\/div>\r\n<div  class=\"col-sm-6 col-xs-12 space-bottom space-top-xs col-md-2\">\r\n<div  class=\"number-container space-bottom\" data-fixed=\"true\">\r\n<div  class=\"link-line left\"><\/div>\r\n<p  class=\"border-color1-small number\">6<\/p>\r\n<div  class=\"link-line right\"><\/div>\r\n<\/div>\r\n<div  class=\"content-box\" data-type=\"column\">\r\n<h5  class=\"\">Compartir y publicar, o programar<\/h5>\r\n<p  class=\"\">Cuando termine, puede usar el bot\u00f3n &quot;Compartir&quot; para enviar enlaces directos, publicarlo para accesibilidad abierta o programarlo para la entrega por correo electr\u00f3nico a su elecci\u00f3n.<\/p>\r\n<\/div>\r\n<\/div>\r\n<\/div>\r\n<\/div>\r\n<\/div><div  data-label=\"Content\" data-id=\"content--2\" data-export-id=\"content-5-materialis\" data-category=\"content\" class=\"content-5m content-section-spacing-large content-section dark-text\" id=\"content-2\" style=\"background-color: #ffffff;\">\r\n<div  class=\"gridContainer\">\r\n<div  class=\"row\">\r\n<div  class=\"col-xs-12 col-sm-8 col-sm-offset-2 space-bottom text-center col-padding-small-xs\" data-type=\"column\"><img decoding=\"async\" class=\"mdc-elevation--z13 rounded\" src=\"https:\/\/www.insitusales.com\/wp-content\/uploads\/Looker-Dashboard.png\" alt=\"\" title=\"\"><\/div>\r\n<div  class=\"col-xs-12 text-center large\" data-type=\"column\">\r\n<h2  class=\"space-bottom\">Cree informes detallados al instante<\/h2>\r\n<p  class=\"lead\">Ver datos sobre clientes, pedidos o representantes. Nuestro conector le permite crear una visi\u00f3n general completa para visualizar cualquier fuente de datos que su equipo est\u00e9 interesado en monitorear.&nbsp;<\/p>\r\n<\/div>\r\n<\/div>\r\n<\/div>\r\n<\/div>","protected":false},"excerpt":{"rendered":"","protected":false},"author":8,"featured_media":0,"parent":7483,"menu_order":0,"comment_status":"closed","ping_status":"closed","template":"pro\/page-templates\/landing-page.php","meta":{"footnotes":""},"class_list":["post-12546","page","type-page","status-publish","hentry"],"_links":{"self":[{"href":"https:\/\/www.insitusales.com\/es\/wp-json\/wp\/v2\/pages\/12546","targetHints":{"allow":["GET"]}}],"collection":[{"href":"https:\/\/www.insitusales.com\/es\/wp-json\/wp\/v2\/pages"}],"about":[{"href":"https:\/\/www.insitusales.com\/es\/wp-json\/wp\/v2\/types\/page"}],"author":[{"embeddable":true,"href":"https:\/\/www.insitusales.com\/es\/wp-json\/wp\/v2\/users\/8"}],"replies":[{"embeddable":true,"href":"https:\/\/www.insitusales.com\/es\/wp-json\/wp\/v2\/comments?post=12546"}],"version-history":[{"count":1,"href":"https:\/\/www.insitusales.com\/es\/wp-json\/wp\/v2\/pages\/12546\/revisions"}],"predecessor-version":[{"id":12547,"href":"https:\/\/www.insitusales.com\/es\/wp-json\/wp\/v2\/pages\/12546\/revisions\/12547"}],"up":[{"embeddable":true,"href":"https:\/\/www.insitusales.com\/es\/wp-json\/wp\/v2\/pages\/7483"}],"wp:attachment":[{"href":"https:\/\/www.insitusales.com\/es\/wp-json\/wp\/v2\/media?parent=12546"}],"curies":[{"name":"gracias","href":"https:\/\/api.w.org\/{rel}","templated":true}]}}