{"id":11998,"date":"2022-12-07T00:35:36","date_gmt":"2022-12-07T00:35:36","guid":{"rendered":"https:\/\/www.insitusales.com\/?page_id=11998"},"modified":"2022-12-07T17:01:04","modified_gmt":"2022-12-07T17:01:04","slug":"qb-conectar-2022","status":"publish","type":"page","link":"https:\/\/www.insitusales.com\/es\/qb-conectar-2022\/","title":{"rendered":"Conexi\u00f3n QB 2022"},"content":{"rendered":"<div data-label=\"Content\" data-id=\"content--1\" data-export-id=\"content-8-materialis\" data-category=\"content\" class=\"content-8m content-section-spacing-large content-section\" id=\"content-1\" style=\"background-color: #ffffff;\">\r\n<div class=\"gridContainer\">\r\n<div class=\"row middle-sm\">\r\n<div class=\"col-md-5 col-xs-12 col-sm-6 space-bottom-xs\" data-type=\"column\">\r\n<h6 class=\"upper\"><b>Hotel y casino Aria, Las Vegas | stand d16 | 7 al 9 de diciembre<\/b><\/h6>\r\n<h1>Visite inSitu Sales en QB Connect 2022<\/h1>\r\n<p class=\"space-top\">Si asiste a QuickBooks Connect 2022 en el Aria Hotel en Las Vegas, venga a <b>Stand D16 <\/b><span>para explorar las formas en que nuestro software puede formar una soluci\u00f3n mutuamente beneficiosa.<\/span> <br \/><br \/>Sign up para nuestro <b>Programa de Partners<\/b> y tambi\u00e9n con <b>ganar 20%<\/b> de todos los ingresos obtenidos de referencias suscritas a nuestras licencias.\u00a0<\/p>\r\n<a class=\"button null color1\" href=\"https:\/\/app.insitusales.com\/inSituSignUp\/registerReseller?_ga=2.67585809.1486895312.1670371271-126056848.1643842253\" target=\"_blank\" data-cp-link=\"1\" data-icon=\"\" rel=\"noopener\">\u00danase al programa de socios<\/a><\/div>\r\n<div class=\"col-md-6 col-md-offset-1 col-xs-12 col-sm-6\"><img decoding=\"async\" class=\"rounded mdc-elevation--z0\" src=\"https:\/\/www.insitusales.com\/wp-content\/uploads\/qb-connect-map.png\" alt=\"\" title=\"\"><\/div>\r\n<\/div>\r\n<\/div>\r\n<\/div>\r\n\r\n\r\n\r\n<div data-label=\"Features\" data-id=\"features--1\" data-export-id=\"features-16-card-bordered\" data-category=\"features\" class=\"features-16-card-bordered content-section content-section-spacing-large section-title-col-dark-text\" id=\"features-1\" style=\"background-color: #f5fafd;\">\r\n<div class=\"gridContainer\">\r\n<div class=\"row text-center\">\r\n<div class=\"section-title-col\" data-type=\"column\">\r\n<h2 class=\"\">\u00bfQu\u00e9 ofrece inSitu Sales?<\/h2>\r\n<p class=\"lead\">Nuestro software proporciona a los distribuidores mayoristas un panel \u00fanico que se puede expandir a trav\u00e9s de licencias para satisfacer todas las necesidades comerciales esenciales a un precio competitivo. La tarifa con la que se suscribe nunca cambia, pero constantemente se implementan nuevas actualizaciones y funciones sin costo adicional. <br \/><br \/>tambi\u00e9n proporcionamos\u00a0<b>demostraciones guiadas gratuitas <\/b>donde podemos responder cualquier pregunta sobre funciones, caracter\u00edsticas, personalizaciones \u00fanicas y m\u00e1s.\u00a0<\/p>\r\n<\/div>\r\n<\/div>\r\n<div class=\"row spaced-cols\" data-type=\"row\" data-max-items=\"4\">\r\n<div class=\"col-xs-12 col-sm-6 col-md-3\">\r\n<div class=\"card no-padding y-move mdc-elevation--z7\"><img decoding=\"async\" class=\"face\" src=\"https:\/\/www.insitusales.com\/wp-content\/uploads\/field-sales-app-new-size.png\" alt=\"\" title=\"\">\r\n<div data-type=\"column\" class=\"col-padding-small col-padding-small-xs description-container\">\r\n<h4 class=\"font-500\">Aplicaci\u00f3n de ventas de campo para representantes<\/h4>\r\n<p class=\"\">Equipe a los representantes de ventas con una aplicaci\u00f3n m\u00f3vil todo en uno que maneja la contabilidad de rutas DSD, la toma de pedidos, la facturaci\u00f3n y los pagos digitales. Tambi\u00e9n cuenta con seguimiento GPS en vivo y configuraciones granulares por representante a trav\u00e9s del portal.\u00a0<\/p>\r\n<\/div>\r\n<div data-type=\"column\" class=\"col-padding-small col-padding-small-xs read-more-container\"><a class=\"button null color7\" href=\"https:\/\/calendly.com\/giovaniquitian\/reunion-para-presentacion-y-ayuda-a-configurar-demo-gratis\" target=\"lightbox\" data-cp-link=\"1\" data-icon=\"\" rel=\"noopener\">Prueba gratis<\/a><\/div>\r\n<\/div>\r\n<\/div>\r\n<div class=\"col-xs-12 col-sm-6 col-md-3\">\r\n<div class=\"card no-padding y-move mdc-elevation--z7\"><img decoding=\"async\" class=\"face\" src=\"https:\/\/www.insitusales.com\/wp-content\/uploads\/b2b-ecommerce-new-size.png\" alt=\"\" title=\"\">\r\n<div data-type=\"column\" class=\"col-padding-small col-padding-small-xs description-container\">\r\n<h4 class=\"font-500\">Portal de comercio electr\u00f3nico B2B personalizado<\/h4>\r\n<p class=\"\">Cree un portal de comercio electr\u00f3nico B2B personalizado con <b>sin limites\u00a0<span style=\"font-weight: 300;\"><span style=\"font-weight: 400;\">sobre el n\u00famero de usuarios, clientes, pedidos o productos. Tambi\u00e9n incluye una aplicaci\u00f3n de marca blanca opcional para que los clientes puedan descargar su aplicaci\u00f3n de marca desde la App Store o Google Play para facilitar las transacciones.\u00a0<\/span><\/span><\/b><\/p>\r\n<\/div>\r\n<div data-type=\"column\" class=\"col-padding-small col-padding-small-xs read-more-container\"><a class=\"button null color7\" href=\"https:\/\/calendly.com\/giovaniquitian\/reunion-para-presentacion-y-ayuda-a-configurar-demo-gratis\" target=\"lightbox\" data-cp-link=\"1\" data-icon=\"\" rel=\"noopener\">Prueba gratis<\/a><\/div>\r\n<\/div>\r\n<\/div>\r\n<div class=\"col-xs-12 col-sm-6 col-md-3\">\r\n<div class=\"card no-padding y-move mdc-elevation--z7\"><img decoding=\"async\" class=\"face\" src=\"https:\/\/www.insitusales.com\/wp-content\/uploads\/sales-analytics-new-size.png\" alt=\"\" title=\"\">\r\n<div data-type=\"column\" class=\"col-padding-small col-padding-small-xs description-container\">\r\n<h4 class=\"font-500\">An\u00e1lisis avanzado de ventas<\/h4>\r\n<p class=\"\">Obtenga m\u00e1s informaci\u00f3n sobre el rendimiento de sus representantes, las cifras de ventas de productos y las proyecciones de ingresos a trav\u00e9s de la visualizaci\u00f3n de datos, tablas din\u00e1micas y pron\u00f3sticos. Tambi\u00e9n incluye un cat\u00e1logo de productos en PDF de alta resoluci\u00f3n.<\/p>\r\n<\/div>\r\n<div data-type=\"column\" class=\"col-padding-small col-padding-small-xs read-more-container\"><a class=\"button null color7\" href=\"https:\/\/calendly.com\/giovaniquitian\/reunion-para-presentacion-y-ayuda-a-configurar-demo-gratis\" target=\"lightbox\" data-cp-link=\"1\" data-icon=\"\" rel=\"noopener\">Prueba gratis<\/a><\/div>\r\n<\/div>\r\n<\/div>\r\n<div class=\"col-xs-12 col-sm-6 col-md-3\">\r\n<div class=\"card no-padding y-move mdc-elevation--z7\"><img decoding=\"async\" class=\"face\" src=\"https:\/\/www.insitusales.com\/wp-content\/uploads\/insitu-inventory-.png\" alt=\"\" title=\"\">\r\n<div data-type=\"column\" class=\"col-padding-small col-padding-small-xs description-container\">\r\n<h4 class=\"font-500\">Inventario in situ\u00a0<\/h4>\r\n<p class=\"\">inSitu Inventory es una nueva aplicaci\u00f3n que permite a los administradores manejar el cumplimiento de pedidos mediante el env\u00edo de listas de selecci\u00f3n directamente a los recolectores de almac\u00e9n. El stock se puede escanear o ingresar manualmente, luego las listas completas est\u00e1n listas para el env\u00edo.\u00a0<\/p>\r\n<\/div>\r\n<div data-type=\"column\" class=\"col-padding-small col-padding-small-xs read-more-container\"><a class=\"button null color7\" href=\"https:\/\/calendly.com\/giovaniquitian\/reunion-para-presentacion-y-ayuda-a-configurar-demo-gratis\" target=\"lightbox\" data-cp-link=\"1\" data-icon=\"\" rel=\"noopener\">Prueba gratis<\/a><\/div>\r\n<\/div>\r\n<\/div>\r\n<\/div>\r\n<\/div>\r\n<\/div>","protected":false},"excerpt":{"rendered":"","protected":false},"author":8,"featured_media":0,"parent":0,"menu_order":0,"comment_status":"closed","ping_status":"closed","template":"pro\/page-templates\/page-with-small-header.php","meta":{"footnotes":""},"class_list":["post-11998","page","type-page","status-publish","hentry"],"_links":{"self":[{"href":"https:\/\/www.insitusales.com\/es\/wp-json\/wp\/v2\/pages\/11998","targetHints":{"allow":["GET"]}}],"collection":[{"href":"https:\/\/www.insitusales.com\/es\/wp-json\/wp\/v2\/pages"}],"about":[{"href":"https:\/\/www.insitusales.com\/es\/wp-json\/wp\/v2\/types\/page"}],"author":[{"embeddable":true,"href":"https:\/\/www.insitusales.com\/es\/wp-json\/wp\/v2\/users\/8"}],"replies":[{"embeddable":true,"href":"https:\/\/www.insitusales.com\/es\/wp-json\/wp\/v2\/comments?post=11998"}],"version-history":[{"count":9,"href":"https:\/\/www.insitusales.com\/es\/wp-json\/wp\/v2\/pages\/11998\/revisions"}],"predecessor-version":[{"id":12024,"href":"https:\/\/www.insitusales.com\/es\/wp-json\/wp\/v2\/pages\/11998\/revisions\/12024"}],"wp:attachment":[{"href":"https:\/\/www.insitusales.com\/es\/wp-json\/wp\/v2\/media?parent=11998"}],"curies":[{"name":"gracias","href":"https:\/\/api.w.org\/{rel}","templated":true}]}}