{"id":11840,"date":"2022-10-12T18:53:28","date_gmt":"2022-10-12T18:53:28","guid":{"rendered":"https:\/\/www.insitusales.com\/?page_id=11840"},"modified":"2025-10-08T18:39:26","modified_gmt":"2025-10-08T18:39:26","slug":"odoo-integracion","status":"publish","type":"page","link":"https:\/\/www.insitusales.com\/es\/integraciones\/odoo-integracion\/","title":{"rendered":"Integraci\u00f3n Odoo"},"content":{"rendered":"<!-- wp:extendstudio\/materialis--><div  data-label=\"Content\" data-id=\"content--1\" data-export-id=\"content-8-materialis\" data-category=\"content\" class=\"content-8m content-section-spacing-large content-section dark-text\" id=\"content-1\" style=\"background-color: #ffffff;\">\n<div  class=\"gridContainer\">\n<div  class=\"row middle-sm\">\n<div  class=\"col-md-5 col-xs-12 col-sm-6 space-bottom-xs\" data-type=\"column\">\n<h6  class=\"upper\">Sincronice la contabilidad, el inventario y la gesti\u00f3n de almacenes<\/h6>\n<h1  class=\"\">Integraci\u00f3n de Odoo para representantes de ventas&nbsp;<\/h1>\n<p  class=\"space-top\">Odoo se ha ganado la reputaci\u00f3n de ser un ERP creado para distribuidores que buscan agilizar y optimizar los procesos que conducen a una orden de venta completa.&nbsp; <br ><br >Con la amplia selecci\u00f3n de aplicaciones basadas en soluciones que ofrece Odoo, es la opci\u00f3n de integraci\u00f3n ideal para una aplicaci\u00f3n de ventas de campo &quot;todo en uno&quot; como inSitu Sales.. Esta combinaci\u00f3n permite el control total de las operaciones en el campo, el cumplimiento de pedidos, la facturaci\u00f3n y la gesti\u00f3n del inventario. caudal.&nbsp;<\/p>\n<a class=\"button null mdc-ripple-upgraded big color1\" href=\"https:\/\/app.insitusales.com\/inSituSignUp\/register?_ga=2.90452826.1553832630.1665589297-126056848.1643842253\" target=\"_blank\" data-cp-link=\"1\" data-icon=\"\" rel=\"noopener\">PRUEBA GRATUITA DE 14 D\u00cdAS<\/a><a class=\"button null mdc-ripple-upgraded big color2\" href=\"https:\/\/calendly.com\/insitu-sales\/demo-tour-of-insitu-sales\" target=\"_blank\" data-cp-link=\"1\" data-icon=\"\" rel=\"noopener\" style=\"--mdc-ripple-fg-size: 128.31562499999998px; --mdc-ripple-fg-scale: 1.796909795755174; --mdc-ripple-fg-translate-start: 112.01406250000001px, -31.34531249999999px; --mdc-ripple-fg-translate-end: 42.77187500000001px, -37.15781249999999px;\">AGENDAR DEMO<\/a><\/div>\n<div  class=\"col-md-6 col-md-offset-1 col-xs-12 col-sm-6\"><img decoding=\"async\" class=\"rounded mdc-elevation--z0\" src=\"https:\/\/www.insitusales.com\/wp-content\/uploads\/Odoo-integration-2.png\" alt=\"\" title=\"\"><\/div>\n<\/div>\n<\/div>\n<\/div><!-- \/wp:extendstudio\/materialis--><!-- wp:extendstudio\/materialis--><div  data-label=\"Content\" data-id=\"content--3\" data-export-id=\"content-7-materialis\" data-category=\"content\" class=\"content-7m content-section-spacing-large content-section dark-text\" id=\"content-3\" style=\"background-color: #f5fafd; background-image: none;\">\n<div  class=\"gridContainer\">\n<div  class=\"row middle-sm\">\n<div  class=\"col-md-6 col-xs-12 col-sm-6 col-padding-small-xs\"><img decoding=\"async\" class=\"img-rounded mdc-elevation--z4\" src=\"https:\/\/www.insitusales.com\/wp-content\/uploads\/odoo-data-sync.webp\" alt=\"\" title=\"\"><\/div>\n<div  class=\"col-md-5 col-md-offset-1 col-xs-12 col-sm-6 content-left-sm col-padding-small-xs\" data-type=\"column\">\n<h6  class=\"upper\">Sincronice datos erp en tiempo real en el campo<\/h6>\n<h2  class=\"\">Sincronice instant\u00e1neamente los datos de Odoo en su aplicaci\u00f3n de ventas<\/h2>\n<p  class=\"space-top\">inSitu Sales est\u00e1 dise\u00f1ado para entregar datos hacia y desde nuestro software de la manera que tenga m\u00e1s sentido para su equipo. Los representantes de ventas pueden acceder a todos los datos necesarios para manejar los pedidos y proporcionar actualizaciones sobre los entregables finales sin comprometer los datos del ERP.&nbsp;<\/p>\n<\/div>\n<\/div>\n<\/div>\n<\/div><!-- \/wp:extendstudio\/materialis--><!-- wp:extendstudio\/materialis--><div  data-label=\"Overlappable\" data-id=\"overlappable--1\" data-export-id=\"overlappable-4\" data-category=\"overlappable\" class=\"overlappable-4 content-section content-section-spacing-large\" data-overlap=\"true\" id=\"overlappable-1\" style=\"background-color: #ffffff; background-image: none;\">\n<div  class=\"gridContainer\">\n<div  data-type=\"row\" class=\"row spaced-cols text-center\">\n<div  class=\"col-xs-12 col-sm-4 col-md-3\"><i  class=\"mdi icon aligncenter mdi-account-multiple-plus reverse round large color1\"><\/i>\n<div  data-type=\"column\" class=\"\">\n<h5  class=\"\">Clientes<\/h5>\n<p  class=\"\">Las interacciones de ventas entre los clientes y sus representantes se actualizan constantemente para reflejar la actividad. Almacene el historial para potenciar las estrategias de toma de decisiones informadas.<\/p>\n<\/div>\n<\/div>\n<div  class=\"col-xs-12 col-sm-4 col-md-3\"><i  class=\"mdi icon aligncenter mdi-credit-card-plus reverse round large color1\"><\/i>\n<div  data-type=\"column\" class=\"\">\n<h5  class=\"\">Facturaci\u00f3n<\/h5>\n<p  class=\"\">Use datos de Odoo para crear facturas de marca que se pueden imprimir o enviar por correo electr\u00f3nico como PDF. Las facturas tambi\u00e9n se rastrean y registran en Odoo.<\/p>\n<\/div>\n<\/div>\n<div  class=\"col-xs-12 col-sm-4 col-md-3\"><i  class=\"mdi icon aligncenter mdi-clipboard-text reverse round large color1\"><\/i>\n<div  data-type=\"column\" class=\"\">\n<h5  class=\"\">Productos \/ Inventario<\/h5>\n<p  class=\"\">Con actualizaciones en tiempo real, sus representantes siempre mostrar\u00e1n exactamente qu\u00e9 productos est\u00e1n disponibles y c\u00f3mo deben presentarse. Complete pedidos mientras mide el inventario total y coordine con los almacenes para mantener el suministro.<\/p>\n<\/div>\n<\/div>\n<div  class=\"col-xs-12 col-sm-4 col-md-3\"><i  class=\"mdi icon aligncenter mdi-seat-recline-extra reverse round large color1\"><\/i>\n<div  data-type=\"column\" class=\"\">\n<h5  class=\"\">Representantes de campo<\/h5>\n<p  class=\"\">Los gerentes pueden crear varias listas segmentadas para asignar a los representantes de campo y diversificar las operaciones, incluidos productos, precios, clientes \u00fanicos, etc.&nbsp;<\/p>\n<\/div>\n<\/div>\n<\/div>\n<\/div>\n<\/div><!-- \/wp:extendstudio\/materialis--><!-- wp:extendstudio\/materialis--><div  data-label=\"Content\" data-id=\"content--2\" data-export-id=\"content-14-1-materialis\" data-category=\"content\" class=\"content-14-1m content-section-spacing-large content-section\" id=\"content-2\" style=\"background-color: #f5fafd;\">\n<div  class=\"gridContainer\">\n<div  class=\"row middle-xs space-bottom-large\">\n<div  class=\"col-md-6 col-xs-12 col-sm-6\"><a href=\"https:\/\/www.insitusales.com\/es\/soluciones\/comercio-electronico-b2b\/\"><img decoding=\"async\" loading=\"lazy\" class=\"mdc-elevation--z0 alignnone\" src=\"https:\/\/www.insitusales.com\/wp-content\/uploads\/Odoo-ecommerce.png\" width=\"1758\" height=\"1369\" alt=\"Comercio electr\u00f3nico de Odoo \" title=\"\"><\/a><\/div>\n<div  class=\"col-md-5 col-md-offset-1 col-xs-12 col-sm-6 content-left-sm space-bottom-xs-large\" data-type=\"column\">\n<h2  class=\"\">Integre su comercio electr\u00f3nico B2B con Odoo<\/h2>\n<p  class=\"\">Sincronice la informaci\u00f3n de Odoo para crear un portal de comercio electr\u00f3nico B2B \u00fanico y totalmente personalizable, dise\u00f1ado para transacciones r\u00e1pidas y sencillas a trav\u00e9s de pasarelas de pago integradas.&nbsp;<\/p>\n<\/div>\n<\/div>\n<div  class=\"row middle-xs top-sm spaced-cols content-left-sm\" data-type=\"row\">\n<div  class=\"col-md-3 col-sm-6 col-xs-12 border-top-color1 padding-first-el\" data-type=\"column\">\n<h5  class=\"\">Cat\u00e1logo de productos digitales interactivos y din\u00e1micos<\/h5>\n<p  class=\"\">Administre un cat\u00e1logo de productos digitales que cambia para adaptarse a sus clientes seg\u00fan sea necesario. Asigne diferentes versiones de su cat\u00e1logo a los clientes para obtener una ventaja sobre las tendencias de ventas del mercado y los nichos de la industria con necesidades espec\u00edficas, o haga coincidir mejor los enfoques de productos con los intereses de compra geogr\u00e1ficos.<\/p>\n<\/div>\n<div  class=\"col-md-3 col-sm-6 col-xs-12 border-top-color2 padding-first-el\" data-type=\"column\">\n<h5  class=\"\">Descuentos por segmento, precios y productos<\/h5>\n<p  class=\"\">Utilice las reglas de la lista de precios para ofrecer incentivos de compra \u00fanicos que solo sean visibles para los clientes seleccionados. Configure la automatizaci\u00f3n para ofrecer promociones de descuento para recompensar a un cliente cuando las ventas alcancen un umbral establecido, o cree distintos niveles de clientes con descuentos establecidos.<\/p>\n<\/div>\n<div  class=\"col-md-3 col-sm-6 col-xs-12 border-top-color4 padding-first-el\" data-type=\"column\">\n<h5  class=\"\">Acepta pagos digitales o vende con cr\u00e9dito<\/h5>\n<p  class=\"\">Las pasarelas de pago integradas permiten transacciones seguras y convenientes con Stripe y Authorize.net. Los usuarios tambi\u00e9n pueden permitir que los clientes compren a cr\u00e9dito para futuras facturas.<\/p>\n<\/div>\n<div  class=\"col-md-3 col-sm-6 col-xs-12 border-top-color5 padding-first-el\" data-type=\"column\">\n<h5  class=\"\">Cree una aplicaci\u00f3n de marca blanca para los clientes<\/h5>\n<p  class=\"\">Permita que los clientes descarguen su portal de comercio electr\u00f3nico B2B directamente como una aplicaci\u00f3n personalizada desde Google Play Store o App Store. Habilite las notificaciones por SMS y el escaneo de c\u00f3digos de barras para generar ventas recurrentes.<\/p>\n<\/div>\n<\/div>\n<div  class=\"row row-last\">\n<div  class=\"col-xs-12\" data-type=\"column\"><\/div>\n<\/div>\n<\/div>\n<\/div><!-- \/wp:extendstudio\/materialis-->","protected":false},"excerpt":{"rendered":"<p>Integraci\u00f3n de Odoo para representantes de ventas con contabilidad, inventario y gesti\u00f3n de almacenes sincronizados Odoo se ha ganado la reputaci\u00f3n de ser un ERP dise\u00f1ado para distribuidores que buscan agilizar y optimizar los procesos que conducen a un pedido de venta completado. Con la amplia selecci\u00f3n de aplicaciones basadas en soluciones que ofrece Odoo, es la opci\u00f3n de integraci\u00f3n ideal para un\u2026<\/p>","protected":false},"author":8,"featured_media":0,"parent":7904,"menu_order":0,"comment_status":"closed","ping_status":"closed","template":"pro\/page-templates\/page-with-small-header.php","meta":{"footnotes":""},"class_list":["post-11840","page","type-page","status-publish","hentry"],"_links":{"self":[{"href":"https:\/\/www.insitusales.com\/es\/wp-json\/wp\/v2\/pages\/11840","targetHints":{"allow":["GET"]}}],"collection":[{"href":"https:\/\/www.insitusales.com\/es\/wp-json\/wp\/v2\/pages"}],"about":[{"href":"https:\/\/www.insitusales.com\/es\/wp-json\/wp\/v2\/types\/page"}],"author":[{"embeddable":true,"href":"https:\/\/www.insitusales.com\/es\/wp-json\/wp\/v2\/users\/8"}],"replies":[{"embeddable":true,"href":"https:\/\/www.insitusales.com\/es\/wp-json\/wp\/v2\/comments?post=11840"}],"version-history":[{"count":10,"href":"https:\/\/www.insitusales.com\/es\/wp-json\/wp\/v2\/pages\/11840\/revisions"}],"predecessor-version":[{"id":15079,"href":"https:\/\/www.insitusales.com\/es\/wp-json\/wp\/v2\/pages\/11840\/revisions\/15079"}],"up":[{"embeddable":true,"href":"https:\/\/www.insitusales.com\/es\/wp-json\/wp\/v2\/pages\/7904"}],"wp:attachment":[{"href":"https:\/\/www.insitusales.com\/es\/wp-json\/wp\/v2\/media?parent=11840"}],"curies":[{"name":"gracias","href":"https:\/\/api.w.org\/{rel}","templated":true}]}}