{"id":11627,"date":"2022-09-23T20:51:17","date_gmt":"2022-09-23T20:51:17","guid":{"rendered":"https:\/\/www.insitusales.com\/?page_id=11627"},"modified":"2026-04-27T22:42:02","modified_gmt":"2026-04-27T22:42:02","slug":"inventario-in-situ","status":"publish","type":"page","link":"https:\/\/www.insitusales.com\/es\/soluciones\/inventario-in-situ\/","title":{"rendered":"Aplicaci\u00f3n de inventario in situ"},"content":{"rendered":"<!-- \/wp:extendstudio\/materialis--><!-- Start of insitusales Zendesk Widget script -->\r\n\r\n<!-- wp:extendstudio\/materialis-->\r\n<div data-label=\"Header\" data-id=\"content--4\" data-export-id=\"content-8-materialis\" data-category=\"content\" class=\"content-8m content-section-spacing-large content-section dark-text\" id=\"header\" style=\"background-color: #ffffff; background-image: none;\">\r\n<div class=\"gridContainer\">\r\n<div class=\"row middle-sm\">\r\n<div class=\"col-md-5 col-xs-12 col-sm-6 space-bottom-xs\" data-type=\"column\">\r\n<h6 class=\"upper\" data-page-optimizer-editable=\"true\">UNA APLICACI\u00d3N DE LISTA DE SELECCI\u00d3N PARA UN CUMPLIMIENTO DE PEDIDOS M\u00c1S FUERTE<\/h6>\r\n<h1 class=\"\" data-page-optimizer-editable=\"true\">Aplicaci\u00f3n de inventario inSitu para la gesti\u00f3n de almacenes<\/h1>\r\nUna aplicaci\u00f3n de gesti\u00f3n de inventario para almacenes que crea un flujo continuo para <b class=\"\">Cumplimiento de la orden<\/b> Empezando con un <b class=\"\">interactivo<\/b><b class=\"\"> lista de selecci\u00f3n de inventario<\/b><span class=\"\">, luego, una vez que los pedidos est\u00e9n listos para ser enviados, un <b>lista de empaque<\/b> Se genera con todo lo necesario para <strong>env\u00edo<\/strong>.\u00a0<\/span><br class=\"\" \/>\r\n<ul class=\"\">\r\n<li class=\"space-top\" data-page-optimizer-editable=\"true\"><span><b>Llene las listas de selecci\u00f3n de inventario con escaneo de c\u00f3digo de barras <\/b><\/span><\/li>\r\n<li class=\"space-top\" data-page-optimizer-editable=\"true\"><span><b>Gestionar el inventario del almac\u00e9n en m\u00faltiples ubicaciones de contenedores<\/b><\/span><\/li>\r\n<li class=\"space-top\" data-page-optimizer-editable=\"true\"><span><b>Realice un seguimiento del stock de productos y simplifique la recepci\u00f3n de nuevos suministros de los proveedores<\/b><\/span><\/li>\r\n<li class=\"space-top\" data-page-optimizer-editable=\"true\"><b>Listas de embalaje completas con notas de embalaje y etiquetas de env\u00edo<\/b><\/li>\r\n<\/ul>\r\n<a class=\"button null color1 mdc-ripple-upgraded\" href=\"https:\/\/app.insitusales.com\/inSituSignUp\/register\" target=\"_self\" data-cp-link=\"1\" data-icon=\"\" rel=\"noopener\">PRUEBA GRATUITA DE 14 D\u00cdAS<\/a><a class=\"button null mdc-ripple-upgraded color2\" href=\"https:\/\/calendly.com\/giovaniquitian\/reunion-para-presentacion-y-ayuda-a-configurar-demo-gratis\" target=\"_blank\" data-cp-link=\"1\" data-icon=\"\" rel=\"noopener\">AGENDAR DEMO<\/a><\/div>\r\n<div class=\"col-md-6 col-md-offset-1 col-xs-12 col-sm-6\"><img decoding=\"async\" class=\"rounded mdc-elevation--z0\" src=\"https:\/\/www.insitusales.com\/wp-content\/uploads\/insitu-inventory-picking-app.webp\" alt=\"\" title=\"\" data-page-optimizer-editable=\"true\"><\/div>\r\n<\/div>\r\n<\/div>\r\n<\/div>\r\n<!-- \/wp:extendstudio\/materialis-->\r\n\r\n<!-- wp:extendstudio\/materialis--><!-- \/wp:extendstudio\/materialis--><!-- Start of insitusales Zendesk Widget script -->\r\n\r\n<!-- wp:extendstudio\/materialis--><!-- \/wp:extendstudio\/materialis-->\r\n\r\n\r\n<div data-label=\"Content\" data-id=\"content--5\" data-export-id=\"content-6\" data-category=\"content\" class=\"content-6 content-section content-section-spacing-large dark-text\" id=\"content-1\" style=\"background-color: #ffffff; background-image: none;\">\r\n<div class=\"gridContainer\">\r\n<div class=\"row text-center\">\r\n<div class=\"section-title-col\" data-type=\"column\">\r\n<h2 class=\"\" data-page-optimizer-editable=\"true\">Aplicaci\u00f3n de Gesti\u00f3n de Inventario para Almacenes<\/h2>\r\n<p class=\"lead\" data-page-optimizer-editable=\"true\">Una aplicaci\u00f3n de gesti\u00f3n de inventario ayuda a los equipos de almac\u00e9n a recoger, empaquetar, recibir y rastrear el stock con precisi\u00f3n a trav\u00e9s de flujos de trabajo de cumplimiento. inSitu Inventory ofrece a los distribuidores listas interactivas de selecci\u00f3n, escaneo de c\u00f3digos de barras, listas de empaque, albaranes de embalaje, etiquetas de env\u00edo, seguimiento de inventario por ubicaci\u00f3n en estanter\u00edas y actualizaciones de cumplimiento en tiempo real para que los equipos de almac\u00e9n puedan reducir errores y agilizar la tramitaci\u00f3n de pedidos.<\/p>\r\n<\/div>\r\n<\/div>\r\n<div class=\"row middle-sm\">\r\n<div class=\"col-xs-12 col-sm-6\">\r\n<div class=\"row\">\r\n<div class=\"col-xs-12 space-bottom\" data-type=\"column\">\r\n<h3 class=\"color1\" data-page-optimizer-editable=\"true\">Cumplimiento de pedidos m\u00e1s eficaz en minutos<\/h3>\r\n<p class=\"\" data-page-optimizer-editable=\"true\">Nuestro software rastrea cuidadosamente cada cantidad de producto agregada y reflejar\u00e1 la cantidad a\u00fan necesaria, si hay suficiente stock disponible y para qu\u00e9 cliente es la lista.\u00a0<\/p>\r\n<\/div>\r\n<div class=\"row\" data-type=\"row\" data-max-items=\"4\">\r\n<div class=\"row space-bottom col-md-6\">\r\n<div class=\"col-xs-12 col-md-fit\" data-fixed=\"true\"><i class=\"mdi icon mdi-barcode-scan normal-shape small color1\" data-page-optimizer-editable=\"true\"><\/i><\/div>\r\n<div class=\"col-xs-12 col-md\" data-type=\"column\">\r\n<h5 class=\"color1\" data-page-optimizer-editable=\"true\">Escanear c\u00f3digos de barras de productos<\/h5>\r\n<p class=\"\" data-page-optimizer-editable=\"true\">Ingrese las cantidades de los art\u00edculos manualmente o use su lector de c\u00f3digos de barras para agilizar la entrada de productos. Nuestra aplicaci\u00f3n es compatible con los lectores de c\u00f3digos de barras m\u00f3viles Zebra, SocketMobile y Honeywell.<\/p>\r\n<\/div>\r\n<\/div>\r\n<div class=\"row space-bottom col-md-6\">\r\n<div class=\"col-xs-12 col-md-fit\" data-fixed=\"true\"><i class=\"mdi icon mdi-dropbox normal-shape small color1\" data-page-optimizer-editable=\"true\"><\/i><\/div>\r\n<div class=\"col-xs-12 col-md\" data-type=\"column\">\r\n<h5 class=\"color1\" data-page-optimizer-editable=\"true\">Crear listas de selecci\u00f3n y listas de empaque en almacenes<\/h5>\r\n<p class=\"\" data-page-optimizer-editable=\"true\">Garantice la precisi\u00f3n 100% en las cantidades de inventario al procesar pedidos mediante la asignaci\u00f3n de listas de selecci\u00f3n y de empaque din\u00e1mico para su almac\u00e9n. Los albaranes y las etiquetas de env\u00edo se pueden generar autom\u00e1ticamente a partir de las facturas. Todo el progreso se monitoriza en el portal en tiempo real.\u00a0<\/p>\r\n<\/div>\r\n<\/div>\r\n<div class=\"row space-bottom col-md-6\">\r\n<div class=\"col-xs-12 col-md-fit\" data-fixed=\"true\"><i class=\"mdi icon mdi-format-list-numbers normal-shape small color1\" data-page-optimizer-editable=\"true\"><\/i><\/div>\r\n<div class=\"col-xs-12 col-md\" data-type=\"column\">\r\n<h5 class=\"color1\" data-page-optimizer-editable=\"true\">Administrar ubicaciones de contenedores, n\u00fameros de lote y fechas de vencimiento<\/h5>\r\n<p class=\"\" data-page-optimizer-editable=\"true\">Utilice todo el inventario de su almac\u00e9n accediendo f\u00e1cilmente a m\u00faltiples ubicaciones de contenedores y n\u00fameros de lote durante una tarea. Esto garantiza que sus preparadores de almac\u00e9n siempre encuentren suficiente stock de productos, independientemente de la organizaci\u00f3n.\u00a0<\/p>\r\n<\/div>\r\n<\/div>\r\n<div class=\"row space-bottom col-md-6\">\r\n<div class=\"col-xs-12 col-md-fit\" data-fixed=\"true\"><i class=\"mdi icon mdi-transit-transfer normal-shape small color1\" data-page-optimizer-editable=\"true\"><\/i><\/div>\r\n<div class=\"col-xs-12 col-md\" data-type=\"column\">\r\n<h5 class=\"color1\" data-page-optimizer-editable=\"true\">Procesar transferencias de inventario al instante<\/h5>\r\n<p class=\"\" data-page-optimizer-editable=\"true\">Gestione el inventario entre almacenes procesando r\u00e1pidamente las transferencias a trav\u00e9s de la aplicaci\u00f3n. Los usuarios tambi\u00e9n pueden transferir cantidades de inventario entre diferentes ubicaciones para una organizaci\u00f3n m\u00e1s s\u00f3lida y detallada.<\/p>\r\n<\/div>\r\n<\/div>\r\n<div class=\"row space-bottom col-md-6\">\r\n<div class=\"col-xs-12 col-md-fit\" data-fixed=\"true\"><i class=\"mdi icon mdi-numeric-9-plus-box-multiple-outline normal-shape small color1\" data-page-optimizer-editable=\"true\"><\/i><\/div>\r\n<div class=\"col-xs-12 col-md\" data-type=\"column\">\r\n<h5 class=\"color1\" data-page-optimizer-editable=\"true\">Realizar el recuento c\u00edclico del inventario\u00a0<\/h5>\r\n<p class=\"\" data-page-optimizer-editable=\"true\">Los administradores pueden crear recuentos c\u00edclicos de inventario con los filtros de producto que deseen y asignarlos a los encargados de la preparaci\u00f3n de pedidos para su revisi\u00f3n. El progreso en tiempo real del recuento de cada producto se reflejar\u00e1 en el portal.\u00a0<\/p>\r\n<\/div>\r\n<\/div>\r\n<div class=\"row space-bottom col-md-6\">\r\n<div class=\"col-xs-12 col-md-fit\" data-fixed=\"true\"><i class=\"mdi icon mdi-clipboard-check normal-shape small color1\" data-page-optimizer-editable=\"true\"><\/i><\/div>\r\n<div class=\"col-xs-12 col-md\" data-type=\"column\">\r\n<h5 class=\"color1\" data-page-optimizer-editable=\"true\">Reciba nuevos productos de los proveedores con recibos<\/h5>\r\n<p class=\"\" data-page-optimizer-editable=\"true\">Genere recibos de art\u00edculos al instante a partir de las \u00f3rdenes de compra de sus nuevos productos recibidos de los proveedores. Tambi\u00e9n puede agregarlos con n\u00fameros de lote y fechas de vencimiento registrados.\u00a0<\/p>\r\n<\/div>\r\n<\/div>\r\n<\/div>\r\n<\/div>\r\n<\/div>\r\n<div class=\"col-xs-12 col-sm-6 flexbox around-xs top-xs\">\r\n<div class=\"overlay-box middle-xs center-xs flexbox box-image\">\r\n<div class=\"overlay-box-offset border-color1 hide-xs border-radius-8 mdc-elevation--z0 offset-background\"><\/div>\r\n<img decoding=\"async\" class=\"rounded mdc-elevation--z0\" src=\"https:\/\/www.insitusales.com\/wp-content\/uploads\/insitu-inventory-app-2.webp\" alt=\"\" title=\"\" data-page-optimizer-editable=\"true\"><\/div>\r\n<\/div>\r\n<\/div>\r\n<\/div>\r\n<\/div>\r\n<!-- \/wp:extendstudio\/materialis--><!-- \/wp:extendstudio\/materialis-->\r\n\r\n\r\n<div data-label=\"Content\" data-id=\"content--7\" data-export-id=\"content-7-materialis\" data-category=\"content\" class=\"content-7m content-section-spacing-large content-section dark-text\" id=\"content-3\" style=\"background-color: #f5fafd;\">\r\n<div class=\"gridContainer\">\r\n<div class=\"row middle-sm\">\r\n<div class=\"col-md-6 col-xs-12 col-sm-6 col-padding-small-xs\"><img decoding=\"async\" class=\"img-rounded mdc-elevation--z0\" src=\"https:\/\/www.insitusales.com\/wp-content\/uploads\/warehouse-packing-and-shipping.webp\" alt=\"\" title=\"\"><\/div>\r\n<div class=\"col-md-5 col-md-offset-1 col-xs-12 col-sm-6 content-left-sm col-padding-small-xs\" data-type=\"column\">\r\n<h6 class=\"upper\">Genere listas de embalaje interactivas con etiquetas de env\u00edo y notas de embalaje<\/h6>\r\n<h3 class=\"space-bottom\">Habilite las tareas de embalaje y env\u00edo para su almac\u00e9n\u00a0<\/h3>\r\n<p class=\"space-top\">Convierta cualquier lista de selecci\u00f3n completada total o parcialmente en una nueva tarea de embalaje. <b>Inventario de paquetes<\/b> en las casillas correspondientes con lo necesario <b>etiqueta de env\u00edo<\/b> o <b>comprobante de embalaje<\/b> listo para ser impreso (<b>Hermano <\/b>Y <b>impresoras Zebra <\/b>solamente) o compartirlo como PDF a pedido.<\/p>\r\n<\/div>\r\n<\/div>\r\n<\/div>\r\n<\/div>\r\n\r\n\r\n<!-- wp:extendstudio\/materialis-->\r\n\r\n<!-- wp:extendstudio\/materialis-->\r\n<div data-label=\"Content\" data-id=\"content--6\" data-export-id=\"content-8-materialis\" data-category=\"content\" class=\"content-8m content-section-spacing-large content-section dark-text\" id=\"content-2\" style=\"background-color: #ffffff; background-image: none;\">\r\n<div class=\"gridContainer\">\r\n<div class=\"row middle-sm\">\r\n<div class=\"col-md-5 col-xs-12 col-sm-6 space-bottom-xs\" data-type=\"column\">\r\n<h6 class=\"upper\">IMPRIMA ETIQUETAS DE ALMAC\u00c9N Y ESCANEE C\u00d3DIGOS DE BARRAS DE INVENTARIO\u00a0<\/h6>\r\n<h3 class=\"\">Aplicaci\u00f3n de inventario compatible con impresoras m\u00f3viles Bluetooth y lectores de c\u00f3digos de barras<\/h3>\r\n<p class=\"space-top\">Empodere a los recolectores de inventario en los almacenes simplificando sus tareas mediante la conexi\u00f3n de impresoras bluetooth y lectores de c\u00f3digos de barras de marcas l\u00edderes como <strong>Cebra, <a href=\"https:\/\/www.brother-usa.com\/business\/mobile\/series\/ql\/#f-ec_prd_productcatalogfacetconnectivity=WiFi\" target=\"_blank\" rel=\"nofollow noopener\" class=\"\">Hermano<\/a>, <a href=\"https:\/\/www.socketmobile.com\/readers-accessories\/data-readers\/data-type\/1d-2d\/1d-only\" target=\"_blank\" rel=\"nofollow noopener\" class=\"\">Z\u00f3caloM\u00f3vil<\/a>, <\/strong>Y <a href=\"https:\/\/automation.honeywell.com\/us\/en\/products\/productivity-solutions\/mobile-computers\/handheld-computers?scan%20distance=standard%20range%20(0-1m)&amp;connectivity=wi-fi%20&amp;%20cellular=undefined\" target=\"_blank\" rel=\"nofollow noopener\" class=\"\"><strong>Honeywell<\/strong><\/a>. <br \/><br \/>Nuestra aplicaci\u00f3n genera autom\u00e1ticamente las plantillas para imprimir etiquetas y recibos, mientras que los recolectores pueden simplemente conectar sus esc\u00e1neres y comenzar a agregar productos instant\u00e1neamente. <br \/>(<span style=\"font-style: italic;\">Socket Mobile requerir\u00e1 un breve proceso de configuraci\u00f3n)\u00a0<\/span><\/p>\r\n<a class=\"button null big color2 mdc-ripple-upgraded\" href=\"https:\/\/insitusales.zendesk.com\/hc\/en-us\/articles\/33744070739348-Supported-Devices-Printers-Scanners-Dex-EDI\" target=\"_blank\" data-cp-link=\"1\" data-icon=\"mdi-comment-check\" rel=\"noopener\"><span class=\"button-icon mdi mdi-comment-check\"><\/span>Lista completa de dispositivos compatibles <\/a><a class=\"button null big color1 mdc-ripple-upgraded\" href=\"https:\/\/insitusales.zendesk.com\/hc\/en-us\/articles\/25937628182804-How-to-pair-Socket-Mobile-scanner-to-be-ready-to-be-used-with-inSitu-Inventory\" target=\"_blank\" data-cp-link=\"1\" data-icon=\"mdi-barcode-scan\" rel=\"noopener\"><span class=\"button-icon mdi mdi-barcode-scan\"><\/span>C\u00f3mo configurar Socket Mobile <\/a><\/div>\r\n<div class=\"col-md-6 col-md-offset-1 col-xs-12 col-sm-6\"><img decoding=\"async\" class=\"rounded mdc-elevation--z0\" src=\"https:\/\/www.insitusales.com\/wp-content\/uploads\/Supported-Devices-For-inSitu-Inventory-.webp\" alt=\"\" title=\"\"><\/div>\r\n<\/div>\r\n<\/div>\r\n<\/div>\r\n<!-- wp:extendstudio\/materialis-->\r\n\r\n<!-- wp:extendstudio\/materialis-->\r\n<div data-label=\"Cta\" data-id=\"cta--1\" data-export-id=\"cta-5-materialis\" data-category=\"cta\" class=\"cta-5m content-section content-section-spacing-large bg-color-white dark-text\" id=\"cta-1\" style=\"background-image: none; background-color: #f5fafd;\">\r\n<div class=\"gridContainer\">\r\n<div class=\"grid-custom\">\r\n<div class=\"row text-left middle-xs text-center content-left-sm\">\r\n<div class=\"col-md-7 col-sm-6 col-xs-12 negative-margins\"><img decoding=\"async\" src=\"https:\/\/www.insitusales.com\/wp-content\/uploads\/download-inventory-picker-app.webp\" alt=\"\" title=\"\" data-page-optimizer-editable=\"true\"><\/div>\r\n<div class=\"col-md-5 col-sm-6 col-xs-12 box-padding-tb-medium\" data-type=\"column\">\r\n<h3 data-page-optimizer-editable=\"true\" class=\"\">\u00a1Descargue nuestra aplicaci\u00f3n de recolecci\u00f3n de almac\u00e9n ahora!<\/h3>\r\n<p class=\"\" data-page-optimizer-editable=\"true\">\u2013 Precisi\u00f3n de selecci\u00f3n de inventario mejorada\u00a0<br \/>\u2013 Seguimiento del cumplimiento de pedidos\u00a0<br \/>\u2013 Se conecta con un esc\u00e1ner de c\u00f3digo de barras para una entrada m\u00e1s r\u00e1pida del producto <br \/>\u2013 Nuevas funciones agregadas a partir de la versi\u00f3n 1.6.4:\u00a0 <br \/>\u00a0 \u00a0 \u00a0 \u00a0 \u00a0 \u2013 Recibir productos del proveedor con recibo<br \/>\u00a0 \u00a0 \u00a0 \u00a0 \u00a0 \u2013 Transferir inventario <br \/>\u00a0 \u00a0 \u00a0 \u00a0 \u00a0 \u2013 M\u00faltiples ubicaciones de contenedores y n\u00fameros de lote <br \/>\u00a0 \u00a0 \u00a0 \u00a0 \u00a0 \u2013 Conteo c\u00edclico de inventario <br \/>\u00a0 \u00a0 \u00a0 \u00a0 \u00a0 \u2013 Listas de embalaje con albar\u00e1n y etiqueta de env\u00edo<br \/>\u00a0 \u00a0 \u00a0 \u00a0 \u00a0 \u2013 Cargar Cami\u00f3n<\/p>\r\n<a class=\"button mdc-elevation--z3 color-black square mdc-ripple-upgraded\" href=\"https:\/\/apps.apple.com\/us\/app\/insitu-inventory\/id1645894215\" target=\"_blank\" data-cp-link=\"1\" data-icon=\"mdi-apple\" rel=\"noopener\"><span class=\"button-icon mdi mdi-apple\"><\/span>App store<\/a><a class=\"button null color-black square mdc-ripple-upgraded\" href=\"https:\/\/play.google.com\/store\/apps\/details?id=com.insitusales.inventory&amp;hl=en_US&amp;gl=US\" target=\"_blank\" data-cp-link=\"1\" data-icon=\"mdi-google-play\" rel=\"noopener\"><span class=\"button-icon mdi mdi-google-play\"><\/span>Google Play<\/a><\/div>\r\n<\/div>\r\n<\/div>\r\n<\/div>\r\n<\/div>\r\n<!-- \/wp:extendstudio\/materialis-->\r\n\r\n\r\n<div data-label=\"Features\" data-id=\"features--1\" data-export-id=\"features-16\" data-category=\"features\" class=\"features-16 content-section content-section-spacing-large dark-text\" id=\"features-1\" style=\"background-color: #ffffff; background-image: none;\">\r\n<div class=\"gridContainer\">\r\n<div class=\"row text-center\">\r\n<div class=\"section-title-col\" data-type=\"column\">\r\n<h2 class=\"\" data-page-optimizer-editable=\"true\">A\u00fan m\u00e1s control sobre sus procesos de ventas<\/h2>\r\n<p class=\"lead\" data-page-optimizer-editable=\"true\">InSitu Inventory agrega a\u00fan m\u00e1s funcionalidad a su portal de administraci\u00f3n. Recupere la confianza en su capacidad para comprometerse de forma fiable con cualquier n\u00famero de pedidos, mientras supervisa eficazmente el stock. Con control total de su proceso de cumplimiento, qui\u00e9n elige qu\u00e9 pedidos y la prioridad en la que se empaquetan.\u00a0<\/p>\r\n<\/div>\r\n<\/div>\r\n<div class=\"row spaced-cols\" data-type=\"row\">\r\n<div class=\"col-xs-12 col-sm-6 space-bottom col-md-3\"><img decoding=\"async\" class=\"face mdc-elevation--z1\" src=\"https:\/\/www.insitusales.com\/wp-content\/uploads\/order-fulfillment-1-2.png\" alt=\"\" title=\"\" data-page-optimizer-editable=\"true\">\r\n<div data-type=\"column\" class=\"col-padding-small col-padding-small-xs description-container\">\r\n<h4 class=\"font-500\" data-page-optimizer-editable=\"true\">Enviar listas de pedidos para su cumplimiento en el portal<\/h4>\r\n<p class=\"\" data-page-optimizer-editable=\"true\">Los pedidos de venta aparecer\u00e1n en la pesta\u00f1a &#039;Cumplimiento de pedidos&#039;, donde puede ver el inventario incluido en el pedido y seleccionar qu\u00e9 selector le gustar\u00eda completarlo.\u00a0<\/p>\r\n<\/div>\r\n<\/div>\r\n<div class=\"col-xs-12 col-sm-6 space-bottom col-md-3\"><img decoding=\"async\" class=\"face mdc-elevation--z1\" src=\"https:\/\/www.insitusales.com\/wp-content\/uploads\/insitu-inventory-order-sync.webp\" alt=\"\" title=\"\" data-page-optimizer-editable=\"true\">\r\n<div data-type=\"column\" class=\"col-padding-small col-padding-small-xs description-container\">\r\n<h4 class=\"font-500\" data-page-optimizer-editable=\"true\">Sincronizaci\u00f3n instant\u00e1nea para elegir nuevos pedidos y ver los anteriores<\/h4>\r\n<p class=\"\" data-page-optimizer-editable=\"true\">Los pedidos enviados a los recolectores para su cumplimiento aparecen en su aplicaci\u00f3n de inmediato para que ambas partes puedan mantenerse proactivas al completar los pedidos.\u00a0<\/p>\r\n<\/div>\r\n<\/div>\r\n<div class=\"col-xs-12 col-sm-6 space-bottom col-md-3\"><img decoding=\"async\" class=\"face mdc-elevation--z1\" src=\"https:\/\/www.insitusales.com\/wp-content\/uploads\/insitu-inventory-add-products-.webp\" alt=\"\" title=\"\" data-page-optimizer-editable=\"true\">\r\n<div data-type=\"column\" class=\"col-padding-small col-padding-small-xs description-container\">\r\n<h4 class=\"font-500\" data-page-optimizer-editable=\"true\">Con\u00e9ctese con el esc\u00e1ner de c\u00f3digo de barras o agregue productos manualmente<\/h4>\r\n<p class=\"\" data-page-optimizer-editable=\"true\">Conecte un esc\u00e1ner de c\u00f3digo de barras inal\u00e1mbrico, como un <a href=\"https:\/\/www.socketmobile.com\/readers-accessories\/data-readers\/data-type\/1d-2d\/1d-only\" target=\"_blank\" rel=\"nofollow noopener\" class=\"\"><strong>Esc\u00e1ner 1D SocketMobile<\/strong><\/a>, <a href=\"https:\/\/www.zebra.com\/us\/en\/products\/mobile-computers\/handheld.html?page=1\" target=\"_blank\" rel=\"nofollow noopener\" class=\"\"><strong>Cebra<\/strong><\/a>o <a href=\"https:\/\/automation.honeywell.com\/us\/en\/products\/productivity-solutions\/mobile-computers\/handheld-computers?scan%20distance=standard%20range%20(0-1m)&amp;connectivity=wi-fi%20&amp;%20cellular=undefined\" rel=\"nofollow noopener\" target=\"_blank\" class=\"\"><strong>Honeywell<\/strong><\/a> para agregar r\u00e1pidamente el n\u00famero correcto de productos. La cantidad tambi\u00e9n se puede controlar presionando los signos + o - debajo del inventario.\u00a0<\/p>\r\n<\/div>\r\n<\/div>\r\n<div class=\"col-xs-12 col-sm-6 space-bottom col-md-3\"><img decoding=\"async\" class=\"face mdc-elevation--z1\" src=\"https:\/\/www.insitusales.com\/wp-content\/uploads\/insitu-inventory-picklist-updates.webp\" alt=\"\" title=\"\" data-page-optimizer-editable=\"true\">\r\n<div data-type=\"column\" class=\"col-padding-small col-padding-small-xs description-container\">\r\n<h4 class=\"font-500\" data-page-optimizer-editable=\"true\">Reciba actualizaciones sobre listas parcialmente seleccionadas y completamente seleccionadas<\/h4>\r\n<p class=\"\" data-page-optimizer-editable=\"true\">Gracias a la sincronizaci\u00f3n instant\u00e1nea, los pedidos que a\u00fan se est\u00e9n completando o que tengan dificultades se representar\u00e1n como seleccionados parcialmente, lo que permitir\u00e1 a los administradores saber qu\u00e9 productos a\u00fan faltan. Una vez que se alcanza la cantidad requerida, el pedido se marca como totalmente recogido.<\/p>\r\n<\/div>\r\n<\/div>\r\n<\/div>\r\n<\/div>\r\n<\/div>","protected":false},"excerpt":{"rendered":"<p>Una aplicaci\u00f3n de listas de selecci\u00f3n para un cumplimiento de pedidos m\u00e1s eficaz. Aplicaci\u00f3n de inventario in situ para la gesti\u00f3n de almacenes. Una aplicaci\u00f3n de gesti\u00f3n de inventario para almacenes que crea un flujo fluido para el cumplimiento de pedidos, comenzando con una lista de selecci\u00f3n de inventario interactiva. Una vez que los pedidos est\u00e1n listos para su env\u00edo, se genera una lista de empaque con todo lo necesario. Complete las listas de selecci\u00f3n de inventario con el escaneo de c\u00f3digos de barras...<\/p>","protected":false},"author":8,"featured_media":0,"parent":8117,"menu_order":0,"comment_status":"closed","ping_status":"closed","template":"pro\/page-templates\/page-with-small-header.php","meta":{"footnotes":""},"class_list":["post-11627","page","type-page","status-publish","hentry"],"_links":{"self":[{"href":"https:\/\/www.insitusales.com\/es\/wp-json\/wp\/v2\/pages\/11627","targetHints":{"allow":["GET"]}}],"collection":[{"href":"https:\/\/www.insitusales.com\/es\/wp-json\/wp\/v2\/pages"}],"about":[{"href":"https:\/\/www.insitusales.com\/es\/wp-json\/wp\/v2\/types\/page"}],"author":[{"embeddable":true,"href":"https:\/\/www.insitusales.com\/es\/wp-json\/wp\/v2\/users\/8"}],"replies":[{"embeddable":true,"href":"https:\/\/www.insitusales.com\/es\/wp-json\/wp\/v2\/comments?post=11627"}],"version-history":[{"count":10,"href":"https:\/\/www.insitusales.com\/es\/wp-json\/wp\/v2\/pages\/11627\/revisions"}],"predecessor-version":[{"id":15305,"href":"https:\/\/www.insitusales.com\/es\/wp-json\/wp\/v2\/pages\/11627\/revisions\/15305"}],"up":[{"embeddable":true,"href":"https:\/\/www.insitusales.com\/es\/wp-json\/wp\/v2\/pages\/8117"}],"wp:attachment":[{"href":"https:\/\/www.insitusales.com\/es\/wp-json\/wp\/v2\/media?parent=11627"}],"curies":[{"name":"gracias","href":"https:\/\/api.w.org\/{rel}","templated":true}]}}