{"id":11522,"date":"2022-09-13T18:08:41","date_gmt":"2022-09-13T18:08:41","guid":{"rendered":"https:\/\/www.insitusales.com\/?page_id=11522"},"modified":"2024-07-02T21:00:58","modified_gmt":"2024-07-02T21:00:58","slug":"alimentos-bebidas-distribucion","status":"publish","type":"page","link":"https:\/\/www.insitusales.com\/es\/industrias\/alimentos-bebidas-distribucion\/","title":{"rendered":"Distribuci\u00f3n de snacks y bebidas"},"content":{"rendered":"<!-- wp:extendstudio\/materialis--><div  data-label=\"Content\" data-id=\"content--1\" data-export-id=\"content-9-materialis\" data-category=\"content\" class=\"content-9m content-section-spacing-large content-section dark-text\" id=\"content-1\" style=\"background-color: #ffffff;\">\n<div  class=\"gridContainer\">\n<div  class=\"row middle-xs flex-row\">\n<div  class=\"col-md-5 col-xs-12 col-sm-6 space-bottom-xs\" data-type=\"column\">\n<h6  class=\"upper space-bottom-small\">Descubra por qu\u00e9 m\u00e1s mayoristas de CPG est\u00e1n cambiando a insitu sales<\/h6>\n<h2  class=\"space-bottom-small\">Comercio electr\u00f3nico B2B, ventas de campo y DSD para distribuidores de alimentos y bebidas<\/h2>\n<p  class=\"space-top\">inSitu Sales prioriza la reducci\u00f3n de los costos base por licencia para maximizar el valor de las funciones de ventas esenciales, como <a href=\"https:\/\/www.insitusales.com\/es\/soluciones\/comercio-electronico-b2b\/\"><b >Portal e-commerce B2B<\/b><\/a>, <a  href=\"https:\/\/www.insitusales.com\/es\/soluciones\/app-para-tomar-pedidos\/\"><b >toma de pedidos m\u00f3vil<\/b><\/a>y la <b ><a  href=\"https:\/\/www.insitusales.com\/es\/soluciones\/software-dsd\/\">entregas directas a tienda<\/a> (DSD)<\/b>.&nbsp;<\/p>\n<a class=\"button mdc-ripple-upgraded big mdc-elevation--z3 color7\" href=\"https:\/\/app.insitusales.com\/inSituSignUp\/register?_ga=2.227349082.611964187.1663091681-126056848.1643842253\" target=\"_blank\" data-cp-link=\"1\" data-icon=\"\" rel=\"noopener\">Prueba gratuita de 14 d\u00edas<\/a><a class=\"button null mdc-ripple-upgraded big color1\" href=\"https:\/\/calendly.com\/giovaniquitian\/reunion-para-presentacion-y-ayuda-a-configurar-demo-gratis\" target=\"_blank\" data-cp-link=\"1\" data-icon=\"\" rel=\"noopener\">Reserve una demostraci\u00f3n gratuita<\/a><\/div>\n<div  class=\"col-md-6 col-md-offset-1 col-xs-12 col-sm-6\"><img decoding=\"async\" src=\"https:\/\/www.insitusales.com\/wp-content\/uploads\/cropped-beverage-distributor-1.png\" alt=\"\" title=\"\"><\/div>\n<\/div>\n<\/div>\n<\/div><!-- \/wp:extendstudio\/materialis--><!-- wp:extendstudio\/materialis--><div  data-label=\"Clients\" data-id=\"clients--2\" data-export-id=\"clients-2\" data-category=\"clients\" class=\"clients-2 content-section content-section-spacing-large dark-text\" id=\"clients-2\" style=\"background-color: #f5fafd;\">\n<div  class=\"\">\n<div  class=\"row\">\n<div  class=\"section-title-col\" data-type=\"column\">\n<h2  class=\"font-700\">Software en el que conf\u00edan cientos de distribuidores l\u00edderes de CPG<\/h2>\n<p  class=\"lead\">inSitu Sales se enorgullece de ofrecer soluciones para ayudar a los distribuidores de cualquier tama\u00f1o a escalar sus operaciones.<\/p>\n<\/div>\n<\/div>\n<div  class=\"row center-xs spaced-cols middle-sm\" data-type=\"row\">\n<div  class=\"col-xs-6 col-sm-3 col-md-2\"><img decoding=\"async\" src=\"https:\/\/www.insitusales.com\/wp-content\/uploads\/Zico-Coconut-Water-2.png\" class=\"\" alt=\"\" title=\"\"><\/div>\n<div  class=\"col-xs-6 col-sm-3 col-md-2\"><img decoding=\"async\" src=\"https:\/\/www.insitusales.com\/wp-content\/uploads\/north-canyon-cider-1.png\" class=\"\" alt=\"\" title=\"\"><\/div>\n<div  class=\"col-xs-6 col-sm-3 col-md-2\"><img decoding=\"async\" src=\"https:\/\/www.insitusales.com\/wp-content\/uploads\/Roots-Chips-1.png\" class=\"\" alt=\"\" title=\"\"><\/div>\n<div  class=\"col-xs-6 col-sm-3 col-md-2\"><img decoding=\"async\" src=\"https:\/\/www.insitusales.com\/wp-content\/uploads\/Tahoe-Blue-Vodka-2.png\" class=\"\" alt=\"\" title=\"\"><\/div>\n<div  class=\"col-xs-6 col-sm-3 col-md-2\"><img decoding=\"async\" src=\"https:\/\/www.insitusales.com\/wp-content\/uploads\/Doma-Coffee-2.png\" class=\"\" alt=\"\" title=\"\"><\/div>\n<div  class=\"col-xs-6 col-sm-3 col-md-2\"><img decoding=\"async\" src=\"https:\/\/www.insitusales.com\/wp-content\/uploads\/wild-barrel-brewing-company.png\" class=\"\" alt=\"\" title=\"\"><\/div>\n<div  class=\"col-xs-6 col-sm-3 col-md-2\"><img decoding=\"async\" src=\"https:\/\/www.insitusales.com\/wp-content\/uploads\/alfa-food-service.png\" class=\"\" alt=\"\" title=\"\"><\/div>\n<div  class=\"col-xs-6 col-sm-3 col-md-2\"><img decoding=\"async\" src=\"https:\/\/www.insitusales.com\/wp-content\/uploads\/Chiper-.png\" class=\"\" alt=\"\" title=\"\"><\/div>\n<div  class=\"col-xs-6 col-sm-3 col-md-2\"><img decoding=\"async\" src=\"https:\/\/www.insitusales.com\/wp-content\/uploads\/Frubana.png\" class=\"\" alt=\"\" title=\"\"><\/div>\n<div  class=\"col-xs-6 col-sm-3 col-md-2\"><img decoding=\"async\" src=\"https:\/\/www.insitusales.com\/wp-content\/uploads\/day-one-beverage.png\" class=\"\" alt=\"\" title=\"\"><\/div>\n<div  class=\"col-xs-6 col-sm-3 col-md-2\"><img decoding=\"async\" src=\"https:\/\/www.insitusales.com\/wp-content\/uploads\/Brix-Beverage.png\" class=\"\" alt=\"\" title=\"\"><\/div>\n<div  class=\"col-xs-6 col-sm-3 col-md-2\"><img decoding=\"async\" src=\"https:\/\/www.insitusales.com\/wp-content\/uploads\/Backyard-Beans-Coffee-Company.png\" class=\"\" alt=\"\" title=\"\"><\/div>\n<\/div>\n<\/div>\n<\/div><!-- \/wp:extendstudio\/materialis--><!-- wp:extendstudio\/materialis--><div  data-label=\"Content\" data-id=\"content--2\" data-export-id=\"content-18-materialis\" data-category=\"content\" class=\"content-18m content-section content-section-spacing-large dark-text\" id=\"content-2\" style=\"background-color: #ffffff;\">\n<div  class=\"\">\n<div  class=\"row middle-xs\">\n<div  class=\"col-md-5 col-xs-12 col-sm-6 bag-image mdc-elevation--z0\" data-bg=\"image\" style=\"background-image: url('https:\/\/www.insitusales.com\/wp-content\/uploads\/cropped-cpg-field-sales-650-\u00d7-580-px-617-\u00d7-560-px-2-1.png');\"><\/div>\n<div  class=\"col-md-5 col-md-offset-1 col-xs-12 col-sm-6 content-left-sm col-padding\">\n<div  class=\"row\">\n<div  class=\"col-xs-12\" data-type=\"column\">\n<h6  class=\"\">Una soluci\u00f3n de aplicaci\u00f3n integral para los representantes de ventas en el campo<\/h6>\n<h3  class=\"\">Aplicaci\u00f3n de campo m\u00f3vil y portal de administraci\u00f3n para representantes de ventas de distribuidores<\/h3>\n<p  class=\"\">Nuestra aplicaci\u00f3n de representante de ventas m\u00f3vil todo en uno est\u00e1 especializada en ventas de campo, coordinada por un gerente que inici\u00f3 sesi\u00f3n en el portal web de administraci\u00f3n, y presenta una tarifa de licencia competitiva destinada a ayudar a escalar su equipo al tiempo que ofrece m\u00e1s descuentos por cantidad.&nbsp;<\/p>\n<\/div>\n<\/div>\n<div  class=\"row middle-xs space-bottom-small space-top spaced-cols\" data-type=\"row\" data-max-items=\"3\">\n<div  class=\"col-md-6 col-sm-6 col-xs-12\" data-type=\"column\"><i  class=\"mdi icon mdi-database small color1 bordered round\"><\/i>\n<h5  class=\"\">Contabilidad de ruta DSD<\/h5>\n<p  class=\"\">Asigne representantes a rutas optimizadas para mejorar el tiempo de respuesta y reducir el desperdicio en las entregas. Las rutas se construyen en el portal de administraci\u00f3n (web) y son administradas por la cuenta de administrador del equipo de ventas.&nbsp;<\/p>\n<\/div>\n<div  class=\"col-md-6 col-sm-6 col-xs-12\" data-type=\"column\"><i  class=\"mdi icon mdi-database small color1 bordered round\"><\/i>\n<h5  class=\"\">Toma de pedidos m\u00f3viles<\/h5>\n<p  class=\"\">Cree pedidos de cualquier tama\u00f1o con un sistema f\u00e1cil de usar. Use listas de productos y precios para adaptar las experiencias de ventas a sus clientes.<\/p>\n<\/div>\n<div  class=\"col-md-6 col-sm-6 col-xs-12\" data-type=\"column\"><i  class=\"mdi icon mdi-database small color1 bordered round\"><\/i>\n<h5  class=\"\">Impresi\u00f3n y facturaci\u00f3n m\u00f3vil<\/h5>\n<p  class=\"\">Cree plantillas para facturas personalizadas sobre la marcha. Env\u00edelos por correo electr\u00f3nico a los clientes con captura de firma electr\u00f3nica, o use bluetooth para imprimir en una impresora Zebra.&nbsp;<\/p>\n<\/div>\n<div  class=\"col-md-6 col-sm-6 col-xs-12\" data-type=\"column\"><i  class=\"mdi icon mdi-database small color1 bordered round\"><\/i>\n<h5  class=\"\">Inventario en vivo\/Sincronizaci\u00f3n de ERP<\/h5>\n<p  class=\"\">inSitu Sales se integra con QuickBooks Online &amp; Desktop, SAP B1, Epicor, Fishbowl, ShipStation y Xero para garantizar que los representantes tengan informaci\u00f3n precisa sobre el inventario y los precios \u00fanicos.&nbsp;<\/p>\n<\/div>\n<\/div>\n<\/div>\n<\/div>\n<\/div>\n<\/div><!-- \/wp:extendstudio\/materialis--><!-- wp:extendstudio\/materialis--><div  data-label=\"Content\" data-id=\"content--3\" data-export-id=\"content-14-materialis\" data-category=\"content\" class=\"content-14m content-section-spacing-large content-section dark-text\" id=\"content-3\" style=\"background-color: #f5fafd;\">\n<div  class=\"gridContainer\">\n<div  class=\"row middle-xs space-bottom-large\">\n<div  class=\"col-md-5 col-xs-12 col-sm-6 content-left-sm space-bottom-xs-large\" data-type=\"column\">\n<h2  class=\"\">Portal de comercio electr\u00f3nico B2B para pedidos al por mayor<\/h2>\n<p  class=\"\">Un portal de pedidos de autoservicio eficiente que brinda a los representantes de ventas una forma de brindar de manera confiable una experiencia \u00fanica y centrada en el comprador a los clientes a trav\u00e9s de m\u00faltiples canales y territorios de ventas. <a href=\"https:\/\/www.insitusales.com\/es\/integraciones\/\"><b >Integraci\u00f3n ERP <\/b><\/a>para pagos y facturas, adem\u00e1s <a href=\"https:\/\/www.insitusales.com\/es\/integraciones\/integracion-de-estaciones-de-barco\/\"><b >ShipStation<\/b><\/a> y tambi\u00e9n con&nbsp;<a href=\"https:\/\/www.insitusales.com\/es\/integraciones\/pecera-inventario-integracion\/\"><b >Fishbowl<\/b><\/a>&nbsp;para el cumplimiento, hace que sea m\u00e1s f\u00e1cil que nunca automatizar su proceso mayorista.<\/p>\n<\/div>\n<div  class=\"col-md-6 col-md-offset-1 col-xs-12 col-sm-6\"><a href=\"https:\/\/www.insitusales.com\/es\/soluciones\/comercio-electronico-b2b\/\"><img decoding=\"async\" fetchpriority=\"high\" class=\"mdc-elevation--z0 alignnone\" src=\"https:\/\/www.insitusales.com\/wp-content\/uploads\/B2B-ecommerce-for-cpg-distributors.png\" alt=\"comercio electr\u00f3nico b2b para distribuidores de cpg \" width=\"1037\" height=\"819\" title=\"\"><\/a><\/div>\n<\/div>\n<div  class=\"row middle-xs top-sm spaced-cols content-left-sm\" data-type=\"row\">\n<div  class=\"col-md-3 col-sm-6 col-xs-12 border-top-color1 padding-first-el\" data-type=\"column\">\n<h5  class=\"\">Centrado en el cat\u00e1logo de productos digitales personalizados&nbsp;<\/h5>\n<p  class=\"\">Use un dise\u00f1o creado para enfatizar el valor de sus productos y centre el compromiso en completar pedidos.<\/p>\n<\/div>\n<div  class=\"col-md-3 col-sm-6 col-xs-12 border-top-color2 padding-first-el\" data-type=\"column\">\n<h5  class=\"\">Adaptado a los clientes<\/h5>\n<p  class=\"\">Cree listas \u00fanicas de productos, precios, promociones y opciones de pago para niveles adicionales de orientaci\u00f3n al cliente<\/p>\n<\/div>\n<div  class=\"col-md-3 col-sm-6 col-xs-12 border-top-color4 padding-first-el\" data-type=\"column\">\n<h5  class=\"\">Gesti\u00f3n de pedidos optimizada<\/h5>\n<p  class=\"\">Optimice la gesti\u00f3n a trav\u00e9s de un panel simplificado que le permite aprobar pedidos, crear informes y configurar el flujo de cumplimiento.&nbsp;<\/p>\n<\/div>\n<div  class=\"col-md-3 col-sm-6 col-xs-12 border-top-color5 padding-first-el\" data-type=\"column\">\n<h5  class=\"\">Ver facturas e historial de pedidos<\/h5>\n<p  class=\"\">Visite los historiales de los clientes en cualquier momento para ver las facturas pendientes y una lista detallada de art\u00edculos por pedido para cualquier cliente buscado.<\/p>\n<\/div>\n<\/div>\n<div  class=\"row row-last\">\n<div  class=\"col-xs-12\" data-type=\"column\"><\/div>\n<\/div>\n<\/div>\n<\/div><!-- \/wp:extendstudio\/materialis-->","protected":false},"excerpt":{"rendered":"<p>Descubra por qu\u00e9 m\u00e1s mayoristas de CPG est\u00e1n cambiando al comercio electr\u00f3nico B2B, ventas de campo y DSD de insitu sales para distribuidores de alimentos y bebidas. inSitu Sales prioriza la reducci\u00f3n de los costos base por licencia para maximizar el valor de las funciones de ventas esenciales, como el comercio electr\u00f3nico B2B, la toma de pedidos m\u00f3viles y las entregas directas en tienda. (DSD). Prueba gratuita de 14 d\u00edasReserve una demostraci\u00f3n gratuita...<\/p>","protected":false},"author":8,"featured_media":0,"parent":12093,"menu_order":0,"comment_status":"closed","ping_status":"closed","template":"pro\/page-templates\/page-with-small-header.php","meta":{"footnotes":""},"class_list":["post-11522","page","type-page","status-publish","hentry"],"_links":{"self":[{"href":"https:\/\/www.insitusales.com\/es\/wp-json\/wp\/v2\/pages\/11522","targetHints":{"allow":["GET"]}}],"collection":[{"href":"https:\/\/www.insitusales.com\/es\/wp-json\/wp\/v2\/pages"}],"about":[{"href":"https:\/\/www.insitusales.com\/es\/wp-json\/wp\/v2\/types\/page"}],"author":[{"embeddable":true,"href":"https:\/\/www.insitusales.com\/es\/wp-json\/wp\/v2\/users\/8"}],"replies":[{"embeddable":true,"href":"https:\/\/www.insitusales.com\/es\/wp-json\/wp\/v2\/comments?post=11522"}],"version-history":[{"count":10,"href":"https:\/\/www.insitusales.com\/es\/wp-json\/wp\/v2\/pages\/11522\/revisions"}],"predecessor-version":[{"id":14263,"href":"https:\/\/www.insitusales.com\/es\/wp-json\/wp\/v2\/pages\/11522\/revisions\/14263"}],"up":[{"embeddable":true,"href":"https:\/\/www.insitusales.com\/es\/wp-json\/wp\/v2\/pages\/12093"}],"wp:attachment":[{"href":"https:\/\/www.insitusales.com\/es\/wp-json\/wp\/v2\/media?parent=11522"}],"curies":[{"name":"gracias","href":"https:\/\/api.w.org\/{rel}","templated":true}]}}