{"id":11359,"date":"2022-06-13T19:04:08","date_gmt":"2022-06-13T19:04:08","guid":{"rendered":"https:\/\/www.insitusales.com\/?page_id=11359"},"modified":"2024-10-01T19:33:57","modified_gmt":"2024-10-01T19:33:57","slug":"integracion-de-estaciones-de-barco","status":"publish","type":"page","link":"https:\/\/www.insitusales.com\/es\/integraciones\/integracion-de-estaciones-de-barco\/","title":{"rendered":"Integraci\u00f3n de ShipStation"},"content":{"rendered":"<!-- wp:extendstudio\/materialis-->\r\n<div data-label=\"Content\" data-id=\"content--1\" data-export-id=\"content-8-materialis\" data-category=\"content\" class=\"content-8m content-section-spacing-large content-section\" id=\"content-1\" style=\"background-color: #ffffff;\">\r\n<div class=\"gridContainer\">\r\n<div class=\"row middle-sm\">\r\n<div class=\"col-md-5 col-xs-12 col-sm-6 space-bottom-xs\" data-type=\"column\">\r\n<h6 class=\"upper\">pedidos listos para enviar en minutos<\/h6>\r\n<h1 class=\"\">Integraci\u00f3n de gesti\u00f3n de pedidos de ShipStation para comercio electr\u00f3nico\u00a0<\/h1>\r\n<p class=\"space-top\">inSitu Sales se ha asociado con ShipStation para que la impresi\u00f3n de etiquetas y el env\u00edo de pedidos desde su portal de comercio electr\u00f3nico B2B sea m\u00e1s f\u00e1cil que nunca. <br \/><br \/>Elija servicios de env\u00edo como USPS, UPS o DHL Express. Inicie una\u00a0\u00a0<a href=\"https:\/\/www.shipstation.com\/pricing\" rel=\"nofollow noopener\" target=\"_blank\" class=\"\">Plan de suscripci\u00f3n de ShipStation<\/a>\u00a0y deja de preocuparte por tus env\u00edos.\u00a0<\/p>\r\n<a class=\"button big null color1\" href=\"https:\/\/app.insitusales.com\/inSituSignUp\/register\" target=\"_self\" data-cp-link=\"1\" data-icon=\"\" rel=\"noopener\">PRUEBA GRATUITA DE 14 D\u00cdAS<\/a><a class=\"button null big color2\" href=\"https:\/\/calendly.com\/insitu-sales\/demo-tour-of-insitu-sales\" target=\"_self\" data-cp-link=\"1\" data-icon=\"\" rel=\"noopener\">AGENDAR DEMO<\/a><\/div>\r\n<div class=\"col-md-6 col-md-offset-1 col-xs-12 col-sm-6\"><img decoding=\"async\" class=\"mdc-elevation--z9 rounded\" src=\"https:\/\/www.insitusales.com\/wp-content\/uploads\/cropped-Shipstation-e1655148651520.png\" alt=\"\" title=\"\"><\/div>\r\n<\/div>\r\n<\/div>\r\n<\/div>\r\n<!-- \/wp:extendstudio\/materialis-->\r\n\r\n<!-- wp:extendstudio\/materialis-->\r\n<div data-label=\"Content\" data-id=\"content--2\" data-export-id=\"content-11-materialis\" data-category=\"content\" class=\"content-11m content-section\" id=\"content-2\" style=\"background-color: #f5fafd;\">\r\n<div class=\"\">\r\n<div class=\"row\">\r\n<div class=\"col-xs-12 col-sm-5 no-padding image-col flexbox middle-sm\"><img decoding=\"async\" src=\"https:\/\/www.insitusales.com\/wp-content\/uploads\/shipstation-shipment-e1655157879691.png\" class=\"image-offset mdc-elevation--z0\" alt=\"\" title=\"\"><\/div>\r\n<div class=\"col-xs-12 col-sm-7 first-xs last-sm\">\r\n<div class=\"row middle-sm full-height-row\">\r\n<div class=\"col-xs-12 col-sm-8 col-padding col-sm-offset-2\" data-type=\"column\">\r\n<h6 class=\"font-400\">Un sistema simplificado para pedidos de venta de comercio electr\u00f3nico<\/h6>\r\n<h2 class=\"\">Por qu\u00e9 enviar pedidos a trav\u00e9s de ShipStation\u00a0<\/h2>\r\n<p class=\"space-bottom\">ShipStation permite a los distribuidores imprimir etiquetas y preparar pedidos de cualquier tama\u00f1o para su env\u00edo con solo un par de clics. Tambi\u00e9n puede usar la pesta\u00f1a Insights para informes con datos visuales de operaciones, actividad del cliente y aspectos destacados del producto.<br \/><br \/>Mantenga los almacenes activos y elimine las barreras que consumen mucho tiempo y que impiden que su comercio electr\u00f3nico opere con la eficiencia que deber\u00eda ser.\u00a0\u00a0<\/p>\r\n<\/div>\r\n<\/div>\r\n<\/div>\r\n<\/div>\r\n<\/div>\r\n<\/div>\r\n<!-- \/wp:extendstudio\/materialis-->\r\n\r\n<!-- wp:extendstudio\/materialis-->\r\n<div data-label=\"Features\" data-id=\"features--2\" data-export-id=\"features-16-materialis\" data-category=\"features\" class=\"features-16m content-section content-section-spacing-large dark-text content-relative\" id=\"features-2\" style=\"background-color: #f5fafd;\">\r\n<div class=\"section-separator-top\"><svg xmlns=\"http:\/\/www.w3.org\/2000\/svg\" viewbox=\"0 0 1000 20\" preserveaspectratio=\"none\" data-separator-name=\"split\" class=\"section-separator-top\"> <path class=\"svg-white-bg\" d=\"M0,0v3c0,0,393.8,0,483.4,0c9.2,0,16.6,7.4,16.6,16.6c0-9.1,7.4-16.6,16.6-16.6C606.2,3,1000,3,1000,3V0H0z\"><\/path> <\/svg><\/div>\r\n<div class=\"gridContainer\">\r\n<div class=\"row\">\r\n<div class=\"section-title-col\" data-type=\"column\">\r\n<h2 class=\"\">C\u00f3mo sincronizar su cuenta de ShipStation<\/h2>\r\n<img decoding=\"async\" class=\"custom-image\" src=\"https:\/\/www.insitusales.com\/wp-content\/uploads\/shipstation-sync-e1655156799738.png\" alt=\"\" title=\"\"><\/div>\r\n<\/div>\r\n<div class=\"row top-xs space-top number-containers content-center-sm\" data-type=\"row\">\r\n<div class=\"col-md-3 col-sm-6 col-xs-12 space-bottom space-top-xs\">\r\n<div class=\"number-container space-bottom\" data-fixed=\"true\">\r\n<div class=\"link-line left\"><\/div>\r\n<p class=\"border-color1-small number\">1<\/p>\r\n<div class=\"link-line right\"><\/div>\r\n<\/div>\r\n<div class=\"content-box\" data-type=\"column\">\r\n<h5 class=\"\">Seleccione &#039;ShipStation&#039; en la pesta\u00f1a Integraciones<\/h5>\r\n<p class=\"\">Log in a su portal de administraci\u00f3n, luego despl\u00e1cese hacia abajo hasta Integraciones, donde puede seleccionar ShipStation en el men\u00fa desplegable.\u00a0<\/p>\r\n<\/div>\r\n<\/div>\r\n<div class=\"col-md-3 col-sm-6 col-xs-12 space-bottom space-top-xs\">\r\n<div class=\"number-container space-bottom\" data-fixed=\"true\">\r\n<div class=\"link-line left\"><\/div>\r\n<p class=\"border-color1-small number\">2<\/p>\r\n<div class=\"link-line right\"><\/div>\r\n<\/div>\r\n<div class=\"content-box\" data-type=\"column\">\r\n<h5 class=\"\">Ingrese su informacion<\/h5>\r\n<p class=\"\">Ingrese la API de su cuenta, luego las Clases y los Almacenes que desea sincronizar.<\/p>\r\n<\/div>\r\n<\/div>\r\n<div class=\"col-md-3 col-sm-6 col-xs-12 space-bottom space-top-xs\">\r\n<div class=\"number-container space-bottom\" data-fixed=\"true\">\r\n<div class=\"link-line left\"><\/div>\r\n<p class=\"border-color1-small number\">3<\/p>\r\n<div class=\"link-line right\"><\/div>\r\n<\/div>\r\n<div class=\"content-box\" data-type=\"column\">\r\n<h5 class=\"\">Haga clic en Sincronizar ahora<\/h5>\r\n<p class=\"\">En la parte superior derecha de la p\u00e1gina, puede encontrar un cuadro m\u00e1s peque\u00f1o con el mensaje &quot;Sincronizar ahora&quot;. Haga clic aqu\u00ed para comenzar a sincronizar pedidos de ventas.<\/p>\r\n<\/div>\r\n<\/div>\r\n<div class=\"col-md-3 col-sm-6 col-xs-12 space-bottom space-top-xs\">\r\n<div class=\"number-container space-bottom\" data-fixed=\"true\">\r\n<div class=\"link-line left\"><\/div>\r\n<p class=\"border-color1-small number\">4<\/p>\r\n<div class=\"link-line right\"><\/div>\r\n<\/div>\r\n<div class=\"content-box\" data-type=\"column\">\r\n<h5 class=\"\">Comience a crear etiquetas y \u00f3rdenes de env\u00edo<\/h5>\r\n<p class=\"\">Confirme que sus datos muestran &#039;\u00c9xito&#039;, lo que significa que sus datos se integraron correctamente y ahora puede usar ShipStation para pedidos a trav\u00e9s de inSitu Sales.\u00a0<\/p>\r\n<\/div>\r\n<\/div>\r\n<\/div>\r\n<\/div>\r\n<\/div>\r\n<!-- \/wp:extendstudio\/materialis-->","protected":false},"excerpt":{"rendered":"<p>Pedidos listos para enviar en minutos Integraci\u00f3n de gesti\u00f3n de pedidos de ShipStation para comercio electr\u00f3nico inSitu Sales se ha asociado con ShipStation para que la impresi\u00f3n de etiquetas y el env\u00edo de pedidos desde su portal de comercio electr\u00f3nico B2B sea m\u00e1s f\u00e1cil que nunca. Elija servicios de entrega como USPS, UPS o DHL Express. Comience un plan de suscripci\u00f3n de ShipStation y deje de preocuparse por sus env\u00edos. PRUEBA GRATUITA DE 14 D\u00cdAS RESERVAR DEMOSTRACI\u00d3N \u2026<\/p>","protected":false},"author":8,"featured_media":0,"parent":7904,"menu_order":0,"comment_status":"closed","ping_status":"closed","template":"pro\/page-templates\/page-with-small-header.php","meta":{"footnotes":""},"class_list":["post-11359","page","type-page","status-publish","hentry"],"_links":{"self":[{"href":"https:\/\/www.insitusales.com\/es\/wp-json\/wp\/v2\/pages\/11359","targetHints":{"allow":["GET"]}}],"collection":[{"href":"https:\/\/www.insitusales.com\/es\/wp-json\/wp\/v2\/pages"}],"about":[{"href":"https:\/\/www.insitusales.com\/es\/wp-json\/wp\/v2\/types\/page"}],"author":[{"embeddable":true,"href":"https:\/\/www.insitusales.com\/es\/wp-json\/wp\/v2\/users\/8"}],"replies":[{"embeddable":true,"href":"https:\/\/www.insitusales.com\/es\/wp-json\/wp\/v2\/comments?post=11359"}],"version-history":[{"count":9,"href":"https:\/\/www.insitusales.com\/es\/wp-json\/wp\/v2\/pages\/11359\/revisions"}],"predecessor-version":[{"id":14425,"href":"https:\/\/www.insitusales.com\/es\/wp-json\/wp\/v2\/pages\/11359\/revisions\/14425"}],"up":[{"embeddable":true,"href":"https:\/\/www.insitusales.com\/es\/wp-json\/wp\/v2\/pages\/7904"}],"wp:attachment":[{"href":"https:\/\/www.insitusales.com\/es\/wp-json\/wp\/v2\/media?parent=11359"}],"curies":[{"name":"gracias","href":"https:\/\/api.w.org\/{rel}","templated":true}]}}