{"id":11173,"date":"2022-02-08T17:39:11","date_gmt":"2022-02-08T17:39:11","guid":{"rendered":"https:\/\/www.insitusales.com\/?page_id=11173"},"modified":"2022-11-05T00:48:53","modified_gmt":"2022-11-05T00:48:53","slug":"precios-latam","status":"publish","type":"page","link":"https:\/\/www.insitusales.com\/es\/precios-latam\/","title":{"rendered":"Precios-latam"},"content":{"rendered":"<div data-label=\"Pricing\" data-id=\"pricing--1\" data-export-id=\"pricing-10-materialis\" data-category=\"pricing\" class=\"pricing-10-materialis content-section content-section-spacing-large section-title-col-dark-text\" id=\"pricing-1\" style=\"background-color: #ffffff;\">\r\n<div class=\"gridContainer\">\r\n<div class=\"row\">\r\n<div data-type=\"column\" class=\"section-title-col\">\r\n<h1 class=\"\" style=\"text-align: center;\">Planes de precios<\/h1>\r\n<p class=\"lead\" style=\"text-align: center;\">Nuestra investigaci\u00f3n de mercado garantiza que estamos ofreciendo los precios m\u00e1s bajos posibles mientras cumplimos con las caracter\u00edsticas de ventas esenciales para los servicios que ofrecemos. <b>Sin costos adicionales de inicio \/ configuraci\u00f3n: lo que ve es lo que paga *. *<span style=\"font-weight: 400;\"><em>Las tarifas de suscripci\u00f3n se fijan permanentemente a la tarifa que se cobra inicialmente y no cambiar\u00e1n con el tiempo.<\/em>.\u00a0<\/span><\/b><br \/><span><span><\/span><\/span>Los productos reciben actualizaciones y adiciones frecuentes, y las suscripciones garantizan un soporte receptivo y una soluci\u00f3n de problemas oportuna para su negocio.<\/p>\r\n<\/div>\r\n<\/div>\r\n<div class=\"row spaced-cols center-sm\" data-type=\"row\" data-max-items=\"4\">\r\n<div class=\"col-xs-12 col-sm-4 text-center\">\r\n<div class=\"pos-relative border-radius-10 card mdc-elevation--z5\">\r\n<div class=\"first-div bg-color4\"><\/div>\r\n<div data-type=\"column\" class=\"pos-relative margin-top-bottom\"><a href=\"https:\/\/www.insitusales.com\/es\/soluciones\/aplicacion-de-ventas-de-campo\/\" class=\"\"><img decoding=\"async\" loading=\"lazy\" class=\"custom-image alignnone\" src=\"https:\/\/www.insitusales.com\/wp-content\/uploads\/cropped-routeoptimization_vectorgraphic300-1.png\" alt=\"Aplicaci\u00f3n de ventas\" width=\"300\" height=\"216\" title=\"\"><\/a>\r\n<h4 class=\"\"><a href=\"https:\/\/www.insitusales.com\/es\/soluciones\/aplicacion-de-ventas-de-campo\/\">Sitio de administraci\u00f3n y aplicaci\u00f3n de ventas<\/a><\/h4>\r\n<ul class=\"unstyled checked-ul text-center\">\r\n<li>Integraci\u00f3n con QuickBooks, SAP, Excel o Xero<\/li>\r\n<li>Sitio web de administraci\u00f3n incluido en todos los planes<\/li>\r\n<li>Actualizaciones ilimitadas y Servicio al cliente.<\/li>\r\n<li>Acceso a todas las funciones de la aplicaci\u00f3n m\u00f3vil.<\/li>\r\n<li>Tarifas de procesamiento de tarjetas de cr\u00e9dito adicionales, establecidas por el proveedor<\/li>\r\n<\/ul>\r\n<div class=\"\"><a class=\"button mdc-ripple-upgraded big no-shadow color5\" href=\"https:\/\/insitusales-latam.agilecrm.com\/forms\/5025300833959936\" target=\"lightbox\" data-cp-link=\"1\" data-icon=\"\" rel=\"noopener noreferrer\">COTICE ACA<\/a><\/div>\r\n<a class=\"button null mdc-ripple-upgraded color4\" href=\"https:\/\/calendly.com\/giovaniquitian\/reunion-para-presentacion-y-ayuda-a-configurar-demo-gratis\" target=\"lightbox\" data-cp-link=\"1\" data-icon=\"\" rel=\"noopener\">Agende un demo<\/a><a class=\"button null mdc-ripple-upgraded no-shadow color4 outline\" href=\"https:\/\/www.insitusales.com\/es\/soluciones\/aplicacion-de-ventas-de-campo\/\" target=\"_self\" data-cp-link=\"1\" data-icon=\"\" rel=\"noopener noreferrer\">M\u00e1s informaci\u00f3n<\/a><\/div>\r\n<\/div>\r\n<\/div>\r\n<div class=\"col-xs-12 col-sm-4 text-center\">\r\n<div class=\"pos-relative border-radius-10 card mdc-elevation--z5\">\r\n<div class=\"first-div bg-color1\"><\/div>\r\n<div data-type=\"column\" class=\"pos-relative margin-top-bottom\"><a href=\"https:\/\/www.insitusales.com\/es\/soluciones\/comercio-electronico-b2b\/\" class=\"\"><img decoding=\"async\" loading=\"lazy\" class=\"custom-image alignnone\" src=\"https:\/\/www.insitusales.com\/wp-content\/uploads\/B2B-ecommerce.png\" alt=\"Portal e-commerce B2B\" width=\"300\" height=\"216\" title=\"\"><\/a>\r\n<h4 class=\"\"><a href=\"https:\/\/www.insitusales.com\/es\/soluciones\/comercio-electronico-b2b\/\">Portal de comercio electr\u00f3nico B2B<\/a><\/h4>\r\n<ul class=\"unstyled checked-ul text-center\">\r\n<li>Integraci\u00f3n con QuickBooks, SAP, Excel y Xero<\/li>\r\n<li>Cuentas de acceso ilimitado del comprador al sitio web de marca<\/li>\r\n<li>Gesti\u00f3n y pagos de facturas online<\/li>\r\n<li>Acepta tarjetas de cr\u00e9dito o acepta pedidos para un pago posterior<\/li>\r\n<li>Tarifas de procesamiento de tarjetas de cr\u00e9dito adicionales, establecidas por el proveedor<\/li>\r\n<\/ul>\r\n<div class=\"\"><a class=\"button mdc-ripple-upgraded null big no-shadow color5\" href=\"https:\/\/insitusales-latam.agilecrm.com\/forms\/5025300833959936\" target=\"lightbox\" data-cp-link=\"1\" data-icon=\"\" rel=\"noopener noreferrer\" style=\"--mdc-ripple-fg-size: 91.32px; --mdc-ripple-fg-scale: 1.83277; --mdc-ripple-fg-translate-start: 0.740025px, -35.9975px; --mdc-ripple-fg-translate-end: 30.44px, -25.66px;\">COTICE ACA<\/a><\/div>\r\n<a class=\"button null mdc-ripple-upgraded no-shadow color1\" href=\"https:\/\/calendly.com\/giovaniquitian\/reunion-para-presentacion-y-ayuda-a-configurar-demo-gratis\" target=\"lightbox\" data-cp-link=\"1\" data-icon=\"\" rel=\"noopener\" style=\"--mdc-ripple-fg-size: 105.6px; --mdc-ripple-fg-scale: 1.80387; --mdc-ripple-fg-translate-start: 75.9px, -34.3375px; --mdc-ripple-fg-translate-end: 35.2px, -32.8px;\">Agende un demo<\/a> <a class=\"button null outline mdc-ripple-upgraded color1\" href=\"https:\/\/www.insitusales.com\/es\/soluciones\/comercio-electronico-b2b\/\" target=\"_self\" data-cp-link=\"1\" data-icon=\"\" rel=\"noopener noreferrer\">Mas info<\/a><a class=\"button null mdc-ripple-upgraded no-shadow color1 link\" href=\"https:\/\/www.insitusales.com\/es\/soluciones\/comercio-electronico-b2b\/aplicacion-whitelabel-b2b\/\" target=\"_self\" data-cp-link=\"1\" data-icon=\"\" rel=\"noopener\">Info white label app<\/a><\/div>\r\n<\/div>\r\n<\/div>\r\n<div class=\"col-xs-12 col-sm-4 text-center\">\r\n<div class=\"pos-relative border-radius-10 card mdc-elevation--z5\">\r\n<div class=\"first-div bg-color3\"><\/div>\r\n<div data-type=\"column\" class=\"pos-relative margin-top-bottom\"><a href=\"https:\/\/www.insitusales.com\/es\/soluciones\/software-de-analisis-de-ventas\/\" class=\"\"><img decoding=\"async\" loading=\"lazy\" class=\"custom-image alignnone\" src=\"https:\/\/www.insitusales.com\/wp-content\/uploads\/sales-analytics-tools.png\" alt=\"software de an\u00e1lisis de ventas\" width=\"300\" height=\"213\" title=\"\"><\/a>\r\n<h4 class=\"\"><a href=\"https:\/\/www.insitusales.com\/es\/soluciones\/software-de-analisis-de-ventas\/\">An\u00e1lisis avanzado de ventas<\/a><\/h4>\r\n<ul class=\"unstyled checked-ul text-center\">\r\n<li>Integraci\u00f3n con QuickBooks, SAP, Excel o Xero<\/li>\r\n<li>Tablero mejorado, an\u00e1lisis adicionales y tablas din\u00e1micas<\/li>\r\n<li>An\u00e1lisis avanzado: seguimiento, comparaciones y m\u00e1s<\/li>\r\n<li>Generador de cat\u00e1logos de productos en PDF<\/li>\r\n<li>Pronto: pron\u00f3stico, pedidos inteligentes con IA, recomendaciones<\/li>\r\n<\/ul>\r\n<div class=\"\"><a class=\"button mdc-ripple-upgraded big no-shadow color5\" href=\"https:\/\/insitusales-latam.agilecrm.com\/forms\/5025300833959936\" target=\"_blank\" data-cp-link=\"1\" data-icon=\"\" rel=\"noopener noreferrer\">COTICE ACA<\/a><\/div>\r\n<a class=\"button null mdc-ripple-upgraded color3\" href=\"https:\/\/calendly.com\/giovaniquitian\/reunion-para-presentacion-y-ayuda-a-configurar-demo-gratis\" target=\"lightbox\" data-cp-link=\"1\" data-icon=\"\" rel=\"noopener\" style=\"--mdc-ripple-fg-size: 105.6px; --mdc-ripple-fg-scale: 1.80387; --mdc-ripple-fg-translate-start: -25.85px, -45.375px; --mdc-ripple-fg-translate-end: 35.2px, -32.8px;\">Agende un demo<\/a> <a class=\"button null mdc-ripple-upgraded no-shadow color3 outline\" href=\"https:\/\/www.insitusales.com\/es\/soluciones\/software-de-analisis-de-ventas\/\" target=\"_self\" data-cp-link=\"1\" data-icon=\"\" rel=\"noopener noreferrer\">M\u00e1s informaci\u00f3n<\/a><\/div>\r\n<\/div>\r\n<\/div>\r\n<\/div>\r\n<\/div>\r\n<\/div>\r\n\r\n\r\n\r\n<div data-label=\"Content\" data-id=\"content--1\" data-export-id=\"content-10-materialis\" data-category=\"content\" class=\"content-10m content-section dark-text\" id=\"content-1\" style=\"background-color: #ffffff; background-image: none;\">\r\n<div class=\"\">\r\n<div class=\"row\">\r\n<div class=\"col-xs-12 col-sm-7\">\r\n<div class=\"row middle-sm full-height-row\">\r\n<div class=\"col-xs-12 col-sm-8 col-sm-offset-2 col-padding\" data-type=\"column\">\r\n<h6 class=\"font-400\">Una potente soluci\u00f3n de gesti\u00f3n de ventas B2B integrada<\/h6>\r\n<h2 class=\"\">F\u00e1cil de implementar <br \/><span style=\"font-family: 'Playfair Display', arial, helvetica, sans-serif; font-weight: bold; font-style: italic;\">Empiece gratis<\/span><\/h2>\r\n<p class=\"space-bottom\">Obtenga acceso a la suite inSitu Sales completa durante dos semanas, sin necesidad de tarjeta de cr\u00e9dito. La configuraci\u00f3n es r\u00e1pida y f\u00e1cil, pero si tiene alguna pregunta, nuestro equipo de soporte est\u00e1 aqu\u00ed para ayudarlo. <br \/><br \/>\u00bfBusca una experiencia m\u00e1s personalizada? Reserve una demostraci\u00f3n con nuestro equipo. Podemos guiarlo a trav\u00e9s de un recorrido completo, o si tiene poco tiempo, ofrecemos una descripci\u00f3n general r\u00e1pida.\u00a0<\/p>\r\n<a class=\"button mdc-elevation--z1 space-bottom-small no-shadow color1 mdc-ripple-upgraded\" href=\"https:\/\/app.insitusales.com\/inSituSignUp\/register\" target=\"_self\" data-cp-link=\"1\" data-icon=\"\" rel=\"noopener noreferrer\">INICIAR PRUEBA DE DOS SEMANAS<\/a><a class=\"button mdc-ripple-upgraded no-shadow color1 outline\" href=\"https:\/\/calendly.com\/giovaniquitian\/reunion-para-presentacion-y-ayuda-a-configurar-demo-gratis\" target=\"_blank\" data-cp-link=\"1\" data-icon=\"\" rel=\"noopener noreferrer\">RESERVA UNA DEMO<\/a><\/div>\r\n<\/div>\r\n<\/div>\r\n<div class=\"col-xs-12 col-sm-5 no-padding image-col flexbox middle-sm\"><img decoding=\"async\" src=\"https:\/\/www.insitusales.com\/wp-content\/uploads\/2020\/09\/cropped-undraw_design_components_9vy6.png\" class=\"image-offset mdc-elevation--z0\" alt=\"\" title=\"\"><\/div>\r\n<\/div>\r\n<\/div>\r\n<\/div>\r\n\r\n\r\n\r\n<div data-label=\"Content\" data-id=\"content--2\" data-export-id=\"content-4-materialis\" data-category=\"content\" class=\"content-4m content-section content-section-spacing-large dark-text\" id=\"content-2\" style=\"background-color: #ffffff;\">\r\n<div>\r\n<div class=\"row middle-xs\">\r\n<div class=\"col-md-7 col-xs-12 col-sm-6 image-container\"><img decoding=\"async\" src=\"https:\/\/www.insitusales.com\/wp-content\/uploads\/2020\/03\/cropped-Screen-Shot-2020-03-17-at-9.06.09-AM_macbookpro13_front-7.png\" class=\"pull-image-left mdc-elevation--z0\" alt=\"\" title=\"\"><\/div>\r\n<div class=\"col-md-5 col-xs-12 col-sm-6 content-left-sm full-col-right-padding first-xs last-sm space-top-xs\" data-type=\"column\">\r\n<h2 class=\"\">Compatibilidad multiplataforma<\/h2>\r\n<p class=\"lead\">Todos los niveles incluyen acceso a la plataforma inSitu Sales, su \u00fanica fuente de informaci\u00f3n en todos los dispositivos. El inventario se actualiza en su ERP, aplicaci\u00f3n de ventas de campo y escaparate de comercio electr\u00f3nico B2B (si se compra): una soluci\u00f3n simple que impulsa los resultados comerciales.<\/p>\r\n<a class=\"button mdc-elevation--z1 space-bottom-small big no-shadow color1 mdc-ripple-upgraded\" href=\"https:\/\/app.insitusales.com\/inSituSignUp\/register\" target=\"_self\" data-cp-link=\"1\" data-icon=\"\" rel=\"noopener noreferrer\">COMENZAR<\/a><\/div>\r\n<\/div>\r\n<\/div>\r\n<\/div>\r\n\r\n\r\n\r\n<div data-label=\"Counters\" data-id=\"counters--1\" data-export-id=\"counters-12-materialis\" data-category=\"counters\" class=\"counters-12m content-section content-section-spacing-large dark-text\" id=\"counters-1\" style=\"background-color: #f5fafd;\">\r\n<div class=\"gridContainer\">\r\n<div class=\"row\">\r\n<div class=\"section-title-col\" data-type=\"column\">\r\n<h2 class=\"\">Experimente las herramientas de ventas m\u00f3viles m\u00e1s populares en 2021<\/h2>\r\n<p class=\"lead\"><span style=\"font-weight: bold;\">Descubra por qu\u00e9 somos una de las aplicaciones de ventas m\u00f3viles m\u00e1s descargadas y mejor calificadas tanto en App Store como en Google Play. <\/span><br \/><br \/>T\u00f3melo de aquellos que ya han empoderado a sus representantes de ventas de campo y han visto los cambios que nuestro software de ventas puede aportar a las entregas de rutina y los pedidos de ventas. <br \/><br \/>Siempre cambiando y mejorando para satisfacer mejor las necesidades de nuestros usuarios, inSitu Sales es la soluci\u00f3n de software de ventas de campo intuitiva que ha estado buscando.<\/p>\r\n<\/div>\r\n<\/div>\r\n<div class=\"row content-center-sm center-sm\" data-type=\"row\">\r\n<div class=\"col-xs-6 col-md-2\">\r\n<div class=\"col-padding\" data-type=\"column\">\r\n<h2 class=\"counter-text color1\" data-min=\"0\" data-max=\"5400\" data-duration=\"2000\" data-prefix=\"\" data-suffix=\" \" data-countup=\"true\"><\/h2>\r\n<h6 class=\"upper\">USUARIOS<\/h6>\r\n<\/div>\r\n<\/div>\r\n<div class=\"col-xs-6 col-md-2\">\r\n<div class=\"col-padding\" data-type=\"column\">\r\n<h2 class=\"counter-text color5\" data-min=\"0\" data-max=\"30\" data-duration=\"2000\" data-prefix=\"\" data-suffix=\" \" data-countup=\"true\"><\/h2>\r\n<h6 class=\"upper\">PARTNERS<\/h6>\r\n<\/div>\r\n<\/div>\r\n<div class=\"col-xs-6 col-md-2\">\r\n<div class=\"col-padding\" data-type=\"column\">\r\n<h2 class=\"counter-text color4\" data-min=\"0\" data-max=\"99.99\" data-duration=\"2000\" data-prefix=\"\" data-suffix=\"%\" data-countup=\"true\"><\/h2>\r\n<h6 class=\"upper\">Tiempo de actividad<\/h6>\r\n<\/div>\r\n<\/div>\r\n<\/div>\r\n<\/div>\r\n<\/div>\r\n\r\n\r\n\r\n<div data-label=\"Features\" data-id=\"features--1\" data-export-id=\"features-15-materialis\" data-category=\"features\" class=\"features-15m content-section content-section-spacing-large dark-text\" id=\"features-1\" style=\"background-color: #ffffff;\">\r\n<div class=\"gridContainer\">\r\n<div class=\"row\">\r\n<div class=\"section-title-col\" data-type=\"column\">\r\n<h2 class=\"\">Preguntas frecuentes<\/h2>\r\n<p class=\"\">Aunque com\u00fanmente recibimos preguntas como estas, nos complace repasar sus solicitudes espec\u00edficas y responder cualquier pregunta que pueda tener. Nuestro equipo de soporte est\u00e1 siempre a solo un clic o una llamada de distancia.<\/p>\r\n<\/div>\r\n<\/div>\r\n<div class=\"row top-xs space-top-small\" data-type=\"row\">\r\n<div class=\"col-padding col-padding-small-xs col-md-4 col-sm-6 col-xs-12\" data-type=\"column\"><i class=\"mdi icon mdi-checkbox-multiple-marked-circle-outline bordered round big color1\"><\/i>\r\n<h4 class=\"\">Precios sencillos y justos<\/h4>\r\n<p class=\"\">Sin tarifas ocultas, complementos, tarifas de implementaci\u00f3n o trampas. El precio que ve es el precio que paga, por lo que puede estar seguro de los gastos de su negocio.<\/p>\r\n<\/div>\r\n<div class=\"col-padding col-padding-small-xs col-md-4 col-sm-6 col-xs-12\" data-type=\"column\"><i class=\"mdi icon mdi-account-key bordered round big color1\"><\/i>\r\n<h4 class=\"\">C\u00f3mo funcionan los precios<\/h4>\r\n<p class=\"\">Nuestra aplicaci\u00f3n m\u00f3vil tiene un precio por usuario, con puestos de administrador gratuitos. El comercio electr\u00f3nico B2B y el an\u00e1lisis mejorado est\u00e1n disponibles a una tarifa plana.<\/p>\r\n<\/div>\r\n<div class=\"col-padding col-padding-small-xs col-md-4 col-sm-6 col-xs-12\" data-type=\"column\"><i class=\"mdi icon mdi-atom bordered round big color1\"><\/i>\r\n<h4 class=\"\">Funciona de forma simultanea en todos sus dispositivos<\/h4>\r\n<p class=\"\">La mayor\u00eda de las funciones est\u00e1n disponibles tanto en iOS como en Android. Las diferencias son menores, pero nuestro equipo puede discutir los detalles de su configuraci\u00f3n.<\/p>\r\n<\/div>\r\n<div class=\"col-padding col-padding-small-xs col-md-4 col-sm-6 col-xs-12\" data-type=\"column\"><i class=\"mdi icon mdi-human-greeting bordered round big color1\"><\/i>\r\n<h4 class=\"\">Soporte incluido<\/h4>\r\n<p class=\"\">Sin contratos de soporte adicionales, garant\u00edas o paquetes complementarios. El soporte viene de serie.<\/p>\r\n<\/div>\r\n<div class=\"col-padding col-padding-small-xs col-md-4 col-sm-6 col-xs-12\" data-type=\"column\"><i class=\"mdi icon mdi-heart-pulse bordered round big color1\"><\/i>\r\n<h4 class=\"\">99% Tiempo de actividad<\/h4>\r\n<p class=\"\">Nuestro backend vive en la nube, por lo que puede contar con inSitu Sales disponible cuando lo necesite.<\/p>\r\n<\/div>\r\n<div class=\"col-padding col-padding-small-xs col-md-4 col-sm-6 col-xs-12\" data-type=\"column\"><i class=\"mdi icon mdi-passport bordered round big color1\"><\/i>\r\n<h4 class=\"\">Funciona internacionalmente<\/h4>\r\n<p class=\"\">inSitu Sales trabaja a trav\u00e9s de fronteras para equipos globales. Se admite una moneda por organizaci\u00f3n.<\/p>\r\n<\/div>\r\n<div class=\"col-padding col-padding-small-xs col-md-4 col-sm-6 col-xs-12\" data-type=\"column\"><i class=\"mdi icon mdi-calendar-multiple-check bordered round big color1\"><\/i>\r\n<h4 class=\"\">No se necesita compromiso anual<\/h4>\r\n<p class=\"\">Creemos que la flexibilidad es importante. Si bien ofrecemos un descuento por elegir suscribirse anualmente, no hay un compromiso m\u00ednimo al comprar mensualmente.<\/p>\r\n<\/div>\r\n<div class=\"col-padding col-padding-small-xs col-md-4 col-sm-6 col-xs-12\" data-type=\"column\"><i class=\"mdi icon mdi-map-marker-plus bordered round big color1\"><\/i>\r\n<h4 class=\"\">Clientes y clientes potenciales ilimitados<\/h4>\r\n<p class=\"\">No hay l\u00edmite en la cantidad de clientes potenciales y pines de mapa en su cuenta. \u00a1Su plataforma inSitu Sales puede crecer tan r\u00e1pido como su negocio!<\/p>\r\n<\/div>\r\n<div class=\"col-padding col-padding-small-xs col-md-4 col-sm-6 col-xs-12\" data-type=\"column\"><i class=\"mdi icon mdi-thumb-up bordered round big color1\"><\/i>\r\n<h4 class=\"\">Orientaci\u00f3n incluida<\/h4>\r\n<p class=\"\">\u00bfNecesitas ayuda para empezar? Tenemos gu\u00edas detalladas y tutoriales disponibles para muchas funciones de la plataforma. Adem\u00e1s, el soporte ilimitado es est\u00e1ndar: nuestro equipo est\u00e1 a solo un clic o una llamada de distancia.<\/p>\r\n<\/div>\r\n<\/div>\r\n<\/div>\r\n<\/div>\r\n\r\n\r\n\r\n<div data-label=\"Cta\" data-id=\"cta--1\" data-export-id=\"cta-centered-section-grid\" data-category=\"cta\" class=\"cta-centered-section-grid content-section content-section-spacing-large bg-color1 white-text\" id=\"cta-1\">\r\n<div class=\"gridContainer\">\r\n<div class=\"row\">\r\n<div class=\"col-xs-12 section-title-col\" data-type=\"column\">\r\n<h2 class=\"\"><b>Descubrir<\/b> <span class=\"font-300\">la aplicaci\u00f3n de ventas de campo flexible y asequible que estaba esperando<\/span><\/h2>\r\n<p class=\"\">Prueba gratuita de dos semanas, no se requiere tarjeta de cr\u00e9dito. \u00a1Obtenga acceso a todas las funciones de nuestra aplicaci\u00f3n de ventas de campo!<\/p>\r\n<\/div>\r\n<\/div>\r\n<div class=\"row\">\r\n<div class=\"col-xs-12 button-holder\" data-type=\"column\"><a class=\"button big no-shadow color2 mdc-ripple-upgraded\" href=\"https:\/\/app.insitusales.com\/inSituSignUp\/register\" target=\"_self\" data-cp-link=\"1\" data-icon=\"\" rel=\"noopener noreferrer\">CONFIGURE AQU\u00cd SU PRUEBA<\/a><\/div>\r\n<\/div>\r\n<\/div>\r\n<\/div>","protected":false},"excerpt":{"rendered":"","protected":false},"author":1,"featured_media":9075,"parent":0,"menu_order":0,"comment_status":"closed","ping_status":"closed","template":"pro\/page-templates\/page-with-small-header.php","meta":{"footnotes":""},"class_list":["post-11173","page","type-page","status-publish","has-post-thumbnail","hentry"],"_links":{"self":[{"href":"https:\/\/www.insitusales.com\/es\/wp-json\/wp\/v2\/pages\/11173","targetHints":{"allow":["GET"]}}],"collection":[{"href":"https:\/\/www.insitusales.com\/es\/wp-json\/wp\/v2\/pages"}],"about":[{"href":"https:\/\/www.insitusales.com\/es\/wp-json\/wp\/v2\/types\/page"}],"author":[{"embeddable":true,"href":"https:\/\/www.insitusales.com\/es\/wp-json\/wp\/v2\/users\/1"}],"replies":[{"embeddable":true,"href":"https:\/\/www.insitusales.com\/es\/wp-json\/wp\/v2\/comments?post=11173"}],"version-history":[{"count":7,"href":"https:\/\/www.insitusales.com\/es\/wp-json\/wp\/v2\/pages\/11173\/revisions"}],"predecessor-version":[{"id":11941,"href":"https:\/\/www.insitusales.com\/es\/wp-json\/wp\/v2\/pages\/11173\/revisions\/11941"}],"wp:featuredmedia":[{"embeddable":true,"href":"https:\/\/www.insitusales.com\/es\/wp-json\/wp\/v2\/media\/9075"}],"wp:attachment":[{"href":"https:\/\/www.insitusales.com\/es\/wp-json\/wp\/v2\/media?parent=11173"}],"curies":[{"name":"gracias","href":"https:\/\/api.w.org\/{rel}","templated":true}]}}