{"id":10698,"date":"2021-07-20T17:57:27","date_gmt":"2021-07-20T17:57:27","guid":{"rendered":"https:\/\/www.insitusales.com\/?page_id=10698"},"modified":"2025-10-07T17:56:28","modified_gmt":"2025-10-07T17:56:28","slug":"contacto","status":"publish","type":"page","link":"https:\/\/www.insitusales.com\/es\/contacto\/","title":{"rendered":"Cont\u00e1ctenos"},"content":{"rendered":"<div  data-label=\"Features\" data-id=\"features--2\" data-export-id=\"features-13-materialis\" data-category=\"features\" class=\"features-13m content-section content-section-spacing-large dark-text\" id=\"features-2\" style=\"background-color: #f5fafd;\">\n<div  class=\"gridContainer\">\n<div  class=\"row cols-separator-between\" data-type=\"row\">\n<div  class=\"col-sm-4 col-xs-12 space-bottom col-md-6\" data-type=\"column\">\n<h5  class=\"\">Informaci\u00f3n del contacto&nbsp;<\/h5>\n<p  class=\"\">Comun\u00edquese con nosotros con cualquier pregunta que tenga sobre pruebas \/ suscripciones, cuentas, funcionalidad del producto, precios, integraciones o consultas generales. <br ><br ><b >Tel\u00e9fono<\/b>: 866-577-2270 <br ><br ><b >Correo electr\u00f3nico<\/b>: <strong ><a  href=\"mailto:support@insitusales.com\">support@insitusales.com<\/a><\/strong> <br ><br ><b >Correo electr\u00f3nico de ventas: <\/b><a  href=\"mailto:sales@insitusales.com\"><strong >sales@insitusales.com<\/strong><\/a><\/p>\n<a class=\"button null mdc-ripple-upgraded big color1\" href=\"https:\/\/calendly.com\/insitu-sales\/demo-tour-of-insitu-sales\" target=\"_blank\" data-cp-link=\"1\" data-icon=\"\" rel=\"noopener\">AGENDAR DEMO<\/a><\/div>\n<div  class=\"col-sm-4 col-xs-12 space-bottom col-md-6\" data-type=\"column\">\n<h5  class=\"\">Soporte para resoluci\u00f3n de problemas&nbsp;<\/h5>\n<p  class=\"\">Para obtener respuestas m\u00e1s inmediatas a preguntas frecuentes o asistencia t\u00e9cnica, consulte nuestra p\u00e1gina de Zendesk. Tambi\u00e9n ofrecemos videos instructivos sobre c\u00f3mo mejorar el uso de nuestro software y destacamos diversas funciones esenciales en diversos casos de uso.&nbsp;<\/p>\n<a class=\"button null big color1 mdc-ripple-upgraded\" href=\"https:\/\/insitusales.zendesk.com\" target=\"_blank\" data-cp-link=\"1\" data-icon=\"\" rel=\"noopener\">P\u00e1gina de ayuda de Zendesk<\/a><a class=\"button null big color2 mdc-ripple-upgraded\" href=\"https:\/\/www.youtube.com\/@inSituSales\" target=\"_blank\" data-cp-link=\"1\" data-icon=\"mdi-youtube-play\" rel=\"noopener\"><span  class=\"button-icon mdi mdi-youtube-play\"><\/span>Canal de Youtube<\/a><\/div>\n<\/div>\n<\/div>\n<\/div><div  data-label=\"Content\" data-id=\"content--1\" data-export-id=\"content-14\" data-category=\"content\" data-section-ov=\"1\" class=\"content-14 content-section content-section-spacing-large lightbox-video inverted white-text\" data-parallax-depth=\"20\" id=\"content-1\" style=\"background-color: #ffffff; background-image: url('https:\/\/www.insitusales.com\/wp-content\/uploads\/banner-insitu-revised.png'); background-size: cover; background-position: center top;\">\n<div  class=\"gridContainer\">\n<div  class=\"row text-center\">\n<div  class=\"col-xs-12\" data-type=\"column\"><a data-fancybox=\"\" data-video-lightbox=\"true\" href=\"https:\/\/www.youtube.com\/watch?v=1nDPdZd21VE\" class=\"\" target=\"_blank\" rel=\"noopener\"> <i  class=\"mdi icon mdi-play-circle video-icon\" data-cp-mdi=\"true\"><\/i><\/a>\n<p  class=\"h2 space-top-small\">Aprenda a utilizar nuestro software en inSitu Academy<\/p>\n<a class=\"button null big color2 mdc-ripple-upgraded\" href=\"https:\/\/insitu-sales-s-school.teachable.com\/l\/products?sortKey=created_at&amp;sortDirection=asc&amp;page=1\" target=\"_blank\" data-cp-link=\"1\" data-icon=\"\" rel=\"noopener\">Cursos gratuitos de la Academia inSitu<\/a><\/div>\n<\/div>\n<\/div>\n<\/div>","protected":false},"excerpt":{"rendered":"","protected":false},"author":8,"featured_media":0,"parent":0,"menu_order":0,"comment_status":"closed","ping_status":"closed","template":"pro\/page-templates\/full-width-page.php","meta":{"footnotes":""},"class_list":["post-10698","page","type-page","status-publish","hentry"],"_links":{"self":[{"href":"https:\/\/www.insitusales.com\/es\/wp-json\/wp\/v2\/pages\/10698","targetHints":{"allow":["GET"]}}],"collection":[{"href":"https:\/\/www.insitusales.com\/es\/wp-json\/wp\/v2\/pages"}],"about":[{"href":"https:\/\/www.insitusales.com\/es\/wp-json\/wp\/v2\/types\/page"}],"author":[{"embeddable":true,"href":"https:\/\/www.insitusales.com\/es\/wp-json\/wp\/v2\/users\/8"}],"replies":[{"embeddable":true,"href":"https:\/\/www.insitusales.com\/es\/wp-json\/wp\/v2\/comments?post=10698"}],"version-history":[{"count":10,"href":"https:\/\/www.insitusales.com\/es\/wp-json\/wp\/v2\/pages\/10698\/revisions"}],"predecessor-version":[{"id":15061,"href":"https:\/\/www.insitusales.com\/es\/wp-json\/wp\/v2\/pages\/10698\/revisions\/15061"}],"wp:attachment":[{"href":"https:\/\/www.insitusales.com\/es\/wp-json\/wp\/v2\/media?parent=10698"}],"curies":[{"name":"gracias","href":"https:\/\/api.w.org\/{rel}","templated":true}]}}