{"id":10212,"date":"2021-05-27T20:46:37","date_gmt":"2021-05-27T20:46:37","guid":{"rendered":"https:\/\/www.insitusales.com\/?page_id=10212"},"modified":"2025-04-04T21:25:42","modified_gmt":"2025-04-04T21:25:42","slug":"empresa","status":"publish","type":"page","link":"https:\/\/www.insitusales.com\/es\/integraciones\/quickbooks-integracion\/empresa\/","title":{"rendered":"Integraci\u00f3n de QuickBooks\u00ae Enterprise"},"content":{"rendered":"<!-- wp:extendstudio\/materialis-->\r\n<div data-label=\"Content\" data-id=\"content--1\" data-export-id=\"content-8-materialis\" data-category=\"content\" class=\"content-8m content-section-spacing-large content-section dark-text\" id=\"content-1\" style=\"background-color: #ffffff;\">\r\n<div class=\"gridContainer\">\r\n<div class=\"row middle-sm\">\r\n<div class=\"col-md-5 col-xs-12 col-sm-6 space-bottom-xs\" data-type=\"column\">\r\n<h6 class=\"upper\">Acceda a los datos de QB Enterprise desde su dispositivo m\u00f3vil<\/h6>\r\n<h1 class=\"\">Integraci\u00f3n de QuickBooks\u00ae Enterprise para distribuidores<\/h1>\r\n<p class=\"space-top\">Integre f\u00e1cilmente sus datos de QuickBooks\u00ae Enterprise con un software de ventas l\u00edder dise\u00f1ado para distribuidores mayoristas y ampl\u00ede su proceso de gesti\u00f3n de pedidos.\u00a0<br \/><br \/>Simplemente descargue nuestro QuickBooks Web Connector (QWC), elija los datos que desea que sean visibles para cada representante e importe sus segmentos.<\/p>\r\n<a class=\"button null big color1 mdc-ripple-upgraded\" href=\"https:\/\/app.insitusales.com\/inSituSignUp\/register\" target=\"_self\" data-cp-link=\"1\" data-icon=\"\" rel=\"noopener\">PRUEBA GRATUITA DE 14 D\u00cdAS<\/a><a class=\"button null big color2 mdc-ripple-upgraded\" href=\"https:\/\/calendly.com\/insitu-sales\/demo-tour-of-insitu-sales\" target=\"_blank\" data-cp-link=\"1\" data-icon=\"\" rel=\"noopener\">AGENDAR DEMO<\/a><a class=\"button null mdc-ripple-upgraded big color1 outline\" href=\"https:\/\/insitusales.zendesk.com\/hc\/en-us\/articles\/115001961303-How-to-sign-up-and-connect-inSitu-Sales-with-QuickBooks-Desktop\" target=\"_self\" data-cp-link=\"1\" data-icon=\"\" rel=\"noopener\">Gu\u00eda paso a paso<\/a><\/div>\r\n<div class=\"col-md-6 col-md-offset-1 col-xs-12 col-sm-6\"><img decoding=\"async\" class=\"rounded mdc-elevation--z0\" src=\"https:\/\/www.insitusales.com\/wp-content\/uploads\/quickbooks-desktop-integration-1.png\" alt=\"\" title=\"\"><\/div>\r\n<\/div>\r\n<\/div>\r\n<\/div>\r\n<!-- \/wp:extendstudio\/materialis-->\r\n\r\n<!-- wp:extendstudio\/materialis-->\r\n<div data-label=\"Content\" data-id=\"content--2\" data-export-id=\"content-5-materialis\" data-category=\"content\" class=\"content-5m content-section-spacing-large content-section dark-text\" id=\"content-2\" style=\"background-color: #f5fafd;\">\r\n<div class=\"gridContainer\">\r\n<div class=\"row\">\r\n<div class=\"col-xs-12 col-sm-8 col-sm-offset-2 space-bottom text-center col-padding-small-xs\" data-type=\"column\"><img decoding=\"async\" class=\"mdc-elevation--z13 rounded\" src=\"https:\/\/www.insitusales.com\/wp-content\/uploads\/2021\/05\/cropped-insitu-sales-quickbooks-webconnector-e1622152236227.png\" alt=\"\" title=\"\"><\/div>\r\n<div class=\"col-xs-12 text-center large\" data-type=\"column\">\r\n<h2 class=\"space-bottom\">Iniciar el asistente de instalaci\u00f3n de QuickBooks\u00ae Enterprise<\/h2>\r\n<p class=\"lead\">Una vez que haya iniciado sesi\u00f3n, abra nuestro archivo descargable para comenzar el asistente de instalaci\u00f3n. Todo lo que se requiere en esta etapa es permitir que nuestros permisos de software accedan y modifiquen sus datos de QuickBooks (nuestro software solo puede modificar los cambios realizados a los clientes, los pagos recibidos y los pedidos\/facturas\/estimaciones), y poder sincronizar incluso cuando QuickBooks no est\u00e1 abierto.\u00a0<\/p>\r\n<\/div>\r\n<\/div>\r\n<\/div>\r\n<\/div>\r\n<!-- \/wp:extendstudio\/materialis-->\r\n\r\n<!-- wp:extendstudio\/materialis-->\r\n<div data-label=\"Content\" data-id=\"content--3\" data-export-id=\"content-15-materialis\" data-category=\"content\" class=\"content-15m content-section content-section-spacing-large dark-text\" id=\"content-3\" style=\"background-color: #ffffff;\">\r\n<div class=\"gridContainer\">\r\n<div class=\"row middle-sm\">\r\n<div class=\"col-md-6 col-xs-12 col-sm-6 content-left-sm\" data-type=\"column\">\r\n<div class=\"row\">\r\n<div class=\"col-xs-12\" data-type=\"column\">\r\n<h2 class=\"space-bottom\">Informaci\u00f3n despu\u00e9s de la sincronizaci\u00f3n de datos<\/h2>\r\n<p class=\"\">La sincronizaci\u00f3n de datos est\u00e1 totalmente automatizada y deber\u00eda comenzar una vez finalizada la integraci\u00f3n con QuickBooks\u00ae Enterprise. Si alg\u00fan campo no se puede conectar, verifique que QuickBooks\u00ae tenga registrados sus valores.<\/p>\r\n<\/div>\r\n<\/div>\r\n<div class=\"row space-top spaced-cols\" data-type=\"row\" data-max-items=\"3\">\r\n<div class=\"col-md-6 col-sm-6 col-xs-12\" data-type=\"column\">\r\n<h5 class=\"\">Historial de cuenta<\/h5>\r\n<p class=\"\">Nuestro software sincroniza todo el historial de facturas, notas de cr\u00e9dito, estimaciones y \u00f3rdenes de venta. Las facturas abiertas se rastrear\u00e1n con recordatorios de inmediato.<\/p>\r\n<\/div>\r\n<div class=\"col-md-6 col-sm-6 col-xs-12\" data-type=\"column\">\r\n<h5 class=\"\">Representantes de ventas<\/h5>\r\n<p class=\"\">Los valores definidos para los representantes de ventas determinar\u00e1n la interfaz y el acceso que cada uno tiene cuando usa nuestro software para pedidos de ventas.<\/p>\r\n<\/div>\r\n<div class=\"col-md-6 col-sm-6 col-xs-12\" data-type=\"column\">\r\n<h5 class=\"\">Unidades de medida<\/h5>\r\n<p class=\"\">Admitimos cualquier valor existente para las unidades de medida, y la informaci\u00f3n se reflejar\u00e1 en las facturas, cat\u00e1logos digitales y portales de ventas.\u00a0<\/p>\r\n<\/div>\r\n<div class=\"col-md-6 col-sm-6 col-xs-12\" data-type=\"column\">\r\n<h5 class=\"\">Almacenes<\/h5>\r\n<p class=\"\">Establezca varios almacenes con inventario \u00fanico a lo largo de las rutas de sus representantes de ventas para un mejor seguimiento del inventario y administraci\u00f3n de pedidos.\u00a0<\/p>\r\n<\/div>\r\n<\/div>\r\n<div class=\"row\">\r\n<div class=\"col-xs-12\" data-type=\"column\"><\/div>\r\n<\/div>\r\n<\/div>\r\n<div class=\"col-md-6 col-xs-12 col-sm-6\"><img decoding=\"async\" class=\"rounded mdc-elevation--z2\" src=\"https:\/\/www.insitusales.com\/wp-content\/uploads\/2021\/05\/cropped-cropped-quickbooks-connection-sync.png\" alt=\"\" title=\"\"><\/div>\r\n<\/div>\r\n<\/div>\r\n<\/div>\r\n<!-- \/wp:extendstudio\/materialis-->","protected":false},"excerpt":{"rendered":"<p>Acceda a los datos de QB Enterprise desde su dispositivo m\u00f3vil. Integraci\u00f3n de QuickBooks\u00ae Enterprise para distribuidores. Integre f\u00e1cilmente sus datos de QuickBooks\u00ae Enterprise con un software de ventas l\u00edder dise\u00f1ado para distribuidores mayoristas y ampl\u00ede su proceso de gesti\u00f3n de pedidos. Simplemente descargue nuestro QuickBooks Web Connector (QWC), seleccione los datos que desea ver para cada representante e importe sus segmentos. GRATIS...<\/p>","protected":false},"author":8,"featured_media":0,"parent":7598,"menu_order":0,"comment_status":"closed","ping_status":"closed","template":"pro\/page-templates\/page-with-small-header.php","meta":{"footnotes":""},"class_list":["post-10212","page","type-page","status-publish","hentry"],"_links":{"self":[{"href":"https:\/\/www.insitusales.com\/es\/wp-json\/wp\/v2\/pages\/10212","targetHints":{"allow":["GET"]}}],"collection":[{"href":"https:\/\/www.insitusales.com\/es\/wp-json\/wp\/v2\/pages"}],"about":[{"href":"https:\/\/www.insitusales.com\/es\/wp-json\/wp\/v2\/types\/page"}],"author":[{"embeddable":true,"href":"https:\/\/www.insitusales.com\/es\/wp-json\/wp\/v2\/users\/8"}],"replies":[{"embeddable":true,"href":"https:\/\/www.insitusales.com\/es\/wp-json\/wp\/v2\/comments?post=10212"}],"version-history":[{"count":10,"href":"https:\/\/www.insitusales.com\/es\/wp-json\/wp\/v2\/pages\/10212\/revisions"}],"predecessor-version":[{"id":14791,"href":"https:\/\/www.insitusales.com\/es\/wp-json\/wp\/v2\/pages\/10212\/revisions\/14791"}],"up":[{"embeddable":true,"href":"https:\/\/www.insitusales.com\/es\/wp-json\/wp\/v2\/pages\/7598"}],"wp:attachment":[{"href":"https:\/\/www.insitusales.com\/es\/wp-json\/wp\/v2\/media?parent=10212"}],"curies":[{"name":"gracias","href":"https:\/\/api.w.org\/{rel}","templated":true}]}}